
{"id":125,"date":"2023-02-02T16:15:50","date_gmt":"2023-02-02T08:15:50","guid":{"rendered":"https:\/\/demo.gongjionline.com\/615997\/projects\/"},"modified":"2025-12-03T16:45:15","modified_gmt":"2025-12-03T08:45:15","slug":"industry-solutions","status":"publish","type":"page","link":"https:\/\/www.northpwr.cn\/cs\/industry-solutions\/","title":{"rendered":"Pr\u016fmyslov\u00e1 \u0159e\u0161en\u00ed"},"content":{"rendered":"<div data-elementor-type=\"wp-page\" data-elementor-id=\"125\" class=\"elementor elementor-125\" data-elementor-post-type=\"page\">\n\t\t\t\t\t\t<section class=\"elementor-section elementor-top-section elementor-element elementor-element-1620c944 elementor-section-boxed elementor-section-height-default elementor-section-height-default\" data-id=\"1620c944\" data-element_type=\"section\" data-settings=\"{&quot;background_background&quot;:&quot;classic&quot;,&quot;background_motion_fx_motion_fx_scrolling&quot;:&quot;yes&quot;,&quot;background_motion_fx_translateY_effect&quot;:&quot;yes&quot;,&quot;background_motion_fx_translateY_direction&quot;:&quot;negative&quot;,&quot;_ob_glider_is_slider&quot;:&quot;no&quot;,&quot;background_motion_fx_translateY_speed&quot;:{&quot;unit&quot;:&quot;px&quot;,&quot;size&quot;:4,&quot;sizes&quot;:[]},&quot;background_motion_fx_translateY_affectedRange&quot;:{&quot;unit&quot;:&quot;%&quot;,&quot;size&quot;:&quot;&quot;,&quot;sizes&quot;:{&quot;start&quot;:0,&quot;end&quot;:100}},&quot;background_motion_fx_devices&quot;:[&quot;desktop&quot;,&quot;tablet&quot;,&quot;mobile&quot;]}\">\n\t\t\t\t\t\t\t<div class=\"elementor-background-overlay\"><\/div>\n\t\t\t\t\t\t\t<div class=\"elementor-container elementor-column-gap-default\">\n\t\t\t\t\t<div class=\"elementor-column elementor-col-100 elementor-top-column elementor-element elementor-element-d50bce\" data-id=\"d50bce\" data-element_type=\"column\">\n\t\t\t<div class=\"elementor-widget-wrap elementor-element-populated\">\n\t\t\t\t\t\t<div class=\"elementor-element elementor-element-87d9445 elementor-invisible elementor-widget elementor-widget-heading\" data-id=\"87d9445\" data-element_type=\"widget\" data-settings=\"{&quot;_animation&quot;:&quot;fadeInDown&quot;}\" data-widget_type=\"heading.default\">\n\t\t\t\t<div class=\"elementor-widget-container\">\n\t\t\t<style>\/*! elementor - v3.21.0 - 18-04-2024 *\/\n.elementor-heading-title{padding:0;margin:0;line-height:1}.elementor-widget-heading .elementor-heading-title[class*=elementor-size-]>a{color:inherit;font-size:inherit;line-height:inherit}.elementor-widget-heading .elementor-heading-title.elementor-size-small{font-size:15px}.elementor-widget-heading .elementor-heading-title.elementor-size-medium{font-size:19px}.elementor-widget-heading .elementor-heading-title.elementor-size-large{font-size:29px}.elementor-widget-heading .elementor-heading-title.elementor-size-xl{font-size:39px}.elementor-widget-heading .elementor-heading-title.elementor-size-xxl{font-size:59px}<\/style><h2 class=\"elementor-heading-title elementor-size-default\">Pr\u016fmyslov\u00e1 \u0159e\u0161en\u00ed <\/h2>\t\t<\/div>\n\t\t\t\t<\/div>\n\t\t\t\t<div class=\"elementor-element elementor-element-7f476e8 elementor-widget elementor-widget-text-editor\" data-id=\"7f476e8\" data-element_type=\"widget\" data-widget_type=\"text-editor.default\">\n\t\t\t\t<div class=\"elementor-widget-container\">\n\t\t\t<style>\/*! elementor - v3.21.0 - 18-04-2024 *\/\n.elementor-widget-text-editor.elementor-drop-cap-view-stacked .elementor-drop-cap{background-color:#69727d;color:#fff}.elementor-widget-text-editor.elementor-drop-cap-view-framed .elementor-drop-cap{color:#69727d;border:3px solid;background-color:transparent}.elementor-widget-text-editor:not(.elementor-drop-cap-view-default) .elementor-drop-cap{margin-top:8px}.elementor-widget-text-editor:not(.elementor-drop-cap-view-default) .elementor-drop-cap-letter{width:1em;height:1em}.elementor-widget-text-editor .elementor-drop-cap{float:left;text-align:center;line-height:1;font-size:50px}.elementor-widget-text-editor .elementor-drop-cap-letter{display:inline-block}<\/style>\t\t\t\t<p>Spole\u010dnost je v\u00fdrobn\u00edm podnikem, kter\u00fd integruje v\u00fdzkum a v\u00fdvoj, design, v\u00fdrobu a prodej kompletn\u00edch soubor\u016f p\u0159enosov\u00fdch a distribu\u010dn\u00edch za\u0159\u00edzen\u00ed.<\/p>\t\t\t\t\t\t<\/div>\n\t\t\t\t<\/div>\n\t\t\t\t\t<\/div>\n\t\t<\/div>\n\t\t\t\t\t<\/div>\n\t\t<\/section>\n\t\t\t\t<section class=\"elementor-section elementor-top-section elementor-element elementor-element-7ae46b06 elementor-section-content-middle elementor-section-boxed elementor-section-height-default elementor-section-height-default\" data-id=\"7ae46b06\" data-element_type=\"section\" data-settings=\"{&quot;background_background&quot;:&quot;classic&quot;,&quot;_ob_glider_is_slider&quot;:&quot;no&quot;}\">\n\t\t\t\t\t\t<div class=\"elementor-container elementor-column-gap-default\">\n\t\t\t\t\t<div class=\"elementor-column elementor-col-100 elementor-top-column elementor-element elementor-element-41ca13f\" data-id=\"41ca13f\" data-element_type=\"column\">\n\t\t\t<div class=\"elementor-widget-wrap elementor-element-populated\">\n\t\t\t\t\t\t<div class=\"elementor-element elementor-element-89dcf49 elementor-icon-list--layout-inline elementor-align-right elementor-list-item-link-full_width elementor-invisible elementor-widget elementor-widget-icon-list\" data-id=\"89dcf49\" data-element_type=\"widget\" data-settings=\"{&quot;_animation&quot;:&quot;fadeInLeft&quot;}\" data-widget_type=\"icon-list.default\">\n\t\t\t\t<div class=\"elementor-widget-container\">\n\t\t\t<link rel=\"stylesheet\" href=\"https:\/\/www.northpwr.cn\/wp-content\/plugins\/elementor\/assets\/css\/widget-icon-list.min.css\">\t\t<ul class=\"elementor-icon-list-items elementor-inline-items\">\n\t\t\t\t\t\t\t<li class=\"elementor-icon-list-item elementor-inline-item\">\n\t\t\t\t\t\t\t\t\t\t\t<a href=\"#\">\n\n\t\t\t\t\t\t\t\t\t\t\t<span class=\"elementor-icon-list-text\">Dom\u016f<\/span>\n\t\t\t\t\t\t\t\t\t\t\t<\/a>\n\t\t\t\t\t\t\t\t\t<\/li>\n\t\t\t\t\t\t\t\t<li class=\"elementor-icon-list-item elementor-inline-item\">\n\t\t\t\t\t\t\t\t\t\t\t<span class=\"elementor-icon-list-icon\">\n\t\t\t\t\t\t\t<i aria-hidden=\"true\" class=\"arrow_carrot-2right\"><\/i>\t\t\t\t\t\t<\/span>\n\t\t\t\t\t\t\t\t\t\t<span class=\"elementor-icon-list-text\"><\/span>\n\t\t\t\t\t\t\t\t\t<\/li>\n\t\t\t\t\t\t<\/ul>\n\t\t\t\t<\/div>\n\t\t\t\t<\/div>\n\t\t\t\t\t<\/div>\n\t\t<\/div>\n\t\t\t\t\t<\/div>\n\t\t<\/section>\n\t\t<div class=\"elementor-element elementor-element-0a9ce1d e-flex e-con-boxed e-con e-parent\" data-id=\"0a9ce1d\" data-element_type=\"container\">\n\t\t\t\t\t<div class=\"e-con-inner\">\n\t\t<div class=\"elementor-element elementor-element-5aa0642 e-con-full e-flex e-con e-child\" data-id=\"5aa0642\" data-element_type=\"container\">\n\t\t\t\t<div class=\"elementor-element elementor-element-998a6ff elementor-cta--skin-cover elementor-animated-content elementor-bg-transform elementor-bg-transform-zoom-in elementor-widget elementor-widget-call-to-action\" data-id=\"998a6ff\" data-element_type=\"widget\" data-widget_type=\"call-to-action.default\">\n\t\t\t\t<div class=\"elementor-widget-container\">\n\t\t\t<link rel=\"stylesheet\" href=\"https:\/\/www.northpwr.cn\/wp-content\/plugins\/elementor-pro\/assets\/css\/widget-call-to-action.min.css\">\t\t<a class=\"elementor-cta\" href=\"#\">\n\t\t\t\t\t<div class=\"elementor-cta__bg-wrapper\">\n\t\t\t\t<div class=\"elementor-cta__bg elementor-bg\" style=\"background-image: url(https:\/\/www.northpwr.cn\/wp-content\/uploads\/sites\/566\/2025\/12\/Power-Industry.jpg);\" role=\"img\" aria-label=\"Elektriza\u010dn\u00ed pr\u016fmysl\"><\/div>\n\t\t\t\t<div class=\"elementor-cta__bg-overlay\"><\/div>\n\t\t\t<\/div>\n\t\t\t\t\t\t\t<div class=\"elementor-cta__content\">\n\t\t\t\t\t\t\t\t\t<div class=\"elementor-content-item elementor-cta__content-item elementor-icon-wrapper elementor-cta__icon elementor-view-default elementor-animated-item--enter-from-top\">\n\t\t\t\t\t\t<div class=\"elementor-icon\">\n\t\t\t\t\t\t\t<i aria-hidden=\"true\" class=\"mdi mdi-plus\"><\/i>\t\t\t\t\t\t<\/div>\n\t\t\t\t\t<\/div>\n\t\t\t\t\n\t\t\t\t\n\t\t\t\t\n\t\t\t\t\t\t\t<\/div>\n\t\t\t\t\t\t<\/a>\n\t\t\t\t<\/div>\n\t\t\t\t<\/div>\n\t\t\t\t<\/div>\n\t\t<div class=\"elementor-element elementor-element-1bd812f e-con-full e-flex e-con e-child\" data-id=\"1bd812f\" data-element_type=\"container\">\n\t\t\t\t<div class=\"elementor-element elementor-element-e2e12e8 elementor-widget elementor-widget-heading\" data-id=\"e2e12e8\" data-element_type=\"widget\" data-widget_type=\"heading.default\">\n\t\t\t\t<div class=\"elementor-widget-container\">\n\t\t\t<div class=\"elementor-heading-title elementor-size-default\">Elektriza\u010dn\u00ed pr\u016fmysl<\/div>\t\t<\/div>\n\t\t\t\t<\/div>\n\t\t\t\t<div class=\"elementor-element elementor-element-f837b6b elementor-widget elementor-widget-text-editor\" data-id=\"f837b6b\" data-element_type=\"widget\" data-widget_type=\"text-editor.default\">\n\t\t\t\t<div class=\"elementor-widget-container\">\n\t\t\t\t\t\t\t<p>Ve v\u00fdrob\u011b, p\u0159enosu a distribuci energie je spolehliv\u00e9 vybaven\u00ed pro p\u0159enos elektrick\u00e9 energie nezbytn\u00e9. Na\u0161e syst\u00e9my sb\u011brn\u00fdch kan\u00e1l\u016f jsou vhodn\u00e9 pro elektr\u00e1rny a trafostanice a nab\u00edzej\u00ed bezpe\u010dn\u00e1 a efektivn\u00ed \u0159e\u0161en\u00ed pro p\u0159enos a distribuci elektrick\u00e9 energie. D\u00edky pokro\u010dil\u00e9 technologii a vysoce kvalitn\u00edm produkt\u016fm spl\u0148ujeme p\u0159\u00edsn\u00e9 po\u017eadavky energetick\u00e9ho pr\u016fmyslu na spolehlivost za\u0159\u00edzen\u00ed, odolnost proti korozi a elektrick\u00e9 vlastnosti, \u010d\u00edm\u017e zaji\u0161\u0165ujeme stabiln\u00ed provoz energetick\u00fdch syst\u00e9m\u016f.<\/p>\t\t\t\t\t\t<\/div>\n\t\t\t\t<\/div>\n\t\t\t\t<\/div>\n\t\t<div class=\"elementor-element elementor-element-f755eaf e-con-full e-flex e-con e-child\" data-id=\"f755eaf\" data-element_type=\"container\">\n\t\t\t\t<div class=\"elementor-element elementor-element-f740899 elementor-widget elementor-widget-heading\" data-id=\"f740899\" data-element_type=\"widget\" data-widget_type=\"heading.default\">\n\t\t\t\t<div class=\"elementor-widget-container\">\n\t\t\t<div class=\"elementor-heading-title elementor-size-default\">Stavebnictv\u00ed <\/div>\t\t<\/div>\n\t\t\t\t<\/div>\n\t\t\t\t<div class=\"elementor-element elementor-element-75386a0 elementor-widget elementor-widget-text-editor\" data-id=\"75386a0\" data-element_type=\"widget\" data-widget_type=\"text-editor.default\">\n\t\t\t\t<div class=\"elementor-widget-container\">\n\t\t\t\t\t\t\t<p>V komer\u010dn\u00edch budov\u00e1ch, kancel\u00e1\u0159sk\u00fdch towerech, hotelech a jin\u00fdch velk\u00fdch objektech vy\u017eaduj\u00ed elektrick\u00e1 za\u0159\u00edzen\u00ed, osv\u011btlovac\u00ed syst\u00e9my a syst\u00e9my VZT spolehliv\u00e9 dod\u00e1vky elektrick\u00e9 energie. Na\u0161e syst\u00e9my sb\u011brn\u00fdch kan\u00e1l\u016f jsou ide\u00e1ln\u00ed pro elektrick\u00e9 stoupac\u00ed trasy a rozv\u00e1d\u011bc\u00ed m\u00edstnosti v budov\u00e1ch, umo\u017e\u0148uj\u00ed vertik\u00e1ln\u00ed i horizont\u00e1ln\u00ed distribuci elektrick\u00e9 energie. Vyzna\u010duj\u00ed se snadnou instalac\u00ed, kompaktn\u00edm designem a vynikaj\u00edc\u00edm odvodem tepla, co\u017e odpov\u00edd\u00e1 pot\u0159eb\u00e1m distribuce elektrick\u00e9 energie v budov\u00e1ch.<\/p>\t\t\t\t\t\t<\/div>\n\t\t\t\t<\/div>\n\t\t\t\t<\/div>\n\t\t<div class=\"elementor-element elementor-element-3731457 e-con-full e-flex e-con e-child\" data-id=\"3731457\" data-element_type=\"container\">\n\t\t\t\t<div class=\"elementor-element elementor-element-5918172 elementor-cta--skin-cover elementor-animated-content elementor-bg-transform elementor-bg-transform-zoom-in elementor-widget elementor-widget-call-to-action\" data-id=\"5918172\" data-element_type=\"widget\" data-widget_type=\"call-to-action.default\">\n\t\t\t\t<div class=\"elementor-widget-container\">\n\t\t\t\t\t<a class=\"elementor-cta\" href=\"#\">\n\t\t\t\t\t<div class=\"elementor-cta__bg-wrapper\">\n\t\t\t\t<div class=\"elementor-cta__bg elementor-bg\" style=\"background-image: url(https:\/\/www.northpwr.cn\/wp-content\/uploads\/sites\/566\/2025\/12\/Construction-Industry.jpg);\" role=\"img\" aria-label=\"Stavebnictv\u00ed\"><\/div>\n\t\t\t\t<div class=\"elementor-cta__bg-overlay\"><\/div>\n\t\t\t<\/div>\n\t\t\t\t\t\t\t<div class=\"elementor-cta__content\">\n\t\t\t\t\t\t\t\t\t<div class=\"elementor-content-item elementor-cta__content-item elementor-icon-wrapper elementor-cta__icon elementor-view-default elementor-animated-item--enter-from-top\">\n\t\t\t\t\t\t<div class=\"elementor-icon\">\n\t\t\t\t\t\t\t<i aria-hidden=\"true\" class=\"mdi mdi-plus\"><\/i>\t\t\t\t\t\t<\/div>\n\t\t\t\t\t<\/div>\n\t\t\t\t\n\t\t\t\t\n\t\t\t\t\n\t\t\t\t\t\t\t<\/div>\n\t\t\t\t\t\t<\/a>\n\t\t\t\t<\/div>\n\t\t\t\t<\/div>\n\t\t\t\t<\/div>\n\t\t<div class=\"elementor-element elementor-element-53a7448 e-con-full e-flex e-con e-child\" data-id=\"53a7448\" data-element_type=\"container\">\n\t\t\t\t<div class=\"elementor-element elementor-element-d35b390 elementor-cta--skin-cover elementor-animated-content elementor-bg-transform elementor-bg-transform-zoom-in elementor-widget elementor-widget-call-to-action\" data-id=\"d35b390\" data-element_type=\"widget\" data-widget_type=\"call-to-action.default\">\n\t\t\t\t<div class=\"elementor-widget-container\">\n\t\t\t\t\t<a class=\"elementor-cta\" href=\"#\">\n\t\t\t\t\t<div class=\"elementor-cta__bg-wrapper\">\n\t\t\t\t<div class=\"elementor-cta__bg elementor-bg\" style=\"background-image: url(https:\/\/www.northpwr.cn\/wp-content\/uploads\/sites\/566\/2025\/12\/Data-Center-Industry.jpg);\" role=\"img\" aria-label=\"Pr\u016fmysl datov\u00fdch center\"><\/div>\n\t\t\t\t<div class=\"elementor-cta__bg-overlay\"><\/div>\n\t\t\t<\/div>\n\t\t\t\t\t\t\t<div class=\"elementor-cta__content\">\n\t\t\t\t\t\t\t\t\t<div class=\"elementor-content-item elementor-cta__content-item elementor-icon-wrapper elementor-cta__icon elementor-view-default elementor-animated-item--enter-from-top\">\n\t\t\t\t\t\t<div class=\"elementor-icon\">\n\t\t\t\t\t\t\t<i aria-hidden=\"true\" class=\"mdi mdi-plus\"><\/i>\t\t\t\t\t\t<\/div>\n\t\t\t\t\t<\/div>\n\t\t\t\t\n\t\t\t\t\n\t\t\t\t\n\t\t\t\t\t\t\t<\/div>\n\t\t\t\t\t\t<\/a>\n\t\t\t\t<\/div>\n\t\t\t\t<\/div>\n\t\t\t\t<\/div>\n\t\t<div class=\"elementor-element elementor-element-6529232 e-con-full e-flex e-con e-child\" data-id=\"6529232\" data-element_type=\"container\">\n\t\t\t\t<div class=\"elementor-element elementor-element-ab2127c elementor-widget elementor-widget-heading\" data-id=\"ab2127c\" data-element_type=\"widget\" data-widget_type=\"heading.default\">\n\t\t\t\t<div class=\"elementor-widget-container\">\n\t\t\t<div class=\"elementor-heading-title elementor-size-default\">Pr\u016fmysl datov\u00fdch center <\/div>\t\t<\/div>\n\t\t\t\t<\/div>\n\t\t\t\t<div class=\"elementor-element elementor-element-d3ea929 elementor-widget elementor-widget-text-editor\" data-id=\"d3ea929\" data-element_type=\"widget\" data-widget_type=\"text-editor.default\">\n\t\t\t\t<div class=\"elementor-widget-container\">\n\t\t\t\t\t\t\t<p>Provoz datov\u00fdch center vy\u017eaduje stabiln\u00ed a spolehliv\u00e9 dod\u00e1vky elektrick\u00e9 energie s vysok\u00fdmi n\u00e1roky na tepeln\u00e9 \u0159\u00edzen\u00ed sb\u011brn\u00fdch kan\u00e1l\u016f, nosnost proud\u016f a spolehlivost. Na\u0161e produkty sb\u011brn\u00fdch kan\u00e1l\u016f, vybaven\u00e9 \u00fa\u010dinnou technologi\u00ed tepeln\u00e9ho \u0159\u00edzen\u00ed, zaji\u0161\u0165uj\u00ed efektivn\u00ed \u0159\u00edzen\u00ed tepla p\u0159i provozu datov\u00fdch center s vysok\u00fdm zat\u00ed\u017een\u00edm, \u010d\u00edm\u017e garantuj\u00ed stabilitu syst\u00e9mu a poskytuj\u00ed spolehliv\u00e1 \u0159e\u0161en\u00ed distribuce elektrick\u00e9 energie.<\/p>\t\t\t\t\t\t<\/div>\n\t\t\t\t<\/div>\n\t\t\t\t<\/div>\n\t\t<div class=\"elementor-element elementor-element-8942ec5 e-con-full e-flex e-con e-child\" data-id=\"8942ec5\" data-element_type=\"container\">\n\t\t\t\t<div class=\"elementor-element elementor-element-1008f57 elementor-widget elementor-widget-heading\" data-id=\"1008f57\" data-element_type=\"widget\" data-widget_type=\"heading.default\">\n\t\t\t\t<div class=\"elementor-widget-container\">\n\t\t\t<div class=\"elementor-heading-title elementor-size-default\">Pr\u016fmyslov\u00e1 automatiza\u010dn\u00ed odv\u011btv\u00ed <\/div>\t\t<\/div>\n\t\t\t\t<\/div>\n\t\t\t\t<div class=\"elementor-element elementor-element-bbb7bb2 elementor-widget elementor-widget-text-editor\" data-id=\"bbb7bb2\" data-element_type=\"widget\" data-widget_type=\"text-editor.default\">\n\t\t\t\t<div class=\"elementor-widget-container\">\n\t\t\t\t\t\t\t<p>V\u00fdrobn\u00ed linky pr\u016fmyslov\u00e9 automatizace zahrnuj\u00ed mnoho za\u0159\u00edzen\u00ed s komplexn\u00edmi po\u017eadavky na nap\u00e1jen\u00ed, co\u017e vy\u017eaduje vysoce kvalitn\u00ed syst\u00e9my sb\u011brn\u00fdch kan\u00e1l\u016f pro efektivn\u00ed distribuci a p\u0159enos elektrick\u00e9 energie. Na\u0161e produkty sb\u011brn\u00fdch kan\u00e1l\u016f spl\u0148uj\u00ed po\u017eadavky na stabilitu, bezpe\u010dnost a efektivitu v pr\u016fmyslov\u00fdch automatiza\u010dn\u00edch sc\u00e9n\u00e1\u0159\u00edch, podporuj\u00ed stabiln\u00ed provoz v\u00fdrobn\u00edch linek, zvy\u0161uj\u00ed produktivitu a zlep\u0161uj\u00ed kvalitu v\u00fdrobk\u016f.<\/p>\t\t\t\t\t\t<\/div>\n\t\t\t\t<\/div>\n\t\t\t\t<\/div>\n\t\t<div class=\"elementor-element elementor-element-462ae25 e-con-full e-flex e-con e-child\" data-id=\"462ae25\" data-element_type=\"container\">\n\t\t\t\t<div class=\"elementor-element elementor-element-4b586fb elementor-cta--skin-cover elementor-animated-content elementor-bg-transform elementor-bg-transform-zoom-in elementor-widget elementor-widget-call-to-action\" data-id=\"4b586fb\" data-element_type=\"widget\" data-widget_type=\"call-to-action.default\">\n\t\t\t\t<div class=\"elementor-widget-container\">\n\t\t\t\t\t<a class=\"elementor-cta\" href=\"#\">\n\t\t\t\t\t<div class=\"elementor-cta__bg-wrapper\">\n\t\t\t\t<div class=\"elementor-cta__bg elementor-bg\" style=\"background-image: url(https:\/\/www.northpwr.cn\/wp-content\/uploads\/sites\/566\/2025\/12\/Industrial-Automation-Industry.jpg);\" role=\"img\" aria-label=\"Pr\u016fmyslov\u00e1 automatiza\u010dn\u00ed odv\u011btv\u00ed\"><\/div>\n\t\t\t\t<div class=\"elementor-cta__bg-overlay\"><\/div>\n\t\t\t<\/div>\n\t\t\t\t\t\t\t<div class=\"elementor-cta__content\">\n\t\t\t\t\t\t\t\t\t<div class=\"elementor-content-item elementor-cta__content-item elementor-icon-wrapper elementor-cta__icon elementor-view-default elementor-animated-item--enter-from-top\">\n\t\t\t\t\t\t<div class=\"elementor-icon\">\n\t\t\t\t\t\t\t<i aria-hidden=\"true\" class=\"mdi mdi-plus\"><\/i>\t\t\t\t\t\t<\/div>\n\t\t\t\t\t<\/div>\n\t\t\t\t\n\t\t\t\t\n\t\t\t\t\n\t\t\t\t\t\t\t<\/div>\n\t\t\t\t\t\t<\/a>\n\t\t\t\t<\/div>\n\t\t\t\t<\/div>\n\t\t\t\t<\/div>\n\t\t\t\t\t<\/div>\n\t\t\t\t<\/div>\n\t\t\t\t<\/div>","protected":false},"excerpt":{"rendered":"<p>Pr\u016fmyslov\u00e1 \u0159e\u0161en\u00ed Spole\u010dnost je v\u00fdrobn\u00edm podnikem integruj\u00edc\u00edm v\u00fdzkum a v\u00fdvoj, n\u00e1vrh, v\u00fdrobu a prodej kompletn\u00edch sad za\u0159\u00edzen\u00ed pro p\u0159enos a distribuci elektrick\u00e9 energie. Dom\u00e1c\u00ed energetika V oblasti v\u00fdroby, p\u0159enosu a distribuce elektrick\u00e9 energie jsou spolehliv\u00e1 za\u0159\u00edzen\u00ed pro p\u0159enos energie nezbytn\u00e1. Na\u0161e syst\u00e9my sb\u011brn\u00fdch kan\u00e1l\u016f jsou vhodn\u00e9 pro elektr\u00e1rny a trafostanice a nab\u00edzej\u00ed bezpe\u010dn\u00fd a efektivn\u00ed [\u2026]<\/p>","protected":false},"author":2,"featured_media":0,"parent":0,"menu_order":0,"comment_status":"closed","ping_status":"closed","template":"elementor_header_footer","meta":{"_acf_changed":false,"_seopress_robots_primary_cat":"","footnotes":""},"class_list":["post-125","page","type-page","status-publish","hentry"],"acf":[],"_links":{"self":[{"href":"https:\/\/www.northpwr.cn\/cs\/wp-json\/wp\/v2\/pages\/125","targetHints":{"allow":["GET"]}}],"collection":[{"href":"https:\/\/www.northpwr.cn\/cs\/wp-json\/wp\/v2\/pages"}],"about":[{"href":"https:\/\/www.northpwr.cn\/cs\/wp-json\/wp\/v2\/types\/page"}],"author":[{"embeddable":true,"href":"https:\/\/www.northpwr.cn\/cs\/wp-json\/wp\/v2\/users\/2"}],"replies":[{"embeddable":true,"href":"https:\/\/www.northpwr.cn\/cs\/wp-json\/wp\/v2\/comments?post=125"}],"version-history":[{"count":26,"href":"https:\/\/www.northpwr.cn\/cs\/wp-json\/wp\/v2\/pages\/125\/revisions"}],"predecessor-version":[{"id":1704,"href":"https:\/\/www.northpwr.cn\/cs\/wp-json\/wp\/v2\/pages\/125\/revisions\/1704"}],"wp:attachment":[{"href":"https:\/\/www.northpwr.cn\/cs\/wp-json\/wp\/v2\/media?parent=125"}],"curies":[{"name":"wp","href":"https:\/\/api.w.org\/{rel}","templated":true}]}}