
{"id":1577,"date":"2025-12-03T11:06:32","date_gmt":"2025-12-03T03:06:32","guid":{"rendered":"https:\/\/www.northpwr.cn\/?post_type=product&p=1577"},"modified":"2025-12-03T11:06:32","modified_gmt":"2025-12-03T03:06:32","slug":"hxgn-12-fixed-ac-metal-clad-switchgear","status":"publish","type":"product","link":"https:\/\/www.northpwr.cn\/cs\/produkt\/hxgn-12-fixed-ac-metal-clad-switchgear\/","title":{"rendered":"HXGN-12 pevn\u00e1 st\u0159\u00eddav\u00e1 kovov\u00e1 rozv\u00e1d\u011b\u010dov\u00e1 sk\u0159\u00ed\u0148"},"content":{"rendered":"<p data-cah=\"2\">Kontejnerov\u00e9 pevn\u00e9 kovov\u00e9 rozv\u00e1d\u011b\u010de typu HXGN-12 (d\u00e1le jen \u201ekruhov\u00e1 rozvodn\u00e1 jednotka\u201c) jsou kompletn\u00ed elektrick\u00e1 za\u0159\u00edzen\u00ed st\u0159\u00eddav\u00e9ho proudu s jmenovit\u00fdm nap\u011bt\u00edm 12 kV a jmenovitou frekvenc\u00ed 50 Hz, pou\u017e\u00edvaj\u00ed se zejm\u00e9na pro t\u0159\u00edf\u00e1zov\u00e9 st\u0159\u00eddav\u00e9 kruhov\u00e9 s\u00edt\u011b, koncov\u00e9 distribu\u010dn\u00ed s\u00edt\u011b a pr\u016fmyslov\u00e1 energetick\u00e1 za\u0159\u00edzen\u00ed k p\u0159ij\u00edm\u00e1n\u00ed a distribuci elektrick\u00e9 energie atd. Jsou vhodn\u00e9 tak\u00e9 pro instalace ve vysok\u00e9m nap\u011bt\u00ed.<\/p>\n<p> P\u0159ehled<br \/> Kontejnerov\u00e9 pevn\u00e9 kovov\u00e9 rozv\u00e1d\u011b\u010de typu HXGN-12 (d\u00e1le jen \u201ekruhov\u00e1 rozvodn\u00e1 sk\u0159\u00ed\u0148\u201c) jsou kompletn\u00ed elektrick\u00e1 za\u0159\u00edzen\u00ed st\u0159\u00eddav\u00e9ho proudu s jmenovit\u00fdm nap\u011bt\u00edm 12 kV a jmenovitou frekvenc\u00ed 50 Hz, pou\u017e\u00edvaj\u00ed se zejm\u00e9na pro t\u0159\u00edf\u00e1zov\u00e9 st\u0159\u00eddav\u00e9 kruhov\u00e9 s\u00edt\u011b, koncov\u00e9 distribu\u010dn\u00ed s\u00edt\u011b a pr\u016fmyslov\u00e1 energetick\u00e1 za\u0159\u00edzen\u00ed k p\u0159ij\u00edm\u00e1n\u00ed a distribuci elektrick\u00e9 energie. Jsou vhodn\u00e9 tak\u00e9 pro instalace ve vysok\u00e9m nap\u011bt\u00ed.<br \/> Podm\u00ednky provozn\u00edho prost\u0159ed\u00ed<br \/> \u2022 Pou\u017e\u00edv\u00e1 celkovou konstrukci za\u0159\u00edzen\u00ed, je lehk\u00e9 a kr\u00e1sn\u00e9, lze libovoln\u011b kombinovat a montovat, snadno se neomezen\u011b roz\u0161i\u0159uje a rozv\u00edj\u00ed.<\/p>\n<p> \u2022 Lze vybavit pneumatick\u00fdm indika\u010dn\u00edm sp\u00edna\u010dem z\u00e1t\u011b\u017ee typu FKN12-12, kombinovan\u00fdm elektrick\u00fdm p\u0159\u00edstrojem, nebo vakuumov\u00fdm sp\u00edna\u010dem z\u00e1t\u011b\u017ee typu FZN25-12, kombinovan\u00fdm elektrick\u00fdm p\u0159\u00edstrojem; rozm\u011bry instalace jsou zcela shodn\u00e9. Mal\u00fd rozm\u011br, bez\u00fadr\u017ebovost, t\u0159\u00edf\u00e1zov\u00e1 vazba a funkce d\u00e1lkov\u00e9ho ovl\u00e1d\u00e1n\u00ed.<\/p>\n<p> \u2022 K dispozici je ru\u010dn\u00ed i elektrick\u00e9 ovl\u00e1d\u00e1n\u00ed a m\u00e1 funkci d\u00e1lkov\u00e9ho ovl\u00e1d\u00e1n\u00ed.<\/p>\n<p> \u2022 Disponuje kompletn\u00edm a spolehliv\u00fdm mechanick\u00fdm spojen\u00edm a zaji\u0161t\u011bn\u00edm proti nespr\u00e1vn\u00e9mu zapojen\u00ed, pln\u011b spl\u0148uje \u201ep\u011bt preventivn\u00edch\u201c funkc\u00ed.<\/p>\n<p> \u2022 Sp\u00edna\u010d z\u00e1t\u011b\u017ee pou\u017e\u00edv\u00e1 spojovac\u00ed ochrann\u00fd izola\u010dn\u00ed ventil, kter\u00fd chr\u00e1n\u00ed rukoje\u0165 pod nap\u011bt\u00edm a zaji\u0161\u0165uje osobn\u00ed bezpe\u010dnost.<\/p>\n<p> \u2022 P\u0159edn\u00ed dve\u0159e jsou opat\u0159eny pozorovac\u00edm oknem, kter\u00e9 umo\u017e\u0148uje jasn\u011b sledovat pracovn\u00ed stav sou\u010d\u00e1st\u00ed uvnit\u0159 sk\u0159\u00edn\u011b.<\/p>\n<p> \u2022 Spl\u0148uje normy GB3906, GB11022 a dal\u0161\u00ed.<br \/> Technick\u00e9 parametry<\/p>\n<table data-cah=\"6\">\n<tbody>\n<tr>\n<td class=\"\"><span class=\"ellipsis\" title=\"S\u00e9riov\u00e9 \u010d\u00edslo\">S\u00e9riov\u00e9 \u010d\u00edslo<\/span><\/td>\n<td class=\"\"><span class=\"ellipsis\" title=\"N\u00e1zev\">N\u00e1zev<\/span><\/td>\n<td class=\"\"><span class=\"ellipsis\" title=\"Jednotka\">Jednotka<\/span><\/td>\n<td class=\"\"><span class=\"ellipsis\" title=\"FKN12-12\">FKN12-12<\/span><\/td>\n<td class=\"\"><span class=\"ellipsis\" title=\"FKRN12-12\">FKRN12-12<\/span><\/td>\n<td class=\"\"><span class=\"ellipsis\" title=\"\"><\/span><\/td>\n<\/tr>\n<tr>\n<td class=\"\"><span class=\"ellipsis\" title=\"1\">1<\/span><\/td>\n<td class=\"\"><span class=\"ellipsis\" title=\"Jmenovit\u00e9 nap\u011bt\u00ed\">Jmenovit\u00e9 nap\u011bt\u00ed<\/span><\/td>\n<td class=\"\"><span class=\"ellipsis\" title=\"KV\">KV<\/span><\/td>\n<td class=\"\"><span class=\"ellipsis\" title=\"12\">12<\/span><\/td>\n<td class=\"\"><span class=\"ellipsis\" title=\"\"><\/span><\/td>\n<\/tr>\n<tr>\n<td class=\"\"><span class=\"ellipsis\" title=\"2\">2<\/span><\/td>\n<td class=\"\"><span class=\"ellipsis\" title=\"Iminov\u00e9 nap\u011bt\u00ed odolnosti proti proudu pr\u016fmyslov\u00e9 frekvence\">Iminov\u00e9 nap\u011bt\u00ed odolnosti proti proudu pr\u016fmyslov\u00e9 frekvence<\/span><\/td>\n<td class=\"\"><span class=\"ellipsis\" title=\"KV\">KV<\/span><\/td>\n<td class=\"\"><span class=\"ellipsis\" title=\"P\u00f3l a f\u00e1ze 42, izola\u010dn\u00ed port 48\">P\u00f3l a f\u00e1ze 42, izola\u010dn\u00ed port 48<\/span><\/td>\n<td class=\"\"><span class=\"ellipsis\" title=\"\"><\/span><\/td>\n<\/tr>\n<tr>\n<td class=\"\"><span class=\"ellipsis\" title=\"3\">3<\/span><\/td>\n<td class=\"\"><span class=\"ellipsis\" title=\"Bleskov\u00e9 impulzn\u00ed nap\u011bt\u00ed (\u0161pi\u010dka)\">Bleskov\u00e9 impulzn\u00ed nap\u011bt\u00ed (\u0161pi\u010dka)<\/span><\/td>\n<td class=\"\"><span class=\"ellipsis\" title=\"KV\">KV<\/span><\/td>\n<td class=\"\"><span class=\"ellipsis\" title=\"P\u00f3l a f\u00e1ze 75, izola\u010dn\u00ed port 85\">P\u00f3l a f\u00e1ze 75, izola\u010dn\u00ed port 85<\/span><\/td>\n<td class=\"\"><span class=\"ellipsis\" title=\"\"><\/span><\/td>\n<\/tr>\n<tr>\n<td class=\"\"><span class=\"ellipsis\" title=\"4\">4<\/span><\/td>\n<td class=\"\"><span class=\"ellipsis\" title=\"Jmenovit\u00e1 frekvence\">Jmenovit\u00e1 frekvence<\/span><\/td>\n<td class=\"\"><span class=\"ellipsis\" title=\"Hz\">Hz<\/span><\/td>\n<td class=\"\"><span class=\"ellipsis\" title=\"50\">50<\/span><\/td>\n<td class=\"\"><span class=\"ellipsis\" title=\"\"><\/span><\/td>\n<\/tr>\n<tr>\n<td class=\"\"><span class=\"ellipsis\" title=\"5\">5<\/span><\/td>\n<td class=\"\"><span class=\"ellipsis\" title=\"Jmenovit\u00fd proud hlavn\u00ed sb\u011brnice\">Jmenovit\u00fd proud hlavn\u00ed sb\u011brnice<\/span><\/td>\n<td class=\"\"><span class=\"ellipsis\" title=\"A\">A<\/span><\/td>\n<td class=\"\"><span class=\"ellipsis\" title=\"630\">630<\/span><\/td>\n<td class=\"\"><span class=\"ellipsis\" title=\"\"><\/span><\/td>\n<\/tr>\n<tr>\n<td class=\"\"><span class=\"ellipsis\" title=\"6\">6<\/span><\/td>\n<td class=\"\"><span class=\"ellipsis\" title=\"Jmenovit\u00fd proud\">Jmenovit\u00fd proud<\/span><\/td>\n<td class=\"\"><span class=\"ellipsis\" title=\"A\">A<\/span><\/td>\n<td class=\"\"><span class=\"ellipsis\" title=\"630\">630<\/span><\/td>\n<td class=\"\"><span class=\"ellipsis\" title=\"\"><\/span><\/td>\n<\/tr>\n<tr>\n<td class=\"\"><span class=\"ellipsis\" title=\"7\">7<\/span><\/td>\n<td class=\"\"><span class=\"ellipsis\" title=\"Sp\u00ednac\u00ed sp\u00edna\u010d z\u00e1t\u011b\u017ee\">Sp\u00ednac\u00ed sp\u00edna\u010d z\u00e1t\u011b\u017ee<\/span><\/td>\n<td class=\"\"><span class=\"ellipsis\" title=\"Jmenovit\u00e1 elektrick\u00e1 \u017eivotnost p\u0159i proudu\">Jmenovit\u00e1 elektrick\u00e1 \u017eivotnost p\u0159i proudu<\/span><\/td>\n<td class=\"\"><span class=\"ellipsis\" title=\"Po\u010dty\">Po\u010dty<\/span><\/td>\n<td class=\"\" colspan=\"2\"><span class=\"ellipsis\" title=\"Nejm\u00e9n\u011b 100\">Nejm\u00e9n\u011b 100<\/span><\/td>\n<\/tr>\n<tr>\n<td class=\"\"><span class=\"ellipsis\" title=\"8\">8<\/span><\/td>\n<td class=\"\"><span class=\"ellipsis\" title=\"Sp\u00ednac\u00ed sp\u00edna\u010d z\u00e1t\u011b\u017ee\">Sp\u00ednac\u00ed sp\u00edna\u010d z\u00e1t\u011b\u017ee<\/span><\/td>\n<td class=\"\"><span class=\"ellipsis\" title=\"Rozpojovac\u00ed schopnost transform\u00e1toru bez z\u00e1t\u011b\u017ee\">Rozpojovac\u00ed schopnost transform\u00e1toru bez z\u00e1t\u011b\u017ee<\/span><\/td>\n<td class=\"\"><span class=\"ellipsis\" title=\"KVA\">KVA<\/span><\/td>\n<td class=\"\" colspan=\"2\"><span class=\"ellipsis\" title=\"1250, 1600\">1250, 1600<\/span><\/td>\n<\/tr>\n<tr>\n<td class=\"\"><span class=\"ellipsis\" title=\"9\">9<\/span><\/td>\n<td class=\"\"><span class=\"ellipsis\" title=\"Sp\u00ednac\u00ed sp\u00edna\u010d z\u00e1t\u011b\u017ee\">Sp\u00ednac\u00ed sp\u00edna\u010d z\u00e1t\u011b\u017ee<\/span><\/td>\n<td class=\"\"><span class=\"ellipsis\" title=\"Jmenovit\u00fd tepeln\u011b stabiln\u00ed proud\">Jmenovit\u00fd tepeln\u011b stabiln\u00ed proud<\/span><\/td>\n<td class=\"\"><span class=\"ellipsis\" title=\"KA\/S\">KA\/S<\/span><\/td>\n<td class=\"\" colspan=\"2\"><span class=\"ellipsis\" title=\"20\/4, uzem\u0148ovac\u00ed sp\u00edna\u010d 20\/2\">20\/4, uzem\u0148ovac\u00ed sp\u00edna\u010d 20\/2<\/span><\/td>\n<\/tr>\n<tr>\n<td class=\"\"><span class=\"ellipsis\" title=\"10\">10<\/span><\/td>\n<td class=\"\"><span class=\"ellipsis\" title=\"Sp\u00ednac\u00ed sp\u00edna\u010d z\u00e1t\u011b\u017ee\">Sp\u00ednac\u00ed sp\u00edna\u010d z\u00e1t\u011b\u017ee<\/span><\/td>\n<td class=\"\"><span class=\"ellipsis\" title=\"Jmenovit\u00fd dynamicky stabiln\u00ed proud (\u0161pi\u010dka)\">Jmenovit\u00fd dynamicky stabiln\u00ed proud (\u0161pi\u010dka)<\/span><\/td>\n<td class=\"\"><span class=\"ellipsis\" title=\"KA\">KA<\/span><\/td>\n<td class=\"\" colspan=\"2\"><span class=\"ellipsis\" title=\"50\">50<\/span><\/td>\n<\/tr>\n<\/tbody>\n<\/table>\n<table data-cah=\"6\">\n<tbody>\n<tr>\n<td class=\"\"><span class=\"ellipsis\" title=\"10\">10<\/span><\/td>\n<td class=\"\"><span class=\"ellipsis\" title=\"Sp\u00ednac\u00ed sp\u00edna\u010d z\u00e1t\u011b\u017ee\">Sp\u00ednac\u00ed sp\u00edna\u010d z\u00e1t\u011b\u017ee<\/span><\/td>\n<td class=\"\"><span class=\"ellipsis\" title=\"Jmenovit\u00fd proud uzav\u00edr\u00e1n\u00ed p\u0159i zkratu (\u0161pi\u010dka)\">Jmenovit\u00fd proud uzav\u00edr\u00e1n\u00ed p\u0159i zkratu (\u0161pi\u010dka)<\/span><\/td>\n<td class=\"\"><span class=\"ellipsis\" title=\"KA\">KA<\/span><\/td>\n<td class=\"\" colspan=\"2\"><span class=\"ellipsis\" title=\"50\">50<\/span><\/td>\n<\/tr>\n<tr>\n<td class=\"\"><span class=\"ellipsis\" title=\"12\">12<\/span><\/td>\n<td class=\"\"><span class=\"ellipsis\" title=\"Kombinovan\u00e9 elektrick\u00e9 za\u0159\u00edzen\u00ed\">Kombinovan\u00e9 elektrick\u00e9 za\u0159\u00edzen\u00ed<\/span><\/td>\n<td class=\"\"><span class=\"ellipsis\" title=\"Jmenovit\u00fd proud pojistky\">Jmenovit\u00fd proud pojistky<\/span><\/td>\n<td class=\"\"><span class=\"ellipsis\" title=\"A\">A<\/span><\/td>\n<td class=\"\" colspan=\"2\"><span class=\"ellipsis\" title=\"100\">100<\/span><\/td>\n<\/tr>\n<tr>\n<td class=\"\"><span class=\"ellipsis\" title=\"13\">13<\/span><\/td>\n<td class=\"\"><span class=\"ellipsis\" title=\"Kombinovan\u00e9 elektrick\u00e9 za\u0159\u00edzen\u00ed\">Kombinovan\u00e9 elektrick\u00e9 za\u0159\u00edzen\u00ed<\/span><\/td>\n<td class=\"\"><span class=\"ellipsis\" title=\"Jmenovit\u00fd p\u0159enosov\u00fd proud\">Jmenovit\u00fd p\u0159enosov\u00fd proud<\/span><\/td>\n<td class=\"\"><span class=\"ellipsis\" title=\"A\">A<\/span><\/td>\n<td class=\"\"><span class=\"ellipsis\" title=\"\"><\/span><\/td>\n<td class=\"\"><span class=\"ellipsis\" title=\"2000\">2000<\/span><\/td>\n<\/tr>\n<tr>\n<td class=\"\"><span class=\"ellipsis\" title=\"14\">14<\/span><\/td>\n<td class=\"\"><span class=\"ellipsis\" title=\"Kombinovan\u00e9 elektrick\u00e9 za\u0159\u00edzen\u00ed\">Kombinovan\u00e9 elektrick\u00e9 za\u0159\u00edzen\u00ed<\/span><\/td>\n<td class=\"\"><span class=\"ellipsis\" title=\"Jmenovit\u00fd proud p\u0159eru\u0161en\u00ed p\u0159i kr\u00e1tk\u00e9m spojen\u00ed\">Jmenovit\u00fd proud p\u0159eru\u0161en\u00ed p\u0159i kr\u00e1tk\u00e9m spojen\u00ed<\/span><\/td>\n<td class=\"\"><span class=\"ellipsis\" title=\"KA\">KA<\/span><\/td>\n<td class=\"\" colspan=\"2\"><span class=\"ellipsis\" title=\"31.5\">31.5<\/span><\/td>\n<\/tr>\n<tr>\n<td class=\"\"><span class=\"ellipsis\" title=\"15\">15<\/span><\/td>\n<td class=\"\"><span class=\"ellipsis\" title=\"Kombinovan\u00e9 elektrick\u00e9 za\u0159\u00edzen\u00ed\">Kombinovan\u00e9 elektrick\u00e9 za\u0159\u00edzen\u00ed<\/span><\/td>\n<td class=\"\"><span class=\"ellipsis\" title=\"Shodn\u00fd model pojistky\">Shodn\u00fd model pojistky<\/span><\/td>\n<td class=\"\"><span class=\"ellipsis\" title=\"\"><\/span><\/td>\n<td class=\"\" colspan=\"2\"><span class=\"ellipsis\" title=\"SLAJ-12(XRNT-12)\">SLAJ-12(XRNT-12)<\/span><\/td>\n<\/tr>\n<tr>\n<td class=\"\"><span class=\"ellipsis\" title=\"16\">16<\/span><\/td>\n<td class=\"\"><span class=\"ellipsis\" title=\"Mechanick\u00e1 \u017eivotnost\">Mechanick\u00e1 \u017eivotnost<\/span><\/td>\n<td class=\"\"><span class=\"ellipsis\" title=\"Po\u010dty\">Po\u010dty<\/span><\/td>\n<td class=\"\"><span class=\"ellipsis\" title=\"3000\">3000<\/span><\/td>\n<td class=\"\"><span class=\"ellipsis\" title=\"10000\">10000<\/span><\/td>\n<td class=\"\"><span class=\"ellipsis\" title=\"\"><\/span><\/td>\n<\/tr>\n<tr>\n<td class=\"\"><span class=\"ellipsis\" title=\"17\">17<\/span><\/td>\n<td class=\"\"><span class=\"ellipsis\" title=\"P\u0159\u00edkon pomocn\u00e9ho obvodu Imin p\u0159i \u00fahrnn\u00e9 frekvenci\">P\u0159\u00edkon pomocn\u00e9ho obvodu Imin p\u0159i \u00fahrnn\u00e9 frekvenci<\/span><\/td>\n<td class=\"\"><span class=\"ellipsis\" title=\"KV\">KV<\/span><\/td>\n<td class=\"\"><span class=\"ellipsis\" title=\"2\">2<\/span><\/td>\n<td class=\"\"><span class=\"ellipsis\" title=\"\"><\/span><\/td>\n<\/tr>\n<tr>\n<td class=\"\"><span class=\"ellipsis\" title=\"18\">18<\/span><\/td>\n<td class=\"\"><span class=\"ellipsis\" title=\"Pracovn\u00ed nap\u011bt\u00ed elektrick\u00e9ho ovl\u00e1dac\u00edho mechanismu\">Pracovn\u00ed nap\u011bt\u00ed elektrick\u00e9ho ovl\u00e1dac\u00edho mechanismu<\/span><\/td>\n<td class=\"\"><span class=\"ellipsis\" title=\"V\">V<\/span><\/td>\n<td class=\"\"><span class=\"ellipsis\" title=\"AC\/DC 220, 110\">AC\/DC 220, 110<\/span><\/td>\n<td class=\"\"><span class=\"ellipsis\" title=\"\"><\/span><\/td>\n<\/tr>\n<tr>\n<td class=\"\"><span class=\"ellipsis\" title=\"19\">19<\/span><\/td>\n<td class=\"\"><span class=\"ellipsis\" title=\"\u00darove\u0148 ochrany\">\u00darove\u0148 ochrany<\/span><\/td>\n<td class=\"\"><span class=\"ellipsis\" title=\"\"><\/span><\/td>\n<td class=\"\"><span class=\"ellipsis\" title=\"1P4X\">1P4X<\/span><\/td>\n<td class=\"\"><span class=\"ellipsis\" title=\"\"><\/span><\/td>\n<\/tr>\n<tr>\n<td class=\"\"><span class=\"ellipsis\" title=\"20\">20<\/span><\/td>\n<td class=\"\"><span class=\"ellipsis\" title=\"Rozm\u011bry (\u0161\u00ed\u0159ka \u00d7 hloubka \u00d7 v\u00fd\u0161ka)\">Rozm\u011bry (\u0161\u00ed\u0159ka \u00d7 hloubka \u00d7 v\u00fd\u0161ka)<\/span><\/td>\n<td class=\"\"><span class=\"ellipsis\" title=\"mm\">mm<\/span><\/td>\n<td class=\"\"><span class=\"ellipsis\" title=\"700 (900) \u00d7 900 \u00d7 2000 (2200)\">700 (900) \u00d7 900 \u00d7 2000 (2200)<\/span><\/td>\n<td class=\"\"><span class=\"ellipsis\" title=\"\"><\/span><\/td>\n<\/tr>\n<\/tbody>\n<\/table>\n<p data-cah=\"2\">Objednac\u00ed pokyny<br \/> \u2022 P\u0159i objedn\u00e1vce pros\u00edm uv\u00e1d\u011bjte n\u00e1sleduj\u00edc\u00ed informace:<\/p>\n<p> \u2022 Model rozv\u00e1d\u011b\u010de, mno\u017estv\u00ed, dodac\u00ed term\u00edn a \u010d\u00edslo prim\u00e1rn\u00edho sch\u00e9matu;<\/p>\n<p> \u2022 Sch\u00e9ma prim\u00e1rn\u00edho syst\u00e9mu, sch\u00e9ma sekund\u00e1rn\u00edho principu a sch\u00e9ma uspo\u0159\u00e1d\u00e1n\u00ed rozv\u00e1d\u011b\u010de;<\/p>\n<p> \u2022 Jmenovit\u00fd proud hlavn\u00ed sb\u011brnice a model a specifikace prim\u00e1rn\u00edch komponent\u016f;<\/p>\n<p> \u2022 Speci\u00e1ln\u00ed po\u017eadavky (pokud existuj\u00ed).<\/p>","protected":false},"excerpt":{"rendered":"<p>Typ HXGN-12 pevn\u00e9 kovov\u00e9 uzav\u0159en\u00e9 rozv\u00e1d\u011b\u010de (d\u00e1le jen jako okruhov\u00e1 hlavn\u00ed jednotka) jsou kompletn\u00ed elektrick\u00e1 za\u0159\u00edzen\u00ed st\u0159edn\u00edho nap\u011bt\u00ed s jmenovit\u00fdm nap\u011bt\u00edm 12 kV a jmenovitou frekvenc\u00ed 50 Hz, ur\u010den\u00e1 p\u0159edev\u0161\u00edm pro t\u0159\u00edf\u00e1zov\u00e9 st\u0159\u00eddav\u00e9 okruhov\u00e9 s\u00edt\u011b, koncov\u00e9 distribu\u010dn\u00ed s\u00edt\u011b a pr\u016fmyslov\u00e1 energetick\u00e1 za\u0159\u00edzen\u00ed, slou\u017e\u00edc\u00ed k p\u0159ij\u00edm\u00e1n\u00ed a rozvodu elektrick\u00e9 energie atd. Jsou vhodn\u00e9 tak\u00e9 pro instalace ve vysok\u00e9m nap\u011bt\u00ed. P\u0159ehled \u3000\u3000The [\u2026]<\/p>","protected":false},"featured_media":1578,"template":"","meta":{"_acf_changed":false,"_seopress_robots_primary_cat":""},"product_brand":[],"product_cat":[58],"product_tag":[],"class_list":{"0":"post-1577","1":"product","2":"type-product","3":"status-publish","4":"has-post-thumbnail","6":"product_cat-ring-main-unit","8":"first","9":"instock","10":"shipping-taxable","11":"product-type-simple"},"acf":[],"_links":{"self":[{"href":"https:\/\/www.northpwr.cn\/cs\/wp-json\/wp\/v2\/product\/1577","targetHints":{"allow":["GET"]}}],"collection":[{"href":"https:\/\/www.northpwr.cn\/cs\/wp-json\/wp\/v2\/product"}],"about":[{"href":"https:\/\/www.northpwr.cn\/cs\/wp-json\/wp\/v2\/types\/product"}],"wp:featuredmedia":[{"embeddable":true,"href":"https:\/\/www.northpwr.cn\/cs\/wp-json\/wp\/v2\/media\/1578"}],"wp:attachment":[{"href":"https:\/\/www.northpwr.cn\/cs\/wp-json\/wp\/v2\/media?parent=1577"}],"wp:term":[{"taxonomy":"product_brand","embeddable":true,"href":"https:\/\/www.northpwr.cn\/cs\/wp-json\/wp\/v2\/product_brand?post=1577"},{"taxonomy":"product_cat","embeddable":true,"href":"https:\/\/www.northpwr.cn\/cs\/wp-json\/wp\/v2\/product_cat?post=1577"},{"taxonomy":"product_tag","embeddable":true,"href":"https:\/\/www.northpwr.cn\/cs\/wp-json\/wp\/v2\/product_tag?post=1577"}],"curies":[{"name":"wp","href":"https:\/\/api.w.org\/{rel}","templated":true}]}}