
{"id":1583,"date":"2025-12-03T11:06:36","date_gmt":"2025-12-03T03:06:36","guid":{"rendered":"https:\/\/www.northpwr.cn\/?post_type=product&p=1583"},"modified":"2025-12-03T11:06:36","modified_gmt":"2025-12-03T03:06:36","slug":"fy3000-gcs-low-voltage-switchgear","status":"publish","type":"product","link":"https:\/\/www.northpwr.cn\/cs\/produkt\/fy3000-gcs-low-voltage-switchgear\/","title":{"rendered":"FY3000 (GCS) Sp\u00edna\u010d n\u00edzk\u00e9ho nap\u011bt\u00ed"},"content":{"rendered":"<p data-cah=\"2\">N\u00edzkonap\u011b\u0165ov\u00e9 vysouvac\u00ed rozv\u00e1d\u011b\u010de FY3000 (GCS) jsou vhodn\u00e9 pro distribu\u010dn\u00ed syst\u00e9my v energetice, ropn\u00e9m pr\u016fmyslu, chemick\u00e9m pr\u016fmyslu, hutn\u00edctv\u00ed, textiln\u00edm pr\u016fmyslu a ve vysokopatrov\u00fdch budov\u00e1ch.<\/p>\n<p> P\u0159ehled<br \/> \u3000\u3000N\u00edzkonap\u011b\u0165ov\u00e9 vysouvac\u00ed rozv\u00e1d\u011b\u010de FY3000 (GCS) jsou vhodn\u00e9 pro distribu\u010dn\u00ed syst\u00e9my v energetice, ropn\u00e9m pr\u016fmyslu, chemick\u00e9m pr\u016fmyslu, hutn\u00edctv\u00ed, textiln\u00edm pr\u016fmyslu a ve vysokopatrov\u00fdch budov\u00e1ch. V velk\u00fdch elektr\u00e1rn\u00e1ch a petrochemick\u00fdch syst\u00e9mech s vysok\u00fdm stupn\u011bm automatizace a po\u017eadavky na po\u010d\u00edta\u010dov\u00e9 rozhran\u00ed slou\u017e\u00ed jako t\u0159\u00edf\u00e1zov\u00e9 st\u0159\u00eddav\u00e9 frekvence 50 (60 Hz), jmenovit\u00e9 provozn\u00ed nap\u011bt\u00ed 380 V (400 V) elektr\u00e1rna, ovl\u00e1d\u00e1n\u00ed motor\u016f a kompenzace jalov\u00e9ho v\u00fdkonu n\u00edzkonap\u011b\u0165ov\u00e9 kompletn\u00ed distribu\u010dn\u00ed za\u0159\u00edzen\u00ed.<br \/> Podm\u00ednky provozn\u00edho prost\u0159ed\u00ed<br \/> \u3000\u3000\u2022 Okoln\u00ed teplota: +40\u2103~-15\u2103<\/p>\n<p> \u3000\u3000\u2022 Nadmo\u0159sk\u00e1 v\u00fd\u0161ka: 2000 m.<\/p>\n<p> \u3000\u3000\u2022 Okoln\u00ed vlhkost: Denn\u00ed pr\u016fm\u011brn\u00e1 relativn\u00ed vlhkost 95%, m\u011bs\u00ed\u010dn\u00ed pr\u016fm\u011brn\u00e1 relativn\u00ed vlhkost 90%.<\/p>\n<p> \u3000\u3000\u2022 Sklon svisl\u00e9 mont\u00e1\u017en\u00ed plochy nep\u0159esahuje 5% a cel\u00e1 skupina sk\u0159\u00edn\u00ed je relativn\u011b rovn\u00e1.<\/p>\n<p> \u3000\u3000\u2022 Bez siln\u00fdch vibrac\u00ed a n\u00e1raz\u016f a v m\u00edstech, kde nedoch\u00e1z\u00ed k dostate\u010dn\u00e9 korozivn\u00edmu po\u0161kozen\u00ed elektrick\u00fdch sou\u010d\u00e1st\u00ed.<br \/> Hlavn\u00ed struktur\u00e1ln\u00ed rysy<br \/> \u3000\u3000\u2022 Hlavn\u00ed r\u00e1m pou\u017e\u00edv\u00e1 profily BMF nebo \u201eC\u201c profily, kter\u00e9 jsou lisovan\u00e9 za studena z chladnovalcovan\u00fdch ocelov\u00fdch plech\u016f nebo ocelov\u00fdch plech\u016f s hlin\u00edkovocinkovou povrchovou \u00fapravou, s vysokou pevnost\u00ed a snadnou modul\u00e1rn\u00ed instalac\u00ed.<\/p>\n<p> \u3000\u3000\u2022 Typy \u0161upl\u00edk\u016f jsou rozd\u011bleny do \u010dty\u0159 velikostn\u00edch \u0159ad: 1\/2 jednotky, 1 jednotka, 2 jednotky a 3 jednotky, s jmenovit\u00fdm proudem obvodu 630 A nebo men\u0161\u00edm.<\/p>\n<p> \u3000\u3000\u2022 Flexibiln\u00ed sestava, kompaktn\u00ed konstrukce, siln\u00e1 univerz\u00e1lnost, dobr\u00fd bezpe\u010dnostn\u00ed v\u00fdkon a pohodln\u00e1 mont\u00e1\u017e.<\/p>\n<p> \u3000\u3000\u2022 Zv\u00fd\u0161en\u00ed tepeln\u00e9 kapacity p\u0159enosov\u00e9ho d\u00edlu v\u00fdznamn\u011b sni\u017euje vzr\u016fst teploty zp\u016fsoben\u00fd p\u0159enosov\u00fdm d\u00edlem na zapojovac\u00ed \u010d\u00e1st, kabelovou hlavu a p\u0159ep\u00e1\u017ekovou desku.<\/p>\n<p> \u3000\u3000\u2022 Spolehlivost mezi funk\u010dn\u00edmi jednotkami a odd\u011blen\u00edmi; porucha jedn\u00e9 jednotky nem\u00e1 vliv na norm\u00e1ln\u00ed provoz ostatn\u00edch jednotek, co\u017e omezuj\u00ed poruchu na minim\u00e1ln\u00ed oblast.<\/p>\n<p> \u3000\u3000\u2022 Horizont\u00e1ln\u00ed um\u00edst\u011bn\u00ed sb\u011brnice zaji\u0161\u0165uje dobrou dynamickou a tepelnou stabilitu za\u0159\u00edzen\u00ed.<\/p>\n<p> \u3000\u3000\u2022 Spojen\u00ed mezi za\u0159\u00edzen\u00edm a extern\u00edmi kabely je provedeno v kabelov\u00e9m odd\u011blen\u00ed a kabely mohou vstupovat i vyj\u00ed\u017ed\u011bt shora i zdola. Transform\u00e1tor nulov\u00e9ho proudu je um\u00edst\u011bn v kabelov\u00e9m odd\u011blen\u00ed pro pohodlnou instalaci a \u00fadr\u017ebu.<\/p>\n<p> \u3000\u3000\u2022 \u0160upl\u00edkov\u00e1 jednotka m\u00e1 dostate\u010dn\u00fd po\u010det sekund\u00e1rn\u00edch zapojovac\u00edch \u010d\u00e1st\u00ed (32 p\u00e1r\u016f pro 1 jednotku a v\u00edce, 20 p\u00e1r\u016f pro 1\/2 jednotky), co\u017e spl\u0148uje po\u017eadavky na po\u010det p\u0159ipojovac\u00edch bod\u016f pro po\u010d\u00edta\u010dov\u00e1 rozhran\u00ed a d\u00e1lkov\u011b ovl\u00e1dan\u00e9 obvody.<\/p>\n<p data-cah=\"2\">Objednac\u00ed informace<br \/> \u2022 P\u0159i objedn\u00e1vce pros\u00edm uv\u00e1d\u011bjte n\u00e1sleduj\u00edc\u00ed informace:<\/p>\n<p> \u3000\u3000\u2022 \u010c\u00edslo sch\u00e9matu hlavn\u00edho obvodu, sch\u00e9ma hlavn\u00edho zapojen\u00ed, diagram uspo\u0159\u00e1d\u00e1n\u00ed a pl\u00e1n dispozice.<\/p>\n<p> \u3000\u3000\u2022 Elektrick\u00fd sch\u00e9ma pomocn\u00e9ho obvodu a diagram uspo\u0159\u00e1d\u00e1n\u00ed svorek.<\/p>\n<p> \u3000\u3000\u2022 Symboly, specifikace a mno\u017estv\u00ed elektrick\u00fdch sou\u010d\u00e1st\u00ed uvnit\u0159 rozv\u00e1d\u011b\u010de.<\/p>","protected":false},"excerpt":{"rendered":"<p>N\u00edzkonap\u011b\u0165ov\u00e1 vyj\u00edmateln\u00e1 rozv\u00e1d\u011b\u010dov\u00e1 sk\u0159\u00ed\u0148 FY3000 (GCS) je vhodn\u00e1 pro distribu\u010dn\u00ed syst\u00e9my v elektr\u00e1rn\u00e1ch, ropn\u00e9m, chemick\u00e9m, metalurgick\u00e9m, textiln\u00edm a ve vysokopodla\u017en\u00edch pr\u016fmyslov\u00fdch odv\u011btv\u00edch. P\u0159ehled \u3000\u3000N\u00edzkonap\u011b\u0165ov\u00e1 vyj\u00edmateln\u00e1 rozv\u00e1d\u011b\u010dov\u00e1 sk\u0159\u00ed\u0148 FY3000 (GCS) je vhodn\u00e1 pro distribu\u010dn\u00ed syst\u00e9my v elektr\u00e1rn\u00e1ch, ropn\u00e9m, chemick\u00e9m, metalurgick\u00e9m, textiln\u00edm a ve vysokopodla\u017en\u00edch pr\u016fmyslov\u00fdch odv\u011btv\u00edch. Ve velk\u00fdch elektr\u00e1rn\u00e1ch a petrochemick\u00fdch syst\u00e9mech s [\u2026]<\/p>","protected":false},"featured_media":1584,"template":"","meta":{"_acf_changed":false,"_seopress_robots_primary_cat":""},"product_brand":[],"product_cat":[60],"product_tag":[],"class_list":{"0":"post-1583","1":"product","2":"type-product","3":"status-publish","4":"has-post-thumbnail","6":"product_cat-low-voltage-cabinet","8":"first","9":"instock","10":"shipping-taxable","11":"product-type-simple"},"acf":[],"_links":{"self":[{"href":"https:\/\/www.northpwr.cn\/cs\/wp-json\/wp\/v2\/product\/1583","targetHints":{"allow":["GET"]}}],"collection":[{"href":"https:\/\/www.northpwr.cn\/cs\/wp-json\/wp\/v2\/product"}],"about":[{"href":"https:\/\/www.northpwr.cn\/cs\/wp-json\/wp\/v2\/types\/product"}],"wp:featuredmedia":[{"embeddable":true,"href":"https:\/\/www.northpwr.cn\/cs\/wp-json\/wp\/v2\/media\/1584"}],"wp:attachment":[{"href":"https:\/\/www.northpwr.cn\/cs\/wp-json\/wp\/v2\/media?parent=1583"}],"wp:term":[{"taxonomy":"product_brand","embeddable":true,"href":"https:\/\/www.northpwr.cn\/cs\/wp-json\/wp\/v2\/product_brand?post=1583"},{"taxonomy":"product_cat","embeddable":true,"href":"https:\/\/www.northpwr.cn\/cs\/wp-json\/wp\/v2\/product_cat?post=1583"},{"taxonomy":"product_tag","embeddable":true,"href":"https:\/\/www.northpwr.cn\/cs\/wp-json\/wp\/v2\/product_tag?post=1583"}],"curies":[{"name":"wp","href":"https:\/\/api.w.org\/{rel}","templated":true}]}}