
{"id":1588,"date":"2025-12-03T11:06:41","date_gmt":"2025-12-03T03:06:41","guid":{"rendered":"https:\/\/www.northpwr.cn\/?post_type=product&p=1588"},"modified":"2025-12-03T11:06:41","modified_gmt":"2025-12-03T03:06:41","slug":"fyxl-metal-enclosed-switchgear-power-cabinet","status":"publish","type":"product","link":"https:\/\/www.northpwr.cn\/cs\/produkt\/fyxl-metal-enclosed-switchgear-power-cabinet\/","title":{"rendered":"St\u0159\u00edda\u010d s kovovou sk\u0159\u00edn\u00ed (nap\u00e1jec\u00ed sk\u0159\u00ed\u0148)"},"content":{"rendered":"<p data-cah=\"2\">Skrinka pro rozvod elektrick\u00e9 energie FYXL je vhodn\u00e1 pro pou\u017eit\u00ed v syst\u00e9mech rozvodu elektrick\u00e9 energie s jmenovit\u00fdm nap\u011bt\u00edm 400 V a jmenovit\u00fdm proudem 630 A nebo men\u0161\u00edm pro p\u0159\u00edjem elektrick\u00e9 energie, dod\u00e1vku elektrick\u00e9 energie, ovl\u00e1d\u00e1n\u00ed motor\u016f a osv\u011btlen\u00ed. D\u00edky automatizovan\u00e9mu integrovan\u00e9mu monitorovac\u00edmu syst\u00e9mu pln\u00ed funkce \u0159\u00edzen\u00ed, ochrany, izolace, monitorov\u00e1n\u00ed, m\u011b\u0159en\u00ed a d\u00e1lkov\u00e9ho ovl\u00e1d\u00e1n\u00ed (\u010dty\u0159i funkce d\u00e1lkov\u00e9ho ovl\u00e1d\u00e1n\u00ed).<\/p>\n<p> P\u0159ehled<br \/> Skrinka pro rozvod elektrick\u00e9 energie FYXL je vhodn\u00e1 pro pou\u017eit\u00ed v syst\u00e9mech rozvodu elektrick\u00e9 energie s jmenovit\u00fdm nap\u011bt\u00edm 400 V a jmenovit\u00fdm proudem 630 A nebo men\u0161\u00edm pro p\u0159\u00edjem elektrick\u00e9 energie, dod\u00e1vku elektrick\u00e9 energie, ovl\u00e1d\u00e1n\u00ed motor\u016f a osv\u011btlen\u00ed. D\u00edky automatizovan\u00e9mu integrovan\u00e9mu monitorovac\u00edmu syst\u00e9mu pln\u00ed funkce \u0159\u00edzen\u00ed, ochrany, izolace, monitorov\u00e1n\u00ed, m\u011b\u0159en\u00ed a d\u00e1lkov\u00e9ho ovl\u00e1d\u00e1n\u00ed. Tato \u0159ada produkt\u016f nab\u00edz\u00ed kompletn\u00ed spektrum \u0159e\u0161en\u00ed a umo\u017e\u0148uje realizovat r\u016fzn\u00e9 sch\u00e9my rozvodu elektrick\u00e9 energie podle po\u017eadavk\u016f u\u017eivatele. Je nepostradatelnou sou\u010d\u00e1st\u00ed prost\u0159ed\u00ed rozvodu elektrick\u00e9 energie a p\u0159edstavuje ide\u00e1ln\u00ed za\u0159\u00edzen\u00ed pro kone\u010dn\u00fd rozvod elektrick\u00e9 energie v mrakodrapech, leti\u0161t\u00edch, p\u0159\u00edstavech, pr\u016fmyslov\u00fdch a hornick\u00fdch podnic\u00edch a dal\u0161\u00edch odv\u011btv\u00edch.<br \/> Podm\u00ednky provozn\u00edho prost\u0159ed\u00ed<br \/> \u3000\u3000\u2022 Okoln\u00ed teplota: -40\u2103~35\u2103<\/p>\n<p> \u3000\u3000\u2022 Relativn\u00ed vlhkost vzduchu: \u226490% (p\u0159i 20\u2103)<\/p>\n<p> \u3000\u3000\u2022 Nadmo\u0159sk\u00e1 v\u00fd\u0161ka: \u22642000m<\/p>\n<p> \u2022 Podm\u00ednky prost\u0159ed\u00ed: Nevhodn\u00e9 pro m\u00edsta s ohro\u017een\u00edm po\u017e\u00e1ru, v\u00fdbuchu, siln\u00fdm zne\u010di\u0161t\u011bn\u00edm, chemickou koroz\u00ed a siln\u00fdmi vibracemi<\/p>\n<p> \u2022 M\u00edsto instalace: Sklon k zemi nesm\u00ed p\u0159es\u00e1hnout 5 stup\u0148\u016f<br \/> Technick\u00e9 parametry<\/p>\n<table data-cah=\"6\">\n<tbody>\n<tr>\n<td class=\"\"><span class=\"ellipsis\" title=\"S\u00e9riov\u00e9 \u010d\u00edslo\">S\u00e9riov\u00e9 \u010d\u00edslo<\/span><\/td>\n<td class=\"\"><span class=\"ellipsis\" title=\"N\u00e1zev\">N\u00e1zev<\/span><\/td>\n<td class=\"\"><span class=\"ellipsis\" title=\"Jednotka\">Jednotka<\/span><\/td>\n<td class=\"\"><span class=\"ellipsis\" title=\"Technick\u00e9 parametry\">Technick\u00e9 parametry<\/span><\/td>\n<\/tr>\n<tr>\n<td class=\"\"><span class=\"ellipsis\" title=\"1\">1<\/span><\/td>\n<td class=\"\"><span class=\"ellipsis\" title=\"Jmenovit\u00e9 nap\u011bt\u00ed hlavn\u00edho obvodu\">Jmenovit\u00e9 nap\u011bt\u00ed hlavn\u00edho obvodu<\/span><\/td>\n<td class=\"\"><span class=\"ellipsis\" title=\"V\">V<\/span><\/td>\n<td class=\"\"><span class=\"ellipsis\" title=\"Ac380\">Ac380<\/span><\/td>\n<\/tr>\n<tr>\n<td class=\"\"><span class=\"ellipsis\" title=\"2\">2<\/span><\/td>\n<td class=\"\"><span class=\"ellipsis\" title=\"Jmenovit\u00e9 nap\u011bt\u00ed pomocn\u00e9ho obvodu\">Jmenovit\u00e9 nap\u011bt\u00ed pomocn\u00e9ho obvodu<\/span><\/td>\n<td class=\"\"><span class=\"ellipsis\" title=\"V\">V<\/span><\/td>\n<td class=\"\"><span class=\"ellipsis\" title=\"AC220V, AC380\">AC220V, AC380<\/span><\/td>\n<\/tr>\n<tr>\n<td class=\"\"><span class=\"ellipsis\" title=\"3\">3<\/span><\/td>\n<td class=\"\"><span class=\"ellipsis\" title=\"Jmenovit\u00e1 provozn\u00ed frekvence\">Jmenovit\u00e1 provozn\u00ed frekvence<\/span><\/td>\n<td class=\"\"><span class=\"ellipsis\" title=\"Hz\">Hz<\/span><\/td>\n<td class=\"\"><span class=\"ellipsis\" title=\"50\">50<\/span><\/td>\n<\/tr>\n<tr>\n<td class=\"\"><span class=\"ellipsis\" title=\"4\">4<\/span><\/td>\n<td class=\"\"><span class=\"ellipsis\" title=\"Jmenovit\u00e9 izola\u010dn\u00ed nap\u011bt\u00ed\">Jmenovit\u00e9 izola\u010dn\u00ed nap\u011bt\u00ed<\/span><\/td>\n<td class=\"\"><span class=\"ellipsis\" title=\"KV\">KV<\/span><\/td>\n<td class=\"\"><span class=\"ellipsis\" title=\"660, 690\">660, 690<\/span><\/td>\n<\/tr>\n<tr>\n<td class=\"\"><span class=\"ellipsis\" title=\"5\">5<\/span><\/td>\n<td class=\"\"><span class=\"ellipsis\" title=\"Jmenovit\u00fd proud\">Jmenovit\u00fd proud<\/span><\/td>\n<td class=\"\"><span class=\"ellipsis\" title=\"A\">A<\/span><\/td>\n<td class=\"\"><span class=\"ellipsis\" title=\"\u2264630\">\u2264630<\/span><\/td>\n<\/tr>\n<tr>\n<td class=\"\"><span class=\"ellipsis\" title=\"6\">6<\/span><\/td>\n<td class=\"\"><span class=\"ellipsis\" title=\"Rozm\u011bry (\u0160\u00ed\u0159ka*Hloubka*V\u00fd\u0161ka)\">Rozm\u011bry (\u0160\u00ed\u0159ka*Hloubka*V\u00fd\u0161ka)<\/span><\/td>\n<td class=\"\"><span class=\"ellipsis\" title=\"mm\">mm<\/span><\/td>\n<td class=\"\"><span class=\"ellipsis\" title=\"700*350*1700\">700*350*1700<\/span><\/td>\n<\/tr>\n<\/tbody>\n<\/table>\n<p data-cah=\"2\">Objednac\u00ed pokyny<br \/> \u3000\u3000P\u0159i objedn\u00e1vce uve\u010fte:<\/p>\n<p> \u2022 Specifikace produktu a \u010d\u00edsla model\u016f;<\/p>\n<p> \u2022 Sch\u00e9ma hlavn\u00edho obvodu, sch\u00e9ma vnit\u0159n\u00edho uspo\u0159\u00e1d\u00e1n\u00ed;<\/p>\n<p> \u2022 Elektrick\u00e9 sch\u00e9ma pomocn\u00e9ho obvodu;<\/p>\n<p> \u2022 Seznam komponent\u016f uvnit\u0159 sk\u0159\u00edn\u011b (specifikace hlavn\u00ed sb\u011brnice);<\/p>\n<p> \u2022 Barva sk\u0159\u00edn\u011b (sv\u011btle kamelov\u00e1 \u0161ed\u00e1, pokud nen\u00ed uvedeno jinak), rozm\u011bry sk\u0159\u00edn\u011b.<\/p>\n<p> \u2022 Jin\u00e9 speci\u00e1ln\u00ed po\u017eadavky, kter\u00e9 neodpov\u00eddaj\u00ed b\u011b\u017en\u00fdm provozn\u00edm podm\u00ednk\u00e1m produktu<br \/> Hlavn\u00ed vlastnosti<br \/> \u2022 Vysoce pevn\u00e1 sv\u00e1ran\u00e1 kombinovan\u00e1 konstrukce, r\u00e1m m\u00e1 celopropojenou sv\u00e1zanou konstrukci, vnit\u0159n\u00ed \u010d\u00e1st je modul\u00e1rn\u011b kombinov\u00e1na, vysok\u00e1 pevnost konstrukce, flexibiln\u00ed uspo\u0159\u00e1d\u00e1n\u00ed instalace, kr\u00e1sn\u00fd vzhled.<\/p>\n<p> \u2022 Flexibiln\u00ed a nastaviteln\u00e9 uspo\u0159\u00e1d\u00e1n\u00ed komponent; snadn\u00e1 a rychl\u00e1 inspekce a \u00fadr\u017eba; kompletn\u00ed identifikace, jasn\u00e9 varov\u00e1n\u00ed; tepl\u00e1 a p\u0159\u00edjemn\u00e1 barevn\u00e1 kombinace.<\/p>\n<p> \u2022 Instala\u010dn\u00ed sloup zm\u011bnil tradi\u010dn\u00ed standardn\u00ed metodu modul\u00e1rn\u00edch otvor\u016f a lze ho plynule nastavit ve v\u00fd\u0161kov\u00e9m sm\u011bru, co\u017e d\u00e1le zvy\u0161uje flexibilitu a rychlost instalace komponent.<\/p>\n<p> \u2022 Vstupn\u00ed a v\u00fdstupn\u00ed kabelov\u00e9 otvory jsou vybaveny speci\u00e1ln\u00edmi tvarovan\u00fdmi t\u011bsn\u00edc\u00edmi krou\u017eky, kter\u00e9 umo\u017e\u0148uj\u00ed nastavit velikost otvoru podle specifikac\u00ed kabel\u016f a z\u00e1rove\u0148 pln\u00ed prachot\u011bsnou a t\u011bsn\u00edc\u00ed funkci, zabr\u00e1n\u011bn\u00ed vniknut\u00ed drobn\u00fdch zv\u00ed\u0159at do sk\u0159\u00edn\u011b a zamezen\u00ed elektrick\u00fdch zkrat\u016f. To zvy\u0161uje bezpe\u010dnost a spolehlivost za\u0159\u00edzen\u00ed.<\/p>","protected":false},"excerpt":{"rendered":"<p>S\u00ed\u0165ov\u00e1 sk\u0159\u00ed\u0148 pro distribuci energie FYXL je vhodn\u00e1 pro pou\u017eit\u00ed v syst\u00e9mech distribuce elektrick\u00e9 energie s jmenovit\u00fdm nap\u011bt\u00edm 400 V a jmenovit\u00fdm proudem 630 A nebo men\u0161\u00edm pro p\u0159\u00edjem energie, dod\u00e1vku energie, ovl\u00e1d\u00e1n\u00ed motor\u016f a osv\u011btlen\u00ed. Dosahuje funkc\u00ed \u0159\u00edzen\u00ed, ochrany, izolace, monitorov\u00e1n\u00ed, m\u011b\u0159en\u00ed a d\u00e1lkov\u00e9ho ovl\u00e1d\u00e1n\u00ed (\u010dty\u0159i funkce d\u00e1lkov\u00e9ho ovl\u00e1d\u00e1n\u00ed) prost\u0159ednictv\u00edm automatizovan\u00e9ho integrovan\u00e9ho [\u2026]<\/p>","protected":false},"featured_media":1589,"template":"","meta":{"_acf_changed":false,"_seopress_robots_primary_cat":""},"product_brand":[],"product_cat":[61],"product_tag":[],"class_list":{"0":"post-1588","1":"product","2":"type-product","3":"status-publish","4":"has-post-thumbnail","6":"product_cat-distribution-cabinet","8":"first","9":"instock","10":"shipping-taxable","11":"product-type-simple"},"acf":[],"_links":{"self":[{"href":"https:\/\/www.northpwr.cn\/cs\/wp-json\/wp\/v2\/product\/1588","targetHints":{"allow":["GET"]}}],"collection":[{"href":"https:\/\/www.northpwr.cn\/cs\/wp-json\/wp\/v2\/product"}],"about":[{"href":"https:\/\/www.northpwr.cn\/cs\/wp-json\/wp\/v2\/types\/product"}],"wp:featuredmedia":[{"embeddable":true,"href":"https:\/\/www.northpwr.cn\/cs\/wp-json\/wp\/v2\/media\/1589"}],"wp:attachment":[{"href":"https:\/\/www.northpwr.cn\/cs\/wp-json\/wp\/v2\/media?parent=1588"}],"wp:term":[{"taxonomy":"product_brand","embeddable":true,"href":"https:\/\/www.northpwr.cn\/cs\/wp-json\/wp\/v2\/product_brand?post=1588"},{"taxonomy":"product_cat","embeddable":true,"href":"https:\/\/www.northpwr.cn\/cs\/wp-json\/wp\/v2\/product_cat?post=1588"},{"taxonomy":"product_tag","embeddable":true,"href":"https:\/\/www.northpwr.cn\/cs\/wp-json\/wp\/v2\/product_tag?post=1588"}],"curies":[{"name":"wp","href":"https:\/\/api.w.org\/{rel}","templated":true}]}}