
{"id":1592,"date":"2025-12-03T11:06:43","date_gmt":"2025-12-03T03:06:43","guid":{"rendered":"https:\/\/www.northpwr.cn\/?post_type=product&p=1592"},"modified":"2025-12-03T11:06:43","modified_gmt":"2025-12-03T03:06:43","slug":"breakers","status":"publish","type":"product","link":"https:\/\/www.northpwr.cn\/cs\/produkt\/breakers\/","title":{"rendered":"odpojova\u010de"},"content":{"rendered":"<p data-cah=\"2\">Spole\u010dnost se dr\u017e\u00ed t\u00e9matu rozvoje \u201epragmatismus, inovace, harmonie a vz\u00e1jemn\u00fd prosp\u011bch\u201c, provedla \u0159adu alokac\u00ed zdroj\u016f a vybudovala efektivn\u00ed rozvojovou platformu.<\/p>\n<p> Spole\u010dnost pou\u017e\u00edv\u00e1 pokro\u010dil\u00e9 CAD (po\u010d\u00edta\u010dem podporovan\u00e9) syst\u00e9my a disponuje nejmodern\u011bj\u0161\u00edmi mo\u017enostmi obr\u00e1b\u011bn\u00ed s \u010d\u00edslicov\u00fdm \u0159\u00edzen\u00edm (NC). Z\u00edskala tak\u00e9 ocen\u011bn\u00ed jako AAA-ocen\u011bn\u00e1 d\u016fv\u011bryhodn\u00e1 firma v oblasti kvality, AAA-ocen\u011bn\u00e1 certifikovan\u00e1 firma poskytuj\u00edc\u00ed kvalitn\u00ed slu\u017eby a AAA-ocen\u011bn\u00e1 kreditn\u00ed firma. V\u0161echny produkty pro\u0161ly n\u00e1rodn\u00ed povinnou certifikac\u00ed produkt\u016f a z\u00edskaly tak p\u0159\u00edzniv\u00e9 ohlasy na sv\u016fj v\u00fdkon.<\/p>","protected":false},"excerpt":{"rendered":"<p>Spole\u010dnost se dr\u017e\u00ed v\u00fdvojov\u00e9ho hesla \u201epragmatismus, inovace, harmonie a vz\u00e1jemn\u00fd prosp\u011bch\u201c, provedla \u0159adu alokac\u00ed zdroj\u016f a vybudovala efektivn\u00ed v\u00fdvojovou platformu. Spole\u010dnost pou\u017e\u00edv\u00e1 pokro\u010dil\u00e9 syst\u00e9my CAD (po\u010d\u00edta\u010dov\u00e9ho navrhov\u00e1n\u00ed) a disponuje nejmodern\u011bj\u0161\u00edmi mo\u017enostmi obr\u00e1b\u011bn\u00ed s \u010d\u00edslicov\u00fdm \u0159\u00edzen\u00edm (NC). Z\u00edskala tak\u00e9 ocen\u011bn\u00ed jako nap\u0159\u00edklad spole\u010dnost s hodnocen\u00edm AAA jako d\u016fv\u011bryhodn\u00e1 v [\u2026]<\/p>","protected":false},"featured_media":1593,"template":"","meta":{"_acf_changed":false,"_seopress_robots_primary_cat":""},"product_brand":[],"product_cat":[62],"product_tag":[],"class_list":{"0":"post-1592","1":"product","2":"type-product","3":"status-publish","4":"has-post-thumbnail","6":"product_cat-distribution-box","8":"first","9":"instock","10":"shipping-taxable","11":"product-type-simple"},"acf":[],"_links":{"self":[{"href":"https:\/\/www.northpwr.cn\/cs\/wp-json\/wp\/v2\/product\/1592","targetHints":{"allow":["GET"]}}],"collection":[{"href":"https:\/\/www.northpwr.cn\/cs\/wp-json\/wp\/v2\/product"}],"about":[{"href":"https:\/\/www.northpwr.cn\/cs\/wp-json\/wp\/v2\/types\/product"}],"wp:featuredmedia":[{"embeddable":true,"href":"https:\/\/www.northpwr.cn\/cs\/wp-json\/wp\/v2\/media\/1593"}],"wp:attachment":[{"href":"https:\/\/www.northpwr.cn\/cs\/wp-json\/wp\/v2\/media?parent=1592"}],"wp:term":[{"taxonomy":"product_brand","embeddable":true,"href":"https:\/\/www.northpwr.cn\/cs\/wp-json\/wp\/v2\/product_brand?post=1592"},{"taxonomy":"product_cat","embeddable":true,"href":"https:\/\/www.northpwr.cn\/cs\/wp-json\/wp\/v2\/product_cat?post=1592"},{"taxonomy":"product_tag","embeddable":true,"href":"https:\/\/www.northpwr.cn\/cs\/wp-json\/wp\/v2\/product_tag?post=1592"}],"curies":[{"name":"wp","href":"https:\/\/api.w.org\/{rel}","templated":true}]}}