
{"id":1594,"date":"2025-12-03T11:04:49","date_gmt":"2025-12-03T03:04:49","guid":{"rendered":"https:\/\/www.northpwr.cn\/?post_type=product&p=1594"},"modified":"2025-12-03T11:04:49","modified_gmt":"2025-12-03T03:04:49","slug":"fyrmb-electricity-meter-box","status":"publish","type":"product","link":"https:\/\/www.northpwr.cn\/cs\/produkt\/fyrmb-electricity-meter-box\/","title":{"rendered":"Box elektrom\u011bru FYRMB"},"content":{"rendered":"<p data-cah=\"2\">Skrinka na m\u011b\u0159i\u010de energie FYRMB se skl\u00e1d\u00e1 zejm\u00e9na z pouzdra, jisti\u010de, miniaturn\u00edho jisti\u010de, elektrom\u011bru a koncentr\u00e1toru atd. Je hojn\u011b pou\u017e\u00edv\u00e1na v komer\u010dn\u00edch provozovn\u00e1ch, vil\u00e1ch, obytn\u00fdch \u010dtvrt\u00edch a civiln\u00edch objektech s vysokou spot\u0159ebou elektrick\u00e9 energie a s v\u00edce spot\u0159ebi\u010di, kter\u00e9 vy\u017eaduj\u00ed samostatn\u00e9 m\u011b\u0159en\u00ed nap\u011bt\u00ed AC 380V\/220V. Dok\u00e1\u017ee poskytnout ochranu p\u0159ed p\u0159et\u00ed\u017een\u00edm a kr\u00e1tk\u00fdm spojen\u00edm veden\u00ed.<\/p>\n<p> P\u0159ehled<br \/> Skrinka na m\u011b\u0159i\u010de elektrick\u00e9 energie FYRMB se skl\u00e1d\u00e1 zejm\u00e9na z pouzdra, jisti\u010de, miniaturn\u00edho jisti\u010de, elektrom\u011bru a koncentr\u00e1toru. Je hojn\u011b pou\u017e\u00edv\u00e1na v komer\u010dn\u00edch provozovn\u00e1ch, vil\u00e1ch, obytn\u00fdch \u010dtvrt\u00edch a civiln\u00edch objektech s vysokou spot\u0159ebou elektrick\u00e9 energie a s v\u00edce spot\u0159ebi\u010di, kter\u00e9 vy\u017eaduj\u00ed samostatn\u00e9 m\u011b\u0159en\u00ed nap\u011bt\u00ed AC 380V\/220V. Dok\u00e1\u017ee poskytnout ochranu p\u0159ed p\u0159et\u00ed\u017een\u00edm a kr\u00e1tk\u00fdm spojen\u00edm veden\u00ed.<br \/> Hlavn\u00ed struktur\u00e1ln\u00ed rysy<br \/> \u2022 Pouzdro je vyrobeno z ocelov\u00e9 plechu valcovan\u00e9ho za studena, oh\u00fdban\u00e9ho a sv\u00e1\u0159en\u00e9ho, s elektrostatick\u00fdm n\u00e1st\u0159ikem na povrchu;<\/p>\n<p> \u2022 Skrinka je rozd\u011blena na t\u0159i \u010d\u00e1sti: prostor pro vstupn\u00ed jisti\u010d, prostor pro elektrom\u011br a prostor pro v\u00fdstupn\u00ed jisti\u010d. Ka\u017ed\u00e1 jednotka je odd\u011blena p\u0159ep\u00e1\u017ekou a je relativn\u011b nez\u00e1visl\u00e1. V prostoru pro vstupn\u00ed jisti\u010d je instalov\u00e1na ochrann\u00e1 p\u0159ep\u00e1\u017eka, kter\u00e1 izoluje jisti\u010d od \u017eiv\u00e9ho vodi\u010de;<\/p>\n<p> \u2022 Na dve\u0159\u00edch prostoru pro elektrom\u011br je instalov\u00e1n polykarbon\u00e1tov\u00fd nebo pr\u016fhledn\u00fd plech z organick\u00e9ho skla a dlouh\u00fd kartov\u00fd slot pro snadn\u00e9 \u010dten\u00ed r\u016fzn\u00fdch \u00fadaj\u016f a vkl\u00e1d\u00e1n\u00ed\/odkl\u00e1d\u00e1n\u00ed karet u\u017eivatelem;<\/p>\n<p> \u2022 Do prostoru pro elektrom\u011br lze podle pot\u0159eby u\u017eivatele p\u0159idat olov\u011bnou plombu nebo heslov\u00e9 zamknut\u00ed;<\/p>\n<p> \u2022 Zp\u016fsob mont\u00e1\u017ee sou\u010d\u00e1st\u00ed: Jisti\u010d je instalov\u00e1n na pozinkovan\u00fd C-ram\u00ednko a mont\u00e1\u017en\u00ed deska sou\u010d\u00e1st\u00ed je pozinkovan\u00e1 deska;<\/p>\n<p> \u2022 Zp\u016fsob vn\u011bj\u0161\u00edho p\u0159ipojen\u00ed vstupn\u00edch a v\u00fdstupn\u00edch veden\u00ed: shora dol\u016f, nebo zdola nahoru, nebo vstupn\u00ed veden\u00ed ve stejn\u00e9m sm\u011bru;<\/p>\n<p> \u2022 Ochrann\u00e9 opat\u0159en\u00ed pro uzemn\u011bn\u00ed: V sk\u0159\u00edni je vyhrazen\u00fd \u0159ada PE a je na ni nalepena zna\u010dka;<\/p>\n<p> \u2022 12 m\u011b\u0159ic\u00edch pozic (jednof\u00e1zov\u00fd elektrom\u011br), vn\u011bj\u0161\u00ed rozm\u011bry (v\u00fd\u0161ka \u00d7 \u0161\u00ed\u0159ka \u00d7 hloubka) m: 1800 \u00d7 800 \u00d7 200, nebo p\u0159izp\u016fsobeno podle pot\u0159eb u\u017eivatele.<br \/> Technick\u00e9 parametry<\/p>\n<p> \u3000\u3000\u2022 Jmenovit\u00e9 provozn\u00ed nap\u011bt\u00ed: 380V\/220V<\/p>\n<p> \u3000\u3000\u2022 Jmenovit\u00e9 izola\u010dn\u00ed nap\u011bt\u00ed: 660V<\/p>\n<p> \u3000\u3000\u2022 Jmenovit\u00e1 frekvence: 50Hz<\/p>\n<p> \u3000\u3000\u2022 Elektrick\u00fd odstup: 5,5mm<\/p>\n<p> \u3000\u3000\u2022 Vzd\u00e1lenost plazivosti: 6,3mm<\/p>\n<p> \u3000\u3000\u2022 Jmenovit\u00fd proud hlavn\u00ed sb\u011brnice: 16\u2013250A<\/p>\n<p> \u2022 Jmenovit\u00e1 kr\u00e1tkodob\u00e1 odolnost hlavn\u00ed sb\u011brnice: 4,5 kA<\/p>\n<p> \u2022 Jmenovit\u00fd proud v\u00fdstupn\u00edho veden\u00ed: 63 A<\/p>\n<p> \u3000\u3000\u2022 \u00darove\u0148 ochrany krytu: IP20C<\/p>\n<p> Objednac\u00ed pokyny<br \/> \u3000\u3000P\u0159i objedn\u00e1vce uve\u010fte:<\/p>\n<p> \u2022 Specifikace produktu a \u010d\u00edsla model\u016f;<\/p>\n<p> \u2022 Sch\u00e9ma hlavn\u00edho obvodu, sch\u00e9ma vnit\u0159n\u00edho uspo\u0159\u00e1d\u00e1n\u00ed sk\u0159\u00edn\u011b;<\/p>\n<p> \u2022 Sch\u00e9ma elektrick\u00e9ho principu pomocn\u00e9ho obvodu;<\/p>\n<p> \u2022 Seznam komponent\u016f uvnit\u0159 sk\u0159\u00edn\u011b (specifikace hlavn\u00ed sb\u011brnice);<\/p>\n<p> \u2022 Barva sk\u0159\u00edn\u011b (pokud nen\u00ed po\u017eadavkem uvedeno jinak, dod\u00e1v\u00e1me sv\u011btle kamelov\u011b \u0161edou), velikost pouzdra.<\/p>\n<p> \u2022 Jin\u00e9 speci\u00e1ln\u00ed po\u017eadavky, kter\u00e9 neodpov\u00eddaj\u00ed b\u011b\u017en\u00fdm provozn\u00edm podm\u00ednk\u00e1m produktu<br \/> Hlavn\u00ed vlastnosti<br \/> \u2022 P\u0159i objedn\u00e1vce pros\u00edm uv\u00e1d\u011bjte n\u00e1sleduj\u00edc\u00ed informace:<\/p>\n<p> \u2022 Sch\u00e9ma hlavn\u00edho syst\u00e9mu konstrukce a zp\u016fsob mont\u00e1\u017ee pouzdra.<\/p>\n<p> \u2022 Pr\u016f\u0159ezov\u00e1 plocha p\u0159\u00edvodn\u00edch a odvodn\u00edch kabel\u016f.<\/p>\n<p> \u2022 Model, specifikace a mno\u017estv\u00ed elektrick\u00fdch sou\u010d\u00e1st\u00ed uvnit\u0159 za\u0159\u00edzen\u00ed.<\/p>","protected":false},"excerpt":{"rendered":"<p>Box energetick\u00e9ho m\u011b\u0159i\u010de FYRMB se zejm\u00e9na skl\u00e1d\u00e1 z pouzdra, jisti\u010de, miniaturn\u00edho jisti\u010de, elektrom\u011bru a koncentr\u00e1toru atd. Je hojn\u011b vyu\u017e\u00edv\u00e1n v komer\u010dn\u00edch provozovn\u00e1ch, vil\u00e1ch, obytn\u00fdch \u010dtvrt\u00edch a civiln\u00edch objektech s vysok\u00fdm energetick\u00fdm odb\u011brem a n\u011bkolika spot\u0159ebi\u010di, kter\u00e9 vy\u017eaduj\u00ed samostatn\u00e9 m\u011b\u0159en\u00ed nap\u011bt\u00ed AC 380V\/220V. M\u016f\u017ee poskytovat p\u0159et\u00ed\u017een\u00ed [\u2026]<\/p>","protected":false},"featured_media":1595,"template":"","meta":{"_acf_changed":false,"_seopress_robots_primary_cat":""},"product_brand":[],"product_cat":[64],"product_tag":[],"class_list":{"0":"post-1594","1":"product","2":"type-product","3":"status-publish","4":"has-post-thumbnail","6":"product_cat-intelligent-bus-monitoring-system","8":"first","9":"instock","10":"shipping-taxable","11":"product-type-simple"},"acf":[],"_links":{"self":[{"href":"https:\/\/www.northpwr.cn\/cs\/wp-json\/wp\/v2\/product\/1594","targetHints":{"allow":["GET"]}}],"collection":[{"href":"https:\/\/www.northpwr.cn\/cs\/wp-json\/wp\/v2\/product"}],"about":[{"href":"https:\/\/www.northpwr.cn\/cs\/wp-json\/wp\/v2\/types\/product"}],"wp:featuredmedia":[{"embeddable":true,"href":"https:\/\/www.northpwr.cn\/cs\/wp-json\/wp\/v2\/media\/1595"}],"wp:attachment":[{"href":"https:\/\/www.northpwr.cn\/cs\/wp-json\/wp\/v2\/media?parent=1594"}],"wp:term":[{"taxonomy":"product_brand","embeddable":true,"href":"https:\/\/www.northpwr.cn\/cs\/wp-json\/wp\/v2\/product_brand?post=1594"},{"taxonomy":"product_cat","embeddable":true,"href":"https:\/\/www.northpwr.cn\/cs\/wp-json\/wp\/v2\/product_cat?post=1594"},{"taxonomy":"product_tag","embeddable":true,"href":"https:\/\/www.northpwr.cn\/cs\/wp-json\/wp\/v2\/product_tag?post=1594"}],"curies":[{"name":"wp","href":"https:\/\/api.w.org\/{rel}","templated":true}]}}