
{"id":145,"date":"2023-02-02T16:15:57","date_gmt":"2023-02-02T08:15:57","guid":{"rendered":"https:\/\/demo.gongjionline.com\/615997\/faq\/"},"modified":"2025-12-03T16:30:23","modified_gmt":"2025-12-03T08:30:23","slug":"faq","status":"publish","type":"page","link":"https:\/\/www.northpwr.cn\/de\/faq\/","title":{"rendered":"FAQ"},"content":{"rendered":"<div data-elementor-type=\"wp-page\" data-elementor-id=\"145\" class=\"elementor elementor-145\" data-elementor-post-type=\"page\">\n\t\t\t\t\t\t<section class=\"elementor-section elementor-top-section elementor-element elementor-element-364b3a2b elementor-section-boxed elementor-section-height-default elementor-section-height-default\" data-id=\"364b3a2b\" data-element_type=\"section\" data-settings=\"{&quot;background_background&quot;:&quot;classic&quot;,&quot;background_motion_fx_motion_fx_scrolling&quot;:&quot;yes&quot;,&quot;background_motion_fx_translateY_effect&quot;:&quot;yes&quot;,&quot;background_motion_fx_translateY_direction&quot;:&quot;negative&quot;,&quot;_ob_glider_is_slider&quot;:&quot;no&quot;,&quot;background_motion_fx_translateY_speed&quot;:{&quot;unit&quot;:&quot;px&quot;,&quot;size&quot;:4,&quot;sizes&quot;:[]},&quot;background_motion_fx_translateY_affectedRange&quot;:{&quot;unit&quot;:&quot;%&quot;,&quot;size&quot;:&quot;&quot;,&quot;sizes&quot;:{&quot;start&quot;:0,&quot;end&quot;:100}},&quot;background_motion_fx_devices&quot;:[&quot;desktop&quot;,&quot;tablet&quot;,&quot;mobile&quot;]}\">\n\t\t\t\t\t\t\t<div class=\"elementor-background-overlay\"><\/div>\n\t\t\t\t\t\t\t<div class=\"elementor-container elementor-column-gap-default\">\n\t\t\t\t\t<div class=\"elementor-column elementor-col-100 elementor-top-column elementor-element elementor-element-55d7c8d9\" data-id=\"55d7c8d9\" data-element_type=\"column\">\n\t\t\t<div class=\"elementor-widget-wrap elementor-element-populated\">\n\t\t\t\t\t\t<div class=\"elementor-element elementor-element-0b64d3a elementor-widget elementor-widget-text-editor\" data-id=\"0b64d3a\" data-element_type=\"widget\" data-widget_type=\"text-editor.default\">\n\t\t\t\t<div class=\"elementor-widget-container\">\n\t\t\t<style>\/*! elementor - v3.21.0 - 18-04-2024 *\/\n.elementor-widget-text-editor.elementor-drop-cap-view-stacked .elementor-drop-cap{background-color:#69727d;color:#fff}.elementor-widget-text-editor.elementor-drop-cap-view-framed .elementor-drop-cap{color:#69727d;border:3px solid;background-color:transparent}.elementor-widget-text-editor:not(.elementor-drop-cap-view-default) .elementor-drop-cap{margin-top:8px}.elementor-widget-text-editor:not(.elementor-drop-cap-view-default) .elementor-drop-cap-letter{width:1em;height:1em}.elementor-widget-text-editor .elementor-drop-cap{float:left;text-align:center;line-height:1;font-size:50px}.elementor-widget-text-editor .elementor-drop-cap-letter{display:inline-block}<\/style>\t\t\t\t<p>Das Unternehmen ist ein produzierendes Unternehmen, das Forschung und Entwicklung, Design, Herstellung sowie den Vertrieb kompletter \u00dcbertragungs- und Verteilungsanlagen integriert.<\/p>\t\t\t\t\t\t<\/div>\n\t\t\t\t<\/div>\n\t\t\t\t\t<\/div>\n\t\t<\/div>\n\t\t\t\t\t<\/div>\n\t\t<\/section>\n\t\t\t\t<section class=\"elementor-section elementor-top-section elementor-element elementor-element-3a708e7a elementor-section-content-middle elementor-section-boxed elementor-section-height-default elementor-section-height-default\" data-id=\"3a708e7a\" data-element_type=\"section\" data-settings=\"{&quot;background_background&quot;:&quot;classic&quot;,&quot;_ob_glider_is_slider&quot;:&quot;no&quot;}\">\n\t\t\t\t\t\t<div class=\"elementor-container elementor-column-gap-default\">\n\t\t\t\t\t<div class=\"elementor-column elementor-col-100 elementor-top-column elementor-element elementor-element-307820bb\" data-id=\"307820bb\" data-element_type=\"column\">\n\t\t\t<div class=\"elementor-widget-wrap elementor-element-populated\">\n\t\t\t\t\t\t<div class=\"elementor-element elementor-element-65ba71e8 elementor-icon-list--layout-inline elementor-align-right elementor-list-item-link-full_width elementor-invisible elementor-widget elementor-widget-icon-list\" data-id=\"65ba71e8\" data-element_type=\"widget\" data-settings=\"{&quot;_animation&quot;:&quot;fadeInLeft&quot;}\" data-widget_type=\"icon-list.default\">\n\t\t\t\t<div class=\"elementor-widget-container\">\n\t\t\t<link rel=\"stylesheet\" href=\"https:\/\/www.northpwr.cn\/wp-content\/plugins\/elementor\/assets\/css\/widget-icon-list.min.css\">\t\t<ul class=\"elementor-icon-list-items elementor-inline-items\">\n\t\t\t\t\t\t\t<li class=\"elementor-icon-list-item elementor-inline-item\">\n\t\t\t\t\t\t\t\t\t\t\t<a href=\"#\">\n\n\t\t\t\t\t\t\t\t\t\t\t<span class=\"elementor-icon-list-text\">Startseite<\/span>\n\t\t\t\t\t\t\t\t\t\t\t<\/a>\n\t\t\t\t\t\t\t\t\t<\/li>\n\t\t\t\t\t\t\t\t<li class=\"elementor-icon-list-item elementor-inline-item\">\n\t\t\t\t\t\t\t\t\t\t\t<span class=\"elementor-icon-list-icon\">\n\t\t\t\t\t\t\t<i aria-hidden=\"true\" class=\"arrow_carrot-2right\"><\/i>\t\t\t\t\t\t<\/span>\n\t\t\t\t\t\t\t\t\t\t<span class=\"elementor-icon-list-text\">FAQ<\/span>\n\t\t\t\t\t\t\t\t\t<\/li>\n\t\t\t\t\t\t<\/ul>\n\t\t\t\t<\/div>\n\t\t\t\t<\/div>\n\t\t\t\t\t<\/div>\n\t\t<\/div>\n\t\t\t\t\t<\/div>\n\t\t<\/section>\n\t\t<div class=\"elementor-element elementor-element-569257f e-flex e-con-boxed e-con e-parent\" data-id=\"569257f\" data-element_type=\"container\">\n\t\t\t\t\t<div class=\"e-con-inner\">\n\t\t\t\t<div class=\"elementor-element elementor-element-abcd8e7 elementor-widget elementor-widget-n-accordion\" data-id=\"abcd8e7\" data-element_type=\"widget\" data-settings=\"{&quot;default_state&quot;:&quot;expanded&quot;,&quot;max_items_expended&quot;:&quot;one&quot;,&quot;n_accordion_animation_duration&quot;:{&quot;unit&quot;:&quot;ms&quot;,&quot;size&quot;:400,&quot;sizes&quot;:[]}}\" data-widget_type=\"nested-accordion.default\">\n\t\t\t\t<div class=\"elementor-widget-container\">\n\t\t\t<style>\/*! elementor - v3.24.0 - 15-10-2024 *\/\n.elementor-widget-n-accordion{--n-accordion-title-font-size:20px;--n-accordion-title-flex-grow:initial;--n-accordion-title-justify-content:initial;--n-accordion-title-icon-order:-1;--n-accordion-border-width:1px;--n-accordion-border-color:#d5d8dc;--n-accordion-border-style:solid;--n-accordion-item-title-flex-grow:initial;--n-accordion-item-title-space-between:0px;--n-accordion-item-title-distance-from-content:0px;--n-accordion-padding:10px;--n-accordion-border-radius:0px;--n-accordion-icon-size:15px;--n-accordion-title-normal-color:#1f2124;--n-accordion-title-hover-color:#1f2124;--n-accordion-title-active-color:#1f2124;--n-accordion-icon-normal-color:var(--n-accordion-title-normal-color);--n-accordion-icon-hover-color:var(--n-accordion-title-hover-color);--n-accordion-icon-active-color:var(--n-accordion-title-active-color);--n-accordion-icon-gap:0 10px;width:100%}.elementor-widget-n-accordion .e-n-accordion details>summary::-webkit-details-marker{display:none}.elementor-widget-n-accordion .e-n-accordion-item{display:flex;flex-direction:column;position:relative}.elementor-widget-n-accordion .e-n-accordion-item:not(:last-child){margin-block-end:var(--n-accordion-item-title-space-between)}.elementor-widget-n-accordion .e-n-accordion-item-title,:where(.elementor-widget-n-accordion .e-n-accordion-item>.e-con){border:var(--n-accordion-border-width) var(--n-accordion-border-style) var(--n-accordion-border-color)}.elementor-widget-n-accordion .e-n-accordion-item-title{display:flex;flex-direction:row;list-style:none;padding:var(--n-accordion-padding);justify-content:var(--n-accordion-title-justify-content);border-radius:var(--n-accordion-border-radius);flex-grow:var(--n-menu-title-flex-grow);gap:var(--n-accordion-icon-gap);color:var(--n-accordion-title-normal-color);align-items:center;cursor:pointer}.elementor-widget-n-accordion .e-n-accordion-item-title-header{display:flex}.elementor-widget-n-accordion .e-n-accordion-item-title-header h1,.elementor-widget-n-accordion .e-n-accordion-item-title-header h2,.elementor-widget-n-accordion .e-n-accordion-item-title-header h3,.elementor-widget-n-accordion .e-n-accordion-item-title-header h4,.elementor-widget-n-accordion .e-n-accordion-item-title-header h5,.elementor-widget-n-accordion .e-n-accordion-item-title-header h6,.elementor-widget-n-accordion .e-n-accordion-item-title-header p{margin-block-start:0;margin-block-end:0}.elementor-widget-n-accordion .e-n-accordion-item-title-text{font-size:var(--n-accordion-title-font-size);align-items:center}.elementor-widget-n-accordion .e-n-accordion-item-title-icon{display:flex;flex-direction:row;align-items:center;order:var(--n-accordion-title-icon-order);position:relative;width:-moz-fit-content;width:fit-content}.elementor-widget-n-accordion .e-n-accordion-item-title-icon span{height:var(--n-accordion-icon-size);width:auto}.elementor-widget-n-accordion .e-n-accordion-item-title-icon span>i{color:var(--n-accordion-icon-normal-color);font-size:var(--n-accordion-icon-size)}.elementor-widget-n-accordion .e-n-accordion-item-title-icon span>svg{fill:var(--n-accordion-icon-normal-color);height:var(--n-accordion-icon-size)}.elementor-widget-n-accordion .e-n-accordion-item-title>span{cursor:pointer}.elementor-widget-n-accordion .e-n-accordion-item[open] .e-n-accordion-item-title{margin-block-end:var(--n-accordion-item-title-distance-from-content);color:var(--n-accordion-title-active-color)}.elementor-widget-n-accordion .e-n-accordion-item[open] .e-n-accordion-item-title-icon .e-opened{display:flex}.elementor-widget-n-accordion .e-n-accordion-item[open] .e-n-accordion-item-title-icon .e-closed{display:none}.elementor-widget-n-accordion .e-n-accordion-item[open] .e-n-accordion-item-title-icon span>i{color:var(--n-accordion-icon-active-color)}.elementor-widget-n-accordion .e-n-accordion-item[open] .e-n-accordion-item-title-icon span>svg{fill:var(--n-accordion-icon-active-color)}.elementor-widget-n-accordion .e-n-accordion-item:not([open]):hover .e-n-accordion-item-title{color:var(--n-accordion-title-hover-color)}.elementor-widget-n-accordion .e-n-accordion-item:not([open]):hover .e-n-accordion-item-title-icon span>i{color:var(--n-accordion-icon-hover-color)}.elementor-widget-n-accordion .e-n-accordion-item:not([open]):hover .e-n-accordion-item-title-icon span>svg{fill:var(--n-accordion-icon-hover-color)}.elementor-widget-n-accordion .e-n-accordion-item .e-n-accordion-item-title-icon .e-opened{display:none}.elementor-widget-n-accordion .e-n-accordion-item .e-n-accordion-item-title-icon .e-closed{display:flex}.elementor-widget-n-accordion .e-n-accordion-item .e-n-accordion-item-title-icon span>svg{fill:var(--n-accordion-icon-normal-color)}.elementor-widget-n-accordion .e-n-accordion-item .e-n-accordion-item-title-icon span>i{color:var(--n-accordion-icon-normal-color)}.elementor-widget-n-accordion .e-n-accordion-item>span{cursor:pointer}<\/style>\t\t<div class=\"e-n-accordion\" aria-label=\"Akkordeon. Links mit Enter oder Space \u00f6ffnen, mit Escape schlie\u00dfen und mit Pfeiltasten navigieren\">\n\t\t\t\t\t\t<details id=\"e-n-accordion-item-1800\" class=\"e-n-accordion-item\" open>\n\t\t\t\t<summary class=\"e-n-accordion-item-title\" data-accordion-index=\"1\" tabindex=\"0\" aria-expanded=\"true\" aria-controls=\"e-n-accordion-item-1800\" >\n\t\t\t\t\t<span class='e-n-accordion-item-title-header'><div class=\"e-n-accordion-item-title-text\">   Finanzielle St\u00e4rken  <\/div><\/span>\n\t\t\t\t\t\t\t<span class='e-n-accordion-item-title-icon'>\n\t\t\t<span class='e-opened' ><i aria-hidden=\"true\" class=\"fas fa-minus\"><\/i><\/span>\n\t\t\t<span class='e-closed'><i aria-hidden=\"true\" class=\"fas fa-plus\"><\/i><\/span>\n\t\t<\/span>\n\n\t\t\t\t\t\t<\/summary>\n\t\t\t\t<div role=\"region\" aria-labelledby=\"e-n-accordion-item-1800\" class=\"elementor-element elementor-element-c127a29 e-con-full e-flex e-con e-child\" data-id=\"c127a29\" data-element_type=\"container\">\n\t\t<div role=\"region\" aria-labelledby=\"e-n-accordion-item-1800\" class=\"elementor-element elementor-element-4f79420 e-flex e-con-boxed e-con e-child\" data-id=\"4f79420\" data-element_type=\"container\">\n\t\t\t\t\t<div class=\"e-con-inner\">\n\t\t\t\t<div class=\"elementor-element elementor-element-ece8c08 elementor-widget elementor-widget-text-editor\" data-id=\"ece8c08\" data-element_type=\"widget\" data-widget_type=\"text-editor.default\">\n\t\t\t\t<div class=\"elementor-widget-container\">\n\t\t\t\t\t\t\t<div class=\"cbox-8-0 p_item\"><div class=\"e_image-10 s_img response-transition\"><div class=\"e_richText-11 response-transition\"><p>Mit einem registrierten Kapital von 80 Millionen Yuan verf\u00fcgt das Unternehmen \u00fcber starke finanzielle Kapazit\u00e4ten und kann die Forschung und Entwicklung, Produktion und den Betrieb sowie die Markterweiterung des Unternehmens tatkr\u00e4ftig unterst\u00fctzen.<\/p><\/div><\/div><\/div>\t\t\t\t\t\t<\/div>\n\t\t\t\t<\/div>\n\t\t\t\t\t<\/div>\n\t\t\t\t<\/div>\n\t\t\t\t<\/div>\n\t\t\t\t\t<\/details>\n\t\t\t\t\t\t<details id=\"e-n-accordion-item-1801\" class=\"e-n-accordion-item\" >\n\t\t\t\t<summary class=\"e-n-accordion-item-title\" data-accordion-index=\"2\" tabindex=\"-1\" aria-expanded=\"false\" aria-controls=\"e-n-accordion-item-1801\" >\n\t\t\t\t\t<span class='e-n-accordion-item-title-header'><div class=\"e-n-accordion-item-title-text\">   St\u00e4rken in geografischer Lage  <\/div><\/span>\n\t\t\t\t\t\t\t<span class='e-n-accordion-item-title-icon'>\n\t\t\t<span class='e-opened' ><i aria-hidden=\"true\" class=\"fas fa-minus\"><\/i><\/span>\n\t\t\t<span class='e-closed'><i aria-hidden=\"true\" class=\"fas fa-plus\"><\/i><\/span>\n\t\t<\/span>\n\n\t\t\t\t\t\t<\/summary>\n\t\t\t\t<div role=\"region\" aria-labelledby=\"e-n-accordion-item-1801\" class=\"elementor-element elementor-element-5847a87 e-con-full e-flex e-con e-child\" data-id=\"5847a87\" data-element_type=\"container\">\n\t\t<div role=\"region\" aria-labelledby=\"e-n-accordion-item-1801\" class=\"elementor-element elementor-element-2f01b49 e-flex e-con-boxed e-con e-child\" data-id=\"2f01b49\" data-element_type=\"container\">\n\t\t\t\t\t<div class=\"e-con-inner\">\n\t\t\t\t<div class=\"elementor-element elementor-element-c8250f5 elementor-widget elementor-widget-text-editor\" data-id=\"c8250f5\" data-element_type=\"widget\" data-widget_type=\"text-editor.default\">\n\t\t\t\t<div class=\"elementor-widget-container\">\n\t\t\t\t\t\t\t<div class=\"cbox-8-0 p_item\"><div class=\"e_image-10 s_img response-transition\"><div class=\"e_richText-11 response-transition\"><p>Das Unternehmen befindet sich in der Xingfu-Stra\u00dfe 538, Industrie-Ostbezirk, Bezirk Xindu, Chengdu, Provinz Sichuan, mit g\u00fcnstiger Verkehrsanbindung, was die Beschaffung von Rohstoffen, die Lieferung von Produkten und die Interaktion mit Kunden erleichtert.<\/p><\/div><\/div><\/div>\t\t\t\t\t\t<\/div>\n\t\t\t\t<\/div>\n\t\t\t\t\t<\/div>\n\t\t\t\t<\/div>\n\t\t\t\t<\/div>\n\t\t\t\t\t<\/details>\n\t\t\t\t\t\t<details id=\"e-n-accordion-item-1802\" class=\"e-n-accordion-item\" >\n\t\t\t\t<summary class=\"e-n-accordion-item-title\" data-accordion-index=\"3\" tabindex=\"-1\" aria-expanded=\"false\" aria-controls=\"e-n-accordion-item-1802\" >\n\t\t\t\t\t<span class='e-n-accordion-item-title-header'><div class=\"e-n-accordion-item-title-text\">   St\u00e4rken in der Markterweiterung  <\/div><\/span>\n\t\t\t\t\t\t\t<span class='e-n-accordion-item-title-icon'>\n\t\t\t<span class='e-opened' ><i aria-hidden=\"true\" class=\"fas fa-minus\"><\/i><\/span>\n\t\t\t<span class='e-closed'><i aria-hidden=\"true\" class=\"fas fa-plus\"><\/i><\/span>\n\t\t<\/span>\n\n\t\t\t\t\t\t<\/summary>\n\t\t\t\t<div role=\"region\" aria-labelledby=\"e-n-accordion-item-1802\" class=\"elementor-element elementor-element-dce8721 e-con-full e-flex e-con e-child\" data-id=\"dce8721\" data-element_type=\"container\">\n\t\t<div role=\"region\" aria-labelledby=\"e-n-accordion-item-1802\" class=\"elementor-element elementor-element-a3582dc e-flex e-con-boxed e-con e-child\" data-id=\"a3582dc\" data-element_type=\"container\">\n\t\t\t\t\t<div class=\"e-con-inner\">\n\t\t\t\t<div class=\"elementor-element elementor-element-3c2686a elementor-widget elementor-widget-text-editor\" data-id=\"3c2686a\" data-element_type=\"widget\" data-widget_type=\"text-editor.default\">\n\t\t\t\t<div class=\"elementor-widget-container\">\n\t\t\t\t\t\t\t<div class=\"cbox-8-0 p_item\"><div class=\"e_image-10 s_img response-transition\"><div class=\"e_richText-11 response-transition\"><p>Nehmen Sie aktiv an verschiedenen Gesch\u00e4ftst\u00e4tigkeiten teil, um den Markt zu erweitern. Besuchen Sie beispielsweise die Konferenz zur Zusammenarbeit zwischen Angebot und Nachfrage im Au\u00dfenhandel des Bezirks Xindu, um \u00fcber die Entwicklung von M\u00e4rkten f\u00fcr Schaltanlagen, Kabel und andere Produkte in Afrika, im Nahen Osten und anderen Regionen mit Infrastrukturpotenzial zu diskutieren. Tauschen Sie sich \u00fcber Produktstrategien und Marketingmethoden aus, die den lokalen Marktanforderungen entsprechen.<\/p><\/div><\/div><\/div>\t\t\t\t\t\t<\/div>\n\t\t\t\t<\/div>\n\t\t\t\t\t<\/div>\n\t\t\t\t<\/div>\n\t\t\t\t<\/div>\n\t\t\t\t\t<\/details>\n\t\t\t\t\t\t<details id=\"e-n-accordion-item-1803\" class=\"e-n-accordion-item\" >\n\t\t\t\t<summary class=\"e-n-accordion-item-title\" data-accordion-index=\"4\" tabindex=\"-1\" aria-expanded=\"false\" aria-controls=\"e-n-accordion-item-1803\" >\n\t\t\t\t\t<span class='e-n-accordion-item-title-header'><div class=\"e-n-accordion-item-title-text\">   St\u00e4rken in Produkten und Dienstleistungen  <\/div><\/span>\n\t\t\t\t\t\t\t<span class='e-n-accordion-item-title-icon'>\n\t\t\t<span class='e-opened' ><i aria-hidden=\"true\" class=\"fas fa-minus\"><\/i><\/span>\n\t\t\t<span class='e-closed'><i aria-hidden=\"true\" class=\"fas fa-plus\"><\/i><\/span>\n\t\t<\/span>\n\n\t\t\t\t\t\t<\/summary>\n\t\t\t\t<div role=\"region\" aria-labelledby=\"e-n-accordion-item-1803\" class=\"elementor-element elementor-element-cfe1328 e-con-full e-flex e-con e-child\" data-id=\"cfe1328\" data-element_type=\"container\">\n\t\t<div role=\"region\" aria-labelledby=\"e-n-accordion-item-1803\" class=\"elementor-element elementor-element-c186db1 e-flex e-con-boxed e-con e-child\" data-id=\"c186db1\" data-element_type=\"container\">\n\t\t\t\t\t<div class=\"e-con-inner\">\n\t\t\t\t<div class=\"elementor-element elementor-element-27ad2a9 elementor-widget elementor-widget-text-editor\" data-id=\"27ad2a9\" data-element_type=\"widget\" data-widget_type=\"text-editor.default\">\n\t\t\t\t<div class=\"elementor-widget-container\">\n\t\t\t\t\t\t\t<div class=\"cbox-8-0 p_item\"><div class=\"e_image-10 s_img response-transition\"><div class=\"e_richText-11 response-transition\"><p>Das Unternehmen widmet sich der Innovation und Modernisierung der Niederspannungs-Elektroger\u00e4tebranche. Es integriert aktiv hochmoderne Technologien aus den Bereichen Elektrotechnik, Informationstechnologie und Informatik. Das Unternehmen engagiert sich f\u00fcr die Forschung und Entwicklung intelligenter Niederspannungs-Elektrosysteme. Es bietet systematische Produkte und L\u00f6sungen, um mittel- bis hochrangige Marken in der Elektroindustrie zu bedienen.<\/p><\/div><\/div><\/div>\t\t\t\t\t\t<\/div>\n\t\t\t\t<\/div>\n\t\t\t\t\t<\/div>\n\t\t\t\t<\/div>\n\t\t\t\t<\/div>\n\t\t\t\t\t<\/details>\n\t\t\t\t\t\t<details id=\"e-n-accordion-item-1804\" class=\"e-n-accordion-item\" >\n\t\t\t\t<summary class=\"e-n-accordion-item-title\" data-accordion-index=\"5\" tabindex=\"-1\" aria-expanded=\"false\" aria-controls=\"e-n-accordion-item-1804\" >\n\t\t\t\t\t<span class='e-n-accordion-item-title-header'><div class=\"e-n-accordion-item-title-text\">   St\u00e4rken in technologischer Innovation  <\/div><\/span>\n\t\t\t\t\t\t\t<span class='e-n-accordion-item-title-icon'>\n\t\t\t<span class='e-opened' ><i aria-hidden=\"true\" class=\"fas fa-minus\"><\/i><\/span>\n\t\t\t<span class='e-closed'><i aria-hidden=\"true\" class=\"fas fa-plus\"><\/i><\/span>\n\t\t<\/span>\n\n\t\t\t\t\t\t<\/summary>\n\t\t\t\t<div role=\"region\" aria-labelledby=\"e-n-accordion-item-1804\" class=\"elementor-element elementor-element-6db8c1f e-con-full e-flex e-con e-child\" data-id=\"6db8c1f\" data-element_type=\"container\">\n\t\t<div role=\"region\" aria-labelledby=\"e-n-accordion-item-1804\" class=\"elementor-element elementor-element-67001a2 e-flex e-con-boxed e-con e-child\" data-id=\"67001a2\" data-element_type=\"container\">\n\t\t\t\t\t<div class=\"e-con-inner\">\n\t\t\t\t<div class=\"elementor-element elementor-element-f6e08ee elementor-widget elementor-widget-text-editor\" data-id=\"f6e08ee\" data-element_type=\"widget\" data-widget_type=\"text-editor.default\">\n\t\t\t\t<div class=\"elementor-widget-container\">\n\t\t\t\t\t\t\t<div class=\"cbox-8-0 p_item\"><div class=\"e_image-10 s_img response-transition\"><div class=\"e_richText-11 response-transition\"><p>Das Unternehmen h\u00e4lt mehrere Patente im Bereich Busleitungen. So verf\u00fcgt beispielsweise das Patent mit dem Titel \u201eEine Busleitung mit Stecker und W\u00e4rmeableitvorrichtungen\u201c \u00fcber einen Hauptk\u00f6rper mit mehreren W\u00e4rmeableitvorrichtungen auf der Innenseite, der auf beiden Seiten mit Stromschienen ausgestattet ist. Die W\u00e4rmeableitvorrichtungen bestehen aus einem W\u00e4rmeableitrahmen, W\u00e4rmeableitstreifen, gewellten Lamellen und nadelf\u00f6rmigen Lamellen. Der einzigartige strukturelle Aufbau erm\u00f6glicht einen effektiven Luftstrom durch drei Bel\u00fcftungskan\u00e4le und verbessert somit die W\u00e4rmeableitleistung. Ein weiteres Patent, \u201eEine Busleitung mit W\u00e4rmeableitungsl\u00f6chern am Geh\u00e4use\u201c, nutzt in seinem Aufbau eine Isolierplatte, Leitwindplatten und Windf\u00fchrungs\u00f6ffnungen. In Kombination mit einer optimierten Anordnung der W\u00e4rmeableitungsl\u00f6cher und der Integration von W\u00e4rmeableitbl\u00f6cken sorgt diese Konstruktion f\u00fcr eine effiziente W\u00e4rmemanagement w\u00e4hrend der Energie\u00fcbertragung, steigert die W\u00e4rmeableitungsleistung und verl\u00e4ngert die Lebensdauer der Busleitung sowie der Isoliermaterialien.<\/p><\/div><\/div><\/div>\t\t\t\t\t\t<\/div>\n\t\t\t\t<\/div>\n\t\t\t\t\t<\/div>\n\t\t\t\t<\/div>\n\t\t\t\t<\/div>\n\t\t\t\t\t<\/details>\n\t\t\t\t\t\t<details id=\"e-n-accordion-item-1805\" class=\"e-n-accordion-item\" >\n\t\t\t\t<summary class=\"e-n-accordion-item-title\" data-accordion-index=\"6\" tabindex=\"-1\" aria-expanded=\"false\" aria-controls=\"e-n-accordion-item-1805\" >\n\t\t\t\t\t<span class='e-n-accordion-item-title-header'><div class=\"e-n-accordion-item-title-text\"> Welche technischen Vorteile hat das Unternehmen?  <\/div><\/span>\n\t\t\t\t\t\t\t<span class='e-n-accordion-item-title-icon'>\n\t\t\t<span class='e-opened' ><i aria-hidden=\"true\" class=\"fas fa-minus\"><\/i><\/span>\n\t\t\t<span class='e-closed'><i aria-hidden=\"true\" class=\"fas fa-plus\"><\/i><\/span>\n\t\t<\/span>\n\n\t\t\t\t\t\t<\/summary>\n\t\t\t\t<div role=\"region\" aria-labelledby=\"e-n-accordion-item-1805\" class=\"elementor-element elementor-element-8d1a6c8 e-con-full e-flex e-con e-child\" data-id=\"8d1a6c8\" data-element_type=\"container\">\n\t\t<div role=\"region\" aria-labelledby=\"e-n-accordion-item-1805\" class=\"elementor-element elementor-element-a5ba7cb e-flex e-con-boxed e-con e-child\" data-id=\"a5ba7cb\" data-element_type=\"container\">\n\t\t\t\t\t<div class=\"e-con-inner\">\n\t\t\t\t<div class=\"elementor-element elementor-element-54a1577 elementor-widget elementor-widget-text-editor\" data-id=\"54a1577\" data-element_type=\"widget\" data-widget_type=\"text-editor.default\">\n\t\t\t\t<div class=\"elementor-widget-container\">\n\t\t\t\t\t\t\t<div class=\"cbox-8-0 p_item\"><div class=\"e_image-10 s_img response-transition\"><div class=\"e_richText-11 response-transition\"><p>Das Unternehmen h\u00e4lt mehrere Patente im Bereich Busleitungen. So verf\u00fcgt beispielsweise das Patent f\u00fcr \u201eEine Busleitung mit Stecker und W\u00e4rmeableitvorrichtung\u201c \u00fcber ein Design mit mehreren W\u00e4rmeableitvorrichtungen im Inneren des Busleitungsk\u00f6rpers, der auf beiden Seiten mit Stromschienen ausgestattet ist. Die W\u00e4rmeableitvorrichtung besteht aus einem W\u00e4rmeableitrahmen, W\u00e4rmeableitstreifen, gewellten Lamellen und nadelf\u00f6rmigen Lamellen. Der einzigartige strukturelle Aufbau erm\u00f6glicht einen effektiven internen Luftstrom durch drei Bel\u00fcftungskan\u00e4le und verbessert somit die W\u00e4rmeableitleistung. Ein weiteres Patent, \u201eEine Busleitung mit Geh\u00e4use und W\u00e4rmeableitungsl\u00f6chern\u201c, nutzt in seinem Aufbau thermische Isolierplatten, Leitwindplatten und Windf\u00fchrungs\u00f6ffnungen, kombiniert mit optimierten Anordnungen der W\u00e4rmeableitungsl\u00f6cher und der Integration von W\u00e4rmeableitbl\u00f6cken. Dadurch wird eine effiziente W\u00e4rmemanagement w\u00e4hrend der Energie\u00fcbertragung erreicht, die W\u00e4rmeableitungsleistung gesteigert und die Lebensdauer der Busleitung sowie der Isoliermaterialien verl\u00e4ngert.<\/p><\/div><\/div><\/div>\t\t\t\t\t\t<\/div>\n\t\t\t\t<\/div>\n\t\t\t\t\t<\/div>\n\t\t\t\t<\/div>\n\t\t\t\t<\/div>\n\t\t\t\t\t<\/details>\n\t\t\t\t\t<\/div>\n\t\t\t\t<\/div>\n\t\t\t\t<\/div>\n\t\t\t\t\t<\/div>\n\t\t\t\t<\/div>\n\t\t\t\t<\/div>","protected":false},"excerpt":{"rendered":"<p>Das Unternehmen ist ein produzierendes Unternehmen, das Forschung und Entwicklung, Design, Herstellung sowie den Vertrieb kompletter \u00dcbertragungs- und Verteilungsanlagen integriert. Startseite FAQ Finanzielle St\u00e4rken Mit einem registrierten Kapital von 80 Millionen Yuan verf\u00fcgt das Unternehmen \u00fcber starke finanzielle Kapazit\u00e4ten und kann die Forschung und Entwicklung sowie die Produktion des Unternehmens umfassend unterst\u00fctzen [\u2026]<\/p>","protected":false},"author":2,"featured_media":0,"parent":0,"menu_order":0,"comment_status":"closed","ping_status":"closed","template":"elementor_header_footer","meta":{"_acf_changed":false,"_seopress_robots_primary_cat":"","footnotes":""},"class_list":["post-145","page","type-page","status-publish","hentry"],"acf":[],"_links":{"self":[{"href":"https:\/\/www.northpwr.cn\/de\/wp-json\/wp\/v2\/pages\/145","targetHints":{"allow":["GET"]}}],"collection":[{"href":"https:\/\/www.northpwr.cn\/de\/wp-json\/wp\/v2\/pages"}],"about":[{"href":"https:\/\/www.northpwr.cn\/de\/wp-json\/wp\/v2\/types\/page"}],"author":[{"embeddable":true,"href":"https:\/\/www.northpwr.cn\/de\/wp-json\/wp\/v2\/users\/2"}],"replies":[{"embeddable":true,"href":"https:\/\/www.northpwr.cn\/de\/wp-json\/wp\/v2\/comments?post=145"}],"version-history":[{"count":6,"href":"https:\/\/www.northpwr.cn\/de\/wp-json\/wp\/v2\/pages\/145\/revisions"}],"predecessor-version":[{"id":1669,"href":"https:\/\/www.northpwr.cn\/de\/wp-json\/wp\/v2\/pages\/145\/revisions\/1669"}],"wp:attachment":[{"href":"https:\/\/www.northpwr.cn\/de\/wp-json\/wp\/v2\/media?parent=145"}],"curies":[{"name":"wp","href":"https:\/\/api.w.org\/{rel}","templated":true}]}}