
{"id":1572,"date":"2025-12-03T11:04:24","date_gmt":"2025-12-03T03:04:24","guid":{"rendered":"https:\/\/www.northpwr.cn\/?post_type=product&p=1572"},"modified":"2025-12-03T11:04:24","modified_gmt":"2025-12-03T03:04:24","slug":"cast-refractory-busway","status":"publish","type":"product","link":"https:\/\/www.northpwr.cn\/de\/produkt\/cast-refractory-busway\/","title":{"rendered":"Guss-feuerfeste Stromschienen"},"content":{"rendered":"<p data-cah=\"2\">Das Unternehmen h\u00e4lt sich an das Entwicklungsleitmotiv \u00abPragmatismus, Innovation, Harmonie und gegenseitiger Nutzen\u00bb, hat eine Reihe von Ressourcenallokationen durchgef\u00fchrt und eine effiziente Entwicklungsplattform aufgebaut.<\/p>\n<p> Das Unternehmen setzt fortschrittliche CAD-Systeme (Computer-Aided Design) ein und verf\u00fcgt \u00fcber modernste numerisch gesteuerte (NC-)Bearbeitungsm\u00f6glichkeiten. Zudem hat es Auszeichnungen wie AAA-bewertetes vertrauensw\u00fcrdiges Unternehmen in Sachen Qualit\u00e4t, AAA-bewertetes Unternehmen mit Qualit\u00e4tsservice-Zertifizierung sowie AAA-bewertetes Kreditunternehmen erhalten. Alle Produkte haben die nationale obligatorische Produktzertifizierung bestanden und erhielten dadurch positive Bewertungen f\u00fcr ihre Leistung.<\/p>","protected":false},"excerpt":{"rendered":"<p>Das Unternehmen h\u00e4lt sich an das Entwicklungsleitmotiv \u00abPragmatismus, Innovation, Harmonie und gegenseitiger Nutzen\u00bb, hat eine Reihe von Ressourcenallokationen vorgenommen und eine effiziente Entwicklungsplattform aufgebaut. Das Unternehmen setzt fortschrittliche CAD-Systeme (Computer-Aided Design) ein und verf\u00fcgt \u00fcber modernste numerisch gesteuerte (NC-)Bearbeitungsm\u00f6glichkeiten. Zudem hat es Auszeichnungen wie beispielsweise die Anerkennung als vertrauensw\u00fcrdiges Unternehmen mit AAA-Bewertung in [\u2026] erhalten.<\/p>","protected":false},"featured_media":1573,"template":"","meta":{"_acf_changed":false,"_seopress_robots_primary_cat":""},"product_brand":[],"product_cat":[56],"product_tag":[],"class_list":{"0":"post-1572","1":"product","2":"type-product","3":"status-publish","4":"has-post-thumbnail","6":"product_cat-cast-refractory-busway","8":"first","9":"instock","10":"shipping-taxable","11":"product-type-simple"},"acf":[],"_links":{"self":[{"href":"https:\/\/www.northpwr.cn\/de\/wp-json\/wp\/v2\/product\/1572","targetHints":{"allow":["GET"]}}],"collection":[{"href":"https:\/\/www.northpwr.cn\/de\/wp-json\/wp\/v2\/product"}],"about":[{"href":"https:\/\/www.northpwr.cn\/de\/wp-json\/wp\/v2\/types\/product"}],"wp:featuredmedia":[{"embeddable":true,"href":"https:\/\/www.northpwr.cn\/de\/wp-json\/wp\/v2\/media\/1573"}],"wp:attachment":[{"href":"https:\/\/www.northpwr.cn\/de\/wp-json\/wp\/v2\/media?parent=1572"}],"wp:term":[{"taxonomy":"product_brand","embeddable":true,"href":"https:\/\/www.northpwr.cn\/de\/wp-json\/wp\/v2\/product_brand?post=1572"},{"taxonomy":"product_cat","embeddable":true,"href":"https:\/\/www.northpwr.cn\/de\/wp-json\/wp\/v2\/product_cat?post=1572"},{"taxonomy":"product_tag","embeddable":true,"href":"https:\/\/www.northpwr.cn\/de\/wp-json\/wp\/v2\/product_tag?post=1572"}],"curies":[{"name":"wp","href":"https:\/\/api.w.org\/{rel}","templated":true}]}}