
{"id":1577,"date":"2025-12-03T11:06:32","date_gmt":"2025-12-03T03:06:32","guid":{"rendered":"https:\/\/www.northpwr.cn\/?post_type=product&p=1577"},"modified":"2025-12-03T11:06:32","modified_gmt":"2025-12-03T03:06:32","slug":"hxgn-12-fixed-ac-metal-clad-switchgear","status":"publish","type":"product","link":"https:\/\/www.northpwr.cn\/de\/produkt\/hxgn-12-fixed-ac-metal-clad-switchgear\/","title":{"rendered":"HXGN-12 fest installierte AC-Schaltanlage mit Metallverkleidung"},"content":{"rendered":"<p data-cah=\"2\">Die fest installierte metallumh\u00fcllte Schaltanlage vom Typ HXGN-12 (im Folgenden als Ringhauptstation bezeichnet) ist eine vollst\u00e4ndige elektrische Hochspannungsanlage mit Nennspannung 12 kV und Nennfrequenz 50 Hz, haupts\u00e4chlich verwendet f\u00fcr dreiphasige Wechselstrom-Ringnetze, Endverteiler-Netze sowie industrielle Stromversorgungsanlagen zur Aufnahme und Verteilung von elektrischer Energie usw. Sie eignet sich auch f\u00fcr Hochspannungsinstallationen.<\/p>\n<p> \u00dcbersicht<br \/> Die fest installierte metallumh\u00fcllte Schaltanlage vom Typ HXGN-12 in Kastenbauweise (im Folgenden als Ringnetzschrank bezeichnet) ist eine vollst\u00e4ndige elektrische Hochspannungsanlage mit Nennspannung 12 kV und Nennfrequenz 50 Hz, haupts\u00e4chlich verwendet f\u00fcr dreiphasige Wechselstrom-Ringnetze, Endverteiler-Netze sowie industrielle Stromversorgungsanlagen zur Aufnahme und Verteilung von elektrischer Energie. Sie eignet sich auch f\u00fcr Hochspannungsinstallationen.<br \/> Betriebsbedingungen<br \/> \u2022 Verwendet einen kompletten Ger\u00e4testandard, leicht und formsch\u00f6n, beliebig kombinierbar und installierbar, einfach unbegrenzt zu erweitern und auszubauen.<\/p>\n<p> \u2022 Kann mit einem pneumatischen Anzeigeschalter vom Typ FKN12-12, einem kombinierten Elektroger\u00e4t oder einem Vakuumlastschalter vom Typ FZN25-12 sowie einem kombinierten Elektroger\u00e4t ausgestattet werden; die Einbauma\u00dfe stimmen vollst\u00e4ndig \u00fcberein. Geringe Abmessungen, wartungsfrei, dreiphasige Verriegelungsstruktur und Fernsteuerungsfunktion.<\/p>\n<p> Es sind manuelle und elektrische Bet\u00e4tigungen verf\u00fcgbar und es verf\u00fcgt \u00fcber eine Fernsteuerungsfunktion.<\/p>\n<p> Es besitzt ein vollst\u00e4ndiges und zuverl\u00e4ssiges mechanisches Verriegelungs- und Interlockingsystem, das die \u201eF\u00fcnf-Schutz\u201c-Funktion vollst\u00e4ndig erf\u00fcllt.<\/p>\n<p> Der Lastschalter verwendet ein verriegelndes Schutzventil, um den unter Spannung stehenden Griff abzuschirmen und so die pers\u00f6nliche Sicherheit zu gew\u00e4hrleisten.<\/p>\n<p> Die Frontt\u00fcr ist mit einem Beobachtungsfenster ausgestattet, durch das der Betriebszustand der Komponenten im Schrank klar beobachtet werden kann.<\/p>\n<p> Entspricht den Normen GB3906, GB11022 und anderen Standards.<br \/> Technische Parameter<\/p>\n<table data-cah=\"6\">\n<tbody>\n<tr>\n<td class=\"\"><span class=\"ellipsis\" title=\"Seriennummer\">Seriennummer<\/span><\/td>\n<td class=\"\"><span class=\"ellipsis\" title=\"Name\">Name<\/span><\/td>\n<td class=\"\"><span class=\"ellipsis\" title=\"Einheit\">Einheit<\/span><\/td>\n<td class=\"\"><span class=\"ellipsis\" title=\"FKN12-12\">FKN12-12<\/span><\/td>\n<td class=\"\"><span class=\"ellipsis\" title=\"FKRN12-12\">FKRN12-12<\/span><\/td>\n<td class=\"\"><span class=\"ellipsis\" title=\"\"><\/span><\/td>\n<\/tr>\n<tr>\n<td class=\"\"><span class=\"ellipsis\" title=\"1\">1<\/span><\/td>\n<td class=\"\"><span class=\"ellipsis\" title=\"Nennspannung\">Nennspannung<\/span><\/td>\n<td class=\"\"><span class=\"ellipsis\" title=\"KV\">KV<\/span><\/td>\n<td class=\"\"><span class=\"ellipsis\" title=\"12\">12<\/span><\/td>\n<td class=\"\"><span class=\"ellipsis\" title=\"\"><\/span><\/td>\n<\/tr>\n<tr>\n<td class=\"\"><span class=\"ellipsis\" title=\"2\">2<\/span><\/td>\n<td class=\"\"><span class=\"ellipsis\" title=\"Imin-Netzfrequenz-Widerstandsspannung\">Imin-Netzfrequenz-Widerstandsspannung<\/span><\/td>\n<td class=\"\"><span class=\"ellipsis\" title=\"KV\">KV<\/span><\/td>\n<td class=\"\"><span class=\"ellipsis\" title=\"Pol und Phase 42, Isolieranschluss 48\">Pol und Phase 42, Isolieranschluss 48<\/span><\/td>\n<td class=\"\"><span class=\"ellipsis\" title=\"\"><\/span><\/td>\n<\/tr>\n<tr>\n<td class=\"\"><span class=\"ellipsis\" title=\"3\">3<\/span><\/td>\n<td class=\"\"><span class=\"ellipsis\" title=\"Blitzimpulsspannung (Spitze)\">Blitzimpulsspannung (Spitze)<\/span><\/td>\n<td class=\"\"><span class=\"ellipsis\" title=\"KV\">KV<\/span><\/td>\n<td class=\"\"><span class=\"ellipsis\" title=\"Pol und Phase 75, Isolieranschluss 85\">Pol und Phase 75, Isolieranschluss 85<\/span><\/td>\n<td class=\"\"><span class=\"ellipsis\" title=\"\"><\/span><\/td>\n<\/tr>\n<tr>\n<td class=\"\"><span class=\"ellipsis\" title=\"4\">4<\/span><\/td>\n<td class=\"\"><span class=\"ellipsis\" title=\"Nennfrequenz\">Nennfrequenz<\/span><\/td>\n<td class=\"\"><span class=\"ellipsis\" title=\"Hz\">Hz<\/span><\/td>\n<td class=\"\"><span class=\"ellipsis\" title=\"50\">50<\/span><\/td>\n<td class=\"\"><span class=\"ellipsis\" title=\"\"><\/span><\/td>\n<\/tr>\n<tr>\n<td class=\"\"><span class=\"ellipsis\" title=\"5\">5<\/span><\/td>\n<td class=\"\"><span class=\"ellipsis\" title=\"Nennstrom der Hauptstromschiene\">Nennstrom der Hauptstromschiene<\/span><\/td>\n<td class=\"\"><span class=\"ellipsis\" title=\"A\">A<\/span><\/td>\n<td class=\"\"><span class=\"ellipsis\" title=\"630\">630<\/span><\/td>\n<td class=\"\"><span class=\"ellipsis\" title=\"\"><\/span><\/td>\n<\/tr>\n<tr>\n<td class=\"\"><span class=\"ellipsis\" title=\"6\">6<\/span><\/td>\n<td class=\"\"><span class=\"ellipsis\" title=\"Nennstrom\">Nennstrom<\/span><\/td>\n<td class=\"\"><span class=\"ellipsis\" title=\"A\">A<\/span><\/td>\n<td class=\"\"><span class=\"ellipsis\" title=\"630\">630<\/span><\/td>\n<td class=\"\"><span class=\"ellipsis\" title=\"\"><\/span><\/td>\n<\/tr>\n<tr>\n<td class=\"\"><span class=\"ellipsis\" title=\"7\">7<\/span><\/td>\n<td class=\"\"><span class=\"ellipsis\" title=\"Lastschalter\">Lastschalter<\/span><\/td>\n<td class=\"\"><span class=\"ellipsis\" title=\"Nenn-Elektrolebensdauer unter Strom\">Nenn-Elektrolebensdauer unter Strom<\/span><\/td>\n<td class=\"\"><span class=\"ellipsis\" title=\"Zeiten\">Zeiten<\/span><\/td>\n<td class=\"\" colspan=\"2\"><span class=\"ellipsis\" title=\"Nicht weniger als 100\">Nicht weniger als 100<\/span><\/td>\n<\/tr>\n<tr>\n<td class=\"\"><span class=\"ellipsis\" title=\"8\">8<\/span><\/td>\n<td class=\"\"><span class=\"ellipsis\" title=\"Lastschalter\">Lastschalter<\/span><\/td>\n<td class=\"\"><span class=\"ellipsis\" title=\"Schaltleistung des Leerlauftransformators\">Schaltleistung des Leerlauftransformators<\/span><\/td>\n<td class=\"\"><span class=\"ellipsis\" title=\"KVA\">KVA<\/span><\/td>\n<td class=\"\" colspan=\"2\"><span class=\"ellipsis\" title=\"1250, 1600\">1250, 1600<\/span><\/td>\n<\/tr>\n<tr>\n<td class=\"\"><span class=\"ellipsis\" title=\"9\">9<\/span><\/td>\n<td class=\"\"><span class=\"ellipsis\" title=\"Lastschalter\">Lastschalter<\/span><\/td>\n<td class=\"\"><span class=\"ellipsis\" title=\"Nennw\u00e4rmebest\u00e4ndiger Strom\">Nennw\u00e4rmebest\u00e4ndiger Strom<\/span><\/td>\n<td class=\"\"><span class=\"ellipsis\" title=\"KA\/S\">KA\/S<\/span><\/td>\n<td class=\"\" colspan=\"2\"><span class=\"ellipsis\" title=\"20\/4, Erdungsschalter 20\/2\">20\/4, Erdungsschalter 20\/2<\/span><\/td>\n<\/tr>\n<tr>\n<td class=\"\"><span class=\"ellipsis\" title=\"10\">10<\/span><\/td>\n<td class=\"\"><span class=\"ellipsis\" title=\"Lastschalter\">Lastschalter<\/span><\/td>\n<td class=\"\"><span class=\"ellipsis\" title=\"Nenn-dynamisch stabiler Strom (Spitze)\">Nenn-dynamisch stabiler Strom (Spitze)<\/span><\/td>\n<td class=\"\"><span class=\"ellipsis\" title=\"KA\">KA<\/span><\/td>\n<td class=\"\" colspan=\"2\"><span class=\"ellipsis\" title=\"50\">50<\/span><\/td>\n<\/tr>\n<\/tbody>\n<\/table>\n<table data-cah=\"6\">\n<tbody>\n<tr>\n<td class=\"\"><span class=\"ellipsis\" title=\"10\">10<\/span><\/td>\n<td class=\"\"><span class=\"ellipsis\" title=\"Lastschalter\">Lastschalter<\/span><\/td>\n<td class=\"\"><span class=\"ellipsis\" title=\"Nennkurzschlussausl\u00f6sestrom (Spike)\">Nennkurzschlussausl\u00f6sestrom (Spike)<\/span><\/td>\n<td class=\"\"><span class=\"ellipsis\" title=\"KA\">KA<\/span><\/td>\n<td class=\"\" colspan=\"2\"><span class=\"ellipsis\" title=\"50\">50<\/span><\/td>\n<\/tr>\n<tr>\n<td class=\"\"><span class=\"ellipsis\" title=\"12\">12<\/span><\/td>\n<td class=\"\"><span class=\"ellipsis\" title=\"Kombiniertes elektrisches Ger\u00e4t\">Kombiniertes elektrisches Ger\u00e4t<\/span><\/td>\n<td class=\"\"><span class=\"ellipsis\" title=\"Nennstrom der Sicherung\">Nennstrom der Sicherung<\/span><\/td>\n<td class=\"\"><span class=\"ellipsis\" title=\"A\">A<\/span><\/td>\n<td class=\"\" colspan=\"2\"><span class=\"ellipsis\" title=\"100\">100<\/span><\/td>\n<\/tr>\n<tr>\n<td class=\"\"><span class=\"ellipsis\" title=\"13\">13<\/span><\/td>\n<td class=\"\"><span class=\"ellipsis\" title=\"Kombiniertes elektrisches Ger\u00e4t\">Kombiniertes elektrisches Ger\u00e4t<\/span><\/td>\n<td class=\"\"><span class=\"ellipsis\" title=\"Nenn\u00fcbertragungsstrom\">Nenn\u00fcbertragungsstrom<\/span><\/td>\n<td class=\"\"><span class=\"ellipsis\" title=\"A\">A<\/span><\/td>\n<td class=\"\"><span class=\"ellipsis\" title=\"\"><\/span><\/td>\n<td class=\"\"><span class=\"ellipsis\" title=\"2000\">2000<\/span><\/td>\n<\/tr>\n<tr>\n<td class=\"\"><span class=\"ellipsis\" title=\"14\">14<\/span><\/td>\n<td class=\"\"><span class=\"ellipsis\" title=\"Kombiniertes elektrisches Ger\u00e4t\">Kombiniertes elektrisches Ger\u00e4t<\/span><\/td>\n<td class=\"\"><span class=\"ellipsis\" title=\"Nennkurzschlussausbruchstrom\">Nennkurzschlussausbruchstrom<\/span><\/td>\n<td class=\"\"><span class=\"ellipsis\" title=\"KA\">KA<\/span><\/td>\n<td class=\"\" colspan=\"2\"><span class=\"ellipsis\" title=\"31.5\">31.5<\/span><\/td>\n<\/tr>\n<tr>\n<td class=\"\"><span class=\"ellipsis\" title=\"15\">15<\/span><\/td>\n<td class=\"\"><span class=\"ellipsis\" title=\"Kombiniertes elektrisches Ger\u00e4t\">Kombiniertes elektrisches Ger\u00e4t<\/span><\/td>\n<td class=\"\"><span class=\"ellipsis\" title=\"Passendes Sicherungsmodell\">Passendes Sicherungsmodell<\/span><\/td>\n<td class=\"\"><span class=\"ellipsis\" title=\"\"><\/span><\/td>\n<td class=\"\" colspan=\"2\"><span class=\"ellipsis\" title=\"SLAJ-12(XRNT-12)\">SLAJ-12(XRNT-12)<\/span><\/td>\n<\/tr>\n<tr>\n<td class=\"\"><span class=\"ellipsis\" title=\"16\">16<\/span><\/td>\n<td class=\"\"><span class=\"ellipsis\" title=\"Mechanische Lebensdauer\">Mechanische Lebensdauer<\/span><\/td>\n<td class=\"\"><span class=\"ellipsis\" title=\"Zeiten\">Zeiten<\/span><\/td>\n<td class=\"\"><span class=\"ellipsis\" title=\"3000\">3000<\/span><\/td>\n<td class=\"\"><span class=\"ellipsis\" title=\"10000\">10000<\/span><\/td>\n<td class=\"\"><span class=\"ellipsis\" title=\"\"><\/span><\/td>\n<\/tr>\n<tr>\n<td class=\"\"><span class=\"ellipsis\" title=\"17\">17<\/span><\/td>\n<td class=\"\"><span class=\"ellipsis\" title=\"Hilfsstromkreis Imin-Niederspannungsfestigkeit bei Netzfrequenz\">Hilfsstromkreis Imin-Niederspannungsfestigkeit bei Netzfrequenz<\/span><\/td>\n<td class=\"\"><span class=\"ellipsis\" title=\"KV\">KV<\/span><\/td>\n<td class=\"\"><span class=\"ellipsis\" title=\"2\">2<\/span><\/td>\n<td class=\"\"><span class=\"ellipsis\" title=\"\"><\/span><\/td>\n<\/tr>\n<tr>\n<td class=\"\"><span class=\"ellipsis\" title=\"18\">18<\/span><\/td>\n<td class=\"\"><span class=\"ellipsis\" title=\"Betriebsspannung des elektrischen Bet\u00e4tigungsmechanismus\">Betriebsspannung des elektrischen Bet\u00e4tigungsmechanismus<\/span><\/td>\n<td class=\"\"><span class=\"ellipsis\" title=\"V\">V<\/span><\/td>\n<td class=\"\"><span class=\"ellipsis\" title=\"AC\/DC 220, 110\">AC\/DC 220, 110<\/span><\/td>\n<td class=\"\"><span class=\"ellipsis\" title=\"\"><\/span><\/td>\n<\/tr>\n<tr>\n<td class=\"\"><span class=\"ellipsis\" title=\"19\">19<\/span><\/td>\n<td class=\"\"><span class=\"ellipsis\" title=\"Schutzgrad\">Schutzgrad<\/span><\/td>\n<td class=\"\"><span class=\"ellipsis\" title=\"\"><\/span><\/td>\n<td class=\"\"><span class=\"ellipsis\" title=\"1P4X\">1P4X<\/span><\/td>\n<td class=\"\"><span class=\"ellipsis\" title=\"\"><\/span><\/td>\n<\/tr>\n<tr>\n<td class=\"\"><span class=\"ellipsis\" title=\"20\">20<\/span><\/td>\n<td class=\"\"><span class=\"ellipsis\" title=\"Abmessungen (Breite \u00d7 Tiefe \u00d7 H\u00f6he)\">Abmessungen (Breite \u00d7 Tiefe \u00d7 H\u00f6he)<\/span><\/td>\n<td class=\"\"><span class=\"ellipsis\" title=\"mm\">mm<\/span><\/td>\n<td class=\"\"><span class=\"ellipsis\" title=\"700 (900) \u00d7 900 \u00d7 2000 (2200)\">700 (900) \u00d7 900 \u00d7 2000 (2200)<\/span><\/td>\n<td class=\"\"><span class=\"ellipsis\" title=\"\"><\/span><\/td>\n<\/tr>\n<\/tbody>\n<\/table>\n<p data-cah=\"2\">Bestellhinweise<br \/> Bitte geben Sie bei der Bestellung folgende Informationen an:<\/p>\n<p> \u2022 Schaltanlagenmodell, Menge, Liefertermin und Prim\u00e4rschema-Nummer;<\/p>\n<p> \u2022 Prim\u00e4rsystemdiagramm, Sekund\u00e4rschaltbild und Schaltanlagen-Anordnungsplan;<\/p>\n<p> \u2022 Nennstrom der Hauptstromschiene sowie Modell und Spezifikationen der prim\u00e4ren Komponenten;<\/p>\n<p> \u3000\u3000\u2022 Besondere Anforderungen (falls vorhanden).<\/p>","protected":false},"excerpt":{"rendered":"<p>Die Schaltanlage vom Typ HXGN-12 mit festem Metallgeh\u00e4use (im Folgenden als Ringhauptschaltanlage bezeichnet) ist eine vollst\u00e4ndige elektrische Hochspannungsanlage mit Nennspannung 12 kV und Nennfrequenz 50 Hz, haupts\u00e4chlich verwendet f\u00fcr dreiphasige Wechselstrom-Ringnetze, Endverteilsysteme sowie industrielle Stromversorgungsanlagen zur Aufnahme und Verteilung elektrischer Energie usw. Sie eignet sich auch f\u00fcr Hochspannungsinstallationen. \u00dcbersicht \u3000\u3000Die [\u2026]<\/p>","protected":false},"featured_media":1578,"template":"","meta":{"_acf_changed":false,"_seopress_robots_primary_cat":""},"product_brand":[],"product_cat":[58],"product_tag":[],"class_list":{"0":"post-1577","1":"product","2":"type-product","3":"status-publish","4":"has-post-thumbnail","6":"product_cat-ring-main-unit","8":"first","9":"instock","10":"shipping-taxable","11":"product-type-simple"},"acf":[],"_links":{"self":[{"href":"https:\/\/www.northpwr.cn\/de\/wp-json\/wp\/v2\/product\/1577","targetHints":{"allow":["GET"]}}],"collection":[{"href":"https:\/\/www.northpwr.cn\/de\/wp-json\/wp\/v2\/product"}],"about":[{"href":"https:\/\/www.northpwr.cn\/de\/wp-json\/wp\/v2\/types\/product"}],"wp:featuredmedia":[{"embeddable":true,"href":"https:\/\/www.northpwr.cn\/de\/wp-json\/wp\/v2\/media\/1578"}],"wp:attachment":[{"href":"https:\/\/www.northpwr.cn\/de\/wp-json\/wp\/v2\/media?parent=1577"}],"wp:term":[{"taxonomy":"product_brand","embeddable":true,"href":"https:\/\/www.northpwr.cn\/de\/wp-json\/wp\/v2\/product_brand?post=1577"},{"taxonomy":"product_cat","embeddable":true,"href":"https:\/\/www.northpwr.cn\/de\/wp-json\/wp\/v2\/product_cat?post=1577"},{"taxonomy":"product_tag","embeddable":true,"href":"https:\/\/www.northpwr.cn\/de\/wp-json\/wp\/v2\/product_tag?post=1577"}],"curies":[{"name":"wp","href":"https:\/\/api.w.org\/{rel}","templated":true}]}}