
{"id":1583,"date":"2025-12-03T11:06:36","date_gmt":"2025-12-03T03:06:36","guid":{"rendered":"https:\/\/www.northpwr.cn\/?post_type=product&p=1583"},"modified":"2025-12-03T11:06:36","modified_gmt":"2025-12-03T03:06:36","slug":"fy3000-gcs-low-voltage-switchgear","status":"publish","type":"product","link":"https:\/\/www.northpwr.cn\/de\/produkt\/fy3000-gcs-low-voltage-switchgear\/","title":{"rendered":"FY3000 (GCS) Niederspannungsschaltanlage"},"content":{"rendered":"<p data-cah=\"2\">Die Niederspannungs-Schaltanlage FY3000 (GCS) ist geeignet f\u00fcr Stromverteilungssysteme in Kraftwerken, der Erd\u00f6l-, Chemie-, Metallurgie-, Textil- und Hochhausindustrie.<\/p>\n<p> \u00dcbersicht<br \/> Die Niederspannungs-Schaltanlage FY3000 (GCS) ist geeignet f\u00fcr Stromverteilungssysteme in Kraftwerken, der Erd\u00f6l-, Chemie-, Metallurgie-, Textil- und Hochhausindustrie. In gro\u00dfen Kraftwerken und petrochemischen Anlagen mit hohem Automatisierungsgrad und Computer-Schnittstellenanforderungen dient sie als dreiphasiger Wechselstrom mit einer Frequenz von 50 (60 Hz), Nennbetriebsspannung von 380 V (400 V), zur Energieverteilung im Kraftwerk, zur Motorsteuerung sowie zur Blindleistungskompensation \u2013 eine komplette Niederspannungs-Schaltanlage.<br \/> Betriebsbedingungen<br \/> \u3000\u3000\u2022 Umgebungstemperatur: +40\u2103 bis -15\u2103<\/p>\n<p> \u3000\u3000\u2022 H\u00f6he: 2000 m.<\/p>\n<p> \u2022 Umgebende Luftfeuchtigkeit: Tagesdurchschnittliche relative Luftfeuchtigkeit 95%, monatlicher Durchschnittswert der relativen Luftfeuchtigkeit 90%.<\/p>\n<p> \u2022 Die Neigung der vertikalen Aufstellfl\u00e4che betr\u00e4gt h\u00f6chstens 5%, und die gesamte Schaltschrankgruppe ist relativ eben.<\/p>\n<p> \u2022 Keine starken Vibrationen und St\u00f6\u00dfe sowie Orte, an denen Korrosion nicht ausreicht, um elektrische Komponenten zu besch\u00e4digen.<br \/> Hauptstrukturelle Merkmale<br \/> \u2022 Der Hauptrahmen besteht aus BMF-Profilen oder \u201eC\u201c-Profilen, die kalt gebogen aus kaltgewalzten Stahlblechen oder aluminiumzinkbeschichteten Stahlblechen gefertigt werden; diese zeichnen sich durch hohe Festigkeit und einfache modulare Montage aus.<\/p>\n<p> \u2022 Die Schubladen-Typen sind in vier Gr\u00f6\u00dfenreihen unterteilt: 1\/2 Einheit, 1 Einheit, 2 Einheiten und 3 Einheiten, mit einem Schaltkreis-Nennstrom von 630 A oder weniger.<\/p>\n<p> \u2022 Flexible Montage, kompakte Bauweise, hohe Vielseitigkeit, gute Sicherheitsleistung und bequeme Montage.<\/p>\n<p> \u2022 Die Erh\u00f6hung der W\u00e4rmekapazit\u00e4t des \u00dcbertragungsst\u00fccks reduziert signifikant den Temperaturanstieg, der durch das \u00dcbertragungsst\u00fcck auf Stecker, Kabelkopf und Trennplatte verursacht wird.<\/p>\n<p> \u2022 Zuverl\u00e4ssigkeit zwischen Funktionseinheiten und Abteilungen; ein Ausfall einer Einheit beeintr\u00e4chtigt nicht den normalen Betrieb anderer Einheiten und begrenzt den Ausfall auf den minimalen Bereich.<\/p>\n<p> \u2022 Die horizontale Anordnung der Sammelschienen gew\u00e4hrleistet eine gute dynamische und thermische Stabilit\u00e4t des Ger\u00e4ts.<\/p>\n<p> \u2022 Die Verbindung zwischen Ger\u00e4t und externen Kabeln erfolgt im Kabelabteil; die Kabel k\u00f6nnen sowohl von oben als auch von unten eingef\u00fchrt und entnommen werden. Der Nullseitenstromwandler befindet sich im Kabelabteil f\u00fcr bequeme Installation und Wartung.<\/p>\n<p> \u2022 Die Schubladeneinheit verf\u00fcgt \u00fcber eine ausreichende Anzahl von Sekund\u00e4rsteckern (32 Paare f\u00fcr 1 Einheit und mehr, 20 Paare f\u00fcr 1\/2 Einheit), die die Anforderungen an die Anzahl der Anschlusspunkte f\u00fcr Computereinheiten und Fernsteuerungsschaltungen erf\u00fcllen.<\/p>\n<p data-cah=\"2\">Bestellinformationen<br \/> Bitte geben Sie bei der Bestellung folgende Informationen an:<\/p>\n<p> \u2022 Nummer des Hauptstromkreisschemas, Hauptverdrahtungsschema, Anordnungsschema und Layoutplan.<\/p>\n<p> \u2022 Elektrisches Schaltbild des Hilfsstromkreises sowie Terminal-Anordnungsschema.<\/p>\n<p> \u2022 Symbole, Spezifikationen und Mengen der elektrischen Komponenten innerhalb der Schaltanlage.<\/p>","protected":false},"excerpt":{"rendered":"<p>Die Niederspannungs-Schaltanlage FY3000 (GCS) ist geeignet f\u00fcr Stromverteilungssysteme in Kraftwerken, der Erd\u00f6l-, Chemie-, Metallurgie-, Textil- sowie Hochhausindustrie. \u00dcbersicht Die Niederspannungs-Schaltanlage FY3000 (GCS) ist geeignet f\u00fcr Stromverteilungssysteme in Kraftwerken, der Erd\u00f6l-, Chemie-, Metallurgie-, Textil- sowie Hochhausindustrie. In gro\u00dfen Kraftwerken und petrochemischen Anlagen mit einem [\u2026]<\/p>","protected":false},"featured_media":1584,"template":"","meta":{"_acf_changed":false,"_seopress_robots_primary_cat":""},"product_brand":[],"product_cat":[60],"product_tag":[],"class_list":{"0":"post-1583","1":"product","2":"type-product","3":"status-publish","4":"has-post-thumbnail","6":"product_cat-low-voltage-cabinet","8":"first","9":"instock","10":"shipping-taxable","11":"product-type-simple"},"acf":[],"_links":{"self":[{"href":"https:\/\/www.northpwr.cn\/de\/wp-json\/wp\/v2\/product\/1583","targetHints":{"allow":["GET"]}}],"collection":[{"href":"https:\/\/www.northpwr.cn\/de\/wp-json\/wp\/v2\/product"}],"about":[{"href":"https:\/\/www.northpwr.cn\/de\/wp-json\/wp\/v2\/types\/product"}],"wp:featuredmedia":[{"embeddable":true,"href":"https:\/\/www.northpwr.cn\/de\/wp-json\/wp\/v2\/media\/1584"}],"wp:attachment":[{"href":"https:\/\/www.northpwr.cn\/de\/wp-json\/wp\/v2\/media?parent=1583"}],"wp:term":[{"taxonomy":"product_brand","embeddable":true,"href":"https:\/\/www.northpwr.cn\/de\/wp-json\/wp\/v2\/product_brand?post=1583"},{"taxonomy":"product_cat","embeddable":true,"href":"https:\/\/www.northpwr.cn\/de\/wp-json\/wp\/v2\/product_cat?post=1583"},{"taxonomy":"product_tag","embeddable":true,"href":"https:\/\/www.northpwr.cn\/de\/wp-json\/wp\/v2\/product_tag?post=1583"}],"curies":[{"name":"wp","href":"https:\/\/api.w.org\/{rel}","templated":true}]}}