
{"id":1588,"date":"2025-12-03T11:06:41","date_gmt":"2025-12-03T03:06:41","guid":{"rendered":"https:\/\/www.northpwr.cn\/?post_type=product&p=1588"},"modified":"2025-12-03T11:06:41","modified_gmt":"2025-12-03T03:06:41","slug":"fyxl-metal-enclosed-switchgear-power-cabinet","status":"publish","type":"product","link":"https:\/\/www.northpwr.cn\/de\/produkt\/fyxl-metal-enclosed-switchgear-power-cabinet\/","title":{"rendered":"FYXL metallumh\u00fcllte Schaltanlage (Stromschrank)"},"content":{"rendered":"<p data-cah=\"2\">Der FYXL-Stromverteilerschrank eignet sich f\u00fcr den Einsatz in Stromversorgungssystemen mit einer Nennspannung von 400 V und einem Nennstrom von 630 A oder weniger zur Stromaufnahme, Stromabgabe, Motorsteuerung und Beleuchtung. \u00dcber ein automatisiertes integriertes \u00dcberwachungssystem werden Steuer-, Schutz-, Isolier-, \u00dcberwachungs-, Mess- und Fernsteuerfunktionen (vier Fernsteuerfunktionen) realisiert.<\/p>\n<p> \u00dcbersicht<br \/> \u3000\u3000Der FYXL-Stromverteilerschrank eignet sich f\u00fcr den Einsatz in Stromversorgungssystemen mit einer Nennspannung von 400 V und einem Nennstrom von 630 A oder weniger zur Stromaufnahme, Stromabgabe, Motorsteuerung und Beleuchtung. \u00dcber ein automatisiertes integriertes \u00dcberwachungssystem werden Steuer-, Schutz-, Isolier-, \u00dcberwachungs-, Mess- und Fernsteuerfunktionen realisiert. Diese Produktserie bietet eine vollst\u00e4ndige Palette an L\u00f6sungen und erm\u00f6glicht verschiedene Stromverteilungskonzepte entsprechend den Anforderungen der Nutzer. Sie ist ein unverzichtbarer Bestandteil des Stromverteilungsumfelds und stellt ideale Endstromeinrichtungen f\u00fcr Hochh\u00e4user, Flugh\u00e4fen, H\u00e4fen, Industrie- und Bergbaubetriebe sowie andere Branchen dar.<br \/> Betriebsbedingungen<br \/> \u3000\u3000\u2022 Umgebungstemperatur: -40\u2103~35\u2103<\/p>\n<p> \u3000\u3000\u2022 Relative Luftfeuchtigkeit: \u226490% (bei 20\u2103)<\/p>\n<p> \u3000\u3000\u2022 H\u00f6he: \u22642000m<\/p>\n<p> \u3000\u3000\u2022 Umgebungsbedingungen: Nicht geeignet f\u00fcr Orte mit Brand-, Explosionsgefahr, starker Verschmutzung, chemischer Korrosion und starken Vibrationen<\/p>\n<p> \u3000\u3000\u2022 Installationsort: Der Neigungswinkel zum Boden sollte 5 Grad nicht \u00fcberschreiten<br \/> Technische Parameter<\/p>\n<table data-cah=\"6\">\n<tbody>\n<tr>\n<td class=\"\"><span class=\"ellipsis\" title=\"Seriennummer\">Seriennummer<\/span><\/td>\n<td class=\"\"><span class=\"ellipsis\" title=\"Name\">Name<\/span><\/td>\n<td class=\"\"><span class=\"ellipsis\" title=\"Einheit\">Einheit<\/span><\/td>\n<td class=\"\"><span class=\"ellipsis\" title=\"Technische Parameter\">Technische Parameter<\/span><\/td>\n<\/tr>\n<tr>\n<td class=\"\"><span class=\"ellipsis\" title=\"1\">1<\/span><\/td>\n<td class=\"\"><span class=\"ellipsis\" title=\"Nennspannung des Hauptstromkreises\">Nennspannung des Hauptstromkreises<\/span><\/td>\n<td class=\"\"><span class=\"ellipsis\" title=\"V\">V<\/span><\/td>\n<td class=\"\"><span class=\"ellipsis\" title=\"Ac380\">Ac380<\/span><\/td>\n<\/tr>\n<tr>\n<td class=\"\"><span class=\"ellipsis\" title=\"2\">2<\/span><\/td>\n<td class=\"\"><span class=\"ellipsis\" title=\"Nennspannung des Hilfsstromkreises\">Nennspannung des Hilfsstromkreises<\/span><\/td>\n<td class=\"\"><span class=\"ellipsis\" title=\"V\">V<\/span><\/td>\n<td class=\"\"><span class=\"ellipsis\" title=\"AC220V, AC380\">AC220V, AC380<\/span><\/td>\n<\/tr>\n<tr>\n<td class=\"\"><span class=\"ellipsis\" title=\"3\">3<\/span><\/td>\n<td class=\"\"><span class=\"ellipsis\" title=\"Nennbetriebsfrequenz\">Nennbetriebsfrequenz<\/span><\/td>\n<td class=\"\"><span class=\"ellipsis\" title=\"Hz\">Hz<\/span><\/td>\n<td class=\"\"><span class=\"ellipsis\" title=\"50\">50<\/span><\/td>\n<\/tr>\n<tr>\n<td class=\"\"><span class=\"ellipsis\" title=\"4\">4<\/span><\/td>\n<td class=\"\"><span class=\"ellipsis\" title=\"Nennisolationsspannung\">Nennisolationsspannung<\/span><\/td>\n<td class=\"\"><span class=\"ellipsis\" title=\"KV\">KV<\/span><\/td>\n<td class=\"\"><span class=\"ellipsis\" title=\"660, 690\">660, 690<\/span><\/td>\n<\/tr>\n<tr>\n<td class=\"\"><span class=\"ellipsis\" title=\"5\">5<\/span><\/td>\n<td class=\"\"><span class=\"ellipsis\" title=\"Nennstrom\">Nennstrom<\/span><\/td>\n<td class=\"\"><span class=\"ellipsis\" title=\"A\">A<\/span><\/td>\n<td class=\"\"><span class=\"ellipsis\" title=\"\u2264630\">\u2264630<\/span><\/td>\n<\/tr>\n<tr>\n<td class=\"\"><span class=\"ellipsis\" title=\"6\">6<\/span><\/td>\n<td class=\"\"><span class=\"ellipsis\" title=\"Abmessungen (Breite*Tiefe*H\u00f6he)\">Abmessungen (Breite*Tiefe*H\u00f6he)<\/span><\/td>\n<td class=\"\"><span class=\"ellipsis\" title=\"mm\">mm<\/span><\/td>\n<td class=\"\"><span class=\"ellipsis\" title=\"700*350*1700\">700*350*1700<\/span><\/td>\n<\/tr>\n<\/tbody>\n<\/table>\n<p data-cah=\"2\">Bestellhinweise<br \/> \u3000\u3000Bitte bei der Bestellung angeben:<\/p>\n<p> \u3000\u3000\u2022 Produktspezifikationen und Modellnummern;<\/p>\n<p> \u3000\u3000\u2022 Hauptstromkreisschema, internes Layoutschema;<\/p>\n<p> \u3000\u3000\u2022 Elektrisches Schaltbild des Hilfsstromkreises;<\/p>\n<p> \u3000\u3000\u2022 Liste der Komponenten im Schrank (Hauptsammelschienen-Spezifikationen);<\/p>\n<p> \u3000\u3000\u2022 Farbe des Schranks (helles Kamelgrau, falls keine Anforderung angegeben wird), Abmessungen des Schranks.<\/p>\n<p> \u3000\u3000\u2022 Sonderanforderungen, die nicht den normalen Betriebsbedingungen des Produkts entsprechen<br \/> Hauptmerkmale<br \/> \u3000\u3000\u2022 Hochfeste geschwei\u00dfte Verbundkonstruktion; der Rahmen verwendet eine vollst\u00e4ndig geschwei\u00dfte Struktur, das Innere besteht aus modularen Kombinationen, hohe strukturelle Festigkeit, flexible Installationslayout, sch\u00f6nes Erscheinungsbild.<\/p>\n<p> \u3000\u3000\u2022 Flexibles und anpassbares Layout der Komponenten; einfache und schnelle Inspektion und Wartung; vollst\u00e4ndige Kennzeichnung, klare Warnhinweise; warme und angenehme Farbgebung.<\/p>\n<p> \u3000\u3000\u2022 Die Installationsst\u00fctze ver\u00e4ndert die traditionelle standardisierte Modullochmethode und kann stufenlos in der H\u00f6henrichtung eingestellt werden, wodurch die Flexibilit\u00e4t und Schnelligkeit der Komponenteninstallation weiter erh\u00f6ht wird.<\/p>\n<p> \u3000\u3000\u2022 Die Ein- und Ausgangskabel\u00f6ffnungen sind mit speziellen turmartigen Dichtungsringen ausgestattet, die die \u00d6ffnungsgr\u00f6\u00dfe je nach Kabelspezifikation anpassen k\u00f6nnen und gleichzeitig staubdicht und dichtend wirken, um das Eindringen kleiner Tiere in den Schrank und daraus resultierende elektrische Kurzschl\u00fcsse zu verhindern. Dies erh\u00f6ht die Sicherheit und Zuverl\u00e4ssigkeit der Anlage.<\/p>","protected":false},"excerpt":{"rendered":"<p>Der FYXL-Stromverteilerschrank eignet sich f\u00fcr den Einsatz in Stromverteilungssystemen mit einer Nennspannung von 400 V und einem Nennstrom von 630 A oder weniger zur Stromaufnahme, Stromabgabe, Motorsteuerung sowie Beleuchtung. Er erf\u00fcllt Steuer-, Schutz-, Isolier-, \u00dcberwachungs-, Mess- und Fernsteuerfunktionen (vier Fernsteuerfunktionen) durch eine automatisierte integrierte [\u2026]<\/p>","protected":false},"featured_media":1589,"template":"","meta":{"_acf_changed":false,"_seopress_robots_primary_cat":""},"product_brand":[],"product_cat":[61],"product_tag":[],"class_list":{"0":"post-1588","1":"product","2":"type-product","3":"status-publish","4":"has-post-thumbnail","6":"product_cat-distribution-cabinet","8":"first","9":"instock","10":"shipping-taxable","11":"product-type-simple"},"acf":[],"_links":{"self":[{"href":"https:\/\/www.northpwr.cn\/de\/wp-json\/wp\/v2\/product\/1588","targetHints":{"allow":["GET"]}}],"collection":[{"href":"https:\/\/www.northpwr.cn\/de\/wp-json\/wp\/v2\/product"}],"about":[{"href":"https:\/\/www.northpwr.cn\/de\/wp-json\/wp\/v2\/types\/product"}],"wp:featuredmedia":[{"embeddable":true,"href":"https:\/\/www.northpwr.cn\/de\/wp-json\/wp\/v2\/media\/1589"}],"wp:attachment":[{"href":"https:\/\/www.northpwr.cn\/de\/wp-json\/wp\/v2\/media?parent=1588"}],"wp:term":[{"taxonomy":"product_brand","embeddable":true,"href":"https:\/\/www.northpwr.cn\/de\/wp-json\/wp\/v2\/product_brand?post=1588"},{"taxonomy":"product_cat","embeddable":true,"href":"https:\/\/www.northpwr.cn\/de\/wp-json\/wp\/v2\/product_cat?post=1588"},{"taxonomy":"product_tag","embeddable":true,"href":"https:\/\/www.northpwr.cn\/de\/wp-json\/wp\/v2\/product_tag?post=1588"}],"curies":[{"name":"wp","href":"https:\/\/api.w.org\/{rel}","templated":true}]}}