
{"id":1594,"date":"2025-12-03T11:04:49","date_gmt":"2025-12-03T03:04:49","guid":{"rendered":"https:\/\/www.northpwr.cn\/?post_type=product&p=1594"},"modified":"2025-12-03T11:04:49","modified_gmt":"2025-12-03T03:04:49","slug":"fyrmb-electricity-meter-box","status":"publish","type":"product","link":"https:\/\/www.northpwr.cn\/de\/produkt\/fyrmb-electricity-meter-box\/","title":{"rendered":"FYRMB Stromz\u00e4hlerkasten"},"content":{"rendered":"<p data-cah=\"2\">Die FYRMB-Energiez\u00e4hlerbox besteht haupts\u00e4chlich aus einem Boxgeh\u00e4use, einem Leistungsschalter, einem Miniatur-Leistungsschalter, einem Stromz\u00e4hler und einem Konzentrator usw. Sie wird h\u00e4ufig in gewerblichen Betrieben, Villen, Wohngebieten und zivilen Einrichtungen mit hohem Energieverbrauch und mehrfacher Stromnutzung eingesetzt, wo eine unabh\u00e4ngige Messung von Wechselstromspannungen auf 380 V\/220 V erforderlich ist. Sie bietet \u00dcberlast- und Kurzschlussschutz f\u00fcr die Leitungen.<\/p>\n<p> \u00dcbersicht<br \/> \u3000\u3000Die FYRMB-Energiez\u00e4hlerbox besteht haupts\u00e4chlich aus einem Boxgeh\u00e4use, einem Leistungsschalter, einem Miniatur-Leistungsschalter, einem Stromz\u00e4hler und einem Konzentrator. Sie wird h\u00e4ufig in gewerblichen Betrieben, Villen, Wohngebieten und zivilen Einrichtungen mit hohem Energieverbrauch und mehrfacher Stromnutzung eingesetzt, wo eine unabh\u00e4ngige Messung von Wechselstromspannungen auf 380 V\/220 V erforderlich ist. Sie bietet \u00dcberlast- und Kurzschlussschutz f\u00fcr die Leitungen.<br \/> Hauptstrukturelle Merkmale<br \/> \u3000\u3000\u2022 Das Geh\u00e4use besteht aus kaltgewalztem Stahlblech, das gebogen und geschwei\u00dft wird; die Oberfl\u00e4che ist elektrostatisch beschichtet;<\/p>\n<p> \u3000\u3000\u2022 Die Box ist in drei Bereiche unterteilt: den Eingangsleitungs-Schalterraum, den Stromz\u00e4hler-Raum und den Ausgangsleitungs-Schalterraum. Jede Einheit ist durch eine Trennwand getrennt und relativ unabh\u00e4ngig voneinander. Im Eingangsleitungs-Schalterraum ist eine Schutzwand installiert, um den Schalter vom stromf\u00fchrenden Teil zu isolieren;<\/p>\n<p> \u3000\u3000\u2022 An der T\u00fcr des Stromz\u00e4hler-Raums sind eine Polycarbonat- oder transparente organische Glasplatte sowie ein langer Kartenschlitz angebracht, damit der Nutzer verschiedene Daten leicht ablesen und Karten einstecken bzw. entnehmen kann;<\/p>\n<p> \u3000\u3000\u2022 Je nach Bedarf des Nutzers kann im Stromz\u00e4hler-Raum ein Bleisiegel oder ein Passwortschloss angebracht werden;<\/p>\n<p> \u3000\u3000\u2022 Montagemethode der Komponenten: Der Schalter wird auf einer verzinkten C-f\u00f6rmigen Halterung montiert, und die Montageplatte f\u00fcr die Komponenten ist eine verzinkte Platte;<\/p>\n<p> \u3000\u3000\u2022 Externe Eingangs- und Ausgangsleitungsmethode: Oben ein- unten aus, oder unten ein- oben aus, oder Eingangsleitungen in gleicher Richtung;<\/p>\n<p> \u3000\u3000\u2022 Schutzma\u00dfnahmen f\u00fcr die Erdung: Es gibt eine spezielle PE-Reihe im Geh\u00e4use, und es ist eine Markierung angebracht;<\/p>\n<p> \u3000\u3000\u2022 12 Z\u00e4hlerpositionen (einphasiger Stromz\u00e4hler), Au\u00dfenma\u00dfe (H\u00f6he \u00d7 Breite \u00d7 Tiefe) m: 1800 \u00d7 800 \u00d7 200, oder nach Kundenwunsch angepasst.<br \/> Technische Parameter<\/p>\n<p> \u3000\u3000\u2022 Nennbetriebsspannung: 380V\/220V<\/p>\n<p> \u3000\u3000\u2022 Nennisolierungsspannung: 660V<\/p>\n<p> \u3000\u3000\u2022 Nennfrequenz: 50Hz<\/p>\n<p> \u3000\u3000\u2022 Elektrischer Luftabstand: 5,5mm<\/p>\n<p> \u3000\u3000\u2022 Kriechstrecke: 6,3mm<\/p>\n<p> \u3000\u3000\u2022 Nennstrom der Hauptstromschiene: 16\u2013250A<\/p>\n<p> \u3000\u3000\u2022 Nennkurzzeitfestigkeit der Hauptstromschiene: 4,5 kA<\/p>\n<p> \u3000\u3000\u2022 Nennstrom der Ausgangsleitungsschaltung: 63 A<\/p>\n<p> \u3000\u3000\u2022 Schutzgrad des Geh\u00e4uses: IP20C<\/p>\n<p> Bestellhinweise<br \/> \u3000\u3000Bei der Bestellung bitte angeben:<\/p>\n<p> \u3000\u3000\u2022 Produktspezifikationen und Modellnummern;<\/p>\n<p> \u3000\u3000\u2022 Hauptstromkreisschaltplan, Layoutschema des Schaltschranks;<\/p>\n<p> \u3000\u3000\u2022 Elektrischer Prinzipschaltplan des Hilfsstromkreises;<\/p>\n<p> \u3000\u3000\u2022 Liste der Komponenten im Schrank (Hauptsammelschienen-Spezifikationen);<\/p>\n<p> \u3000\u3000\u2022 Farbe des Schaltschranks (falls keine Anforderungen vorliegen, wird hell-kamelgrau geliefert), Geh\u00e4usegr\u00f6\u00dfe.<\/p>\n<p> \u3000\u3000\u2022 Sonderanforderungen, die nicht den normalen Gebrauchsbedingungen des Produkts entsprechen<br \/> Hauptmerkmale<br \/> Bitte geben Sie bei der Bestellung folgende Informationen an:<\/p>\n<p> \u3000\u3000\u2022 Hauptstrukturschaltplan und Montagemethode der Box.<\/p>\n<p> \u3000\u3000\u2022 Querschnittsfl\u00e4che der Eingangs- und Ausgangskabel.<\/p>\n<p> \u3000\u3000\u2022 Modell, Spezifikationen und Menge der elektrischen Komponenten im Inneren des Ger\u00e4ts.<\/p>","protected":false},"excerpt":{"rendered":"<p>Die Energiez\u00e4hlerbox FYRMB besteht haupts\u00e4chlich aus einem Geh\u00e4use, einem Leistungsschalter, einem Miniatur-Leistungsschalter, einem Stromz\u00e4hler und einem Konzentrator usw. Sie wird h\u00e4ufig in gewerblichen Betrieben, Villen, Wohngebieten sowie zivilen Einrichtungen eingesetzt, die einen hohen Stromverbrauch aufweisen und mehrere Stromnutzungen aufweisen, bei denen eine unabh\u00e4ngige Messung der Spannungsebenen AC 380V\/220V erforderlich ist. Sie kann \u00dcberlastungen [\u2026]<\/p>","protected":false},"featured_media":1595,"template":"","meta":{"_acf_changed":false,"_seopress_robots_primary_cat":""},"product_brand":[],"product_cat":[64],"product_tag":[],"class_list":{"0":"post-1594","1":"product","2":"type-product","3":"status-publish","4":"has-post-thumbnail","6":"product_cat-intelligent-bus-monitoring-system","8":"first","9":"instock","10":"shipping-taxable","11":"product-type-simple"},"acf":[],"_links":{"self":[{"href":"https:\/\/www.northpwr.cn\/de\/wp-json\/wp\/v2\/product\/1594","targetHints":{"allow":["GET"]}}],"collection":[{"href":"https:\/\/www.northpwr.cn\/de\/wp-json\/wp\/v2\/product"}],"about":[{"href":"https:\/\/www.northpwr.cn\/de\/wp-json\/wp\/v2\/types\/product"}],"wp:featuredmedia":[{"embeddable":true,"href":"https:\/\/www.northpwr.cn\/de\/wp-json\/wp\/v2\/media\/1595"}],"wp:attachment":[{"href":"https:\/\/www.northpwr.cn\/de\/wp-json\/wp\/v2\/media?parent=1594"}],"wp:term":[{"taxonomy":"product_brand","embeddable":true,"href":"https:\/\/www.northpwr.cn\/de\/wp-json\/wp\/v2\/product_brand?post=1594"},{"taxonomy":"product_cat","embeddable":true,"href":"https:\/\/www.northpwr.cn\/de\/wp-json\/wp\/v2\/product_cat?post=1594"},{"taxonomy":"product_tag","embeddable":true,"href":"https:\/\/www.northpwr.cn\/de\/wp-json\/wp\/v2\/product_tag?post=1594"}],"curies":[{"name":"wp","href":"https:\/\/api.w.org\/{rel}","templated":true}]}}