
{"id":125,"date":"2023-02-02T16:15:50","date_gmt":"2023-02-02T08:15:50","guid":{"rendered":"https:\/\/demo.gongjionline.com\/615997\/projects\/"},"modified":"2025-12-03T16:45:15","modified_gmt":"2025-12-03T08:45:15","slug":"industry-solutions","status":"publish","type":"page","link":"https:\/\/www.northpwr.cn\/es\/industry-solutions\/","title":{"rendered":"Soluciones para la industria"},"content":{"rendered":"<div data-elementor-type=\"wp-page\" data-elementor-id=\"125\" class=\"elementor elementor-125\" data-elementor-post-type=\"page\">\n\t\t\t\t\t\t<section class=\"elementor-section elementor-top-section elementor-element elementor-element-1620c944 elementor-section-boxed elementor-section-height-default elementor-section-height-default\" data-id=\"1620c944\" data-element_type=\"section\" data-settings=\"{&quot;background_background&quot;:&quot;classic&quot;,&quot;background_motion_fx_motion_fx_scrolling&quot;:&quot;yes&quot;,&quot;background_motion_fx_translateY_effect&quot;:&quot;yes&quot;,&quot;background_motion_fx_translateY_direction&quot;:&quot;negative&quot;,&quot;_ob_glider_is_slider&quot;:&quot;no&quot;,&quot;background_motion_fx_translateY_speed&quot;:{&quot;unit&quot;:&quot;px&quot;,&quot;size&quot;:4,&quot;sizes&quot;:[]},&quot;background_motion_fx_translateY_affectedRange&quot;:{&quot;unit&quot;:&quot;%&quot;,&quot;size&quot;:&quot;&quot;,&quot;sizes&quot;:{&quot;start&quot;:0,&quot;end&quot;:100}},&quot;background_motion_fx_devices&quot;:[&quot;desktop&quot;,&quot;tablet&quot;,&quot;mobile&quot;]}\">\n\t\t\t\t\t\t\t<div class=\"elementor-background-overlay\"><\/div>\n\t\t\t\t\t\t\t<div class=\"elementor-container elementor-column-gap-default\">\n\t\t\t\t\t<div class=\"elementor-column elementor-col-100 elementor-top-column elementor-element elementor-element-d50bce\" data-id=\"d50bce\" data-element_type=\"column\">\n\t\t\t<div class=\"elementor-widget-wrap elementor-element-populated\">\n\t\t\t\t\t\t<div class=\"elementor-element elementor-element-87d9445 elementor-invisible elementor-widget elementor-widget-heading\" data-id=\"87d9445\" data-element_type=\"widget\" data-settings=\"{&quot;_animation&quot;:&quot;fadeInDown&quot;}\" data-widget_type=\"heading.default\">\n\t\t\t\t<div class=\"elementor-widget-container\">\n\t\t\t<style>\/*! elementor - v3.21.0 - 18-04-2024 *\/\n.elementor-heading-title{padding:0;margin:0;line-height:1}.elementor-widget-heading .elementor-heading-title[class*=elementor-size-]>a{color:inherit;font-size:inherit;line-height:inherit}.elementor-widget-heading .elementor-heading-title.elementor-size-small{font-size:15px}.elementor-widget-heading .elementor-heading-title.elementor-size-medium{font-size:19px}.elementor-widget-heading .elementor-heading-title.elementor-size-large{font-size:29px}.elementor-widget-heading .elementor-heading-title.elementor-size-xl{font-size:39px}.elementor-widget-heading .elementor-heading-title.elementor-size-xxl{font-size:59px}<\/style><h2 class=\"elementor-heading-title elementor-size-default\">Soluciones para la industria <\/h2>\t\t<\/div>\n\t\t\t\t<\/div>\n\t\t\t\t<div class=\"elementor-element elementor-element-7f476e8 elementor-widget elementor-widget-text-editor\" data-id=\"7f476e8\" data-element_type=\"widget\" data-widget_type=\"text-editor.default\">\n\t\t\t\t<div class=\"elementor-widget-container\">\n\t\t\t<style>\/*! elementor - v3.21.0 - 18-04-2024 *\/\n.elementor-widget-text-editor.elementor-drop-cap-view-stacked .elementor-drop-cap{background-color:#69727d;color:#fff}.elementor-widget-text-editor.elementor-drop-cap-view-framed .elementor-drop-cap{color:#69727d;border:3px solid;background-color:transparent}.elementor-widget-text-editor:not(.elementor-drop-cap-view-default) .elementor-drop-cap{margin-top:8px}.elementor-widget-text-editor:not(.elementor-drop-cap-view-default) .elementor-drop-cap-letter{width:1em;height:1em}.elementor-widget-text-editor .elementor-drop-cap{float:left;text-align:center;line-height:1;font-size:50px}.elementor-widget-text-editor .elementor-drop-cap-letter{display:inline-block}<\/style>\t\t\t\t<p>La empresa es una entidad manufacturera que integra investigaci\u00f3n y desarrollo, dise\u00f1o, fabricaci\u00f3n y ventas de conjuntos completos de equipos de transmisi\u00f3n y distribuci\u00f3n.<\/p>\t\t\t\t\t\t<\/div>\n\t\t\t\t<\/div>\n\t\t\t\t\t<\/div>\n\t\t<\/div>\n\t\t\t\t\t<\/div>\n\t\t<\/section>\n\t\t\t\t<section class=\"elementor-section elementor-top-section elementor-element elementor-element-7ae46b06 elementor-section-content-middle elementor-section-boxed elementor-section-height-default elementor-section-height-default\" data-id=\"7ae46b06\" data-element_type=\"section\" data-settings=\"{&quot;background_background&quot;:&quot;classic&quot;,&quot;_ob_glider_is_slider&quot;:&quot;no&quot;}\">\n\t\t\t\t\t\t<div class=\"elementor-container elementor-column-gap-default\">\n\t\t\t\t\t<div class=\"elementor-column elementor-col-100 elementor-top-column elementor-element elementor-element-41ca13f\" data-id=\"41ca13f\" data-element_type=\"column\">\n\t\t\t<div class=\"elementor-widget-wrap elementor-element-populated\">\n\t\t\t\t\t\t<div class=\"elementor-element elementor-element-89dcf49 elementor-icon-list--layout-inline elementor-align-right elementor-list-item-link-full_width elementor-invisible elementor-widget elementor-widget-icon-list\" data-id=\"89dcf49\" data-element_type=\"widget\" data-settings=\"{&quot;_animation&quot;:&quot;fadeInLeft&quot;}\" data-widget_type=\"icon-list.default\">\n\t\t\t\t<div class=\"elementor-widget-container\">\n\t\t\t<link rel=\"stylesheet\" href=\"https:\/\/www.northpwr.cn\/wp-content\/plugins\/elementor\/assets\/css\/widget-icon-list.min.css\">\t\t<ul class=\"elementor-icon-list-items elementor-inline-items\">\n\t\t\t\t\t\t\t<li class=\"elementor-icon-list-item elementor-inline-item\">\n\t\t\t\t\t\t\t\t\t\t\t<a href=\"#\">\n\n\t\t\t\t\t\t\t\t\t\t\t<span class=\"elementor-icon-list-text\">Inicio<\/span>\n\t\t\t\t\t\t\t\t\t\t\t<\/a>\n\t\t\t\t\t\t\t\t\t<\/li>\n\t\t\t\t\t\t\t\t<li class=\"elementor-icon-list-item elementor-inline-item\">\n\t\t\t\t\t\t\t\t\t\t\t<span class=\"elementor-icon-list-icon\">\n\t\t\t\t\t\t\t<i aria-hidden=\"true\" class=\"arrow_carrot-2right\"><\/i>\t\t\t\t\t\t<\/span>\n\t\t\t\t\t\t\t\t\t\t<span class=\"elementor-icon-list-text\"><\/span>\n\t\t\t\t\t\t\t\t\t<\/li>\n\t\t\t\t\t\t<\/ul>\n\t\t\t\t<\/div>\n\t\t\t\t<\/div>\n\t\t\t\t\t<\/div>\n\t\t<\/div>\n\t\t\t\t\t<\/div>\n\t\t<\/section>\n\t\t<div class=\"elementor-element elementor-element-0a9ce1d e-flex e-con-boxed e-con e-parent\" data-id=\"0a9ce1d\" data-element_type=\"container\">\n\t\t\t\t\t<div class=\"e-con-inner\">\n\t\t<div class=\"elementor-element elementor-element-5aa0642 e-con-full e-flex e-con e-child\" data-id=\"5aa0642\" data-element_type=\"container\">\n\t\t\t\t<div class=\"elementor-element elementor-element-998a6ff elementor-cta--skin-cover elementor-animated-content elementor-bg-transform elementor-bg-transform-zoom-in elementor-widget elementor-widget-call-to-action\" data-id=\"998a6ff\" data-element_type=\"widget\" data-widget_type=\"call-to-action.default\">\n\t\t\t\t<div class=\"elementor-widget-container\">\n\t\t\t<link rel=\"stylesheet\" href=\"https:\/\/www.northpwr.cn\/wp-content\/plugins\/elementor-pro\/assets\/css\/widget-call-to-action.min.css\">\t\t<a class=\"elementor-cta\" href=\"#\">\n\t\t\t\t\t<div class=\"elementor-cta__bg-wrapper\">\n\t\t\t\t<div class=\"elementor-cta__bg elementor-bg\" style=\"background-image: url(https:\/\/www.northpwr.cn\/wp-content\/uploads\/sites\/566\/2025\/12\/Power-Industry.jpg);\" role=\"img\" aria-label=\"Industria de la Energ\u00eda\"><\/div>\n\t\t\t\t<div class=\"elementor-cta__bg-overlay\"><\/div>\n\t\t\t<\/div>\n\t\t\t\t\t\t\t<div class=\"elementor-cta__content\">\n\t\t\t\t\t\t\t\t\t<div class=\"elementor-content-item elementor-cta__content-item elementor-icon-wrapper elementor-cta__icon elementor-view-default elementor-animated-item--enter-from-top\">\n\t\t\t\t\t\t<div class=\"elementor-icon\">\n\t\t\t\t\t\t\t<i aria-hidden=\"true\" class=\"mdi mdi-plus\"><\/i>\t\t\t\t\t\t<\/div>\n\t\t\t\t\t<\/div>\n\t\t\t\t\n\t\t\t\t\n\t\t\t\t\n\t\t\t\t\t\t\t<\/div>\n\t\t\t\t\t\t<\/a>\n\t\t\t\t<\/div>\n\t\t\t\t<\/div>\n\t\t\t\t<\/div>\n\t\t<div class=\"elementor-element elementor-element-1bd812f e-con-full e-flex e-con e-child\" data-id=\"1bd812f\" data-element_type=\"container\">\n\t\t\t\t<div class=\"elementor-element elementor-element-e2e12e8 elementor-widget elementor-widget-heading\" data-id=\"e2e12e8\" data-element_type=\"widget\" data-widget_type=\"heading.default\">\n\t\t\t\t<div class=\"elementor-widget-container\">\n\t\t\t<div class=\"elementor-heading-title elementor-size-default\">Industria de la Energ\u00eda<\/div>\t\t<\/div>\n\t\t\t\t<\/div>\n\t\t\t\t<div class=\"elementor-element elementor-element-f837b6b elementor-widget elementor-widget-text-editor\" data-id=\"f837b6b\" data-element_type=\"widget\" data-widget_type=\"text-editor.default\">\n\t\t\t\t<div class=\"elementor-widget-container\">\n\t\t\t\t\t\t\t<p>En la generaci\u00f3n, transmisi\u00f3n y distribuci\u00f3n de energ\u00eda, es fundamental contar con equipos de transmisi\u00f3n de energ\u00eda confiables. Nuestros sistemas de conductos de barras son adecuados para centrales el\u00e9ctricas y subestaciones, ofreciendo soluciones seguras y eficientes para la conducci\u00f3n y distribuci\u00f3n de energ\u00eda. Gracias a tecnolog\u00eda avanzada y productos de alta calidad, cumplimos con los estrictos requisitos de la industria energ\u00e9tica en cuanto a confiabilidad del equipo, resistencia a la corrosi\u00f3n y rendimiento el\u00e9ctrico, asegurando as\u00ed un funcionamiento estable de los sistemas de energ\u00eda.<\/p>\t\t\t\t\t\t<\/div>\n\t\t\t\t<\/div>\n\t\t\t\t<\/div>\n\t\t<div class=\"elementor-element elementor-element-f755eaf e-con-full e-flex e-con e-child\" data-id=\"f755eaf\" data-element_type=\"container\">\n\t\t\t\t<div class=\"elementor-element elementor-element-f740899 elementor-widget elementor-widget-heading\" data-id=\"f740899\" data-element_type=\"widget\" data-widget_type=\"heading.default\">\n\t\t\t\t<div class=\"elementor-widget-container\">\n\t\t\t<div class=\"elementor-heading-title elementor-size-default\">Industria de la Construcci\u00f3n <\/div>\t\t<\/div>\n\t\t\t\t<\/div>\n\t\t\t\t<div class=\"elementor-element elementor-element-75386a0 elementor-widget elementor-widget-text-editor\" data-id=\"75386a0\" data-element_type=\"widget\" data-widget_type=\"text-editor.default\">\n\t\t\t\t<div class=\"elementor-widget-container\">\n\t\t\t\t\t\t\t<p>En edificios comerciales, torres de oficinas, hoteles y otras estructuras grandes, los equipos el\u00e9ctricos, sistemas de iluminaci\u00f3n y sistemas HVAC requieren un suministro de energ\u00eda confiable. Nuestros sistemas de conductos de barras son ideales para los montacargas el\u00e9ctricos y salas de equipos de conmutaci\u00f3n en edificios, permitiendo la distribuci\u00f3n vertical y horizontal de energ\u00eda. Cuentan con una instalaci\u00f3n sencilla, dise\u00f1o compacto y excelente disipaci\u00f3n t\u00e9rmica, satisfaciendo as\u00ed las necesidades de distribuci\u00f3n de energ\u00eda de los sistemas el\u00e9ctricos de los edificios.<\/p>\t\t\t\t\t\t<\/div>\n\t\t\t\t<\/div>\n\t\t\t\t<\/div>\n\t\t<div class=\"elementor-element elementor-element-3731457 e-con-full e-flex e-con e-child\" data-id=\"3731457\" data-element_type=\"container\">\n\t\t\t\t<div class=\"elementor-element elementor-element-5918172 elementor-cta--skin-cover elementor-animated-content elementor-bg-transform elementor-bg-transform-zoom-in elementor-widget elementor-widget-call-to-action\" data-id=\"5918172\" data-element_type=\"widget\" data-widget_type=\"call-to-action.default\">\n\t\t\t\t<div class=\"elementor-widget-container\">\n\t\t\t\t\t<a class=\"elementor-cta\" href=\"#\">\n\t\t\t\t\t<div class=\"elementor-cta__bg-wrapper\">\n\t\t\t\t<div class=\"elementor-cta__bg elementor-bg\" style=\"background-image: url(https:\/\/www.northpwr.cn\/wp-content\/uploads\/sites\/566\/2025\/12\/Construction-Industry.jpg);\" role=\"img\" aria-label=\"Industria de la Construcci\u00f3n\"><\/div>\n\t\t\t\t<div class=\"elementor-cta__bg-overlay\"><\/div>\n\t\t\t<\/div>\n\t\t\t\t\t\t\t<div class=\"elementor-cta__content\">\n\t\t\t\t\t\t\t\t\t<div class=\"elementor-content-item elementor-cta__content-item elementor-icon-wrapper elementor-cta__icon elementor-view-default elementor-animated-item--enter-from-top\">\n\t\t\t\t\t\t<div class=\"elementor-icon\">\n\t\t\t\t\t\t\t<i aria-hidden=\"true\" class=\"mdi mdi-plus\"><\/i>\t\t\t\t\t\t<\/div>\n\t\t\t\t\t<\/div>\n\t\t\t\t\n\t\t\t\t\n\t\t\t\t\n\t\t\t\t\t\t\t<\/div>\n\t\t\t\t\t\t<\/a>\n\t\t\t\t<\/div>\n\t\t\t\t<\/div>\n\t\t\t\t<\/div>\n\t\t<div class=\"elementor-element elementor-element-53a7448 e-con-full e-flex e-con e-child\" data-id=\"53a7448\" data-element_type=\"container\">\n\t\t\t\t<div class=\"elementor-element elementor-element-d35b390 elementor-cta--skin-cover elementor-animated-content elementor-bg-transform elementor-bg-transform-zoom-in elementor-widget elementor-widget-call-to-action\" data-id=\"d35b390\" data-element_type=\"widget\" data-widget_type=\"call-to-action.default\">\n\t\t\t\t<div class=\"elementor-widget-container\">\n\t\t\t\t\t<a class=\"elementor-cta\" href=\"#\">\n\t\t\t\t\t<div class=\"elementor-cta__bg-wrapper\">\n\t\t\t\t<div class=\"elementor-cta__bg elementor-bg\" style=\"background-image: url(https:\/\/www.northpwr.cn\/wp-content\/uploads\/sites\/566\/2025\/12\/Data-Center-Industry.jpg);\" role=\"img\" aria-label=\"Industria de Centros de Datos\"><\/div>\n\t\t\t\t<div class=\"elementor-cta__bg-overlay\"><\/div>\n\t\t\t<\/div>\n\t\t\t\t\t\t\t<div class=\"elementor-cta__content\">\n\t\t\t\t\t\t\t\t\t<div class=\"elementor-content-item elementor-cta__content-item elementor-icon-wrapper elementor-cta__icon elementor-view-default elementor-animated-item--enter-from-top\">\n\t\t\t\t\t\t<div class=\"elementor-icon\">\n\t\t\t\t\t\t\t<i aria-hidden=\"true\" class=\"mdi mdi-plus\"><\/i>\t\t\t\t\t\t<\/div>\n\t\t\t\t\t<\/div>\n\t\t\t\t\n\t\t\t\t\n\t\t\t\t\n\t\t\t\t\t\t\t<\/div>\n\t\t\t\t\t\t<\/a>\n\t\t\t\t<\/div>\n\t\t\t\t<\/div>\n\t\t\t\t<\/div>\n\t\t<div class=\"elementor-element elementor-element-6529232 e-con-full e-flex e-con e-child\" data-id=\"6529232\" data-element_type=\"container\">\n\t\t\t\t<div class=\"elementor-element elementor-element-ab2127c elementor-widget elementor-widget-heading\" data-id=\"ab2127c\" data-element_type=\"widget\" data-widget_type=\"heading.default\">\n\t\t\t\t<div class=\"elementor-widget-container\">\n\t\t\t<div class=\"elementor-heading-title elementor-size-default\">Industria de Centros de Datos <\/div>\t\t<\/div>\n\t\t\t\t<\/div>\n\t\t\t\t<div class=\"elementor-element elementor-element-d3ea929 elementor-widget elementor-widget-text-editor\" data-id=\"d3ea929\" data-element_type=\"widget\" data-widget_type=\"text-editor.default\">\n\t\t\t\t<div class=\"elementor-widget-container\">\n\t\t\t\t\t\t\t<p>Las operaciones de centros de datos exigen un suministro de energ\u00eda estables y confiables, con altas exigencias en cuanto al manejo t\u00e9rmico de los conductos de barras, capacidad de conducci\u00f3n de corriente y fiabilidad. Nuestros productos de conductos de barras, equipados con tecnolog\u00eda eficiente de gesti\u00f3n t\u00e9rmica, garantizan un manejo efectivo del calor durante operaciones de alta carga en centros de datos, asegurando la estabilidad del sistema y proporcionando soluciones confiables para la distribuci\u00f3n de energ\u00eda.<\/p>\t\t\t\t\t\t<\/div>\n\t\t\t\t<\/div>\n\t\t\t\t<\/div>\n\t\t<div class=\"elementor-element elementor-element-8942ec5 e-con-full e-flex e-con e-child\" data-id=\"8942ec5\" data-element_type=\"container\">\n\t\t\t\t<div class=\"elementor-element elementor-element-1008f57 elementor-widget elementor-widget-heading\" data-id=\"1008f57\" data-element_type=\"widget\" data-widget_type=\"heading.default\">\n\t\t\t\t<div class=\"elementor-widget-container\">\n\t\t\t<div class=\"elementor-heading-title elementor-size-default\">Industria de la Automatizaci\u00f3n Industrial <\/div>\t\t<\/div>\n\t\t\t\t<\/div>\n\t\t\t\t<div class=\"elementor-element elementor-element-bbb7bb2 elementor-widget elementor-widget-text-editor\" data-id=\"bbb7bb2\" data-element_type=\"widget\" data-widget_type=\"text-editor.default\">\n\t\t\t\t<div class=\"elementor-widget-container\">\n\t\t\t\t\t\t\t<p>Las l\u00edneas de producci\u00f3n de automatizaci\u00f3n industrial involucran numerosos dispositivos con demandas el\u00e9ctricas complejas, lo que requiere sistemas de conductos de barras de alta calidad para una distribuci\u00f3n y transmisi\u00f3n eficiente de energ\u00eda. Nuestros productos de conductos de barras cumplen con los requisitos de estabilidad, seguridad y eficiencia propios de escenarios de automatizaci\u00f3n industrial, apoyando operaciones estables de las l\u00edneas de producci\u00f3n, aumentando la productividad y mejorando la calidad de los productos.<\/p>\t\t\t\t\t\t<\/div>\n\t\t\t\t<\/div>\n\t\t\t\t<\/div>\n\t\t<div class=\"elementor-element elementor-element-462ae25 e-con-full e-flex e-con e-child\" data-id=\"462ae25\" data-element_type=\"container\">\n\t\t\t\t<div class=\"elementor-element elementor-element-4b586fb elementor-cta--skin-cover elementor-animated-content elementor-bg-transform elementor-bg-transform-zoom-in elementor-widget elementor-widget-call-to-action\" data-id=\"4b586fb\" data-element_type=\"widget\" data-widget_type=\"call-to-action.default\">\n\t\t\t\t<div class=\"elementor-widget-container\">\n\t\t\t\t\t<a class=\"elementor-cta\" href=\"#\">\n\t\t\t\t\t<div class=\"elementor-cta__bg-wrapper\">\n\t\t\t\t<div class=\"elementor-cta__bg elementor-bg\" style=\"background-image: url(https:\/\/www.northpwr.cn\/wp-content\/uploads\/sites\/566\/2025\/12\/Industrial-Automation-Industry.jpg);\" role=\"img\" aria-label=\"Industria de la Automatizaci\u00f3n Industrial\"><\/div>\n\t\t\t\t<div class=\"elementor-cta__bg-overlay\"><\/div>\n\t\t\t<\/div>\n\t\t\t\t\t\t\t<div class=\"elementor-cta__content\">\n\t\t\t\t\t\t\t\t\t<div class=\"elementor-content-item elementor-cta__content-item elementor-icon-wrapper elementor-cta__icon elementor-view-default elementor-animated-item--enter-from-top\">\n\t\t\t\t\t\t<div class=\"elementor-icon\">\n\t\t\t\t\t\t\t<i aria-hidden=\"true\" class=\"mdi mdi-plus\"><\/i>\t\t\t\t\t\t<\/div>\n\t\t\t\t\t<\/div>\n\t\t\t\t\n\t\t\t\t\n\t\t\t\t\n\t\t\t\t\t\t\t<\/div>\n\t\t\t\t\t\t<\/a>\n\t\t\t\t<\/div>\n\t\t\t\t<\/div>\n\t\t\t\t<\/div>\n\t\t\t\t\t<\/div>\n\t\t\t\t<\/div>\n\t\t\t\t<\/div>","protected":false},"excerpt":{"rendered":"<p>Soluciones para la industria La empresa es una entidad manufacturera que integra investigaci\u00f3n y desarrollo, dise\u00f1o, fabricaci\u00f3n y ventas de conjuntos completos de equipos de transmisi\u00f3n y distribuci\u00f3n. Industria de la energ\u00eda dom\u00e9stica En la generaci\u00f3n, transmisi\u00f3n y distribuci\u00f3n de energ\u00eda, es fundamental contar con equipos de transmisi\u00f3n el\u00e9ctrica confiables. Nuestros sistemas de conductos colectores son adecuados para centrales el\u00e9ctricas y subestaciones, ofreciendo una transmisi\u00f3n segura y eficiente [\u2026]<\/p>","protected":false},"author":2,"featured_media":0,"parent":0,"menu_order":0,"comment_status":"closed","ping_status":"closed","template":"elementor_header_footer","meta":{"_acf_changed":false,"_seopress_robots_primary_cat":"","footnotes":""},"class_list":["post-125","page","type-page","status-publish","hentry"],"acf":[],"_links":{"self":[{"href":"https:\/\/www.northpwr.cn\/es\/wp-json\/wp\/v2\/pages\/125","targetHints":{"allow":["GET"]}}],"collection":[{"href":"https:\/\/www.northpwr.cn\/es\/wp-json\/wp\/v2\/pages"}],"about":[{"href":"https:\/\/www.northpwr.cn\/es\/wp-json\/wp\/v2\/types\/page"}],"author":[{"embeddable":true,"href":"https:\/\/www.northpwr.cn\/es\/wp-json\/wp\/v2\/users\/2"}],"replies":[{"embeddable":true,"href":"https:\/\/www.northpwr.cn\/es\/wp-json\/wp\/v2\/comments?post=125"}],"version-history":[{"count":26,"href":"https:\/\/www.northpwr.cn\/es\/wp-json\/wp\/v2\/pages\/125\/revisions"}],"predecessor-version":[{"id":1704,"href":"https:\/\/www.northpwr.cn\/es\/wp-json\/wp\/v2\/pages\/125\/revisions\/1704"}],"wp:attachment":[{"href":"https:\/\/www.northpwr.cn\/es\/wp-json\/wp\/v2\/media?parent=125"}],"curies":[{"name":"wp","href":"https:\/\/api.w.org\/{rel}","templated":true}]}}