
{"id":1574,"date":"2025-12-03T11:04:32","date_gmt":"2025-12-03T03:04:32","guid":{"rendered":"https:\/\/www.northpwr.cn\/?post_type=product&p=1574"},"modified":"2025-12-03T11:04:32","modified_gmt":"2025-12-03T03:04:32","slug":"kyn28a-12-armored-withdrawable-ac-metal-clad-switchgear","status":"publish","type":"product","link":"https:\/\/www.northpwr.cn\/es\/producto\/kyn28a-12-armored-withdrawable-ac-metal-clad-switchgear\/","title":{"rendered":"KYN28A-12 Equipamiento de conmutaci\u00f3n blindado y extra\u00edble en metal para corriente alterna"},"content":{"rendered":"<p data-cah=\"2\">El equipo de conmutaci\u00f3n met\u00e1lico cerrado KYN28-12 es adecuado para redes el\u00e9ctricas trif\u00e1sicas de 7,2~12 kV y 50 Hz. Se utiliza para recibir y distribuir energ\u00eda el\u00e9ctrica, as\u00ed como para controlar, monitorear y proteger circuitos.<\/p>\n<p> Descripci\u00f3n general<br \/> El equipo de conmutaci\u00f3n met\u00e1lico extra\u00edble KYN28-12 es adecuado para redes el\u00e9ctricas trif\u00e1sicas de 7,2~12 kV y 50 Hz. Se utiliza para recibir y distribuir energ\u00eda el\u00e9ctrica, as\u00ed como para controlar, monitorear y proteger circuitos. Puede utilizarse en sistemas de barras colectivas simples y en sistemas de barras colectivas seccionadas. Cumple con IEC298 \u00abEquipos de conmutaci\u00f3n y control met\u00e1licos en CA por encima de 1 kV y hasta 52 kV\u00bb, OEC694 \u00abCl\u00e1usulas comunes para equipos de conmutaci\u00f3n y control de alta tensi\u00f3n\u00bb, GB3906 \u00abEquipos de conmutaci\u00f3n y control met\u00e1licos en CA de 3,6 kV-40,5 kV\u00bb, GB11022 \u00abCondiciones t\u00e9cnicas comunes para normas de equipos de conmutaci\u00f3n y control de alta tensi\u00f3n\u00bb y DL\/T404 \u00abEquipos de conmutaci\u00f3n y control met\u00e1licos en CA de 3,6 kV-40,5 kV\u00bb, y cuenta con funciones completas y fiables contra errores de operaci\u00f3n.<br \/> Condiciones ambientales de uso<br \/> \u2022 Temperatura ambiente: Temperatura m\u00e1xima +40\u2103, temperatura m\u00ednima -15\u2103.<\/p>\n<p> \u2022 Humedad ambiental: Humedad relativa media diaria no superior al 95%, humedad relativa media mensual no superior al 90%.<\/p>\n<p> \u2022 Altitud: No superior a 1000 m.<\/p>\n<p> \u2022 Resistencia a terremotos: Intensidad s\u00edsmica no superior al nivel 8.<\/p>\n<p> \u2022 El aire circundante no debe estar significativamente contaminado por gases corrosivos o combustibles, vapor de agua, etc. No deben haber vibraciones violentas frecuentes.<\/p>\n<p> \u2022 Cuando se utilice en condiciones que excedan las condiciones ambientales normales especificadas en GB3906, deber\u00e1 acordarse entre el usuario y nuestra empresa.<br \/> Par\u00e1metros t\u00e9cnicos<br \/> Par\u00e1metros t\u00e9cnicos del equipo de conmutaci\u00f3n<\/p>\n<table data-cah=\"6\">\n<tbody>\n<tr>\n<td class=\"\"><span class=\"ellipsis\" title=\"Art\u00edculo\">Art\u00edculo<\/span><\/td>\n<td class=\"\"><span class=\"ellipsis\" title=\"Unidad\">Unidad<\/span><\/td>\n<td class=\"\"><span class=\"ellipsis\" title=\"Datos\">Datos<\/span><\/td>\n<\/tr>\n<tr>\n<td class=\"\"><span class=\"ellipsis\" title=\"Tensi\u00f3n nominal\">Tensi\u00f3n nominal<\/span><\/td>\n<td class=\"\"><span class=\"ellipsis\" title=\"kV\">kV<\/span><\/td>\n<td class=\"\"><span class=\"ellipsis\" title=\"7,2, 12\">7,2, 12<\/span><\/td>\n<\/tr>\n<tr>\n<td class=\"\"><span class=\"ellipsis\" title=\"Frecuencia nominal\">Frecuencia nominal<\/span><\/td>\n<td class=\"\"><span class=\"ellipsis\" title=\"Hz\">Hz<\/span><\/td>\n<td class=\"\"><span class=\"ellipsis\" title=\"50\">50<\/span><\/td>\n<\/tr>\n<tr>\n<td class=\"\"><span class=\"ellipsis\" title=\"Corriente nominal\">Corriente nominal<\/span><\/td>\n<td class=\"\"><span class=\"ellipsis\" title=\"A\">A<\/span><\/td>\n<td class=\"\"><span class=\"ellipsis\" title=\"630~4000\">630~4000<\/span><\/td>\n<\/tr>\n<tr>\n<td class=\"\"><span class=\"ellipsis\" title=\"Aislamiento nominal\">Aislamiento nominal<\/span><\/td>\n<td class=\"\"><span class=\"ellipsis\" title=\"Tensi\u00f3n de resistencia a frecuencia de alimentaci\u00f3n nominal (respecto a tierra\/circuito abierto)\">Tensi\u00f3n de resistencia a frecuencia de alimentaci\u00f3n nominal (respecto a tierra\/circuito abierto)<\/span><\/td>\n<td class=\"\"><span class=\"ellipsis\" title=\"kV\">kV<\/span><\/td>\n<td class=\"\"><span class=\"ellipsis\" title=\"28\/32, 42\/48\">28\/32, 42\/48<\/span><\/td>\n<\/tr>\n<tr>\n<td class=\"\"><span class=\"ellipsis\" title=\"Nivel\">Nivel<\/span><\/td>\n<td class=\"\"><span class=\"ellipsis\" title=\"Tensi\u00f3n de resistencia a impulso de rayo (respecto a tierra\/circuito abierto)\">Tensi\u00f3n de resistencia a impulso de rayo (respecto a tierra\/circuito abierto)<\/span><\/td>\n<td class=\"\"><span class=\"ellipsis\" title=\"kV\">kV<\/span><\/td>\n<td class=\"\"><span class=\"ellipsis\" title=\"60\/70, 75\/85\">60\/70, 75\/85<\/span><\/td>\n<\/tr>\n<tr>\n<td class=\"\"><span class=\"ellipsis\" title=\"Corriente nominal de soporte de corta duraci\u00f3n (4S)\">Corriente nominal de soporte de corta duraci\u00f3n (4S)<\/span><\/td>\n<td class=\"\"><span class=\"ellipsis\" title=\"kA\">kA<\/span><\/td>\n<td class=\"\"><span class=\"ellipsis\" title=\"20, 25, 31,5, 40, 50\">20, 25, 31,5, 40, 50<\/span><\/td>\n<\/tr>\n<tr>\n<td class=\"\"><span class=\"ellipsis\" title=\"Corriente nominal de soporte de pico\">Corriente nominal de soporte de pico<\/span><\/td>\n<td class=\"\"><span class=\"ellipsis\" title=\"kA\">kA<\/span><\/td>\n<td class=\"\"><span class=\"ellipsis\" title=\"50, 63, 80, 100, 125\">50, 63, 80, 100, 125<\/span><\/td>\n<\/tr>\n<tr>\n<td class=\"\"><span class=\"ellipsis\" title=\"Nivel de protecci\u00f3n\">Nivel de protecci\u00f3n<\/span><\/td>\n<td class=\"\"><span class=\"ellipsis\" title=\"\"><\/span><\/td>\n<td class=\"\"><span class=\"ellipsis\" title=\"Carcasa IP4X, IP2X cuando la puerta del compartimiento del carro est\u00e1 abierta\">Carcasa IP4X, IP2X cuando la puerta del compartimiento del carro est\u00e1 abierta<\/span><\/td>\n<\/tr>\n<tr>\n<td class=\"\"><span class=\"ellipsis\" title=\"Dimensiones (Ancho \u00d7 Profundidad \u00d7 Altura)\">Dimensiones (Ancho \u00d7 Profundidad \u00d7 Altura)<\/span><\/td>\n<td class=\"\"><span class=\"ellipsis\" title=\"mm\">mm<\/span><\/td>\n<td class=\"\"><span class=\"ellipsis\" title=\"800(1000) x 1500(1700,1900) x 2370\">800(1000) x 1500(1700,1900) x 2370<\/span><\/td>\n<\/tr>\n<tr>\n<td class=\"\"><span class=\"ellipsis\" title=\"Peso\">Peso<\/span><\/td>\n<td class=\"\"><span class=\"ellipsis\" title=\"kg\">kg<\/span><\/td>\n<td class=\"\"><span class=\"ellipsis\" title=\"800~1200\">800~1200<\/span><\/td>\n<\/tr>\n<\/tbody>\n<\/table>\n<p data-cah=\"2\">Para corriente nominal de soporte de corta duraci\u00f3n de 31,5 kA y inferiores, y corriente nominal de barra colectora de 1600 A y inferiores, la anchura del gabinete es de 800 mm;<\/p>\n<p> Para corriente nominal de soporte de corta duraci\u00f3n de 40 kA y superiores, y corriente nominal de barra colectora de 1600 A y superiores, la anchura del gabinete es de 1000 mm, y la profundidad del gabinete ser\u00e1 seleccionada por el usuario seg\u00fan el esquema.<\/p>\n<p> Este equipo de conmutaci\u00f3n est\u00e1 equipado con interruptores autom\u00e1ticos al vac\u00edo SCHVI fabricados por nuestra empresa, y tambi\u00e9n puede equiparse con los interruptores autom\u00e1ticos al vac\u00edo Siemens 3AE y 3AJ1, ABB VD4 y HD4, y Schneider Evolis y EV12.<br \/> Informaci\u00f3n de pedido<br \/> \u2022 Por favor, proporcione la siguiente informaci\u00f3n al realizar el pedido:<\/p>\n<p> \u2022 Modelo del equipo de conmutaci\u00f3n, cantidad, fecha de entrega y n\u00famero del esquema primario;<\/p>\n<p> \u2022 Diagrama del sistema primario, diagrama de principio secundario y diagrama de disposici\u00f3n del equipo de conmutaci\u00f3n;<\/p>\n<p> \u2022 Corriente nominal del barral principal y modelo y especificaciones de los componentes primarios;<\/p>\n<p> \u3000\u3000\u2022 Requisitos especiales (si los hay).<\/p>","protected":false},"excerpt":{"rendered":"<p>El equipo de conmutaci\u00f3n met\u00e1lico cerrado KYN28-12 es adecuado para redes el\u00e9ctricas trif\u00e1sicas de 7,2 a 12 kV y 50 Hz de corriente alterna. Se utiliza para recibir y distribuir energ\u00eda el\u00e9ctrica, as\u00ed como para controlar, monitorear y proteger circuitos. Descripci\u00f3n general: El equipo de conmutaci\u00f3n extra\u00edble revestido de metal KYN28-12 es adecuado para redes el\u00e9ctricas trif\u00e1sicas de 7,2 a 12 kV y 50 Hz de corriente alterna. Se utiliza para recibir y distribuir energ\u00eda el\u00e9ctrica, y [\u2026]<\/p>","protected":false},"featured_media":1575,"template":"","meta":{"_acf_changed":false,"_seopress_robots_primary_cat":""},"product_brand":[],"product_cat":[58],"product_tag":[],"class_list":{"0":"post-1574","1":"product","2":"type-product","3":"status-publish","4":"has-post-thumbnail","6":"product_cat-ring-main-unit","8":"first","9":"instock","10":"shipping-taxable","11":"product-type-simple"},"acf":[],"_links":{"self":[{"href":"https:\/\/www.northpwr.cn\/es\/wp-json\/wp\/v2\/product\/1574","targetHints":{"allow":["GET"]}}],"collection":[{"href":"https:\/\/www.northpwr.cn\/es\/wp-json\/wp\/v2\/product"}],"about":[{"href":"https:\/\/www.northpwr.cn\/es\/wp-json\/wp\/v2\/types\/product"}],"wp:featuredmedia":[{"embeddable":true,"href":"https:\/\/www.northpwr.cn\/es\/wp-json\/wp\/v2\/media\/1575"}],"wp:attachment":[{"href":"https:\/\/www.northpwr.cn\/es\/wp-json\/wp\/v2\/media?parent=1574"}],"wp:term":[{"taxonomy":"product_brand","embeddable":true,"href":"https:\/\/www.northpwr.cn\/es\/wp-json\/wp\/v2\/product_brand?post=1574"},{"taxonomy":"product_cat","embeddable":true,"href":"https:\/\/www.northpwr.cn\/es\/wp-json\/wp\/v2\/product_cat?post=1574"},{"taxonomy":"product_tag","embeddable":true,"href":"https:\/\/www.northpwr.cn\/es\/wp-json\/wp\/v2\/product_tag?post=1574"}],"curies":[{"name":"wp","href":"https:\/\/api.w.org\/{rel}","templated":true}]}}