
{"id":1577,"date":"2025-12-03T11:06:32","date_gmt":"2025-12-03T03:06:32","guid":{"rendered":"https:\/\/www.northpwr.cn\/?post_type=product&p=1577"},"modified":"2025-12-03T11:06:32","modified_gmt":"2025-12-03T03:06:32","slug":"hxgn-12-fixed-ac-metal-clad-switchgear","status":"publish","type":"product","link":"https:\/\/www.northpwr.cn\/es\/producto\/hxgn-12-fixed-ac-metal-clad-switchgear\/","title":{"rendered":"HXGN-12 equipo fijo de conmutaci\u00f3n en metal blindado para corriente alterna"},"content":{"rendered":"<p data-cah=\"2\">El equipo de conmutaci\u00f3n fijo met\u00e1lico cerrado tipo HXGN-12 (en adelante denominado unidad principal de anillo) es un equipo el\u00e9ctrico completo de alta tensi\u00f3n CA con una tensi\u00f3n nominal de 12 kV y una frecuencia nominal de 50 Hz, utilizado principalmente para redes de anillo trif\u00e1sicas CA, redes de distribuci\u00f3n terminales y equipos de energ\u00eda industrial, para recibir y distribuir energ\u00eda el\u00e9ctrica, entre otros. Tambi\u00e9n es adecuado para instalaciones de alta tensi\u00f3n.<\/p>\n<p> Descripci\u00f3n general<br \/> El equipo de conmutaci\u00f3n fijo met\u00e1lico cerrado tipo caja HXGN-12 (en adelante denominado gabinete de red de anillo) es un equipo el\u00e9ctrico completo de alta tensi\u00f3n CA con una tensi\u00f3n nominal de 12 kV y una frecuencia nominal de 50 Hz, utilizado principalmente para redes de anillo trif\u00e1sicas CA, redes de distribuci\u00f3n terminales y equipos de energ\u00eda industrial, para recibir y distribuir energ\u00eda el\u00e9ctrica. Tambi\u00e9n es adecuado para instalaciones de alta tensi\u00f3n.<br \/> Condiciones del entorno de uso<br \/> \u2022 Utiliza una estructura de dispositivo completa, ligera y elegante, puede combinarse e instalarse arbitrariamente, f\u00e1cil de ampliar e extender infinitamente.<\/p>\n<p> \u2022 Puede equiparse con un interruptor de carga indicador neum\u00e1tico tipo FKN12-12, aparato el\u00e9ctrico combinado, o con un interruptor de carga al vac\u00edo tipo FZN25-12, aparato el\u00e9ctrico combinado, y las dimensiones de instalaci\u00f3n son completamente compatibles. Tama\u00f1o compacto, libre de mantenimiento, estructura de enlace trif\u00e1sico y funci\u00f3n de control remoto.<\/p>\n<p> \u2022 Est\u00e1 disponible tanto la operaci\u00f3n manual como la el\u00e9ctrica, y cuenta con funci\u00f3n de control remoto.<\/p>\n<p> \u2022 Cuenta con un dispositivo mec\u00e1nico de enlace e interbloqueo completo y confiable, cumpliendo plenamente la funci\u00f3n de \u00abcinco prevenciones\u00bb.<\/p>\n<p> \u2022 El interruptor de carga utiliza una v\u00e1lvula protectora de enlace aislante para proteger la manija energizada, garantizando as\u00ed la seguridad personal.<\/p>\n<p> \u2022 La puerta frontal est\u00e1 equipada con una ventana de observaci\u00f3n, que permite observar claramente el estado de funcionamiento de los componentes dentro del gabinete.<\/p>\n<p> Cumple con las normas GB3906, GB11022 y otras.<br \/> Par\u00e1metros t\u00e9cnicos<\/p>\n<table data-cah=\"6\">\n<tbody>\n<tr>\n<td class=\"\"><span class=\"ellipsis\" title=\"N\u00famero de serie\">N\u00famero de serie<\/span><\/td>\n<td class=\"\"><span class=\"ellipsis\" title=\"Nombre\">Nombre<\/span><\/td>\n<td class=\"\"><span class=\"ellipsis\" title=\"Unidad\">Unidad<\/span><\/td>\n<td class=\"\"><span class=\"ellipsis\" title=\"FKN12-12\">FKN12-12<\/span><\/td>\n<td class=\"\"><span class=\"ellipsis\" title=\"FKRN12-12\">FKRN12-12<\/span><\/td>\n<td class=\"\"><span class=\"ellipsis\" title=\"\"><\/span><\/td>\n<\/tr>\n<tr>\n<td class=\"\"><span class=\"ellipsis\" title=\"1\">1<\/span><\/td>\n<td class=\"\"><span class=\"ellipsis\" title=\"Tensi\u00f3n nominal\">Tensi\u00f3n nominal<\/span><\/td>\n<td class=\"\"><span class=\"ellipsis\" title=\"KV\">KV<\/span><\/td>\n<td class=\"\"><span class=\"ellipsis\" title=\"12\">12<\/span><\/td>\n<td class=\"\"><span class=\"ellipsis\" title=\"\"><\/span><\/td>\n<\/tr>\n<tr>\n<td class=\"\"><span class=\"ellipsis\" title=\"2\">2<\/span><\/td>\n<td class=\"\"><span class=\"ellipsis\" title=\"Tensi\u00f3n de resistencia a frecuencia de alimentaci\u00f3n\">Tensi\u00f3n de resistencia a frecuencia de alimentaci\u00f3n<\/span><\/td>\n<td class=\"\"><span class=\"ellipsis\" title=\"KV\">KV<\/span><\/td>\n<td class=\"\"><span class=\"ellipsis\" title=\"Polo y fase 42, puerto de aislamiento 48\">Polo y fase 42, puerto de aislamiento 48<\/span><\/td>\n<td class=\"\"><span class=\"ellipsis\" title=\"\"><\/span><\/td>\n<\/tr>\n<tr>\n<td class=\"\"><span class=\"ellipsis\" title=\"3\">3<\/span><\/td>\n<td class=\"\"><span class=\"ellipsis\" title=\"Tensi\u00f3n de impulso de rayo (pico)\">Tensi\u00f3n de impulso de rayo (pico)<\/span><\/td>\n<td class=\"\"><span class=\"ellipsis\" title=\"KV\">KV<\/span><\/td>\n<td class=\"\"><span class=\"ellipsis\" title=\"Polo y fase 75, puerto de aislamiento 85\">Polo y fase 75, puerto de aislamiento 85<\/span><\/td>\n<td class=\"\"><span class=\"ellipsis\" title=\"\"><\/span><\/td>\n<\/tr>\n<tr>\n<td class=\"\"><span class=\"ellipsis\" title=\"4\">4<\/span><\/td>\n<td class=\"\"><span class=\"ellipsis\" title=\"Frecuencia nominal\">Frecuencia nominal<\/span><\/td>\n<td class=\"\"><span class=\"ellipsis\" title=\"Hz\">Hz<\/span><\/td>\n<td class=\"\"><span class=\"ellipsis\" title=\"50\">50<\/span><\/td>\n<td class=\"\"><span class=\"ellipsis\" title=\"\"><\/span><\/td>\n<\/tr>\n<tr>\n<td class=\"\"><span class=\"ellipsis\" title=\"5\">5<\/span><\/td>\n<td class=\"\"><span class=\"ellipsis\" title=\"Corriente nominal del barral principal\">Corriente nominal del barral principal<\/span><\/td>\n<td class=\"\"><span class=\"ellipsis\" title=\"A\">A<\/span><\/td>\n<td class=\"\"><span class=\"ellipsis\" title=\"630\">630<\/span><\/td>\n<td class=\"\"><span class=\"ellipsis\" title=\"\"><\/span><\/td>\n<\/tr>\n<tr>\n<td class=\"\"><span class=\"ellipsis\" title=\"6\">6<\/span><\/td>\n<td class=\"\"><span class=\"ellipsis\" title=\"Corriente nominal\">Corriente nominal<\/span><\/td>\n<td class=\"\"><span class=\"ellipsis\" title=\"A\">A<\/span><\/td>\n<td class=\"\"><span class=\"ellipsis\" title=\"630\">630<\/span><\/td>\n<td class=\"\"><span class=\"ellipsis\" title=\"\"><\/span><\/td>\n<\/tr>\n<tr>\n<td class=\"\"><span class=\"ellipsis\" title=\"7\">7<\/span><\/td>\n<td class=\"\"><span class=\"ellipsis\" title=\"Interruptor de carga\">Interruptor de carga<\/span><\/td>\n<td class=\"\"><span class=\"ellipsis\" title=\"Vida el\u00e9ctrica nominal bajo corriente\">Vida el\u00e9ctrica nominal bajo corriente<\/span><\/td>\n<td class=\"\"><span class=\"ellipsis\" title=\"Veces\">Veces<\/span><\/td>\n<td class=\"\" colspan=\"2\"><span class=\"ellipsis\" title=\"No menos de 100\">No menos de 100<\/span><\/td>\n<\/tr>\n<tr>\n<td class=\"\"><span class=\"ellipsis\" title=\"8\">8<\/span><\/td>\n<td class=\"\"><span class=\"ellipsis\" title=\"Interruptor de carga\">Interruptor de carga<\/span><\/td>\n<td class=\"\"><span class=\"ellipsis\" title=\"Capacidad de corte de transformador en vac\u00edo\">Capacidad de corte de transformador en vac\u00edo<\/span><\/td>\n<td class=\"\"><span class=\"ellipsis\" title=\"KVA\">KVA<\/span><\/td>\n<td class=\"\" colspan=\"2\"><span class=\"ellipsis\" title=\"1250, 1600\">1250, 1600<\/span><\/td>\n<\/tr>\n<tr>\n<td class=\"\"><span class=\"ellipsis\" title=\"9\">9<\/span><\/td>\n<td class=\"\"><span class=\"ellipsis\" title=\"Interruptor de carga\">Interruptor de carga<\/span><\/td>\n<td class=\"\"><span class=\"ellipsis\" title=\"Corriente nominal de estabilidad t\u00e9rmica\">Corriente nominal de estabilidad t\u00e9rmica<\/span><\/td>\n<td class=\"\"><span class=\"ellipsis\" title=\"KA\/S\">KA\/S<\/span><\/td>\n<td class=\"\" colspan=\"2\"><span class=\"ellipsis\" title=\"20\/4, interruptor de puesta a tierra 20\/2\">20\/4, interruptor de puesta a tierra 20\/2<\/span><\/td>\n<\/tr>\n<tr>\n<td class=\"\"><span class=\"ellipsis\" title=\"10\">10<\/span><\/td>\n<td class=\"\"><span class=\"ellipsis\" title=\"Interruptor de carga\">Interruptor de carga<\/span><\/td>\n<td class=\"\"><span class=\"ellipsis\" title=\"Corriente nominal de estabilidad din\u00e1mica (pico)\">Corriente nominal de estabilidad din\u00e1mica (pico)<\/span><\/td>\n<td class=\"\"><span class=\"ellipsis\" title=\"KA\">KA<\/span><\/td>\n<td class=\"\" colspan=\"2\"><span class=\"ellipsis\" title=\"50\">50<\/span><\/td>\n<\/tr>\n<\/tbody>\n<\/table>\n<table data-cah=\"6\">\n<tbody>\n<tr>\n<td class=\"\"><span class=\"ellipsis\" title=\"10\">10<\/span><\/td>\n<td class=\"\"><span class=\"ellipsis\" title=\"Interruptor de carga\">Interruptor de carga<\/span><\/td>\n<td class=\"\"><span class=\"ellipsis\" title=\"Corriente nominal de cierre de cortocircuito (pico)\">Corriente nominal de cierre de cortocircuito (pico)<\/span><\/td>\n<td class=\"\"><span class=\"ellipsis\" title=\"KA\">KA<\/span><\/td>\n<td class=\"\" colspan=\"2\"><span class=\"ellipsis\" title=\"50\">50<\/span><\/td>\n<\/tr>\n<tr>\n<td class=\"\"><span class=\"ellipsis\" title=\"12\">12<\/span><\/td>\n<td class=\"\"><span class=\"ellipsis\" title=\"Aparato el\u00e9ctrico combinado\">Aparato el\u00e9ctrico combinado<\/span><\/td>\n<td class=\"\"><span class=\"ellipsis\" title=\"Corriente nominal del fusible\">Corriente nominal del fusible<\/span><\/td>\n<td class=\"\"><span class=\"ellipsis\" title=\"A\">A<\/span><\/td>\n<td class=\"\" colspan=\"2\"><span class=\"ellipsis\" title=\"100\">100<\/span><\/td>\n<\/tr>\n<tr>\n<td class=\"\"><span class=\"ellipsis\" title=\"13\">13<\/span><\/td>\n<td class=\"\"><span class=\"ellipsis\" title=\"Aparato el\u00e9ctrico combinado\">Aparato el\u00e9ctrico combinado<\/span><\/td>\n<td class=\"\"><span class=\"ellipsis\" title=\"Corriente nominal de transferencia\">Corriente nominal de transferencia<\/span><\/td>\n<td class=\"\"><span class=\"ellipsis\" title=\"A\">A<\/span><\/td>\n<td class=\"\"><span class=\"ellipsis\" title=\"\"><\/span><\/td>\n<td class=\"\"><span class=\"ellipsis\" title=\"2000\">2000<\/span><\/td>\n<\/tr>\n<tr>\n<td class=\"\"><span class=\"ellipsis\" title=\"14\">14<\/span><\/td>\n<td class=\"\"><span class=\"ellipsis\" title=\"Aparato el\u00e9ctrico combinado\">Aparato el\u00e9ctrico combinado<\/span><\/td>\n<td class=\"\"><span class=\"ellipsis\" title=\"Corriente nominal de corte de cortocircuito\">Corriente nominal de corte de cortocircuito<\/span><\/td>\n<td class=\"\"><span class=\"ellipsis\" title=\"KA\">KA<\/span><\/td>\n<td class=\"\" colspan=\"2\"><span class=\"ellipsis\" title=\"31.5\">31.5<\/span><\/td>\n<\/tr>\n<tr>\n<td class=\"\"><span class=\"ellipsis\" title=\"15\">15<\/span><\/td>\n<td class=\"\"><span class=\"ellipsis\" title=\"Aparato el\u00e9ctrico combinado\">Aparato el\u00e9ctrico combinado<\/span><\/td>\n<td class=\"\"><span class=\"ellipsis\" title=\"Modelo de fusible compatible\">Modelo de fusible compatible<\/span><\/td>\n<td class=\"\"><span class=\"ellipsis\" title=\"\"><\/span><\/td>\n<td class=\"\" colspan=\"2\"><span class=\"ellipsis\" title=\"SLAJ-12(XRNT-12)\">SLAJ-12(XRNT-12)<\/span><\/td>\n<\/tr>\n<tr>\n<td class=\"\"><span class=\"ellipsis\" title=\"16\">16<\/span><\/td>\n<td class=\"\"><span class=\"ellipsis\" title=\"Vida mec\u00e1nica\">Vida mec\u00e1nica<\/span><\/td>\n<td class=\"\"><span class=\"ellipsis\" title=\"Veces\">Veces<\/span><\/td>\n<td class=\"\"><span class=\"ellipsis\" title=\"3000\">3000<\/span><\/td>\n<td class=\"\"><span class=\"ellipsis\" title=\"10000\">10000<\/span><\/td>\n<td class=\"\"><span class=\"ellipsis\" title=\"\"><\/span><\/td>\n<\/tr>\n<tr>\n<td class=\"\"><span class=\"ellipsis\" title=\"17\">17<\/span><\/td>\n<td class=\"\"><span class=\"ellipsis\" title=\"Tensi\u00f3n de resistencia a frecuencia industrial del circuito auxiliar Imin\">Tensi\u00f3n de resistencia a frecuencia industrial del circuito auxiliar Imin<\/span><\/td>\n<td class=\"\"><span class=\"ellipsis\" title=\"KV\">KV<\/span><\/td>\n<td class=\"\"><span class=\"ellipsis\" title=\"2\">2<\/span><\/td>\n<td class=\"\"><span class=\"ellipsis\" title=\"\"><\/span><\/td>\n<\/tr>\n<tr>\n<td class=\"\"><span class=\"ellipsis\" title=\"18\">18<\/span><\/td>\n<td class=\"\"><span class=\"ellipsis\" title=\"Tensi\u00f3n de trabajo del mecanismo de accionamiento el\u00e9ctrico\">Tensi\u00f3n de trabajo del mecanismo de accionamiento el\u00e9ctrico<\/span><\/td>\n<td class=\"\"><span class=\"ellipsis\" title=\"V\">V<\/span><\/td>\n<td class=\"\"><span class=\"ellipsis\" title=\"AC\/DC 220, 110\">AC\/DC 220, 110<\/span><\/td>\n<td class=\"\"><span class=\"ellipsis\" title=\"\"><\/span><\/td>\n<\/tr>\n<tr>\n<td class=\"\"><span class=\"ellipsis\" title=\"19\">19<\/span><\/td>\n<td class=\"\"><span class=\"ellipsis\" title=\"Nivel de protecci\u00f3n\">Nivel de protecci\u00f3n<\/span><\/td>\n<td class=\"\"><span class=\"ellipsis\" title=\"\"><\/span><\/td>\n<td class=\"\"><span class=\"ellipsis\" title=\"1P4X\">1P4X<\/span><\/td>\n<td class=\"\"><span class=\"ellipsis\" title=\"\"><\/span><\/td>\n<\/tr>\n<tr>\n<td class=\"\"><span class=\"ellipsis\" title=\"20\">20<\/span><\/td>\n<td class=\"\"><span class=\"ellipsis\" title=\"Dimensiones (Ancho \u00d7 Profundidad \u00d7 Altura)\">Dimensiones (Ancho \u00d7 Profundidad \u00d7 Altura)<\/span><\/td>\n<td class=\"\"><span class=\"ellipsis\" title=\"mm\">mm<\/span><\/td>\n<td class=\"\"><span class=\"ellipsis\" title=\"700 (900) \u00d7 900 \u00d7 2000 (2200)\">700 (900) \u00d7 900 \u00d7 2000 (2200)<\/span><\/td>\n<td class=\"\"><span class=\"ellipsis\" title=\"\"><\/span><\/td>\n<\/tr>\n<\/tbody>\n<\/table>\n<p data-cah=\"2\">Instrucciones de pedido<br \/> \u2022 Por favor, proporcione la siguiente informaci\u00f3n al realizar el pedido:<\/p>\n<p> \u2022 Modelo del equipo de conmutaci\u00f3n, cantidad, fecha de entrega y n\u00famero del esquema primario;<\/p>\n<p> \u2022 Diagrama del sistema primario, diagrama de principio secundario y diagrama de disposici\u00f3n del equipo de conmutaci\u00f3n;<\/p>\n<p> \u2022 Corriente nominal del barral principal y modelo y especificaciones de los componentes primarios;<\/p>\n<p> \u3000\u3000\u2022 Requisitos especiales (si los hay).<\/p>","protected":false},"excerpt":{"rendered":"<p>El equipo de conmutaci\u00f3n fijo met\u00e1lico tipo HXGN-12 (en adelante denominado unidad principal en anillo) es un equipo el\u00e9ctrico completo de alta tensi\u00f3n para corriente alterna con una tensi\u00f3n nominal de 12 kV y una frecuencia nominal de 50 Hz, utilizado principalmente en redes trif\u00e1sicas en anillo, redes de distribuci\u00f3n terminales y equipos de energ\u00eda industrial, para la recepci\u00f3n y distribuci\u00f3n de energ\u00eda el\u00e9ctrica, entre otros. Tambi\u00e9n es adecuado para instalaciones de alta tensi\u00f3n. Descripci\u00f3n general\u3000\u3000El [\u2026]<\/p>","protected":false},"featured_media":1578,"template":"","meta":{"_acf_changed":false,"_seopress_robots_primary_cat":""},"product_brand":[],"product_cat":[58],"product_tag":[],"class_list":{"0":"post-1577","1":"product","2":"type-product","3":"status-publish","4":"has-post-thumbnail","6":"product_cat-ring-main-unit","8":"first","9":"instock","10":"shipping-taxable","11":"product-type-simple"},"acf":[],"_links":{"self":[{"href":"https:\/\/www.northpwr.cn\/es\/wp-json\/wp\/v2\/product\/1577","targetHints":{"allow":["GET"]}}],"collection":[{"href":"https:\/\/www.northpwr.cn\/es\/wp-json\/wp\/v2\/product"}],"about":[{"href":"https:\/\/www.northpwr.cn\/es\/wp-json\/wp\/v2\/types\/product"}],"wp:featuredmedia":[{"embeddable":true,"href":"https:\/\/www.northpwr.cn\/es\/wp-json\/wp\/v2\/media\/1578"}],"wp:attachment":[{"href":"https:\/\/www.northpwr.cn\/es\/wp-json\/wp\/v2\/media?parent=1577"}],"wp:term":[{"taxonomy":"product_brand","embeddable":true,"href":"https:\/\/www.northpwr.cn\/es\/wp-json\/wp\/v2\/product_brand?post=1577"},{"taxonomy":"product_cat","embeddable":true,"href":"https:\/\/www.northpwr.cn\/es\/wp-json\/wp\/v2\/product_cat?post=1577"},{"taxonomy":"product_tag","embeddable":true,"href":"https:\/\/www.northpwr.cn\/es\/wp-json\/wp\/v2\/product_tag?post=1577"}],"curies":[{"name":"wp","href":"https:\/\/api.w.org\/{rel}","templated":true}]}}