
{"id":1583,"date":"2025-12-03T11:06:36","date_gmt":"2025-12-03T03:06:36","guid":{"rendered":"https:\/\/www.northpwr.cn\/?post_type=product&p=1583"},"modified":"2025-12-03T11:06:36","modified_gmt":"2025-12-03T03:06:36","slug":"fy3000-gcs-low-voltage-switchgear","status":"publish","type":"product","link":"https:\/\/www.northpwr.cn\/es\/producto\/fy3000-gcs-low-voltage-switchgear\/","title":{"rendered":"FY3000 (GCS) Equipamiento de baja tensi\u00f3n"},"content":{"rendered":"<p data-cah=\"2\">El equipo de conmutaci\u00f3n extra\u00edble de bajo voltaje FY3000 (GCS) es adecuado para sistemas de distribuci\u00f3n de energ\u00eda en plantas de energ\u00eda, industrias petroleras, qu\u00edmicas, metal\u00fargicas, textiles y edificios de gran altura.<\/p>\n<p> Descripci\u00f3n general<br \/> El equipo de conmutaci\u00f3n extra\u00edble de bajo voltaje FY3000 (GCS) es adecuado para sistemas de distribuci\u00f3n de energ\u00eda en plantas de energ\u00eda, industrias petroleras, qu\u00edmicas, metal\u00fargicas, textiles y edificios de gran altura. En grandes plantas de energ\u00eda y sistemas petroqu\u00edmicos con un alto grado de automatizaci\u00f3n y requisitos de interfaz por computadora, sirve como dispositivo completo de distribuci\u00f3n de energ\u00eda de bajo voltaje para corriente alterna trif\u00e1sica de 50 (60 Hz), tensi\u00f3n nominal de operaci\u00f3n de 380 V (400 V), control de motores y compensaci\u00f3n de potencia reactiva.<br \/> Condiciones del entorno de uso<br \/> \u3000\u3000\u2022 Temperatura ambiente: +40\u2103~-15\u2103<\/p>\n<p> \u3000\u3000\u2022 Altitud: 2000m.<\/p>\n<p> \u2022 Humedad ambiental: humedad relativa promedio diaria 95%, humedad relativa promedio mensual 90%.<\/p>\n<p> \u2022 La inclinaci\u00f3n de la superficie de instalaci\u00f3n vertical no supera los 5%, y todo el conjunto de gabinetes est\u00e1 relativamente plano.<\/p>\n<p> \u2022 No hay vibraciones ni impactos violentos, y tampoco lugares con corrosi\u00f3n insuficiente que pueda da\u00f1ar los componentes el\u00e9ctricos.<br \/> Principales caracter\u00edsticas estructurales<br \/> \u2022 El marco principal adopta perfiles BMF o perfiles en forma de \u00abC\u00bb, que se doblan en fr\u00edo a partir de chapas de acero laminadas en fr\u00edo o chapas de acero recubiertas con aluminio-zinc, con alta resistencia y f\u00e1cil instalaci\u00f3n modular.<\/p>\n<p> \u2022 Los tipos de cajones se dividen en cuatro series de tama\u00f1os: 1\/2 unidad, 1 unidad, 2 unidades y 3 unidades, con una corriente nominal del circuito de 630A o menos.<\/p>\n<p> \u2022 Montaje flexible, estructura compacta, gran versatilidad, buen desempe\u00f1o en seguridad y montaje conveniente.<\/p>\n<p> \u2022 Aumentar la capacidad t\u00e9rmica de la pieza de transferencia reduce significativamente la elevaci\u00f3n de temperatura causada por la pieza de transferencia en el enchufe, la cabeza del cable y la placa divisoria.<\/p>\n<p> \u2022 Confiable entre unidades funcionales y compartimentos; la falla de una unidad no afectar\u00e1 el funcionamiento normal de otras unidades, limitando la falla al rango m\u00ednimo.<\/p>\n<p> \u2022 La colocaci\u00f3n horizontal de las barras colectoras asegura una buena estabilidad din\u00e1mica y t\u00e9rmica del dispositivo.<\/p>\n<p> \u2022 La conexi\u00f3n entre el dispositivo y los cables externos se realiza en el compartimiento de cables, y los cables pueden entrar y salir por la parte superior e inferior. El transformador de corriente de secuencia cero se encuentra en el compartimiento de cables para facilitar su instalaci\u00f3n y mantenimiento.<\/p>\n<p> \u2022 La unidad de caj\u00f3n cuenta con un n\u00famero suficiente de enchufes secundarios (32 pares para 1 unidad y m\u00e1s, 20 pares para 1\/2 unidad), lo que puede satisfacer los requisitos del n\u00famero de puntos de conexi\u00f3n para interfaces de computadora y circuitos de control remoto.<\/p>\n<p data-cah=\"2\">Informaci\u00f3n de pedido<br \/> \u2022 Por favor, proporcione la siguiente informaci\u00f3n al realizar el pedido:<\/p>\n<p> \u2022 N\u00famero del esquema del circuito principal, diagrama de cableado principal, diagrama de disposici\u00f3n y plan de ubicaci\u00f3n.<\/p>\n<p> \u2022 Diagrama esquem\u00e1tico el\u00e9ctrico del circuito auxiliar y diagrama de disposici\u00f3n de terminales.<\/p>\n<p> \u2022 S\u00edmbolos, especificaciones y cantidades de los componentes el\u00e9ctricos dentro del equipo de conmutaci\u00f3n.<\/p>","protected":false},"excerpt":{"rendered":"<p>El equipo de conmutaci\u00f3n extra\u00edble de bajo voltaje FY3000 (GCS) es adecuado para sistemas de distribuci\u00f3n de energ\u00eda en plantas de energ\u00eda, industrias petroleras, qu\u00edmicas, metal\u00fargicas, textiles y edificios de gran altura. Descripci\u00f3n general: El equipo de conmutaci\u00f3n extra\u00edble de bajo voltaje FY3000 (GCS) es adecuado para sistemas de distribuci\u00f3n de energ\u00eda en plantas de energ\u00eda, industrias petroleras, qu\u00edmicas, metal\u00fargicas, textiles y edificios de gran altura. En grandes plantas de energ\u00eda y sistemas petroqu\u00edmicos con un [\u2026]<\/p>","protected":false},"featured_media":1584,"template":"","meta":{"_acf_changed":false,"_seopress_robots_primary_cat":""},"product_brand":[],"product_cat":[60],"product_tag":[],"class_list":{"0":"post-1583","1":"product","2":"type-product","3":"status-publish","4":"has-post-thumbnail","6":"product_cat-low-voltage-cabinet","8":"first","9":"instock","10":"shipping-taxable","11":"product-type-simple"},"acf":[],"_links":{"self":[{"href":"https:\/\/www.northpwr.cn\/es\/wp-json\/wp\/v2\/product\/1583","targetHints":{"allow":["GET"]}}],"collection":[{"href":"https:\/\/www.northpwr.cn\/es\/wp-json\/wp\/v2\/product"}],"about":[{"href":"https:\/\/www.northpwr.cn\/es\/wp-json\/wp\/v2\/types\/product"}],"wp:featuredmedia":[{"embeddable":true,"href":"https:\/\/www.northpwr.cn\/es\/wp-json\/wp\/v2\/media\/1584"}],"wp:attachment":[{"href":"https:\/\/www.northpwr.cn\/es\/wp-json\/wp\/v2\/media?parent=1583"}],"wp:term":[{"taxonomy":"product_brand","embeddable":true,"href":"https:\/\/www.northpwr.cn\/es\/wp-json\/wp\/v2\/product_brand?post=1583"},{"taxonomy":"product_cat","embeddable":true,"href":"https:\/\/www.northpwr.cn\/es\/wp-json\/wp\/v2\/product_cat?post=1583"},{"taxonomy":"product_tag","embeddable":true,"href":"https:\/\/www.northpwr.cn\/es\/wp-json\/wp\/v2\/product_tag?post=1583"}],"curies":[{"name":"wp","href":"https:\/\/api.w.org\/{rel}","templated":true}]}}