
{"id":1586,"date":"2025-12-03T11:04:41","date_gmt":"2025-12-03T03:04:41","guid":{"rendered":"https:\/\/www.northpwr.cn\/?post_type=product&p=1586"},"modified":"2025-12-03T11:04:41","modified_gmt":"2025-12-03T03:04:41","slug":"power-distribution-box","status":"publish","type":"product","link":"https:\/\/www.northpwr.cn\/es\/producto\/power-distribution-box\/","title":{"rendered":"Caja de distribuci\u00f3n de energ\u00eda"},"content":{"rendered":"<p data-cah=\"2\">La empresa se adhiere al tema de desarrollo \u00abpragmatismo, innovaci\u00f3n, armon\u00eda y beneficio mutuo\u00bb, ha llevado a cabo una serie de asignaciones de recursos y ha construido una plataforma de desarrollo eficiente.<\/p>\n<p> La empresa utiliza sistemas avanzados de CAD (Dise\u00f1o Asistido por Computadora) y cuenta con capacidades de mecanizado por control num\u00e9rico (CN) de \u00faltima generaci\u00f3n. Tambi\u00e9n ha obtenido reconocimientos tales como empresa confiable de calidad con calificaci\u00f3n AAA, empresa certificada en servicios de calidad con calificaci\u00f3n AAA y empresa crediticia con calificaci\u00f3n AAA. Todos los productos han superado la certificaci\u00f3n nacional obligatoria de productos, obteniendo as\u00ed excelentes evaluaciones por su desempe\u00f1o.<\/p>","protected":false},"excerpt":{"rendered":"<p>La empresa se adhiere al tema de desarrollo \u00abpragmatismo, innovaci\u00f3n, armon\u00eda y beneficio mutuo\u00bb, ha realizado una serie de asignaciones de recursos y ha creado una plataforma de desarrollo eficiente. La empresa utiliza sistemas avanzados de CAD (Dise\u00f1o Asistido por Ordenador) y cuenta con capacidades de mecanizado por control num\u00e9rico (CN) de \u00faltima generaci\u00f3n. Adem\u00e1s, ha obtenido reconocimientos tales como empresa confiable con calificaci\u00f3n AAA en [\u2026]<\/p>","protected":false},"featured_media":1587,"template":"","meta":{"_acf_changed":false,"_seopress_robots_primary_cat":""},"product_brand":[],"product_cat":[61],"product_tag":[],"class_list":{"0":"post-1586","1":"product","2":"type-product","3":"status-publish","4":"has-post-thumbnail","6":"product_cat-distribution-cabinet","8":"first","9":"instock","10":"shipping-taxable","11":"product-type-simple"},"acf":[],"_links":{"self":[{"href":"https:\/\/www.northpwr.cn\/es\/wp-json\/wp\/v2\/product\/1586","targetHints":{"allow":["GET"]}}],"collection":[{"href":"https:\/\/www.northpwr.cn\/es\/wp-json\/wp\/v2\/product"}],"about":[{"href":"https:\/\/www.northpwr.cn\/es\/wp-json\/wp\/v2\/types\/product"}],"wp:featuredmedia":[{"embeddable":true,"href":"https:\/\/www.northpwr.cn\/es\/wp-json\/wp\/v2\/media\/1587"}],"wp:attachment":[{"href":"https:\/\/www.northpwr.cn\/es\/wp-json\/wp\/v2\/media?parent=1586"}],"wp:term":[{"taxonomy":"product_brand","embeddable":true,"href":"https:\/\/www.northpwr.cn\/es\/wp-json\/wp\/v2\/product_brand?post=1586"},{"taxonomy":"product_cat","embeddable":true,"href":"https:\/\/www.northpwr.cn\/es\/wp-json\/wp\/v2\/product_cat?post=1586"},{"taxonomy":"product_tag","embeddable":true,"href":"https:\/\/www.northpwr.cn\/es\/wp-json\/wp\/v2\/product_tag?post=1586"}],"curies":[{"name":"wp","href":"https:\/\/api.w.org\/{rel}","templated":true}]}}