
{"id":1594,"date":"2025-12-03T11:04:49","date_gmt":"2025-12-03T03:04:49","guid":{"rendered":"https:\/\/www.northpwr.cn\/?post_type=product&p=1594"},"modified":"2025-12-03T11:04:49","modified_gmt":"2025-12-03T03:04:49","slug":"fyrmb-electricity-meter-box","status":"publish","type":"product","link":"https:\/\/www.northpwr.cn\/es\/producto\/fyrmb-electricity-meter-box\/","title":{"rendered":"Caja de medidor de electricidad FYRMB"},"content":{"rendered":"<p data-cah=\"2\">La caja del medidor de energ\u00eda FYRMB est\u00e1 compuesta principalmente por una carcasa, un disyuntor, un disyuntor miniatura, un medidor de electricidad y un concentrador, entre otros componentes. Se utiliza ampliamente en establecimientos comerciales, villas, zonas residenciales y lugares civiles con alto consumo de energ\u00eda y m\u00faltiples usos el\u00e9ctricos que requieren medici\u00f3n independiente para niveles de tensi\u00f3n AC 380V\/220V. Puede proporcionar protecci\u00f3n contra sobrecarga y cortocircuito en las l\u00edneas.<\/p>\n<p> Descripci\u00f3n general<br \/> La caja del medidor de energ\u00eda el\u00e9ctrica FYRMB est\u00e1 compuesta principalmente por una carcasa, un disyuntor, un disyuntor miniatura, un medidor de electricidad y un concentrador. Se utiliza ampliamente en establecimientos comerciales, villas, zonas residenciales y lugares civiles con alto consumo de energ\u00eda y m\u00faltiples usos el\u00e9ctricos que requieren medici\u00f3n independiente para niveles de tensi\u00f3n AC 380V\/220V. Puede proporcionar protecci\u00f3n contra sobrecarga y cortocircuito en las l\u00edneas.<br \/> Principales caracter\u00edsticas estructurales<br \/> \u2022 La carcasa est\u00e1 fabricada con chapa de acero laminado en fr\u00edo doblada y soldada, con pintura electrost\u00e1tica en la superficie;<\/p>\n<p> \u2022 La caja se divide en tres partes: la sala del interruptor de entrada, la sala del medidor de electricidad y la sala del interruptor de salida. Cada unidad est\u00e1 separada por una partici\u00f3n y es relativamente independiente. En la sala del interruptor de entrada se instala una partici\u00f3n protectora para aislar el interruptor del cuerpo bajo tensi\u00f3n;<\/p>\n<p> \u2022 En la puerta de la sala del medidor de electricidad se instala una placa de policarbonato o vidrio org\u00e1nico transparente y una ranura larga para tarjetas, facilitando la lectura de diversos datos y la inserci\u00f3n\/extracci\u00f3n de tarjetas por parte del usuario;<\/p>\n<p> \u2022 Se puede a\u00f1adir un precinto de plomo o una cerradura con contrase\u00f1a en la sala del medidor de electricidad seg\u00fan las necesidades del usuario;<\/p>\n<p> \u2022 M\u00e9todo de instalaci\u00f3n de componentes: El interruptor se instala sobre un soporte galvanizado en forma de C, y la placa de montaje de los componentes es una placa galvanizada;<\/p>\n<p> \u2022 M\u00e9todo externo de entrada y salida de cables: Entrada por arriba y salida por abajo, o entrada por abajo y salida por arriba, o entradas en la misma direcci\u00f3n;<\/p>\n<p> \u2022 Medidas de puesta a tierra de protecci\u00f3n: Hay una fila dedicada de PE en la caja, y se coloca una marca;<\/p>\n<p> \u2022 12 posiciones para medidores (medidor de electricidad monof\u00e1sico): dimensiones exteriores (altura \u00d7 anchura \u00d7 profundidad) m: 1800 \u00d7 800 \u00d7 200, o personalizadas seg\u00fan las necesidades del usuario.<br \/> Par\u00e1metros t\u00e9cnicos<\/p>\n<p> \u3000\u3000\u2022 Voltaje nominal de funcionamiento: 380V\/220V<\/p>\n<p> \u3000\u3000\u2022 Voltaje nominal de aislamiento: 660V<\/p>\n<p> \u3000\u3000\u2022 Frecuencia nominal: 50Hz<\/p>\n<p> \u3000\u3000\u2022 Separaci\u00f3n el\u00e9ctrica: 5,5mm<\/p>\n<p> \u3000\u3000\u2022 Distancia de fuga: 6,3mm<\/p>\n<p> \u3000\u3000\u2022 Corriente nominal del barramento principal: 16-250A<\/p>\n<p> \u2022 Capacidad nominal de corriente de resistencia de corta duraci\u00f3n del barril principal: 4,5 kA<\/p>\n<p> \u2022 Corriente nominal del circuito de l\u00ednea de salida: 63 A<\/p>\n<p> \u3000\u3000\u2022 Nivel de protecci\u00f3n de la carcasa: IP20C<\/p>\n<p> Instrucciones de pedido<br \/> \u3000\u3000Al realizar el pedido, por favor especifique:<\/p>\n<p> \u2022 Especificaciones y n\u00fameros de modelo del producto;<\/p>\n<p> \u2022 Diagrama del sistema del circuito principal y diagrama de la disposici\u00f3n interna del gabinete;<\/p>\n<p> \u2022 Diagrama del principio el\u00e9ctrico del circuito auxiliar;<\/p>\n<p> \u2022 Lista de componentes dentro del gabinete (especificaciones de la barra colectora principal);<\/p>\n<p> \u2022 Color del gabinete (si no hay requisitos, se suministrar\u00e1 gris camello claro), tama\u00f1o de la caja.<\/p>\n<p> \u2022 Otras exigencias especiales que no se ajusten a las condiciones normales de uso del producto<br \/> Caracter\u00edsticas principales<br \/> \u2022 Por favor, proporcione la siguiente informaci\u00f3n al realizar el pedido:<\/p>\n<p> \u2022 Diagrama del sistema de estructura principal y m\u00e9todo de instalaci\u00f3n de la caja.<\/p>\n<p> \u2022 \u00c1rea de secci\u00f3n transversal de los cables de entrada y salida.<\/p>\n<p> \u2022 Modelo, especificaciones y cantidad de los componentes el\u00e9ctricos en el interior del equipo.<\/p>","protected":false},"excerpt":{"rendered":"<p>La caja del medidor de energ\u00eda FYRMB est\u00e1 compuesta principalmente por una carcasa, un disyuntor, un disyuntor miniatura, un medidor de electricidad y un concentrador, entre otros componentes. Es ampliamente utilizada en establecimientos comerciales, villas, zonas residenciales y lugares civiles con alto consumo de energ\u00eda y m\u00faltiples usos el\u00e9ctricos que requieren una medici\u00f3n independiente para niveles de tensi\u00f3n de CA 380V\/220V. Puede proporcionar protecci\u00f3n contra sobrecarga [\u2026]<\/p>","protected":false},"featured_media":1595,"template":"","meta":{"_acf_changed":false,"_seopress_robots_primary_cat":""},"product_brand":[],"product_cat":[64],"product_tag":[],"class_list":{"0":"post-1594","1":"product","2":"type-product","3":"status-publish","4":"has-post-thumbnail","6":"product_cat-intelligent-bus-monitoring-system","8":"first","9":"instock","10":"shipping-taxable","11":"product-type-simple"},"acf":[],"_links":{"self":[{"href":"https:\/\/www.northpwr.cn\/es\/wp-json\/wp\/v2\/product\/1594","targetHints":{"allow":["GET"]}}],"collection":[{"href":"https:\/\/www.northpwr.cn\/es\/wp-json\/wp\/v2\/product"}],"about":[{"href":"https:\/\/www.northpwr.cn\/es\/wp-json\/wp\/v2\/types\/product"}],"wp:featuredmedia":[{"embeddable":true,"href":"https:\/\/www.northpwr.cn\/es\/wp-json\/wp\/v2\/media\/1595"}],"wp:attachment":[{"href":"https:\/\/www.northpwr.cn\/es\/wp-json\/wp\/v2\/media?parent=1594"}],"wp:term":[{"taxonomy":"product_brand","embeddable":true,"href":"https:\/\/www.northpwr.cn\/es\/wp-json\/wp\/v2\/product_brand?post=1594"},{"taxonomy":"product_cat","embeddable":true,"href":"https:\/\/www.northpwr.cn\/es\/wp-json\/wp\/v2\/product_cat?post=1594"},{"taxonomy":"product_tag","embeddable":true,"href":"https:\/\/www.northpwr.cn\/es\/wp-json\/wp\/v2\/product_tag?post=1594"}],"curies":[{"name":"wp","href":"https:\/\/api.w.org\/{rel}","templated":true}]}}