
{"id":1574,"date":"2025-12-03T11:04:32","date_gmt":"2025-12-03T03:04:32","guid":{"rendered":"https:\/\/www.northpwr.cn\/?post_type=product&p=1574"},"modified":"2025-12-03T11:04:32","modified_gmt":"2025-12-03T03:04:32","slug":"kyn28a-12-armored-withdrawable-ac-metal-clad-switchgear","status":"publish","type":"product","link":"https:\/\/www.northpwr.cn\/fr\/produit\/kyn28a-12-armored-withdrawable-ac-metal-clad-switchgear\/","title":{"rendered":"KYN28A-12 Appareillage m\u00e9tallique blind\u00e9 et retirable pour courant alternatif"},"content":{"rendered":"<p data-cah=\"2\">Le disjoncteur m\u00e9tallique ferm\u00e9 KYN28-12 est adapt\u00e9 aux r\u00e9seaux \u00e9lectriques triphas\u00e9s AC 50 Hz de 7,2 \u00e0 12 kV. Il est utilis\u00e9 pour recevoir et distribuer l'\u00e9nergie \u00e9lectrique, ainsi que pour contr\u00f4ler, surveiller et prot\u00e9ger les circuits.<\/p>\n<p> Aper\u00e7u<br \/> Le disjoncteur m\u00e9tallique ferm\u00e9 extractible KYN28-12 est adapt\u00e9 aux r\u00e9seaux \u00e9lectriques triphas\u00e9s AC 50 Hz de 7,2 \u00e0 12 kV. Il est utilis\u00e9 pour recevoir et distribuer l'\u00e9nergie \u00e9lectrique, ainsi que pour contr\u00f4ler, surveiller et prot\u00e9ger les circuits. Il peut \u00eatre employ\u00e9 dans des syst\u00e8mes \u00e0 barre omnibus unique ou \u00e0 barre omnibus sectionn\u00e9e unique. Il est conforme \u00e0 la norme IEC298 \u00ab Disjoncteurs et appareillages de commande m\u00e9talliques ferm\u00e9s AC au-dessus de 1 kV et jusqu'\u00e0 52 kV \u00bb, \u00e0 la norme OEC694 \u00ab Clauses communes pour les appareillages de commande et de protection haute tension \u00bb, \u00e0 la norme GB3906 \u00ab Disjoncteurs et appareillages de commande m\u00e9talliques ferm\u00e9s AC de 3,6 kV \u00e0 40,5 kV \u00bb, \u00e0 la norme GB11022 \u00ab Conditions techniques communes pour les normes des appareillages de commande et de protection haute tension \u00bb, ainsi qu'\u00e0 la norme DL\/T404 \u00ab Disjoncteurs et appareillages de commande m\u00e9talliques ferm\u00e9s AC de 3,6 kV \u00e0 40,5 kV \u00bb, et poss\u00e8de des fonctions anti-malveillance compl\u00e8tes et fiables.<br \/> Conditions environnementales d'utilisation<br \/> \u2022 Temp\u00e9rature ambiante : Temp\u00e9rature maximale +40\u2103, temp\u00e9rature minimale -15\u2103.<\/p>\n<p> \u2022 Humidit\u00e9 ambiante : Humidit\u00e9 relative moyenne quotidienne ne d\u00e9passant pas 95 %, humidit\u00e9 relative moyenne mensuelle ne d\u00e9passant pas 90 %.<\/p>\n<p> \u2022 Altitude : Ne d\u00e9passant pas 1000 m.<\/p>\n<p> \u2022 R\u00e9sistance aux s\u00e9ismes : Intensit\u00e9 sismique ne d\u00e9passant pas le niveau 8.<\/p>\n<p> \u2022 L'air ambiant ne doit pas \u00eatre significativement pollu\u00e9 par des gaz corrosifs ou combustibles, de la vapeur d'eau, etc. Aucune vibration violente fr\u00e9quente.<\/p>\n<p> \u2022 Lorsqu'il est utilis\u00e9 dans des conditions d\u00e9passant les conditions environnementales normales sp\u00e9cifi\u00e9es dans la norme GB3906, une n\u00e9gociation doit avoir lieu entre l'utilisateur et notre soci\u00e9t\u00e9.<br \/> Param\u00e8tres techniques<br \/> Param\u00e8tres techniques du mat\u00e9riel de commutation<\/p>\n<table data-cah=\"6\">\n<tbody>\n<tr>\n<td class=\"\"><span class=\"ellipsis\" title=\"Article\">Article<\/span><\/td>\n<td class=\"\"><span class=\"ellipsis\" title=\"Unit\u00e9\">Unit\u00e9<\/span><\/td>\n<td class=\"\"><span class=\"ellipsis\" title=\"Donn\u00e9es\">Donn\u00e9es<\/span><\/td>\n<\/tr>\n<tr>\n<td class=\"\"><span class=\"ellipsis\" title=\"Tension nominale\">Tension nominale<\/span><\/td>\n<td class=\"\"><span class=\"ellipsis\" title=\"kV\">kV<\/span><\/td>\n<td class=\"\"><span class=\"ellipsis\" title=\"7,2 ; 12\">7,2 ; 12<\/span><\/td>\n<\/tr>\n<tr>\n<td class=\"\"><span class=\"ellipsis\" title=\"Fr\u00e9quence nominale\">Fr\u00e9quence nominale<\/span><\/td>\n<td class=\"\"><span class=\"ellipsis\" title=\"Hz\">Hz<\/span><\/td>\n<td class=\"\"><span class=\"ellipsis\" title=\"50\">50<\/span><\/td>\n<\/tr>\n<tr>\n<td class=\"\"><span class=\"ellipsis\" title=\"Courant nominal\">Courant nominal<\/span><\/td>\n<td class=\"\"><span class=\"ellipsis\" title=\"A\">A<\/span><\/td>\n<td class=\"\"><span class=\"ellipsis\" title=\"630~4000\">630~4000<\/span><\/td>\n<\/tr>\n<tr>\n<td class=\"\"><span class=\"ellipsis\" title=\"Isolation nominale\">Isolation nominale<\/span><\/td>\n<td class=\"\"><span class=\"ellipsis\" title=\"Tension de tenue \u00e0 la fr\u00e9quence industrielle (par rapport \u00e0 la terre\/circuit ouvert)\">Tension de tenue \u00e0 la fr\u00e9quence industrielle (par rapport \u00e0 la terre\/circuit ouvert)<\/span><\/td>\n<td class=\"\"><span class=\"ellipsis\" title=\"kV\">kV<\/span><\/td>\n<td class=\"\"><span class=\"ellipsis\" title=\"28\/32 ; 42\/48\">28\/32 ; 42\/48<\/span><\/td>\n<\/tr>\n<tr>\n<td class=\"\"><span class=\"ellipsis\" title=\"Niveau\">Niveau<\/span><\/td>\n<td class=\"\"><span class=\"ellipsis\" title=\"Tension de tenue aux impulsions de foudre (par rapport \u00e0 la terre\/circuit ouvert)\">Tension de tenue aux impulsions de foudre (par rapport \u00e0 la terre\/circuit ouvert)<\/span><\/td>\n<td class=\"\"><span class=\"ellipsis\" title=\"kV\">kV<\/span><\/td>\n<td class=\"\"><span class=\"ellipsis\" title=\"60\/70 ; 75\/85\">60\/70 ; 75\/85<\/span><\/td>\n<\/tr>\n<tr>\n<td class=\"\"><span class=\"ellipsis\" title=\"Courant nominal de tenue en court-circuit (4 s)\">Courant nominal de tenue en court-circuit (4 s)<\/span><\/td>\n<td class=\"\"><span class=\"ellipsis\" title=\"kA\">kA<\/span><\/td>\n<td class=\"\"><span class=\"ellipsis\" title=\"20, 25, 31,5, 40, 50\">20, 25, 31,5, 40, 50<\/span><\/td>\n<\/tr>\n<tr>\n<td class=\"\"><span class=\"ellipsis\" title=\"Courant nominal de tenue en cr\u00eate\">Courant nominal de tenue en cr\u00eate<\/span><\/td>\n<td class=\"\"><span class=\"ellipsis\" title=\"kA\">kA<\/span><\/td>\n<td class=\"\"><span class=\"ellipsis\" title=\"50, 63, 80, 100, 125\">50, 63, 80, 100, 125<\/span><\/td>\n<\/tr>\n<tr>\n<td class=\"\"><span class=\"ellipsis\" title=\"Niveau de protection\">Niveau de protection<\/span><\/td>\n<td class=\"\"><span class=\"ellipsis\" title=\"\"><\/span><\/td>\n<td class=\"\"><span class=\"ellipsis\" title=\"Bo\u00eetier IP4X, IP2X lorsque la porte du compartiment \u00e0 chariot est ouverte\">Bo\u00eetier IP4X, IP2X lorsque la porte du compartiment \u00e0 chariot est ouverte<\/span><\/td>\n<\/tr>\n<tr>\n<td class=\"\"><span class=\"ellipsis\" title=\"Dimensions (Largeur \u00d7 Profondeur \u00d7 Hauteur)\">Dimensions (Largeur \u00d7 Profondeur \u00d7 Hauteur)<\/span><\/td>\n<td class=\"\"><span class=\"ellipsis\" title=\"mm\">mm<\/span><\/td>\n<td class=\"\"><span class=\"ellipsis\" title=\"800(1000) x 1500(1700,1900) x 2370\">800(1000) x 1500(1700,1900) x 2370<\/span><\/td>\n<\/tr>\n<tr>\n<td class=\"\"><span class=\"ellipsis\" title=\"Poids\">Poids<\/span><\/td>\n<td class=\"\"><span class=\"ellipsis\" title=\"kg\">kg<\/span><\/td>\n<td class=\"\"><span class=\"ellipsis\" title=\"800~1200\">800~1200<\/span><\/td>\n<\/tr>\n<\/tbody>\n<\/table>\n<p data-cah=\"2\">Pour un courant nominal de tenue courte dur\u00e9e de 31,5 kA et inf\u00e9rieur, et un courant nominal de barre secondaire de 1600 A et inf\u00e9rieur, la largeur de l'armoire est de 800 mm ;<\/p>\n<p> Pour un courant nominal de tenue courte dur\u00e9e de 40 kA et sup\u00e9rieur, et un courant nominal de barre secondaire de 1600 A et sup\u00e9rieur, la largeur de l'armoire est de 1000 mm, et la profondeur de l'armoire est choisie par l'utilisateur selon le sch\u00e9ma.<\/p>\n<p> Ce disjoncteur est \u00e9quip\u00e9 de disjoncteurs \u00e0 vide SCHVI fabriqu\u00e9s par notre entreprise, et peut \u00e9galement \u00eatre \u00e9quip\u00e9 de disjoncteurs \u00e0 vide Siemens 3AE et 3AJ1, ABB VD4 et HD4, ainsi que Schneider Evolis et EV12.<br \/> Informations de commande<br \/> \u2022 Veuillez fournir les informations suivantes lors de la commande :<\/p>\n<p> \u2022 Mod\u00e8le d\u2019appareillage, quantit\u00e9, date de livraison et num\u00e9ro du sch\u00e9ma principal ;<\/p>\n<p> \u2022 Sch\u00e9ma du syst\u00e8me primaire, sch\u00e9ma de principe secondaire et sch\u00e9ma de disposition de l\u2019appareillage ;<\/p>\n<p> \u2022 Courant nominal de la barre omnibus principale ainsi que mod\u00e8le et sp\u00e9cifications des composants primaires ;<\/p>\n<p> \u2022 Exigences sp\u00e9ciales (le cas \u00e9ch\u00e9ant).<\/p>","protected":false},"excerpt":{"rendered":"<p>Le mat\u00e9riel d'interrupteur m\u00e9tallique ferm\u00e9 KYN28-12 est adapt\u00e9 aux r\u00e9seaux \u00e9lectriques triphas\u00e9s \u00e0 courant alternatif de 7,2 \u00e0 12 kV et 50 Hz. Il est utilis\u00e9 pour recevoir et distribuer l'\u00e9nergie \u00e9lectrique, ainsi que pour contr\u00f4ler, surveiller et prot\u00e9ger les circuits. Aper\u00e7u \u3000\u3000Le mat\u00e9riel d'interrupteur m\u00e9tallique ferm\u00e9 extractible KYN28-12 est adapt\u00e9 aux r\u00e9seaux \u00e9lectriques triphas\u00e9s \u00e0 courant alternatif de 7,2 \u00e0 12 kV et 50 Hz. Il est utilis\u00e9 pour recevoir et distribuer l'\u00e9nergie \u00e9lectrique, et [\u2026]<\/p>","protected":false},"featured_media":1575,"template":"","meta":{"_acf_changed":false,"_seopress_robots_primary_cat":""},"product_brand":[],"product_cat":[58],"product_tag":[],"class_list":{"0":"post-1574","1":"product","2":"type-product","3":"status-publish","4":"has-post-thumbnail","6":"product_cat-ring-main-unit","8":"first","9":"instock","10":"shipping-taxable","11":"product-type-simple"},"acf":[],"_links":{"self":[{"href":"https:\/\/www.northpwr.cn\/fr\/wp-json\/wp\/v2\/product\/1574","targetHints":{"allow":["GET"]}}],"collection":[{"href":"https:\/\/www.northpwr.cn\/fr\/wp-json\/wp\/v2\/product"}],"about":[{"href":"https:\/\/www.northpwr.cn\/fr\/wp-json\/wp\/v2\/types\/product"}],"wp:featuredmedia":[{"embeddable":true,"href":"https:\/\/www.northpwr.cn\/fr\/wp-json\/wp\/v2\/media\/1575"}],"wp:attachment":[{"href":"https:\/\/www.northpwr.cn\/fr\/wp-json\/wp\/v2\/media?parent=1574"}],"wp:term":[{"taxonomy":"product_brand","embeddable":true,"href":"https:\/\/www.northpwr.cn\/fr\/wp-json\/wp\/v2\/product_brand?post=1574"},{"taxonomy":"product_cat","embeddable":true,"href":"https:\/\/www.northpwr.cn\/fr\/wp-json\/wp\/v2\/product_cat?post=1574"},{"taxonomy":"product_tag","embeddable":true,"href":"https:\/\/www.northpwr.cn\/fr\/wp-json\/wp\/v2\/product_tag?post=1574"}],"curies":[{"name":"wp","href":"https:\/\/api.w.org\/{rel}","templated":true}]}}