
{"id":1577,"date":"2025-12-03T11:06:32","date_gmt":"2025-12-03T03:06:32","guid":{"rendered":"https:\/\/www.northpwr.cn\/?post_type=product&p=1577"},"modified":"2025-12-03T11:06:32","modified_gmt":"2025-12-03T03:06:32","slug":"hxgn-12-fixed-ac-metal-clad-switchgear","status":"publish","type":"product","link":"https:\/\/www.northpwr.cn\/fr\/produit\/hxgn-12-fixed-ac-metal-clad-switchgear\/","title":{"rendered":"HXGN-12 Appareillage fixe en m\u00e9tal blind\u00e9 pour courant alternatif"},"content":{"rendered":"<p data-cah=\"2\">Le disjoncteur fixe enferm\u00e9 dans un bo\u00eetier m\u00e9tallique de type HXGN-12 (ci-apr\u00e8s d\u00e9nomm\u00e9 unit\u00e9 principale annulaire) est un \u00e9quipement \u00e9lectrique complet haute tension \u00e0 courant alternatif, avec une tension nominale de 12 kV et une fr\u00e9quence nominale de 50 Hz, principalement utilis\u00e9 pour les r\u00e9seaux triphas\u00e9s en anneau, les r\u00e9seaux de distribution terminaux et les \u00e9quipements d'alimentation industriels, destin\u00e9 \u00e0 la r\u00e9ception et \u00e0 la distribution d'\u00e9nergie \u00e9lectrique, etc. Il convient \u00e9galement aux installations haute tension.<\/p>\n<p> Aper\u00e7u<br \/> Le disjoncteur fixe enferm\u00e9 dans un bo\u00eetier m\u00e9tallique de type HXGN-12 (ci-apr\u00e8s d\u00e9nomm\u00e9 armoire r\u00e9seau annulaire) est un \u00e9quipement \u00e9lectrique complet haute tension \u00e0 courant alternatif, avec une tension nominale de 12 kV et une fr\u00e9quence nominale de 50 Hz, principalement utilis\u00e9 pour les r\u00e9seaux triphas\u00e9s en anneau, les r\u00e9seaux de distribution terminaux et les \u00e9quipements d'alimentation industriels, destin\u00e9 \u00e0 la r\u00e9ception et \u00e0 la distribution d'\u00e9nergie \u00e9lectrique. Il convient \u00e9galement aux installations haute tension.<br \/> Conditions d'environnement d'utilisation<br \/> \u2022 Utilise une structure compl\u00e8te d'appareil, l\u00e9g\u00e8re et esth\u00e9tique, pouvant \u00eatre combin\u00e9e et install\u00e9e de mani\u00e8re arbitraire, facile \u00e0 \u00e9tendre et \u00e0 agrandir \u00e0 l'infini.<\/p>\n<p> \u2022 Peut \u00eatre \u00e9quip\u00e9 d'un commutateur de charge indicateur pneumatique de type FKN12-12, d'un appareil combin\u00e9 \u00e9lectrique, ou d'un commutateur de charge sous vide de type FZN25-12, d'un appareil combin\u00e9 \u00e9lectrique ; les dimensions d'installation sont totalement compatibles. Petit format, sans entretien, structure \u00e0 liaison triphas\u00e9e et fonction de t\u00e9l\u00e9commande.<\/p>\n<p> \u2022 Fonctionne aussi bien en manuel qu'en \u00e9lectrique, et dispose d'une fonction de t\u00e9l\u00e9commande.<\/p>\n<p> \u2022 Dispose d'un dispositif m\u00e9canique de liaison et de verrouillage complet et fiable, assurant pleinement la fonction \u00ab\u00a0cinq pr\u00e9ventions\u00a0\u00bb.<\/p>\n<p> \u2022 Le commutateur de charge utilise une vanne isolante protectrice \u00e0 liaison pour prot\u00e9ger la poign\u00e9e sous tension, garantissant ainsi la s\u00e9curit\u00e9 personnelle.<\/p>\n<p> \u2022 La porte avant est \u00e9quip\u00e9e d'une fen\u00eatre d'observation permettant de surveiller clairement l'\u00e9tat de fonctionnement des composants \u00e0 l'int\u00e9rieur de l'armoire.<\/p>\n<p> \u2022 Conforme aux normes GB3906, GB11022 et autres.<br \/> Param\u00e8tres techniques<\/p>\n<table data-cah=\"6\">\n<tbody>\n<tr>\n<td class=\"\"><span class=\"ellipsis\" title=\"Num\u00e9ro de s\u00e9rie\">Num\u00e9ro de s\u00e9rie<\/span><\/td>\n<td class=\"\"><span class=\"ellipsis\" title=\"Nom\">Nom<\/span><\/td>\n<td class=\"\"><span class=\"ellipsis\" title=\"Unit\u00e9\">Unit\u00e9<\/span><\/td>\n<td class=\"\"><span class=\"ellipsis\" title=\"FKN12-12\">FKN12-12<\/span><\/td>\n<td class=\"\"><span class=\"ellipsis\" title=\"FKRN12-12\">FKRN12-12<\/span><\/td>\n<td class=\"\"><span class=\"ellipsis\" title=\"\"><\/span><\/td>\n<\/tr>\n<tr>\n<td class=\"\"><span class=\"ellipsis\" title=\"1\">1<\/span><\/td>\n<td class=\"\"><span class=\"ellipsis\" title=\"Tension nominale\">Tension nominale<\/span><\/td>\n<td class=\"\"><span class=\"ellipsis\" title=\"KV\">KV<\/span><\/td>\n<td class=\"\"><span class=\"ellipsis\" title=\"12\">12<\/span><\/td>\n<td class=\"\"><span class=\"ellipsis\" title=\"\"><\/span><\/td>\n<\/tr>\n<tr>\n<td class=\"\"><span class=\"ellipsis\" title=\"2\">2<\/span><\/td>\n<td class=\"\"><span class=\"ellipsis\" title=\"Tension de tenue \u00e0 fr\u00e9quence industrielle\">Tension de tenue \u00e0 fr\u00e9quence industrielle<\/span><\/td>\n<td class=\"\"><span class=\"ellipsis\" title=\"KV\">KV<\/span><\/td>\n<td class=\"\"><span class=\"ellipsis\" title=\"P\u00f4le et phase 42, port d&#039;isolement 48\">P\u00f4le et phase 42, port d'isolement 48<\/span><\/td>\n<td class=\"\"><span class=\"ellipsis\" title=\"\"><\/span><\/td>\n<\/tr>\n<tr>\n<td class=\"\"><span class=\"ellipsis\" title=\"3\">3<\/span><\/td>\n<td class=\"\"><span class=\"ellipsis\" title=\"Tension d&#039;impulsion de foudre (cr\u00eate)\">Tension d'impulsion de foudre (cr\u00eate)<\/span><\/td>\n<td class=\"\"><span class=\"ellipsis\" title=\"KV\">KV<\/span><\/td>\n<td class=\"\"><span class=\"ellipsis\" title=\"P\u00f4le et phase 75, port d&#039;isolement 85\">P\u00f4le et phase 75, port d'isolement 85<\/span><\/td>\n<td class=\"\"><span class=\"ellipsis\" title=\"\"><\/span><\/td>\n<\/tr>\n<tr>\n<td class=\"\"><span class=\"ellipsis\" title=\"4\">4<\/span><\/td>\n<td class=\"\"><span class=\"ellipsis\" title=\"Fr\u00e9quence nominale\">Fr\u00e9quence nominale<\/span><\/td>\n<td class=\"\"><span class=\"ellipsis\" title=\"Hz\">Hz<\/span><\/td>\n<td class=\"\"><span class=\"ellipsis\" title=\"50\">50<\/span><\/td>\n<td class=\"\"><span class=\"ellipsis\" title=\"\"><\/span><\/td>\n<\/tr>\n<tr>\n<td class=\"\"><span class=\"ellipsis\" title=\"5\">5<\/span><\/td>\n<td class=\"\"><span class=\"ellipsis\" title=\"Courant nominal du barreau principal\">Courant nominal du barreau principal<\/span><\/td>\n<td class=\"\"><span class=\"ellipsis\" title=\"A\">A<\/span><\/td>\n<td class=\"\"><span class=\"ellipsis\" title=\"630\">630<\/span><\/td>\n<td class=\"\"><span class=\"ellipsis\" title=\"\"><\/span><\/td>\n<\/tr>\n<tr>\n<td class=\"\"><span class=\"ellipsis\" title=\"6\">6<\/span><\/td>\n<td class=\"\"><span class=\"ellipsis\" title=\"Courant nominal\">Courant nominal<\/span><\/td>\n<td class=\"\"><span class=\"ellipsis\" title=\"A\">A<\/span><\/td>\n<td class=\"\"><span class=\"ellipsis\" title=\"630\">630<\/span><\/td>\n<td class=\"\"><span class=\"ellipsis\" title=\"\"><\/span><\/td>\n<\/tr>\n<tr>\n<td class=\"\"><span class=\"ellipsis\" title=\"7\">7<\/span><\/td>\n<td class=\"\"><span class=\"ellipsis\" title=\"Interrupteur de charge\">Interrupteur de charge<\/span><\/td>\n<td class=\"\"><span class=\"ellipsis\" title=\"Dur\u00e9e de vie \u00e9lectrique nominale sous courant\">Dur\u00e9e de vie \u00e9lectrique nominale sous courant<\/span><\/td>\n<td class=\"\"><span class=\"ellipsis\" title=\"Temps\">Temps<\/span><\/td>\n<td class=\"\" colspan=\"2\"><span class=\"ellipsis\" title=\"Pas moins de 100\">Pas moins de 100<\/span><\/td>\n<\/tr>\n<tr>\n<td class=\"\"><span class=\"ellipsis\" title=\"8\">8<\/span><\/td>\n<td class=\"\"><span class=\"ellipsis\" title=\"Interrupteur de charge\">Interrupteur de charge<\/span><\/td>\n<td class=\"\"><span class=\"ellipsis\" title=\"Capacit\u00e9 de coupure d&#039;un transformateur \u00e0 vide\">Capacit\u00e9 de coupure d'un transformateur \u00e0 vide<\/span><\/td>\n<td class=\"\"><span class=\"ellipsis\" title=\"kVA\">kVA<\/span><\/td>\n<td class=\"\" colspan=\"2\"><span class=\"ellipsis\" title=\"1250, 1600\">1250, 1600<\/span><\/td>\n<\/tr>\n<tr>\n<td class=\"\"><span class=\"ellipsis\" title=\"9\">9<\/span><\/td>\n<td class=\"\"><span class=\"ellipsis\" title=\"Interrupteur de charge\">Interrupteur de charge<\/span><\/td>\n<td class=\"\"><span class=\"ellipsis\" title=\"Courant nominal de stabilit\u00e9 thermique\">Courant nominal de stabilit\u00e9 thermique<\/span><\/td>\n<td class=\"\"><span class=\"ellipsis\" title=\"kA\/s\">kA\/s<\/span><\/td>\n<td class=\"\" colspan=\"2\"><span class=\"ellipsis\" title=\"20\/4, interrupteur de mise \u00e0 terre 20\/2\">20\/4, interrupteur de mise \u00e0 terre 20\/2<\/span><\/td>\n<\/tr>\n<tr>\n<td class=\"\"><span class=\"ellipsis\" title=\"10\">10<\/span><\/td>\n<td class=\"\"><span class=\"ellipsis\" title=\"Interrupteur de charge\">Interrupteur de charge<\/span><\/td>\n<td class=\"\"><span class=\"ellipsis\" title=\"Courant nominal de stabilit\u00e9 dynamique (cr\u00eate)\">Courant nominal de stabilit\u00e9 dynamique (cr\u00eate)<\/span><\/td>\n<td class=\"\"><span class=\"ellipsis\" title=\"kA\">kA<\/span><\/td>\n<td class=\"\" colspan=\"2\"><span class=\"ellipsis\" title=\"50\">50<\/span><\/td>\n<\/tr>\n<\/tbody>\n<\/table>\n<table data-cah=\"6\">\n<tbody>\n<tr>\n<td class=\"\"><span class=\"ellipsis\" title=\"10\">10<\/span><\/td>\n<td class=\"\"><span class=\"ellipsis\" title=\"Interrupteur de charge\">Interrupteur de charge<\/span><\/td>\n<td class=\"\"><span class=\"ellipsis\" title=\"Courant nominal de fermeture en court-circuit (cr\u00eate)\">Courant nominal de fermeture en court-circuit (cr\u00eate)<\/span><\/td>\n<td class=\"\"><span class=\"ellipsis\" title=\"kA\">kA<\/span><\/td>\n<td class=\"\" colspan=\"2\"><span class=\"ellipsis\" title=\"50\">50<\/span><\/td>\n<\/tr>\n<tr>\n<td class=\"\"><span class=\"ellipsis\" title=\"12\">12<\/span><\/td>\n<td class=\"\"><span class=\"ellipsis\" title=\"Appareil \u00e9lectrique combin\u00e9\">Appareil \u00e9lectrique combin\u00e9<\/span><\/td>\n<td class=\"\"><span class=\"ellipsis\" title=\"Courant nominal du fusible\">Courant nominal du fusible<\/span><\/td>\n<td class=\"\"><span class=\"ellipsis\" title=\"A\">A<\/span><\/td>\n<td class=\"\" colspan=\"2\"><span class=\"ellipsis\" title=\"100\">100<\/span><\/td>\n<\/tr>\n<tr>\n<td class=\"\"><span class=\"ellipsis\" title=\"13\">13<\/span><\/td>\n<td class=\"\"><span class=\"ellipsis\" title=\"Appareil \u00e9lectrique combin\u00e9\">Appareil \u00e9lectrique combin\u00e9<\/span><\/td>\n<td class=\"\"><span class=\"ellipsis\" title=\"Courant nominal de transfert\">Courant nominal de transfert<\/span><\/td>\n<td class=\"\"><span class=\"ellipsis\" title=\"A\">A<\/span><\/td>\n<td class=\"\"><span class=\"ellipsis\" title=\"\"><\/span><\/td>\n<td class=\"\"><span class=\"ellipsis\" title=\"2000\">2000<\/span><\/td>\n<\/tr>\n<tr>\n<td class=\"\"><span class=\"ellipsis\" title=\"14\">14<\/span><\/td>\n<td class=\"\"><span class=\"ellipsis\" title=\"Appareil \u00e9lectrique combin\u00e9\">Appareil \u00e9lectrique combin\u00e9<\/span><\/td>\n<td class=\"\"><span class=\"ellipsis\" title=\"Courant nominal de coupure de court-circuit\">Courant nominal de coupure de court-circuit<\/span><\/td>\n<td class=\"\"><span class=\"ellipsis\" title=\"kA\">kA<\/span><\/td>\n<td class=\"\" colspan=\"2\"><span class=\"ellipsis\" title=\"31.5\">31.5<\/span><\/td>\n<\/tr>\n<tr>\n<td class=\"\"><span class=\"ellipsis\" title=\"15\">15<\/span><\/td>\n<td class=\"\"><span class=\"ellipsis\" title=\"Appareil \u00e9lectrique combin\u00e9\">Appareil \u00e9lectrique combin\u00e9<\/span><\/td>\n<td class=\"\"><span class=\"ellipsis\" title=\"Mod\u00e8le de fusible correspondant\">Mod\u00e8le de fusible correspondant<\/span><\/td>\n<td class=\"\"><span class=\"ellipsis\" title=\"\"><\/span><\/td>\n<td class=\"\" colspan=\"2\"><span class=\"ellipsis\" title=\"SLAJ-12(XRNT-12)\">SLAJ-12(XRNT-12)<\/span><\/td>\n<\/tr>\n<tr>\n<td class=\"\"><span class=\"ellipsis\" title=\"16\">16<\/span><\/td>\n<td class=\"\"><span class=\"ellipsis\" title=\"Dur\u00e9e de vie m\u00e9canique\">Dur\u00e9e de vie m\u00e9canique<\/span><\/td>\n<td class=\"\"><span class=\"ellipsis\" title=\"Temps\">Temps<\/span><\/td>\n<td class=\"\"><span class=\"ellipsis\" title=\"3000\">3000<\/span><\/td>\n<td class=\"\"><span class=\"ellipsis\" title=\"10000\">10000<\/span><\/td>\n<td class=\"\"><span class=\"ellipsis\" title=\"\"><\/span><\/td>\n<\/tr>\n<tr>\n<td class=\"\"><span class=\"ellipsis\" title=\"17\">17<\/span><\/td>\n<td class=\"\"><span class=\"ellipsis\" title=\"Tension de tenue \u00e0 fr\u00e9quence industrielle du circuit auxiliaire Imin\">Tension de tenue \u00e0 fr\u00e9quence industrielle du circuit auxiliaire Imin<\/span><\/td>\n<td class=\"\"><span class=\"ellipsis\" title=\"KV\">KV<\/span><\/td>\n<td class=\"\"><span class=\"ellipsis\" title=\"2\">2<\/span><\/td>\n<td class=\"\"><span class=\"ellipsis\" title=\"\"><\/span><\/td>\n<\/tr>\n<tr>\n<td class=\"\"><span class=\"ellipsis\" title=\"18\">18<\/span><\/td>\n<td class=\"\"><span class=\"ellipsis\" title=\"Tension de fonctionnement du m\u00e9canisme d\u2019actionnement \u00e9lectrique\">Tension de fonctionnement du m\u00e9canisme d\u2019actionnement \u00e9lectrique<\/span><\/td>\n<td class=\"\"><span class=\"ellipsis\" title=\"V\">V<\/span><\/td>\n<td class=\"\"><span class=\"ellipsis\" title=\"AC\/DC 220, 110\">AC\/DC 220, 110<\/span><\/td>\n<td class=\"\"><span class=\"ellipsis\" title=\"\"><\/span><\/td>\n<\/tr>\n<tr>\n<td class=\"\"><span class=\"ellipsis\" title=\"19\">19<\/span><\/td>\n<td class=\"\"><span class=\"ellipsis\" title=\"Niveau de protection\">Niveau de protection<\/span><\/td>\n<td class=\"\"><span class=\"ellipsis\" title=\"\"><\/span><\/td>\n<td class=\"\"><span class=\"ellipsis\" title=\"1P4X\">1P4X<\/span><\/td>\n<td class=\"\"><span class=\"ellipsis\" title=\"\"><\/span><\/td>\n<\/tr>\n<tr>\n<td class=\"\"><span class=\"ellipsis\" title=\"20\">20<\/span><\/td>\n<td class=\"\"><span class=\"ellipsis\" title=\"Dimensions (Largeur \u00d7 Profondeur \u00d7 Hauteur)\">Dimensions (Largeur \u00d7 Profondeur \u00d7 Hauteur)<\/span><\/td>\n<td class=\"\"><span class=\"ellipsis\" title=\"mm\">mm<\/span><\/td>\n<td class=\"\"><span class=\"ellipsis\" title=\"700 (900) \u00d7 900 \u00d7 2000 (2200)\">700 (900) \u00d7 900 \u00d7 2000 (2200)<\/span><\/td>\n<td class=\"\"><span class=\"ellipsis\" title=\"\"><\/span><\/td>\n<\/tr>\n<\/tbody>\n<\/table>\n<p data-cah=\"2\">Instructions de commande<br \/> \u2022 Veuillez fournir les informations suivantes lors de la commande :<\/p>\n<p> \u2022 Mod\u00e8le d\u2019appareillage, quantit\u00e9, date de livraison et num\u00e9ro du sch\u00e9ma principal ;<\/p>\n<p> \u2022 Sch\u00e9ma du syst\u00e8me primaire, sch\u00e9ma de principe secondaire et sch\u00e9ma de disposition de l\u2019appareillage ;<\/p>\n<p> \u2022 Courant nominal de la barre omnibus principale ainsi que mod\u00e8le et sp\u00e9cifications des composants primaires ;<\/p>\n<p> \u2022 Exigences sp\u00e9ciales (le cas \u00e9ch\u00e9ant).<\/p>","protected":false},"excerpt":{"rendered":"<p>Le disjoncteur fixe ferm\u00e9 en m\u00e9tal de type HXGN-12 (ci-apr\u00e8s d\u00e9nomm\u00e9 unit\u00e9 principale annulaire) est un \u00e9quipement \u00e9lectrique complet haute tension \u00e0 courant alternatif, d'une tension nominale de 12 kV et d'une fr\u00e9quence nominale de 50 Hz, principalement utilis\u00e9 dans les r\u00e9seaux triphas\u00e9s en anneau, les r\u00e9seaux de distribution terminale et les \u00e9quipements \u00e9lectriques industriels, pour la r\u00e9ception et la distribution d'\u00e9nergie \u00e9lectrique, etc. Il convient \u00e9galement aux installations haute tension. Aper\u00e7u \u3000\u3000Le [\u2026]<\/p>","protected":false},"featured_media":1578,"template":"","meta":{"_acf_changed":false,"_seopress_robots_primary_cat":""},"product_brand":[],"product_cat":[58],"product_tag":[],"class_list":{"0":"post-1577","1":"product","2":"type-product","3":"status-publish","4":"has-post-thumbnail","6":"product_cat-ring-main-unit","8":"first","9":"instock","10":"shipping-taxable","11":"product-type-simple"},"acf":[],"_links":{"self":[{"href":"https:\/\/www.northpwr.cn\/fr\/wp-json\/wp\/v2\/product\/1577","targetHints":{"allow":["GET"]}}],"collection":[{"href":"https:\/\/www.northpwr.cn\/fr\/wp-json\/wp\/v2\/product"}],"about":[{"href":"https:\/\/www.northpwr.cn\/fr\/wp-json\/wp\/v2\/types\/product"}],"wp:featuredmedia":[{"embeddable":true,"href":"https:\/\/www.northpwr.cn\/fr\/wp-json\/wp\/v2\/media\/1578"}],"wp:attachment":[{"href":"https:\/\/www.northpwr.cn\/fr\/wp-json\/wp\/v2\/media?parent=1577"}],"wp:term":[{"taxonomy":"product_brand","embeddable":true,"href":"https:\/\/www.northpwr.cn\/fr\/wp-json\/wp\/v2\/product_brand?post=1577"},{"taxonomy":"product_cat","embeddable":true,"href":"https:\/\/www.northpwr.cn\/fr\/wp-json\/wp\/v2\/product_cat?post=1577"},{"taxonomy":"product_tag","embeddable":true,"href":"https:\/\/www.northpwr.cn\/fr\/wp-json\/wp\/v2\/product_tag?post=1577"}],"curies":[{"name":"wp","href":"https:\/\/api.w.org\/{rel}","templated":true}]}}