
{"id":1583,"date":"2025-12-03T11:06:36","date_gmt":"2025-12-03T03:06:36","guid":{"rendered":"https:\/\/www.northpwr.cn\/?post_type=product&p=1583"},"modified":"2025-12-03T11:06:36","modified_gmt":"2025-12-03T03:06:36","slug":"fy3000-gcs-low-voltage-switchgear","status":"publish","type":"product","link":"https:\/\/www.northpwr.cn\/fr\/produit\/fy3000-gcs-low-voltage-switchgear\/","title":{"rendered":"FY3000 (GCS) Appareillage basse tension"},"content":{"rendered":"<p data-cah=\"2\">Le mat\u00e9riel d'interrupteur basse tension extractible FY3000 (GCS) convient aux syst\u00e8mes de distribution d'\u00e9nergie dans les centrales \u00e9lectriques, l'industrie p\u00e9troli\u00e8re, chimique, m\u00e9tallurgique, textile et les b\u00e2timents de grande hauteur.<\/p>\n<p> Aper\u00e7u<br \/> \u3000\u3000Le mat\u00e9riel d'interrupteur basse tension extractible FY3000 (GCS) convient aux syst\u00e8mes de distribution d'\u00e9nergie dans les centrales \u00e9lectriques, l'industrie p\u00e9troli\u00e8re, chimique, m\u00e9tallurgique, textile et les b\u00e2timents de grande hauteur. Dans les grandes centrales \u00e9lectriques et les syst\u00e8mes p\u00e9trochimiques pr\u00e9sentant un haut degr\u00e9 d'automatisation et des exigences en mati\u00e8re d'interface informatique, il constitue un dispositif complet de distribution d'\u00e9nergie basse tension destin\u00e9 \u00e0 la commande de moteurs, \u00e0 la compensation de puissance r\u00e9active et aliment\u00e9 par un courant alternatif triphas\u00e9 de fr\u00e9quence 50 (60 Hz), avec une tension nominale de fonctionnement de 380 V (400 V).<br \/> Conditions d'environnement d'utilisation<br \/> \u3000\u3000\u2022 Temp\u00e9rature ambiante : +40\u2103~-15\u2103<\/p>\n<p> \u3000\u3000\u2022 Altitude : 2000m.<\/p>\n<p> \u3000\u3000\u2022 Humidit\u00e9 ambiante : humidit\u00e9 relative moyenne quotidienne 95%, humidit\u00e9 relative moyenne mensuelle 90%.<\/p>\n<p> \u3000\u3000\u2022 L'inclinaison de la surface d'installation verticale ne d\u00e9passe pas 5%, et l'ensemble du groupe d'armoires est relativement plat.<\/p>\n<p> \u3000\u3000\u2022 Absence de vibrations et chocs violents, ainsi que d'endroits pr\u00e9sentant une corrosion insuffisante pour endommager les composants \u00e9lectriques.<br \/> Principales caract\u00e9ristiques structurelles<br \/> \u3000\u3000\u2022 Le cadre principal adopte des profil\u00e9s BMF ou des profil\u00e9s en \u00ab C \u00bb, cintr\u00e9s \u00e0 froid \u00e0 partir de t\u00f4les d'acier lamin\u00e9es \u00e0 froid ou de t\u00f4les d'acier rev\u00eatues d'aluminium-zinc, offrant une haute r\u00e9sistance et une installation modulaire ais\u00e9e.<\/p>\n<p> \u3000\u3000\u2022 Les types de tiroirs se divisent en quatre s\u00e9ries de tailles : 1\/2 unit\u00e9, 1 unit\u00e9, 2 unit\u00e9s et 3 unit\u00e9s, avec un courant nominal de circuit de 630 A ou moins.<\/p>\n<p> \u3000\u3000\u2022 Assemblage flexible, structure compacte, polyvalence \u00e9lev\u00e9e, bonnes performances de s\u00e9curit\u00e9 et montage pratique.<\/p>\n<p> \u3000\u3000\u2022 L'augmentation de la capacit\u00e9 thermique de la pi\u00e8ce de transfert r\u00e9duit consid\u00e9rablement l'\u00e9l\u00e9vation de temp\u00e9rature caus\u00e9e par cette pi\u00e8ce sur la prise enfichable, la t\u00eate de c\u00e2ble et la plaque de s\u00e9paration.<\/p>\n<p> \u3000\u3000\u2022 Fiabilit\u00e9 entre les unit\u00e9s fonctionnelles et les compartiments ; la d\u00e9faillance d'une unit\u00e9 n'affectera pas le fonctionnement normal des autres unit\u00e9s, limitant ainsi la panne au minimum possible.<\/p>\n<p> \u3000\u3000\u2022 La disposition horizontale des barres omnibus assure une bonne stabilit\u00e9 dynamique et thermique de l'appareil.<\/p>\n<p> \u3000\u3000\u2022 La connexion entre l'appareil et les c\u00e2bles externes s'effectue dans le compartiment \u00e0 c\u00e2bles, et les c\u00e2bles peuvent entrer et sortir par le haut comme par le bas. Le transformateur de courant de s\u00e9quence z\u00e9ro est plac\u00e9 dans le compartiment \u00e0 c\u00e2bles pour faciliter l'installation et la maintenance.<\/p>\n<p> \u3000\u3000\u2022 L'unit\u00e9 de tiroir dispose d'un nombre suffisant de prises secondaires (32 paires pour 1 unit\u00e9 et plus, 20 paires pour 1\/2 unit\u00e9), pouvant r\u00e9pondre aux exigences en termes de points de connexion pour les interfaces informatiques et les circuits de t\u00e9l\u00e9commande.<\/p>\n<p data-cah=\"2\">Informations de commande<br \/> \u2022 Veuillez fournir les informations suivantes lors de la commande :<\/p>\n<p> \u3000\u3000\u2022 Num\u00e9ro du sch\u00e9ma du circuit principal, sch\u00e9ma de c\u00e2blage principal, sch\u00e9ma d'agencement et plan de disposition.<\/p>\n<p> \u3000\u3000\u2022 Sch\u00e9ma \u00e9lectrique du circuit auxiliaire et sch\u00e9ma de disposition des bornes.<\/p>\n<p> \u3000\u3000\u2022 Symboles, sp\u00e9cifications et quantit\u00e9s des composants \u00e9lectriques \u00e0 l'int\u00e9rieur de l'appareillage.<\/p>","protected":false},"excerpt":{"rendered":"<p>Le tableau \u00e9lectrique basse tension extractible FY3000 (GCS) est adapt\u00e9 aux syst\u00e8mes de distribution d'\u00e9nergie dans les centrales \u00e9lectriques, l'industrie p\u00e9troli\u00e8re, chimique, m\u00e9tallurgique, textile et les b\u00e2timents de grande hauteur. Aper\u00e7u \u3000\u3000Le tableau \u00e9lectrique basse tension extractible FY3000 (GCS) est adapt\u00e9 aux syst\u00e8mes de distribution d'\u00e9nergie dans les centrales \u00e9lectriques, l'industrie p\u00e9troli\u00e8re, chimique, m\u00e9tallurgique, textile et les b\u00e2timents de grande hauteur. Dans les grandes centrales \u00e9lectriques et les syst\u00e8mes p\u00e9trochimiques avec un [\u2026]<\/p>","protected":false},"featured_media":1584,"template":"","meta":{"_acf_changed":false,"_seopress_robots_primary_cat":""},"product_brand":[],"product_cat":[60],"product_tag":[],"class_list":{"0":"post-1583","1":"product","2":"type-product","3":"status-publish","4":"has-post-thumbnail","6":"product_cat-low-voltage-cabinet","8":"first","9":"instock","10":"shipping-taxable","11":"product-type-simple"},"acf":[],"_links":{"self":[{"href":"https:\/\/www.northpwr.cn\/fr\/wp-json\/wp\/v2\/product\/1583","targetHints":{"allow":["GET"]}}],"collection":[{"href":"https:\/\/www.northpwr.cn\/fr\/wp-json\/wp\/v2\/product"}],"about":[{"href":"https:\/\/www.northpwr.cn\/fr\/wp-json\/wp\/v2\/types\/product"}],"wp:featuredmedia":[{"embeddable":true,"href":"https:\/\/www.northpwr.cn\/fr\/wp-json\/wp\/v2\/media\/1584"}],"wp:attachment":[{"href":"https:\/\/www.northpwr.cn\/fr\/wp-json\/wp\/v2\/media?parent=1583"}],"wp:term":[{"taxonomy":"product_brand","embeddable":true,"href":"https:\/\/www.northpwr.cn\/fr\/wp-json\/wp\/v2\/product_brand?post=1583"},{"taxonomy":"product_cat","embeddable":true,"href":"https:\/\/www.northpwr.cn\/fr\/wp-json\/wp\/v2\/product_cat?post=1583"},{"taxonomy":"product_tag","embeddable":true,"href":"https:\/\/www.northpwr.cn\/fr\/wp-json\/wp\/v2\/product_tag?post=1583"}],"curies":[{"name":"wp","href":"https:\/\/api.w.org\/{rel}","templated":true}]}}