
{"id":1586,"date":"2025-12-03T11:04:41","date_gmt":"2025-12-03T03:04:41","guid":{"rendered":"https:\/\/www.northpwr.cn\/?post_type=product&p=1586"},"modified":"2025-12-03T11:04:41","modified_gmt":"2025-12-03T03:04:41","slug":"power-distribution-box","status":"publish","type":"product","link":"https:\/\/www.northpwr.cn\/fr\/produit\/power-distribution-box\/","title":{"rendered":"Bo\u00eete de distribution d'\u00e9nergie"},"content":{"rendered":"<p data-cah=\"2\">L'entreprise adh\u00e8re au th\u00e8me de d\u00e9veloppement \u00ab pragmatisme, innovation, harmonie et b\u00e9n\u00e9fice mutuel \u00bb, a effectu\u00e9 une s\u00e9rie d'allocations de ressources et a mis en place une plateforme de d\u00e9veloppement efficace.<\/p>\n<p> L'entreprise utilise des syst\u00e8mes CAD (Conception Assist\u00e9e par Ordinateur) de pointe et dispose de capacit\u00e9s de usinage \u00e0 commande num\u00e9rique (NC) de derni\u00e8re g\u00e9n\u00e9ration. Elle a \u00e9galement re\u00e7u des distinctions telles que \u00ab Entreprise fiable de qualit\u00e9 not\u00e9e AAA \u00bb, \u00ab Entreprise certifi\u00e9e en service de qualit\u00e9 not\u00e9e AAA \u00bb et \u00ab Entreprise de cr\u00e9dit not\u00e9e AAA \u00bb. Tous les produits ont pass\u00e9 la certification nationale obligatoire pour les produits, ce qui leur vaut d'excellentes appr\u00e9ciations pour leurs performances.<\/p>","protected":false},"excerpt":{"rendered":"<p>L'entreprise adh\u00e8re au th\u00e8me de d\u00e9veloppement \u00ab pragmatisme, innovation, harmonie et b\u00e9n\u00e9fice mutuel \u00bb, a effectu\u00e9 une s\u00e9rie d'allocations de ressources et a mis en place une plateforme de d\u00e9veloppement efficace. L'entreprise utilise des syst\u00e8mes CAD (Conception Assist\u00e9e par Ordinateur) de pointe et dispose de capacit\u00e9s de usinage \u00e0 commande num\u00e9rique (CN) de derni\u00e8re g\u00e9n\u00e9ration. Elle a \u00e9galement obtenu des distinctions telles qu'entreprise fiable de niveau AAA dans [\u2026]<\/p>","protected":false},"featured_media":1587,"template":"","meta":{"_acf_changed":false,"_seopress_robots_primary_cat":""},"product_brand":[],"product_cat":[61],"product_tag":[],"class_list":{"0":"post-1586","1":"product","2":"type-product","3":"status-publish","4":"has-post-thumbnail","6":"product_cat-distribution-cabinet","8":"first","9":"instock","10":"shipping-taxable","11":"product-type-simple"},"acf":[],"_links":{"self":[{"href":"https:\/\/www.northpwr.cn\/fr\/wp-json\/wp\/v2\/product\/1586","targetHints":{"allow":["GET"]}}],"collection":[{"href":"https:\/\/www.northpwr.cn\/fr\/wp-json\/wp\/v2\/product"}],"about":[{"href":"https:\/\/www.northpwr.cn\/fr\/wp-json\/wp\/v2\/types\/product"}],"wp:featuredmedia":[{"embeddable":true,"href":"https:\/\/www.northpwr.cn\/fr\/wp-json\/wp\/v2\/media\/1587"}],"wp:attachment":[{"href":"https:\/\/www.northpwr.cn\/fr\/wp-json\/wp\/v2\/media?parent=1586"}],"wp:term":[{"taxonomy":"product_brand","embeddable":true,"href":"https:\/\/www.northpwr.cn\/fr\/wp-json\/wp\/v2\/product_brand?post=1586"},{"taxonomy":"product_cat","embeddable":true,"href":"https:\/\/www.northpwr.cn\/fr\/wp-json\/wp\/v2\/product_cat?post=1586"},{"taxonomy":"product_tag","embeddable":true,"href":"https:\/\/www.northpwr.cn\/fr\/wp-json\/wp\/v2\/product_tag?post=1586"}],"curies":[{"name":"wp","href":"https:\/\/api.w.org\/{rel}","templated":true}]}}