
{"id":1588,"date":"2025-12-03T11:06:41","date_gmt":"2025-12-03T03:06:41","guid":{"rendered":"https:\/\/www.northpwr.cn\/?post_type=product&p=1588"},"modified":"2025-12-03T11:06:41","modified_gmt":"2025-12-03T03:06:41","slug":"fyxl-metal-enclosed-switchgear-power-cabinet","status":"publish","type":"product","link":"https:\/\/www.northpwr.cn\/fr\/produit\/fyxl-metal-enclosed-switchgear-power-cabinet\/","title":{"rendered":"Appareillage m\u00e9tallique ferm\u00e9 (armoire d'alimentation)"},"content":{"rendered":"<p data-cah=\"2\">Le coffret de distribution d'\u00e9nergie FYXL est adapt\u00e9 \u00e0 l'utilisation dans les syst\u00e8mes de distribution d'\u00e9nergie ayant une tension nominale de 400 V et un courant nominal de 630 A ou moins pour la r\u00e9ception d'\u00e9nergie, l'alimentation \u00e9lectrique, le contr\u00f4le des moteurs et l'\u00e9clairage. Il assure les fonctions de commande, de protection, d'isolement, de surveillance, de comptage et de t\u00e9l\u00e9commande (quatre fonctions de t\u00e9l\u00e9commande) gr\u00e2ce \u00e0 un syst\u00e8me automatis\u00e9 de supervision int\u00e9gr\u00e9e.<\/p>\n<p> Aper\u00e7u<br \/> \u3000\u3000Le coffret de distribution d'\u00e9nergie FYXL est adapt\u00e9 \u00e0 l'utilisation dans les syst\u00e8mes de distribution d'\u00e9nergie ayant une tension nominale de 400 V et un courant nominal de 630 A ou moins pour la r\u00e9ception d'\u00e9nergie, l'alimentation \u00e9lectrique, le contr\u00f4le des moteurs et l'\u00e9clairage. Il assure les fonctions de commande, de protection, d'isolement, de surveillance, de comptage et de t\u00e9l\u00e9commande gr\u00e2ce \u00e0 un syst\u00e8me automatis\u00e9 de supervision int\u00e9gr\u00e9e. Cette s\u00e9rie de produits offre une gamme compl\u00e8te de solutions et peut mettre en \u0153uvre divers sch\u00e9mas de distribution d'\u00e9nergie selon les besoins des utilisateurs. Elle constitue un \u00e9l\u00e9ment indispensable dans l'environnement de distribution d'\u00e9nergie et repr\u00e9sente un \u00e9quipement id\u00e9al de distribution d'\u00e9nergie terminale pour les immeubles de grande hauteur, les a\u00e9roports, les ports, les entreprises industrielles et mini\u00e8res ainsi que d'autres secteurs.<br \/> Conditions d'environnement d'utilisation<br \/> \u3000\u3000\u2022 Temp\u00e9rature ambiante : -40\u2103~35\u2103<\/p>\n<p> \u3000\u3000\u2022 Humidit\u00e9 relative : \u226490% (\u00e0 20\u2103)<\/p>\n<p> \u3000\u3000\u2022 Altitude : \u22642000m<\/p>\n<p> \u3000\u3000\u2022 Conditions environnementales : Ne convient pas aux endroits pr\u00e9sentant des risques d'incendie, d'explosion, de pollution s\u00e9v\u00e8re, de corrosion chimique et de fortes vibrations<\/p>\n<p> \u3000\u3000\u2022 Emplacement d'installation : L'angle d'inclinaison par rapport au sol ne doit pas d\u00e9passer 5 degr\u00e9s<br \/> Param\u00e8tres techniques<\/p>\n<table data-cah=\"6\">\n<tbody>\n<tr>\n<td class=\"\"><span class=\"ellipsis\" title=\"Num\u00e9ro de s\u00e9rie\">Num\u00e9ro de s\u00e9rie<\/span><\/td>\n<td class=\"\"><span class=\"ellipsis\" title=\"Nom\">Nom<\/span><\/td>\n<td class=\"\"><span class=\"ellipsis\" title=\"Unit\u00e9\">Unit\u00e9<\/span><\/td>\n<td class=\"\"><span class=\"ellipsis\" title=\"Param\u00e8tres techniques\">Param\u00e8tres techniques<\/span><\/td>\n<\/tr>\n<tr>\n<td class=\"\"><span class=\"ellipsis\" title=\"1\">1<\/span><\/td>\n<td class=\"\"><span class=\"ellipsis\" title=\"Tension nominale du circuit principal\">Tension nominale du circuit principal<\/span><\/td>\n<td class=\"\"><span class=\"ellipsis\" title=\"V\">V<\/span><\/td>\n<td class=\"\"><span class=\"ellipsis\" title=\"Ac380\">Ac380<\/span><\/td>\n<\/tr>\n<tr>\n<td class=\"\"><span class=\"ellipsis\" title=\"2\">2<\/span><\/td>\n<td class=\"\"><span class=\"ellipsis\" title=\"Tension nominale du circuit auxiliaire\">Tension nominale du circuit auxiliaire<\/span><\/td>\n<td class=\"\"><span class=\"ellipsis\" title=\"V\">V<\/span><\/td>\n<td class=\"\"><span class=\"ellipsis\" title=\"AC220V, AC380\">AC220V, AC380<\/span><\/td>\n<\/tr>\n<tr>\n<td class=\"\"><span class=\"ellipsis\" title=\"3\">3<\/span><\/td>\n<td class=\"\"><span class=\"ellipsis\" title=\"Fr\u00e9quence nominale de fonctionnement\">Fr\u00e9quence nominale de fonctionnement<\/span><\/td>\n<td class=\"\"><span class=\"ellipsis\" title=\"Hz\">Hz<\/span><\/td>\n<td class=\"\"><span class=\"ellipsis\" title=\"50\">50<\/span><\/td>\n<\/tr>\n<tr>\n<td class=\"\"><span class=\"ellipsis\" title=\"4\">4<\/span><\/td>\n<td class=\"\"><span class=\"ellipsis\" title=\"Tension d&#039;isolement nominale\">Tension d'isolement nominale<\/span><\/td>\n<td class=\"\"><span class=\"ellipsis\" title=\"KV\">KV<\/span><\/td>\n<td class=\"\"><span class=\"ellipsis\" title=\"660, 690\">660, 690<\/span><\/td>\n<\/tr>\n<tr>\n<td class=\"\"><span class=\"ellipsis\" title=\"5\">5<\/span><\/td>\n<td class=\"\"><span class=\"ellipsis\" title=\"Courant nominal\">Courant nominal<\/span><\/td>\n<td class=\"\"><span class=\"ellipsis\" title=\"A\">A<\/span><\/td>\n<td class=\"\"><span class=\"ellipsis\" title=\"\u2264630\">\u2264630<\/span><\/td>\n<\/tr>\n<tr>\n<td class=\"\"><span class=\"ellipsis\" title=\"6\">6<\/span><\/td>\n<td class=\"\"><span class=\"ellipsis\" title=\"Dimensions (Largeur*Profondeur*Hauteur)\">Dimensions (Largeur*Profondeur*Hauteur)<\/span><\/td>\n<td class=\"\"><span class=\"ellipsis\" title=\"mm\">mm<\/span><\/td>\n<td class=\"\"><span class=\"ellipsis\" title=\"700*350*1700\">700*350*1700<\/span><\/td>\n<\/tr>\n<\/tbody>\n<\/table>\n<p data-cah=\"2\">Instructions de commande<br \/> \u3000\u3000Veuillez pr\u00e9ciser lors de la commande :<\/p>\n<p> \u3000\u3000\u2022 Sp\u00e9cifications du produit et num\u00e9ros de mod\u00e8le ;<\/p>\n<p> \u3000\u3000\u2022 Sch\u00e9ma du syst\u00e8me de circuit principal, sch\u00e9ma de disposition interne ;<\/p>\n<p> \u3000\u3000\u2022 Sch\u00e9ma \u00e9lectrique du circuit auxiliaire ;<\/p>\n<p> \u3000\u3000\u2022 Liste des composants \u00e0 l'int\u00e9rieur du coffret (sp\u00e9cifications des barres collectrices principales) ;<\/p>\n<p> \u3000\u3000\u2022 Couleur du coffret (gris camel clair si aucune exigence n'est pr\u00e9cis\u00e9e), dimensions du coffret.<\/p>\n<p> \u3000\u3000\u2022 Autres exigences sp\u00e9ciales qui ne correspondent pas aux conditions normales de fonctionnement du produit<br \/> Caract\u00e9ristiques principales<br \/> \u3000\u3000\u2022 Structure combin\u00e9e soud\u00e9e \u00e0 haute r\u00e9sistance ; le cadre adopte une structure enti\u00e8rement soud\u00e9e, l'int\u00e9rieur utilise une combinaison modulaire, offrant une r\u00e9sistance structurale \u00e9lev\u00e9e, une flexibilit\u00e9 dans la disposition d'installation et une esth\u00e9tique soign\u00e9e.<\/p>\n<p> \u3000\u3000\u2022 Disposition flexible et ajustable des composants ; inspection et maintenance faciles et rapides ; identification compl\u00e8te, avertissements clairs ; association de couleurs chaleureuse et agr\u00e9able.<\/p>\n<p> \u3000\u3000\u2022 La colonne d'installation remplace la m\u00e9thode traditionnelle standard des trous modulaires et peut \u00eatre r\u00e9gl\u00e9e sans palier dans la direction de la hauteur, am\u00e9liorant ainsi davantage la flexibilit\u00e9 et la rapidit\u00e9 d'installation des composants.<\/p>\n<p> \u3000\u3000\u2022 Les orifices d'entr\u00e9e et de sortie des c\u00e2bles sont \u00e9quip\u00e9s d'anneaux d'\u00e9tanch\u00e9it\u00e9 sp\u00e9ciaux de type tour, capables d'ajuster la taille de l'ouverture en fonction des sp\u00e9cifications des c\u00e2bles, tout en jouant un r\u00f4le anti-poussi\u00e8re et d'\u00e9tanch\u00e9it\u00e9, emp\u00eachant ainsi les petits animaux d'entrer dans le coffret et de provoquer des courts-circuits \u00e9lectriques. Cela renforce la s\u00e9curit\u00e9 et la fiabilit\u00e9 de l'\u00e9quipement.<\/p>","protected":false},"excerpt":{"rendered":"<p>Le coffret de distribution d'\u00e9nergie FYXL est adapt\u00e9 \u00e0 l'utilisation dans les syst\u00e8mes de distribution d'\u00e9nergie ayant une tension nominale de 400 V et un courant nominal de 630 A ou moins pour la r\u00e9ception d'\u00e9nergie, l'alimentation \u00e9lectrique, le contr\u00f4le des moteurs et l'\u00e9clairage. Il assure les fonctions de commande, de protection, d'isolement, de surveillance, de comptage et de t\u00e9l\u00e9commande (quatre fonctions de t\u00e9l\u00e9commande) gr\u00e2ce \u00e0 un syst\u00e8me int\u00e9gr\u00e9 automatis\u00e9 [\u2026].<\/p>","protected":false},"featured_media":1589,"template":"","meta":{"_acf_changed":false,"_seopress_robots_primary_cat":""},"product_brand":[],"product_cat":[61],"product_tag":[],"class_list":{"0":"post-1588","1":"product","2":"type-product","3":"status-publish","4":"has-post-thumbnail","6":"product_cat-distribution-cabinet","8":"first","9":"instock","10":"shipping-taxable","11":"product-type-simple"},"acf":[],"_links":{"self":[{"href":"https:\/\/www.northpwr.cn\/fr\/wp-json\/wp\/v2\/product\/1588","targetHints":{"allow":["GET"]}}],"collection":[{"href":"https:\/\/www.northpwr.cn\/fr\/wp-json\/wp\/v2\/product"}],"about":[{"href":"https:\/\/www.northpwr.cn\/fr\/wp-json\/wp\/v2\/types\/product"}],"wp:featuredmedia":[{"embeddable":true,"href":"https:\/\/www.northpwr.cn\/fr\/wp-json\/wp\/v2\/media\/1589"}],"wp:attachment":[{"href":"https:\/\/www.northpwr.cn\/fr\/wp-json\/wp\/v2\/media?parent=1588"}],"wp:term":[{"taxonomy":"product_brand","embeddable":true,"href":"https:\/\/www.northpwr.cn\/fr\/wp-json\/wp\/v2\/product_brand?post=1588"},{"taxonomy":"product_cat","embeddable":true,"href":"https:\/\/www.northpwr.cn\/fr\/wp-json\/wp\/v2\/product_cat?post=1588"},{"taxonomy":"product_tag","embeddable":true,"href":"https:\/\/www.northpwr.cn\/fr\/wp-json\/wp\/v2\/product_tag?post=1588"}],"curies":[{"name":"wp","href":"https:\/\/api.w.org\/{rel}","templated":true}]}}