
{"id":1594,"date":"2025-12-03T11:04:49","date_gmt":"2025-12-03T03:04:49","guid":{"rendered":"https:\/\/www.northpwr.cn\/?post_type=product&p=1594"},"modified":"2025-12-03T11:04:49","modified_gmt":"2025-12-03T03:04:49","slug":"fyrmb-electricity-meter-box","status":"publish","type":"product","link":"https:\/\/www.northpwr.cn\/fr\/produit\/fyrmb-electricity-meter-box\/","title":{"rendered":"Bo\u00eete de comptage d'\u00e9lectricit\u00e9 FYRMB"},"content":{"rendered":"<p data-cah=\"2\">La bo\u00eete de compteur d'\u00e9nergie FYRMB se compose principalement d'un corps de bo\u00eete, d'un disjoncteur, d'un disjoncteur miniature, d'un compteur \u00e9lectrique et d'un concentrateur, etc. Elle est largement utilis\u00e9e dans les points de vente commerciaux, les villas, les zones r\u00e9sidentielles et les lieux civils \u00e0 forte consommation d'\u00e9nergie et \u00e0 usage multiple n\u00e9cessitant un comptage ind\u00e9pendant aux niveaux de tension AC 380V\/220V. Elle peut offrir une protection contre les surcharges et les courts-circuits des lignes.<\/p>\n<p> Aper\u00e7u<br \/> \u3000\u3000La bo\u00eete de compteur d'\u00e9nergie \u00e9lectrique FYRMB se compose principalement d'un corps de bo\u00eete, d'un disjoncteur, d'un disjoncteur miniature, d'un compteur \u00e9lectrique et d'un concentrateur. Elle est largement utilis\u00e9e dans les points de vente commerciaux, les villas, les zones r\u00e9sidentielles et les lieux civils \u00e0 forte consommation d'\u00e9nergie et \u00e0 usage multiple n\u00e9cessitant un comptage ind\u00e9pendant aux niveaux de tension AC 380V\/220V. Elle peut offrir une protection contre les surcharges et les courts-circuits des lignes.<br \/> Principales caract\u00e9ristiques structurelles<br \/> \u3000\u3000\u2022 La coque est fabriqu\u00e9e en pliage et soudure de t\u00f4le d'acier lamin\u00e9e \u00e0 froid, avec pulv\u00e9risation \u00e9lectrostatique en surface ;<\/p>\n<p> \u3000\u3000\u2022 La bo\u00eete est divis\u00e9e en trois parties : la salle du disjoncteur d'entr\u00e9e, la salle du compteur \u00e9lectrique et la salle du disjoncteur de sortie. Chaque unit\u00e9 est s\u00e9par\u00e9e par une cloison et reste relativement ind\u00e9pendante. Une cloison de protection est install\u00e9e dans la salle du disjoncteur d'entr\u00e9e pour isoler le disjoncteur du corps sous tension ;<\/p>\n<p> \u3000\u3000\u2022 Une plaque en polycarbonate ou en verre organique transparent ainsi qu'une longue fente pour cartes sont install\u00e9es sur la porte de la salle du compteur \u00e9lectrique afin de faciliter la lecture des diff\u00e9rentes donn\u00e9es et l'insertion\/retrait des cartes par l'utilisateur ;<\/p>\n<p> \u3000\u3000\u2022 Un sceau plomb\u00e9 ou une serrure \u00e0 mot de passe peut \u00eatre ajout\u00e9 \u00e0 la salle du compteur \u00e9lectrique selon les besoins de l'utilisateur ;<\/p>\n<p> \u3000\u3000\u2022 M\u00e9thode d'installation des composants : le disjoncteur est install\u00e9 sur un support galvanis\u00e9 en forme de C, et la plaque de montage des composants est une plaque galvanis\u00e9e ;<\/p>\n<p> \u3000\u3000\u2022 Mode d'entr\u00e9e et de sortie externe des c\u00e2bles : entr\u00e9e par le haut et sortie par le bas, ou entr\u00e9e par le bas et sortie par le haut, ou entr\u00e9es dans la m\u00eame direction ;<\/p>\n<p> \u3000\u3000\u2022 Mesures de mise \u00e0 la terre de protection : il existe une rang\u00e9e PE d\u00e9di\u00e9e dans la bo\u00eete, et une marque est appos\u00e9e ;<\/p>\n<p> \u3000\u3000\u2022 12 positions de compteur (compteur \u00e9lectrique monophas\u00e9) dimensions ext\u00e9rieures (hauteur \u00d7 largeur \u00d7 profondeur) m : 1800 \u00d7 800 \u00d7 200, ou personnalis\u00e9es selon les besoins de l'utilisateur.<br \/> Param\u00e8tres techniques<\/p>\n<p> \u3000\u3000\u2022 Tension nominale de fonctionnement : 380V\/220V<\/p>\n<p> \u3000\u3000\u2022 Tension nominale d'isolement : 660V<\/p>\n<p> \u3000\u3000\u2022 Fr\u00e9quence nominale : 50Hz<\/p>\n<p> \u3000\u3000\u2022 \u00c9cart \u00e9lectrique : 5,5mm<\/p>\n<p> \u3000\u3000\u2022 Distance de tra\u00een\u00e9e : 6,3mm<\/p>\n<p> \u3000\u3000\u2022 Courant nominal du barreau principal : 16-250A<\/p>\n<p> \u3000\u3000\u2022 Capacit\u00e9 nominale de courant de courte dur\u00e9e du barreau principal : 4,5 kA<\/p>\n<p> \u3000\u3000\u2022 Courant nominal du circuit de sortie : 63 A<\/p>\n<p> \u3000\u3000\u2022 Niveau de protection de l'enveloppe : IP20C<\/p>\n<p> Instructions de commande<br \/> \u3000\u3000Lors de la commande, veuillez pr\u00e9ciser :<\/p>\n<p> \u3000\u3000\u2022 Sp\u00e9cifications du produit et num\u00e9ros de mod\u00e8le ;<\/p>\n<p> \u3000\u3000\u2022 Sch\u00e9ma du syst\u00e8me principal du circuit, sch\u00e9ma de disposition interne de l'armoire ;<\/p>\n<p> \u3000\u3000\u2022 Sch\u00e9ma de principe \u00e9lectrique du circuit auxiliaire ;<\/p>\n<p> \u3000\u3000\u2022 Liste des composants \u00e0 l'int\u00e9rieur du coffret (sp\u00e9cifications des barres collectrices principales) ;<\/p>\n<p> \u3000\u3000\u2022 Couleur de l'armoire (en l'absence de demande sp\u00e9cifique, couleur gris camel clair sera fournie), taille de la bo\u00eete.<\/p>\n<p> \u3000\u3000\u2022 Autres exigences sp\u00e9ciales qui ne correspondent pas aux conditions normales d'utilisation du produit<br \/> Caract\u00e9ristiques principales<br \/> \u2022 Veuillez fournir les informations suivantes lors de la commande :<\/p>\n<p> \u3000\u3000\u2022 Sch\u00e9ma du syst\u00e8me de structure principale et m\u00e9thode d'installation de la bo\u00eete.<\/p>\n<p> \u3000\u3000\u2022 Section transversale des c\u00e2bles d'entr\u00e9e et de sortie.<\/p>\n<p> \u3000\u3000\u2022 Mod\u00e8le, sp\u00e9cifications et quantit\u00e9 des composants \u00e9lectriques \u00e0 l'int\u00e9rieur de l'\u00e9quipement.<\/p>","protected":false},"excerpt":{"rendered":"<p>Le bo\u00eetier compteur d'\u00e9nergie FYRMB se compose principalement d'un corps de bo\u00eetier, d'un disjoncteur, d'un disjoncteur miniature, d'un compteur \u00e9lectrique et d'un concentrateur, etc. Il est largement utilis\u00e9 dans les points de vente commerciaux, les villas, les zones r\u00e9sidentielles et les lieux civils \u00e0 forte consommation d'\u00e9nergie et comportant plusieurs utilisations \u00e9lectriques n\u00e9cessitant un comptage ind\u00e9pendant aux niveaux de tension AC 380V\/220V. Il peut fournir une protection contre les surcharges [\u2026]<\/p>","protected":false},"featured_media":1595,"template":"","meta":{"_acf_changed":false,"_seopress_robots_primary_cat":""},"product_brand":[],"product_cat":[64],"product_tag":[],"class_list":{"0":"post-1594","1":"product","2":"type-product","3":"status-publish","4":"has-post-thumbnail","6":"product_cat-intelligent-bus-monitoring-system","8":"first","9":"instock","10":"shipping-taxable","11":"product-type-simple"},"acf":[],"_links":{"self":[{"href":"https:\/\/www.northpwr.cn\/fr\/wp-json\/wp\/v2\/product\/1594","targetHints":{"allow":["GET"]}}],"collection":[{"href":"https:\/\/www.northpwr.cn\/fr\/wp-json\/wp\/v2\/product"}],"about":[{"href":"https:\/\/www.northpwr.cn\/fr\/wp-json\/wp\/v2\/types\/product"}],"wp:featuredmedia":[{"embeddable":true,"href":"https:\/\/www.northpwr.cn\/fr\/wp-json\/wp\/v2\/media\/1595"}],"wp:attachment":[{"href":"https:\/\/www.northpwr.cn\/fr\/wp-json\/wp\/v2\/media?parent=1594"}],"wp:term":[{"taxonomy":"product_brand","embeddable":true,"href":"https:\/\/www.northpwr.cn\/fr\/wp-json\/wp\/v2\/product_brand?post=1594"},{"taxonomy":"product_cat","embeddable":true,"href":"https:\/\/www.northpwr.cn\/fr\/wp-json\/wp\/v2\/product_cat?post=1594"},{"taxonomy":"product_tag","embeddable":true,"href":"https:\/\/www.northpwr.cn\/fr\/wp-json\/wp\/v2\/product_tag?post=1594"}],"curies":[{"name":"wp","href":"https:\/\/api.w.org\/{rel}","templated":true}]}}