
{"id":125,"date":"2023-02-02T16:15:50","date_gmt":"2023-02-02T08:15:50","guid":{"rendered":"https:\/\/demo.gongjionline.com\/615997\/projects\/"},"modified":"2025-12-03T16:45:15","modified_gmt":"2025-12-03T08:45:15","slug":"industry-solutions","status":"publish","type":"page","link":"https:\/\/www.northpwr.cn\/hu\/industry-solutions\/","title":{"rendered":"Ipari megold\u00e1sok"},"content":{"rendered":"<div data-elementor-type=\"wp-page\" data-elementor-id=\"125\" class=\"elementor elementor-125\" data-elementor-post-type=\"page\">\n\t\t\t\t\t\t<section class=\"elementor-section elementor-top-section elementor-element elementor-element-1620c944 elementor-section-boxed elementor-section-height-default elementor-section-height-default\" data-id=\"1620c944\" data-element_type=\"section\" data-settings=\"{&quot;background_background&quot;:&quot;classic&quot;,&quot;background_motion_fx_motion_fx_scrolling&quot;:&quot;yes&quot;,&quot;background_motion_fx_translateY_effect&quot;:&quot;yes&quot;,&quot;background_motion_fx_translateY_direction&quot;:&quot;negative&quot;,&quot;_ob_glider_is_slider&quot;:&quot;no&quot;,&quot;background_motion_fx_translateY_speed&quot;:{&quot;unit&quot;:&quot;px&quot;,&quot;size&quot;:4,&quot;sizes&quot;:[]},&quot;background_motion_fx_translateY_affectedRange&quot;:{&quot;unit&quot;:&quot;%&quot;,&quot;size&quot;:&quot;&quot;,&quot;sizes&quot;:{&quot;start&quot;:0,&quot;end&quot;:100}},&quot;background_motion_fx_devices&quot;:[&quot;desktop&quot;,&quot;tablet&quot;,&quot;mobile&quot;]}\">\n\t\t\t\t\t\t\t<div class=\"elementor-background-overlay\"><\/div>\n\t\t\t\t\t\t\t<div class=\"elementor-container elementor-column-gap-default\">\n\t\t\t\t\t<div class=\"elementor-column elementor-col-100 elementor-top-column elementor-element elementor-element-d50bce\" data-id=\"d50bce\" data-element_type=\"column\">\n\t\t\t<div class=\"elementor-widget-wrap elementor-element-populated\">\n\t\t\t\t\t\t<div class=\"elementor-element elementor-element-87d9445 elementor-invisible elementor-widget elementor-widget-heading\" data-id=\"87d9445\" data-element_type=\"widget\" data-settings=\"{&quot;_animation&quot;:&quot;fadeInDown&quot;}\" data-widget_type=\"heading.default\">\n\t\t\t\t<div class=\"elementor-widget-container\">\n\t\t\t<style>\/*! elementor - v3.21.0 - 18-04-2024 *\/\n.elementor-heading-title{padding:0;margin:0;line-height:1}.elementor-widget-heading .elementor-heading-title[class*=elementor-size-]>a{color:inherit;font-size:inherit;line-height:inherit}.elementor-widget-heading .elementor-heading-title.elementor-size-small{font-size:15px}.elementor-widget-heading .elementor-heading-title.elementor-size-medium{font-size:19px}.elementor-widget-heading .elementor-heading-title.elementor-size-large{font-size:29px}.elementor-widget-heading .elementor-heading-title.elementor-size-xl{font-size:39px}.elementor-widget-heading .elementor-heading-title.elementor-size-xxl{font-size:59px}<\/style><h2 class=\"elementor-heading-title elementor-size-default\">Ipari megold\u00e1sok <\/h2>\t\t<\/div>\n\t\t\t\t<\/div>\n\t\t\t\t<div class=\"elementor-element elementor-element-7f476e8 elementor-widget elementor-widget-text-editor\" data-id=\"7f476e8\" data-element_type=\"widget\" data-widget_type=\"text-editor.default\">\n\t\t\t\t<div class=\"elementor-widget-container\">\n\t\t\t<style>\/*! elementor - v3.21.0 - 18-04-2024 *\/\n.elementor-widget-text-editor.elementor-drop-cap-view-stacked .elementor-drop-cap{background-color:#69727d;color:#fff}.elementor-widget-text-editor.elementor-drop-cap-view-framed .elementor-drop-cap{color:#69727d;border:3px solid;background-color:transparent}.elementor-widget-text-editor:not(.elementor-drop-cap-view-default) .elementor-drop-cap{margin-top:8px}.elementor-widget-text-editor:not(.elementor-drop-cap-view-default) .elementor-drop-cap-letter{width:1em;height:1em}.elementor-widget-text-editor .elementor-drop-cap{float:left;text-align:center;line-height:1;font-size:50px}.elementor-widget-text-editor .elementor-drop-cap-letter{display:inline-block}<\/style>\t\t\t\t<p>A c\u00e9g olyan gy\u00e1rt\u00f3v\u00e1llalat, amely \u00f6sszefogja a teljes transzmisszi\u00f3s \u00e9s eloszt\u00f3berendez\u00e9sek kutat\u00e1s\u00e1t, fejleszt\u00e9s\u00e9t, tervez\u00e9s\u00e9t, gy\u00e1rt\u00e1s\u00e1t \u00e9s \u00e9rt\u00e9kes\u00edt\u00e9s\u00e9t.<\/p>\t\t\t\t\t\t<\/div>\n\t\t\t\t<\/div>\n\t\t\t\t\t<\/div>\n\t\t<\/div>\n\t\t\t\t\t<\/div>\n\t\t<\/section>\n\t\t\t\t<section class=\"elementor-section elementor-top-section elementor-element elementor-element-7ae46b06 elementor-section-content-middle elementor-section-boxed elementor-section-height-default elementor-section-height-default\" data-id=\"7ae46b06\" data-element_type=\"section\" data-settings=\"{&quot;background_background&quot;:&quot;classic&quot;,&quot;_ob_glider_is_slider&quot;:&quot;no&quot;}\">\n\t\t\t\t\t\t<div class=\"elementor-container elementor-column-gap-default\">\n\t\t\t\t\t<div class=\"elementor-column elementor-col-100 elementor-top-column elementor-element elementor-element-41ca13f\" data-id=\"41ca13f\" data-element_type=\"column\">\n\t\t\t<div class=\"elementor-widget-wrap elementor-element-populated\">\n\t\t\t\t\t\t<div class=\"elementor-element elementor-element-89dcf49 elementor-icon-list--layout-inline elementor-align-right elementor-list-item-link-full_width elementor-invisible elementor-widget elementor-widget-icon-list\" data-id=\"89dcf49\" data-element_type=\"widget\" data-settings=\"{&quot;_animation&quot;:&quot;fadeInLeft&quot;}\" data-widget_type=\"icon-list.default\">\n\t\t\t\t<div class=\"elementor-widget-container\">\n\t\t\t<link rel=\"stylesheet\" href=\"https:\/\/www.northpwr.cn\/wp-content\/plugins\/elementor\/assets\/css\/widget-icon-list.min.css\">\t\t<ul class=\"elementor-icon-list-items elementor-inline-items\">\n\t\t\t\t\t\t\t<li class=\"elementor-icon-list-item elementor-inline-item\">\n\t\t\t\t\t\t\t\t\t\t\t<a href=\"#\">\n\n\t\t\t\t\t\t\t\t\t\t\t<span class=\"elementor-icon-list-text\">F\u0151oldal<\/span>\n\t\t\t\t\t\t\t\t\t\t\t<\/a>\n\t\t\t\t\t\t\t\t\t<\/li>\n\t\t\t\t\t\t\t\t<li class=\"elementor-icon-list-item elementor-inline-item\">\n\t\t\t\t\t\t\t\t\t\t\t<span class=\"elementor-icon-list-icon\">\n\t\t\t\t\t\t\t<i aria-hidden=\"true\" class=\"arrow_carrot-2right\"><\/i>\t\t\t\t\t\t<\/span>\n\t\t\t\t\t\t\t\t\t\t<span class=\"elementor-icon-list-text\"><\/span>\n\t\t\t\t\t\t\t\t\t<\/li>\n\t\t\t\t\t\t<\/ul>\n\t\t\t\t<\/div>\n\t\t\t\t<\/div>\n\t\t\t\t\t<\/div>\n\t\t<\/div>\n\t\t\t\t\t<\/div>\n\t\t<\/section>\n\t\t<div class=\"elementor-element elementor-element-0a9ce1d e-flex e-con-boxed e-con e-parent\" data-id=\"0a9ce1d\" data-element_type=\"container\">\n\t\t\t\t\t<div class=\"e-con-inner\">\n\t\t<div class=\"elementor-element elementor-element-5aa0642 e-con-full e-flex e-con e-child\" data-id=\"5aa0642\" data-element_type=\"container\">\n\t\t\t\t<div class=\"elementor-element elementor-element-998a6ff elementor-cta--skin-cover elementor-animated-content elementor-bg-transform elementor-bg-transform-zoom-in elementor-widget elementor-widget-call-to-action\" data-id=\"998a6ff\" data-element_type=\"widget\" data-widget_type=\"call-to-action.default\">\n\t\t\t\t<div class=\"elementor-widget-container\">\n\t\t\t<link rel=\"stylesheet\" href=\"https:\/\/www.northpwr.cn\/wp-content\/plugins\/elementor-pro\/assets\/css\/widget-call-to-action.min.css\">\t\t<a class=\"elementor-cta\" href=\"#\">\n\t\t\t\t\t<div class=\"elementor-cta__bg-wrapper\">\n\t\t\t\t<div class=\"elementor-cta__bg elementor-bg\" style=\"background-image: url(https:\/\/www.northpwr.cn\/wp-content\/uploads\/sites\/566\/2025\/12\/Power-Industry.jpg);\" role=\"img\" aria-label=\"Er\u0151m\u0171ipar\"><\/div>\n\t\t\t\t<div class=\"elementor-cta__bg-overlay\"><\/div>\n\t\t\t<\/div>\n\t\t\t\t\t\t\t<div class=\"elementor-cta__content\">\n\t\t\t\t\t\t\t\t\t<div class=\"elementor-content-item elementor-cta__content-item elementor-icon-wrapper elementor-cta__icon elementor-view-default elementor-animated-item--enter-from-top\">\n\t\t\t\t\t\t<div class=\"elementor-icon\">\n\t\t\t\t\t\t\t<i aria-hidden=\"true\" class=\"mdi mdi-plus\"><\/i>\t\t\t\t\t\t<\/div>\n\t\t\t\t\t<\/div>\n\t\t\t\t\n\t\t\t\t\n\t\t\t\t\n\t\t\t\t\t\t\t<\/div>\n\t\t\t\t\t\t<\/a>\n\t\t\t\t<\/div>\n\t\t\t\t<\/div>\n\t\t\t\t<\/div>\n\t\t<div class=\"elementor-element elementor-element-1bd812f e-con-full e-flex e-con e-child\" data-id=\"1bd812f\" data-element_type=\"container\">\n\t\t\t\t<div class=\"elementor-element elementor-element-e2e12e8 elementor-widget elementor-widget-heading\" data-id=\"e2e12e8\" data-element_type=\"widget\" data-widget_type=\"heading.default\">\n\t\t\t\t<div class=\"elementor-widget-container\">\n\t\t\t<div class=\"elementor-heading-title elementor-size-default\">Er\u0151m\u0171ipar<\/div>\t\t<\/div>\n\t\t\t\t<\/div>\n\t\t\t\t<div class=\"elementor-element elementor-element-f837b6b elementor-widget elementor-widget-text-editor\" data-id=\"f837b6b\" data-element_type=\"widget\" data-widget_type=\"text-editor.default\">\n\t\t\t\t<div class=\"elementor-widget-container\">\n\t\t\t\t\t\t\t<p>Az energiatermel\u00e9sben, -sz\u00e1ll\u00edt\u00e1sban \u00e9s -eloszt\u00e1sban elengedhetetlen a megb\u00edzhat\u00f3 \u00e1ramsz\u00e1ll\u00edt\u00f3 berendez\u00e9s. Buszcsatorna-rendszereink j\u00f3l alkalmazhat\u00f3k er\u0151m\u0171vekben \u00e9s al\u00e1llom\u00e1sokon, biztons\u00e1gos \u00e9s hat\u00e9kony megold\u00e1st ny\u00fajtva az \u00e1ramsz\u00e1ll\u00edt\u00e1sra \u00e9s -eloszt\u00e1sra. Fejlett technol\u00f3gi\u00e1val \u00e9s magas min\u0151s\u00e9g\u0171 term\u00e9kekkel megfelel\u00fcnk az energiaipar szigor\u00fa k\u00f6vetelm\u00e9nyeinek a berendez\u00e9sek megb\u00edzhat\u00f3s\u00e1g\u00e1t, korr\u00f3zi\u00f3\u00e1ll\u00f3s\u00e1g\u00e1t \u00e9s elektromos teljes\u00edtm\u00e9ny\u00e9t illet\u0151en, \u00edgy biztos\u00edtva a t\u00e1pegys\u00e9gek stabil m\u0171k\u00f6d\u00e9s\u00e9t.<\/p>\t\t\t\t\t\t<\/div>\n\t\t\t\t<\/div>\n\t\t\t\t<\/div>\n\t\t<div class=\"elementor-element elementor-element-f755eaf e-con-full e-flex e-con e-child\" data-id=\"f755eaf\" data-element_type=\"container\">\n\t\t\t\t<div class=\"elementor-element elementor-element-f740899 elementor-widget elementor-widget-heading\" data-id=\"f740899\" data-element_type=\"widget\" data-widget_type=\"heading.default\">\n\t\t\t\t<div class=\"elementor-widget-container\">\n\t\t\t<div class=\"elementor-heading-title elementor-size-default\">\u00c9p\u00edt\u0151ipar <\/div>\t\t<\/div>\n\t\t\t\t<\/div>\n\t\t\t\t<div class=\"elementor-element elementor-element-75386a0 elementor-widget elementor-widget-text-editor\" data-id=\"75386a0\" data-element_type=\"widget\" data-widget_type=\"text-editor.default\">\n\t\t\t\t<div class=\"elementor-widget-container\">\n\t\t\t\t\t\t\t<p>Kereskedelmi \u00e9p\u00fcletekben, irodatornyokban, sz\u00e1llod\u00e1kban \u00e9s m\u00e1s nagy l\u00e9tes\u00edtm\u00e9nyekben az elektromos berendez\u00e9sek, vil\u00e1g\u00edt\u00e1si rendszerek \u00e9s HVAC-rendszerek megb\u00edzhat\u00f3 t\u00e1pell\u00e1t\u00e1st ig\u00e9nyelnek. Buszcsatorna-rendszereink ide\u00e1lisak az \u00e9p\u00fcletek elektromos emelv\u00e9nyeire \u00e9s kapcsol\u00f3szob\u00e1kba, lehet\u0151v\u00e9 t\u00e9ve a f\u00fcgg\u0151leges \u00e9s v\u00edzszintes \u00e1rameloszt\u00e1st. K\u00f6nny\u0171 szerelhet\u0151s\u00e9get, kompakt kialak\u00edt\u00e1st \u00e9s kiv\u00e1l\u00f3 h\u0151elvezet\u00e9st biztos\u00edtanak, teljes\u00edtve az \u00e9p\u00fcletek elektromos rendszereinek \u00e1rameloszt\u00e1si ig\u00e9nyeit.<\/p>\t\t\t\t\t\t<\/div>\n\t\t\t\t<\/div>\n\t\t\t\t<\/div>\n\t\t<div class=\"elementor-element elementor-element-3731457 e-con-full e-flex e-con e-child\" data-id=\"3731457\" data-element_type=\"container\">\n\t\t\t\t<div class=\"elementor-element elementor-element-5918172 elementor-cta--skin-cover elementor-animated-content elementor-bg-transform elementor-bg-transform-zoom-in elementor-widget elementor-widget-call-to-action\" data-id=\"5918172\" data-element_type=\"widget\" data-widget_type=\"call-to-action.default\">\n\t\t\t\t<div class=\"elementor-widget-container\">\n\t\t\t\t\t<a class=\"elementor-cta\" href=\"#\">\n\t\t\t\t\t<div class=\"elementor-cta__bg-wrapper\">\n\t\t\t\t<div class=\"elementor-cta__bg elementor-bg\" style=\"background-image: url(https:\/\/www.northpwr.cn\/wp-content\/uploads\/sites\/566\/2025\/12\/Construction-Industry.jpg);\" role=\"img\" aria-label=\"\u00c9p\u00edt\u0151ipar\"><\/div>\n\t\t\t\t<div class=\"elementor-cta__bg-overlay\"><\/div>\n\t\t\t<\/div>\n\t\t\t\t\t\t\t<div class=\"elementor-cta__content\">\n\t\t\t\t\t\t\t\t\t<div class=\"elementor-content-item elementor-cta__content-item elementor-icon-wrapper elementor-cta__icon elementor-view-default elementor-animated-item--enter-from-top\">\n\t\t\t\t\t\t<div class=\"elementor-icon\">\n\t\t\t\t\t\t\t<i aria-hidden=\"true\" class=\"mdi mdi-plus\"><\/i>\t\t\t\t\t\t<\/div>\n\t\t\t\t\t<\/div>\n\t\t\t\t\n\t\t\t\t\n\t\t\t\t\n\t\t\t\t\t\t\t<\/div>\n\t\t\t\t\t\t<\/a>\n\t\t\t\t<\/div>\n\t\t\t\t<\/div>\n\t\t\t\t<\/div>\n\t\t<div class=\"elementor-element elementor-element-53a7448 e-con-full e-flex e-con e-child\" data-id=\"53a7448\" data-element_type=\"container\">\n\t\t\t\t<div class=\"elementor-element elementor-element-d35b390 elementor-cta--skin-cover elementor-animated-content elementor-bg-transform elementor-bg-transform-zoom-in elementor-widget elementor-widget-call-to-action\" data-id=\"d35b390\" data-element_type=\"widget\" data-widget_type=\"call-to-action.default\">\n\t\t\t\t<div class=\"elementor-widget-container\">\n\t\t\t\t\t<a class=\"elementor-cta\" href=\"#\">\n\t\t\t\t\t<div class=\"elementor-cta__bg-wrapper\">\n\t\t\t\t<div class=\"elementor-cta__bg elementor-bg\" style=\"background-image: url(https:\/\/www.northpwr.cn\/wp-content\/uploads\/sites\/566\/2025\/12\/Data-Center-Industry.jpg);\" role=\"img\" aria-label=\"Adatk\u00f6zponti ipar\"><\/div>\n\t\t\t\t<div class=\"elementor-cta__bg-overlay\"><\/div>\n\t\t\t<\/div>\n\t\t\t\t\t\t\t<div class=\"elementor-cta__content\">\n\t\t\t\t\t\t\t\t\t<div class=\"elementor-content-item elementor-cta__content-item elementor-icon-wrapper elementor-cta__icon elementor-view-default elementor-animated-item--enter-from-top\">\n\t\t\t\t\t\t<div class=\"elementor-icon\">\n\t\t\t\t\t\t\t<i aria-hidden=\"true\" class=\"mdi mdi-plus\"><\/i>\t\t\t\t\t\t<\/div>\n\t\t\t\t\t<\/div>\n\t\t\t\t\n\t\t\t\t\n\t\t\t\t\n\t\t\t\t\t\t\t<\/div>\n\t\t\t\t\t\t<\/a>\n\t\t\t\t<\/div>\n\t\t\t\t<\/div>\n\t\t\t\t<\/div>\n\t\t<div class=\"elementor-element elementor-element-6529232 e-con-full e-flex e-con e-child\" data-id=\"6529232\" data-element_type=\"container\">\n\t\t\t\t<div class=\"elementor-element elementor-element-ab2127c elementor-widget elementor-widget-heading\" data-id=\"ab2127c\" data-element_type=\"widget\" data-widget_type=\"heading.default\">\n\t\t\t\t<div class=\"elementor-widget-container\">\n\t\t\t<div class=\"elementor-heading-title elementor-size-default\">Adatk\u00f6zponti ipar <\/div>\t\t<\/div>\n\t\t\t\t<\/div>\n\t\t\t\t<div class=\"elementor-element elementor-element-d3ea929 elementor-widget elementor-widget-text-editor\" data-id=\"d3ea929\" data-element_type=\"widget\" data-widget_type=\"text-editor.default\">\n\t\t\t\t<div class=\"elementor-widget-container\">\n\t\t\t\t\t\t\t<p>Az adatk\u00f6zpontok m\u0171k\u00f6d\u00e9se stabil \u00e9s megb\u00edzhat\u00f3 t\u00e1pell\u00e1t\u00e1st ig\u00e9nyel, magas k\u00f6vetelm\u00e9nyekkel a buszcsatorn\u00e1k h\u0151kezel\u00e9s\u00e9re, \u00e1ramhordoz\u00f3 k\u00e9pess\u00e9g\u00e9re \u00e9s megb\u00edzhat\u00f3s\u00e1g\u00e1ra vonatkoz\u00f3an. Buszcsatorna-term\u00e9keink hat\u00e9kony h\u0151kezel\u0151 technol\u00f3gi\u00e1val vannak ell\u00e1tva, \u00edgy biztos\u00edtj\u00e1k a h\u0151kezel\u00e9s hat\u00e9konys\u00e1g\u00e1t a nagy terhel\u00e9s\u0171 adatk\u00f6zponti m\u0171k\u00f6d\u00e9s sor\u00e1n, garant\u00e1lva a rendszer stabilit\u00e1s\u00e1t \u00e9s megb\u00edzhat\u00f3 \u00e1rameloszt\u00e1si megold\u00e1sokat ny\u00fajtva.<\/p>\t\t\t\t\t\t<\/div>\n\t\t\t\t<\/div>\n\t\t\t\t<\/div>\n\t\t<div class=\"elementor-element elementor-element-8942ec5 e-con-full e-flex e-con e-child\" data-id=\"8942ec5\" data-element_type=\"container\">\n\t\t\t\t<div class=\"elementor-element elementor-element-1008f57 elementor-widget elementor-widget-heading\" data-id=\"1008f57\" data-element_type=\"widget\" data-widget_type=\"heading.default\">\n\t\t\t\t<div class=\"elementor-widget-container\">\n\t\t\t<div class=\"elementor-heading-title elementor-size-default\">Ipari automatiz\u00e1l\u00e1si ipar <\/div>\t\t<\/div>\n\t\t\t\t<\/div>\n\t\t\t\t<div class=\"elementor-element elementor-element-bbb7bb2 elementor-widget elementor-widget-text-editor\" data-id=\"bbb7bb2\" data-element_type=\"widget\" data-widget_type=\"text-editor.default\">\n\t\t\t\t<div class=\"elementor-widget-container\">\n\t\t\t\t\t\t\t<p>Az ipari automatiz\u00e1l\u00e1si gy\u00e1rt\u00f3sorok sz\u00e1mos eszk\u00f6zt foglalnak magukban, amelyek \u00f6sszetett energiaig\u00e9nyekkel rendelkeznek, ez\u00e9rt sz\u00fcks\u00e9g van magas min\u0151s\u00e9g\u0171 buszcsatorna-rendszerekre a hat\u00e9kony \u00e1rameloszt\u00e1s \u00e9s -sz\u00e1ll\u00edt\u00e1s \u00e9rdek\u00e9ben. Buszcsatorna-term\u00e9keink megfelelnek az ipari automatiz\u00e1l\u00e1si helyzetek stabilit\u00e1s\u00e1nak, biztons\u00e1g\u00e1nak \u00e9s hat\u00e9konys\u00e1g\u00e1nak k\u00f6vetelm\u00e9nyeinek, t\u00e1mogatva a stabil gy\u00e1rt\u00f3sori m\u0171k\u00f6d\u00e9st, n\u00f6velve a termel\u00e9kenys\u00e9get \u00e9s jav\u00edtva a term\u00e9kmin\u0151s\u00e9get.<\/p>\t\t\t\t\t\t<\/div>\n\t\t\t\t<\/div>\n\t\t\t\t<\/div>\n\t\t<div class=\"elementor-element elementor-element-462ae25 e-con-full e-flex e-con e-child\" data-id=\"462ae25\" data-element_type=\"container\">\n\t\t\t\t<div class=\"elementor-element elementor-element-4b586fb elementor-cta--skin-cover elementor-animated-content elementor-bg-transform elementor-bg-transform-zoom-in elementor-widget elementor-widget-call-to-action\" data-id=\"4b586fb\" data-element_type=\"widget\" data-widget_type=\"call-to-action.default\">\n\t\t\t\t<div class=\"elementor-widget-container\">\n\t\t\t\t\t<a class=\"elementor-cta\" href=\"#\">\n\t\t\t\t\t<div class=\"elementor-cta__bg-wrapper\">\n\t\t\t\t<div class=\"elementor-cta__bg elementor-bg\" style=\"background-image: url(https:\/\/www.northpwr.cn\/wp-content\/uploads\/sites\/566\/2025\/12\/Industrial-Automation-Industry.jpg);\" role=\"img\" aria-label=\"Ipari automatiz\u00e1l\u00e1si ipar\"><\/div>\n\t\t\t\t<div class=\"elementor-cta__bg-overlay\"><\/div>\n\t\t\t<\/div>\n\t\t\t\t\t\t\t<div class=\"elementor-cta__content\">\n\t\t\t\t\t\t\t\t\t<div class=\"elementor-content-item elementor-cta__content-item elementor-icon-wrapper elementor-cta__icon elementor-view-default elementor-animated-item--enter-from-top\">\n\t\t\t\t\t\t<div class=\"elementor-icon\">\n\t\t\t\t\t\t\t<i aria-hidden=\"true\" class=\"mdi mdi-plus\"><\/i>\t\t\t\t\t\t<\/div>\n\t\t\t\t\t<\/div>\n\t\t\t\t\n\t\t\t\t\n\t\t\t\t\n\t\t\t\t\t\t\t<\/div>\n\t\t\t\t\t\t<\/a>\n\t\t\t\t<\/div>\n\t\t\t\t<\/div>\n\t\t\t\t<\/div>\n\t\t\t\t\t<\/div>\n\t\t\t\t<\/div>\n\t\t\t\t<\/div>","protected":false},"excerpt":{"rendered":"<p>Ipari megold\u00e1sok A c\u00e9g olyan gy\u00e1rt\u00f3v\u00e1llalat, amely \u00f6tv\u00f6zi a teljes k\u00f6r\u0171 \u00e1tviteli \u00e9s eloszt\u00f3 berendez\u00e9sek kutat\u00e1s\u00e1t, fejleszt\u00e9s\u00e9t, tervez\u00e9s\u00e9t, gy\u00e1rt\u00e1s\u00e1t \u00e9s \u00e9rt\u00e9kes\u00edt\u00e9s\u00e9t. Otthoni energiaipar Az energiatermel\u00e9sben, -sz\u00e1ll\u00edt\u00e1sban \u00e9s -eloszt\u00e1sban n\u00e9lk\u00fcl\u00f6zhetetlen a megb\u00edzhat\u00f3 energia\u00e1tviteli berendez\u00e9s. Buszcsatorna-rendszereink alkalmasak er\u0151m\u0171vekre \u00e9s al\u00e1llom\u00e1sokra, biztons\u00e1gos \u00e9s hat\u00e9kony [\u2026]<\/p>","protected":false},"author":2,"featured_media":0,"parent":0,"menu_order":0,"comment_status":"closed","ping_status":"closed","template":"elementor_header_footer","meta":{"_acf_changed":false,"_seopress_robots_primary_cat":"","footnotes":""},"class_list":["post-125","page","type-page","status-publish","hentry"],"acf":[],"_links":{"self":[{"href":"https:\/\/www.northpwr.cn\/hu\/wp-json\/wp\/v2\/pages\/125","targetHints":{"allow":["GET"]}}],"collection":[{"href":"https:\/\/www.northpwr.cn\/hu\/wp-json\/wp\/v2\/pages"}],"about":[{"href":"https:\/\/www.northpwr.cn\/hu\/wp-json\/wp\/v2\/types\/page"}],"author":[{"embeddable":true,"href":"https:\/\/www.northpwr.cn\/hu\/wp-json\/wp\/v2\/users\/2"}],"replies":[{"embeddable":true,"href":"https:\/\/www.northpwr.cn\/hu\/wp-json\/wp\/v2\/comments?post=125"}],"version-history":[{"count":26,"href":"https:\/\/www.northpwr.cn\/hu\/wp-json\/wp\/v2\/pages\/125\/revisions"}],"predecessor-version":[{"id":1704,"href":"https:\/\/www.northpwr.cn\/hu\/wp-json\/wp\/v2\/pages\/125\/revisions\/1704"}],"wp:attachment":[{"href":"https:\/\/www.northpwr.cn\/hu\/wp-json\/wp\/v2\/media?parent=125"}],"curies":[{"name":"wp","href":"https:\/\/api.w.org\/{rel}","templated":true}]}}