
{"id":955,"date":"2024-08-07T11:06:28","date_gmt":"2024-08-07T03:06:28","guid":{"rendered":"https:\/\/www.northpwr.cn\/?page_id=955"},"modified":"2025-12-03T16:44:31","modified_gmt":"2025-12-03T08:44:31","slug":"blogs","status":"publish","type":"page","link":"https:\/\/www.northpwr.cn\/hu\/blogs\/","title":{"rendered":"Blogok"},"content":{"rendered":"<div data-elementor-type=\"wp-page\" data-elementor-id=\"955\" class=\"elementor elementor-955\" data-elementor-post-type=\"page\">\n\t\t\t\t<div class=\"elementor-element elementor-element-43b2a7b e-con-full e-flex e-con e-parent\" data-id=\"43b2a7b\" data-element_type=\"container\">\n\t\t<div class=\"elementor-element elementor-element-7d6cf94 e-con-full e-flex e-con e-child\" data-id=\"7d6cf94\" data-element_type=\"container\" data-settings=\"{&quot;background_background&quot;:&quot;classic&quot;}\">\n\t\t<div class=\"elementor-element elementor-element-54c818d e-flex e-con-boxed e-con e-child\" data-id=\"54c818d\" data-element_type=\"container\">\n\t\t\t\t\t<div class=\"e-con-inner\">\n\t\t\t\t<div class=\"elementor-element elementor-element-cc91a5c elementor-invisible elementor-widget elementor-widget-heading\" data-id=\"cc91a5c\" data-element_type=\"widget\" data-settings=\"{&quot;_animation&quot;:&quot;fadeInDown&quot;}\" data-widget_type=\"heading.default\">\n\t\t\t\t<div class=\"elementor-widget-container\">\n\t\t\t<style>\/*! elementor - v3.21.0 - 18-04-2024 *\/\n.elementor-heading-title{padding:0;margin:0;line-height:1}.elementor-widget-heading .elementor-heading-title[class*=elementor-size-]>a{color:inherit;font-size:inherit;line-height:inherit}.elementor-widget-heading .elementor-heading-title.elementor-size-small{font-size:15px}.elementor-widget-heading .elementor-heading-title.elementor-size-medium{font-size:19px}.elementor-widget-heading .elementor-heading-title.elementor-size-large{font-size:29px}.elementor-widget-heading .elementor-heading-title.elementor-size-xl{font-size:39px}.elementor-widget-heading .elementor-heading-title.elementor-size-xxl{font-size:59px}<\/style><h2 class=\"elementor-heading-title elementor-size-default\">Blogok<\/h2>\t\t<\/div>\n\t\t\t\t<\/div>\n\t\t\t\t\t<\/div>\n\t\t\t\t<\/div>\n\t\t\t\t<\/div>\n\t\t\t\t<\/div>\n\t\t<div class=\"elementor-element elementor-element-ec1a196 e-flex e-con-boxed e-con e-parent\" data-id=\"ec1a196\" data-element_type=\"container\" data-settings=\"{&quot;background_background&quot;:&quot;classic&quot;}\">\n\t\t\t\t\t<div class=\"e-con-inner\">\n\t\t\t\t<div class=\"elementor-element elementor-element-36348ae elementor-icon-list--layout-inline elementor-align-right elementor-list-item-link-full_width elementor-invisible elementor-widget elementor-widget-icon-list\" data-id=\"36348ae\" data-element_type=\"widget\" data-settings=\"{&quot;_animation&quot;:&quot;fadeInLeft&quot;}\" data-widget_type=\"icon-list.default\">\n\t\t\t\t<div class=\"elementor-widget-container\">\n\t\t\t<link rel=\"stylesheet\" href=\"https:\/\/www.northpwr.cn\/wp-content\/plugins\/elementor\/assets\/css\/widget-icon-list.min.css\">\t\t<ul class=\"elementor-icon-list-items elementor-inline-items\">\n\t\t\t\t\t\t\t<li class=\"elementor-icon-list-item elementor-inline-item\">\n\t\t\t\t\t\t\t\t\t\t\t<a href=\"#\">\n\n\t\t\t\t\t\t\t\t\t\t\t<span class=\"elementor-icon-list-text\">F\u0151oldal<\/span>\n\t\t\t\t\t\t\t\t\t\t\t<\/a>\n\t\t\t\t\t\t\t\t\t<\/li>\n\t\t\t\t\t\t\t\t<li class=\"elementor-icon-list-item elementor-inline-item\">\n\t\t\t\t\t\t\t\t\t\t\t<span class=\"elementor-icon-list-icon\">\n\t\t\t\t\t\t\t<i aria-hidden=\"true\" class=\"arrow_carrot-2right\"><\/i>\t\t\t\t\t\t<\/span>\n\t\t\t\t\t\t\t\t\t\t<span class=\"elementor-icon-list-text\"><\/span>\n\t\t\t\t\t\t\t\t\t<\/li>\n\t\t\t\t\t\t<\/ul>\n\t\t\t\t<\/div>\n\t\t\t\t<\/div>\n\t\t\t\t\t<\/div>\n\t\t\t\t<\/div>\n\t\t<div class=\"elementor-element elementor-element-db156b0 e-flex e-con-boxed e-con e-parent\" data-id=\"db156b0\" data-element_type=\"container\">\n\t\t\t\t\t<div class=\"e-con-inner\">\n\t\t\t\t<div class=\"elementor-element elementor-element-03a82d5 elementor-grid-3 elementor-grid-tablet-2 elementor-grid-mobile-1 elementor-posts--thumbnail-top elementor-card-shadow-yes elementor-posts__hover-gradient elementor-widget elementor-widget-posts\" data-id=\"03a82d5\" data-element_type=\"widget\" data-settings=\"{&quot;cards_columns&quot;:&quot;3&quot;,&quot;cards_columns_tablet&quot;:&quot;2&quot;,&quot;cards_columns_mobile&quot;:&quot;1&quot;,&quot;cards_row_gap&quot;:{&quot;unit&quot;:&quot;px&quot;,&quot;size&quot;:35,&quot;sizes&quot;:[]},&quot;cards_row_gap_tablet&quot;:{&quot;unit&quot;:&quot;px&quot;,&quot;size&quot;:&quot;&quot;,&quot;sizes&quot;:[]},&quot;cards_row_gap_mobile&quot;:{&quot;unit&quot;:&quot;px&quot;,&quot;size&quot;:&quot;&quot;,&quot;sizes&quot;:[]}}\" data-widget_type=\"posts.cards\">\n\t\t\t\t<div class=\"elementor-widget-container\">\n\t\t\t<link rel=\"stylesheet\" href=\"https:\/\/www.northpwr.cn\/wp-content\/plugins\/elementor-pro\/assets\/css\/widget-posts.min.css\">\t\t<div class=\"elementor-posts-container elementor-posts elementor-posts--skin-cards elementor-grid\">\n\t\t\t\t<article class=\"elementor-post elementor-grid-item post-1677 post type-post status-publish format-standard has-post-thumbnail hentry category-industry-news\">\n\t\t\t<div class=\"elementor-post__card\">\n\t\t\t\t<a class=\"elementor-post__thumbnail__link\" href=\"https:\/\/www.northpwr.cn\/hu\/industry-news\/requirements-for-the-installation-of-substations\/\" tabindex=\"-1\" ><div class=\"elementor-post__thumbnail\"><img fetchpriority=\"high\" decoding=\"async\" width=\"800\" height=\"600\" src=\"https:\/\/www.northpwr.cn\/wp-content\/uploads\/sites\/566\/2025\/12\/f06338bc-9cd8-4ea4-af46-583c4c0b3712.png\" class=\"attachment-full size-full wp-image-1680\" alt=\"\" srcset=\"https:\/\/www.northpwr.cn\/wp-content\/uploads\/sites\/566\/2025\/12\/f06338bc-9cd8-4ea4-af46-583c4c0b3712.png 800w, https:\/\/www.northpwr.cn\/wp-content\/uploads\/sites\/566\/2025\/12\/f06338bc-9cd8-4ea4-af46-583c4c0b3712-768x576.png 768w, https:\/\/www.northpwr.cn\/wp-content\/uploads\/sites\/566\/2025\/12\/f06338bc-9cd8-4ea4-af46-583c4c0b3712-16x12.png 16w, https:\/\/www.northpwr.cn\/wp-content\/uploads\/sites\/566\/2025\/12\/f06338bc-9cd8-4ea4-af46-583c4c0b3712-600x450.png 600w\" sizes=\"(max-width: 800px) 100vw, 800px\" \/><\/div><\/a>\n\t\t\t\t<div class=\"elementor-post__badge\">Ipari H\u00edrek<\/div>\n\t\t\t\t<div class=\"elementor-post__text\">\n\t\t\t\t<h3 class=\"elementor-post__title\">\n\t\t\t<a href=\"https:\/\/www.northpwr.cn\/hu\/industry-news\/requirements-for-the-installation-of-substations\/\" >\n\t\t\t\tAz al\u00e1llom\u00e1sok telep\u00edt\u00e9s\u00e9nek k\u00f6vetelm\u00e9nyei\t\t\t<\/a>\n\t\t<\/h3>\n\t\t\t\t<div class=\"elementor-post__excerpt\">\n\t\t\t<p>Az al\u00e1llom\u00e1s szerkezeti tervez\u00e9se \u00e9s berendez\u00e9si elrendez\u00e9se \u00e1ltal\u00e1ban az al\u00e1bbi k\u00f6vetelm\u00e9nyeket tartalmazza: (1) A f\u00f6ldszinten l\u00e9v\u0151 10 kV-os mell\u00e9k-al\u00e1llom\u00e1s<\/p>\n\t\t<\/div>\n\t\t\n\t\t<a class=\"elementor-post__read-more\" href=\"https:\/\/www.northpwr.cn\/hu\/industry-news\/requirements-for-the-installation-of-substations\/\" aria-label=\"Olvasd el t\u00f6bbet a telep\u00edt\u00e9si k\u00f6vetelm\u00e9nyekr\u0151l az al\u00e1llom\u00e1sokhoz\" tabindex=\"-1\" >\n\t\t\tTov\u00e1bb olvasni \u00bb\t\t<\/a>\n\n\t\t\t\t<\/div>\n\t\t\t\t<div class=\"elementor-post__meta-data\">\n\t\t\t\t\t<span class=\"elementor-post-date\">\n\t\t\t03\/12\/2025\t\t<\/span>\n\t\t\t\t<\/div>\n\t\t\t\t\t<\/div>\n\t\t<\/article>\n\t\t\t\t<article class=\"elementor-post elementor-grid-item post-1672 post type-post status-publish format-standard has-post-thumbnail hentry category-industry-news\">\n\t\t\t<div class=\"elementor-post__card\">\n\t\t\t\t<a class=\"elementor-post__thumbnail__link\" href=\"https:\/\/www.northpwr.cn\/hu\/industry-news\/the-reason-for-the-heating-up-of-the-high-voltage-switchgear-when-it-is-energized\/\" tabindex=\"-1\" ><div class=\"elementor-post__thumbnail\"><img decoding=\"async\" width=\"800\" height=\"600\" src=\"https:\/\/www.northpwr.cn\/wp-content\/uploads\/sites\/566\/2025\/12\/d11b681a-0d5a-47d9-8ecd-c82137fa26f5.png\" class=\"attachment-full size-full wp-image-1676\" alt=\"\" srcset=\"https:\/\/www.northpwr.cn\/wp-content\/uploads\/sites\/566\/2025\/12\/d11b681a-0d5a-47d9-8ecd-c82137fa26f5.png 800w, https:\/\/www.northpwr.cn\/wp-content\/uploads\/sites\/566\/2025\/12\/d11b681a-0d5a-47d9-8ecd-c82137fa26f5-768x576.png 768w, https:\/\/www.northpwr.cn\/wp-content\/uploads\/sites\/566\/2025\/12\/d11b681a-0d5a-47d9-8ecd-c82137fa26f5-16x12.png 16w, https:\/\/www.northpwr.cn\/wp-content\/uploads\/sites\/566\/2025\/12\/d11b681a-0d5a-47d9-8ecd-c82137fa26f5-600x450.png 600w\" sizes=\"(max-width: 800px) 100vw, 800px\" \/><\/div><\/a>\n\t\t\t\t<div class=\"elementor-post__badge\">Ipari H\u00edrek<\/div>\n\t\t\t\t<div class=\"elementor-post__text\">\n\t\t\t\t<h3 class=\"elementor-post__title\">\n\t\t\t<a href=\"https:\/\/www.northpwr.cn\/hu\/industry-news\/the-reason-for-the-heating-up-of-the-high-voltage-switchgear-when-it-is-energized\/\" >\n\t\t\t\tAz ok, ami miatt a magasfesz\u00fclts\u00e9g\u0171 kapcsol\u00f3berendez\u00e9s felmelegszik, ha \u00e1ram alatt van\t\t\t<\/a>\n\t\t<\/h3>\n\t\t\t\t<div class=\"elementor-post__excerpt\">\n\t\t\t<p>Miut\u00e1n r\u00f6viden megismerkedt\u00fcnk a nagyfesz\u00fclts\u00e9g\u0171 kapcsol\u00f3berendez\u00e9ssel, n\u00e9zz\u00fck meg, hogy mi okozza a nagyfesz\u00fclts\u00e9g\u0171 kapcsol\u00f3berendez\u00e9s felmeleged\u00e9s\u00e9t \u00fczembe helyez\u00e9skor,<\/p>\n\t\t<\/div>\n\t\t\n\t\t<a class=\"elementor-post__read-more\" href=\"https:\/\/www.northpwr.cn\/hu\/industry-news\/the-reason-for-the-heating-up-of-the-high-voltage-switchgear-when-it-is-energized\/\" aria-label=\"Olvasd el t\u00f6bbet a nagyfesz\u00fclts\u00e9g\u0171 kapcsol\u00f3berendez\u00e9s felmeleged\u00e9s\u00e9nek ok\u00e1r\u00f3l, amikor fesz\u00fclts\u00e9g alatt van\" tabindex=\"-1\" >\n\t\t\tTov\u00e1bb olvasni \u00bb\t\t<\/a>\n\n\t\t\t\t<\/div>\n\t\t\t\t<div class=\"elementor-post__meta-data\">\n\t\t\t\t\t<span class=\"elementor-post-date\">\n\t\t\t03\/12\/2025\t\t<\/span>\n\t\t\t\t<\/div>\n\t\t\t\t\t<\/div>\n\t\t<\/article>\n\t\t\t\t<article class=\"elementor-post elementor-grid-item post-1444 post type-post status-publish format-standard has-post-thumbnail hentry category-company-news\">\n\t\t\t<div class=\"elementor-post__card\">\n\t\t\t\t<a class=\"elementor-post__thumbnail__link\" href=\"https:\/\/www.northpwr.cn\/hu\/company-news\/how-to-wire-the-dual-power-transfer-switch\/\" tabindex=\"-1\" ><div class=\"elementor-post__thumbnail\"><img decoding=\"async\" width=\"800\" height=\"600\" src=\"https:\/\/www.northpwr.cn\/wp-content\/uploads\/sites\/566\/2025\/12\/40cfab45-ccd2-4afb-9fa7-e68e737016a8.png\" class=\"attachment-full size-full wp-image-1447\" alt=\"\" srcset=\"https:\/\/www.northpwr.cn\/wp-content\/uploads\/sites\/566\/2025\/12\/40cfab45-ccd2-4afb-9fa7-e68e737016a8.png 800w, https:\/\/www.northpwr.cn\/wp-content\/uploads\/sites\/566\/2025\/12\/40cfab45-ccd2-4afb-9fa7-e68e737016a8-768x576.png 768w, https:\/\/www.northpwr.cn\/wp-content\/uploads\/sites\/566\/2025\/12\/40cfab45-ccd2-4afb-9fa7-e68e737016a8-16x12.png 16w, https:\/\/www.northpwr.cn\/wp-content\/uploads\/sites\/566\/2025\/12\/40cfab45-ccd2-4afb-9fa7-e68e737016a8-600x450.png 600w\" sizes=\"(max-width: 800px) 100vw, 800px\" \/><\/div><\/a>\n\t\t\t\t<div class=\"elementor-post__badge\">C\u00e9gh\u00edrek<\/div>\n\t\t\t\t<div class=\"elementor-post__text\">\n\t\t\t\t<h3 class=\"elementor-post__title\">\n\t\t\t<a href=\"https:\/\/www.northpwr.cn\/hu\/company-news\/how-to-wire-the-dual-power-transfer-switch\/\" >\n\t\t\t\tHogyan kell bek\u00f6tni a kett\u0151s \u00e1ram\u00e1tviteli kapcsol\u00f3t?\t\t\t<\/a>\n\t\t<\/h3>\n\t\t\t\t<div class=\"elementor-post__excerpt\">\n\t\t\t<p>El\u0151sz\u00f6r is, ha b\u00e1rmilyen okb\u00f3l \u00e1ramsz\u00fcnet \u00e1ll be, \u00e9s az \u00e1ram nem \u00e1ll\u00edthat\u00f3 vissza r\u00f6vid id\u0151n bel\u00fcl, a tartal\u00e9k \u00e1ramforr\u00e1snak kell<\/p>\n\t\t<\/div>\n\t\t\n\t\t<a class=\"elementor-post__read-more\" href=\"https:\/\/www.northpwr.cn\/hu\/company-news\/how-to-wire-the-dual-power-transfer-switch\/\" aria-label=\"Olvasd el t\u00f6bbet arr\u00f3l, hogyan kell bek\u00f6tni a kett\u0151s \u00e1ram\u00e1tviteli kapcsol\u00f3t?\" tabindex=\"-1\" >\n\t\t\tTov\u00e1bb olvasni \u00bb\t\t<\/a>\n\n\t\t\t\t<\/div>\n\t\t\t\t<div class=\"elementor-post__meta-data\">\n\t\t\t\t\t<span class=\"elementor-post-date\">\n\t\t\t02\/12\/2025\t\t<\/span>\n\t\t\t\t<\/div>\n\t\t\t\t\t<\/div>\n\t\t<\/article>\n\t\t\t\t<article class=\"elementor-post elementor-grid-item post-1432 post type-post status-publish format-standard has-post-thumbnail hentry category-company-news\">\n\t\t\t<div class=\"elementor-post__card\">\n\t\t\t\t<a class=\"elementor-post__thumbnail__link\" href=\"https:\/\/www.northpwr.cn\/hu\/company-news\/common-fault-maintenance-and-maintenance-precautions-for-power-distribution-cabinets\/\" tabindex=\"-1\" ><div class=\"elementor-post__thumbnail\"><img loading=\"lazy\" decoding=\"async\" width=\"800\" height=\"600\" src=\"https:\/\/www.northpwr.cn\/wp-content\/uploads\/sites\/566\/2025\/12\/91a8416b-d6ef-4b0c-81c5-657de9c7ce4b.png\" class=\"attachment-full size-full wp-image-1433\" alt=\"\" srcset=\"https:\/\/www.northpwr.cn\/wp-content\/uploads\/sites\/566\/2025\/12\/91a8416b-d6ef-4b0c-81c5-657de9c7ce4b.png 800w, https:\/\/www.northpwr.cn\/wp-content\/uploads\/sites\/566\/2025\/12\/91a8416b-d6ef-4b0c-81c5-657de9c7ce4b-768x576.png 768w, https:\/\/www.northpwr.cn\/wp-content\/uploads\/sites\/566\/2025\/12\/91a8416b-d6ef-4b0c-81c5-657de9c7ce4b-16x12.png 16w, https:\/\/www.northpwr.cn\/wp-content\/uploads\/sites\/566\/2025\/12\/91a8416b-d6ef-4b0c-81c5-657de9c7ce4b-600x450.png 600w\" sizes=\"(max-width: 800px) 100vw, 800px\" \/><\/div><\/a>\n\t\t\t\t<div class=\"elementor-post__badge\">C\u00e9gh\u00edrek<\/div>\n\t\t\t\t<div class=\"elementor-post__text\">\n\t\t\t\t<h3 class=\"elementor-post__title\">\n\t\t\t<a href=\"https:\/\/www.northpwr.cn\/hu\/company-news\/common-fault-maintenance-and-maintenance-precautions-for-power-distribution-cabinets\/\" >\n\t\t\t\tGyakori hib\u00e1k jav\u00edt\u00e1sa \u00e9s karbantart\u00e1si \u00f3vint\u00e9zked\u00e9sek az er\u0151oszt\u00f3 szekr\u00e9nyekhez\t\t\t<\/a>\n\t\t<\/h3>\n\t\t\t\t<div class=\"elementor-post__excerpt\">\n\t\t\t<p>A terel\u0151szekr\u00e9ny gyakori hib\u00e1inak karbantart\u00e1sa \u00e9s a karbantart\u00e1si \u00f3vint\u00e9zked\u00e9sek A terel\u0151dobozt m\u00e1s n\u00e9ven terel\u0151szekr\u00e9nynek is nevezik; ez a motorok \u00e1ltal\u00e1nos elnevez\u00e9se<\/p>\n\t\t<\/div>\n\t\t\n\t\t<a class=\"elementor-post__read-more\" href=\"https:\/\/www.northpwr.cn\/hu\/company-news\/common-fault-maintenance-and-maintenance-precautions-for-power-distribution-cabinets\/\" aria-label=\"Olvasd el t\u00f6bbet a gyakori hib\u00e1k karbantart\u00e1s\u00e1r\u00f3l \u00e9s a t\u00e1pfeloszt\u00f3 szekr\u00e9nyek karbantart\u00e1si \u00f3vint\u00e9zked\u00e9seir\u0151l\" tabindex=\"-1\" >\n\t\t\tTov\u00e1bb olvasni \u00bb\t\t<\/a>\n\n\t\t\t\t<\/div>\n\t\t\t\t<div class=\"elementor-post__meta-data\">\n\t\t\t\t\t<span class=\"elementor-post-date\">\n\t\t\t02\/12\/2025\t\t<\/span>\n\t\t\t\t<\/div>\n\t\t\t\t\t<\/div>\n\t\t<\/article>\n\t\t\t\t<article class=\"elementor-post elementor-grid-item post-1427 post type-post status-publish format-standard has-post-thumbnail hentry category-company-news\">\n\t\t\t<div class=\"elementor-post__card\">\n\t\t\t\t<a class=\"elementor-post__thumbnail__link\" href=\"https:\/\/www.northpwr.cn\/hu\/company-news\/the-control-cabinet-of-the-distribution-box-should-be-cleaned-and-maintained-regularly\/\" tabindex=\"-1\" ><div class=\"elementor-post__thumbnail\"><img loading=\"lazy\" decoding=\"async\" width=\"800\" height=\"600\" src=\"https:\/\/www.northpwr.cn\/wp-content\/uploads\/sites\/566\/2025\/12\/4658bdd0-9dac-4737-bb6b-611fe314f38c.png\" class=\"attachment-full size-full wp-image-1430\" alt=\"\" srcset=\"https:\/\/www.northpwr.cn\/wp-content\/uploads\/sites\/566\/2025\/12\/4658bdd0-9dac-4737-bb6b-611fe314f38c.png 800w, https:\/\/www.northpwr.cn\/wp-content\/uploads\/sites\/566\/2025\/12\/4658bdd0-9dac-4737-bb6b-611fe314f38c-768x576.png 768w, https:\/\/www.northpwr.cn\/wp-content\/uploads\/sites\/566\/2025\/12\/4658bdd0-9dac-4737-bb6b-611fe314f38c-16x12.png 16w, https:\/\/www.northpwr.cn\/wp-content\/uploads\/sites\/566\/2025\/12\/4658bdd0-9dac-4737-bb6b-611fe314f38c-600x450.png 600w\" sizes=\"(max-width: 800px) 100vw, 800px\" \/><\/div><\/a>\n\t\t\t\t<div class=\"elementor-post__badge\">C\u00e9gh\u00edrek<\/div>\n\t\t\t\t<div class=\"elementor-post__text\">\n\t\t\t\t<h3 class=\"elementor-post__title\">\n\t\t\t<a href=\"https:\/\/www.northpwr.cn\/hu\/company-news\/the-control-cabinet-of-the-distribution-box-should-be-cleaned-and-maintained-regularly\/\" >\n\t\t\t\tA terel\u0151szekr\u00e9ny vez\u00e9rl\u0151szekr\u00e9ny\u00e9t rendszeresen tiszt\u00edtani \u00e9s karbantartani kell\t\t\t<\/a>\n\t\t<\/h3>\n\t\t\t\t<div class=\"elementor-post__excerpt\">\n\t\t\t<p>Amikor a terel\u0151doboz gener\u00e1tora m\u0171k\u00f6dik, a m\u00e9rn\u00f6ki szem\u00e9lyzetnek \u00f6sszpontos\u00edtania kell gondolatait \u00e9s \u00f3vatosan kell m\u0171k\u00f6dnie a terel\u0151szekr\u00e9ny kezel\u00e9se sor\u00e1n. Miut\u00e1n a motor<\/p>\n\t\t<\/div>\n\t\t\n\t\t<a class=\"elementor-post__read-more\" href=\"https:\/\/www.northpwr.cn\/hu\/company-news\/the-control-cabinet-of-the-distribution-box-should-be-cleaned-and-maintained-regularly\/\" aria-label=\"Olvasd el t\u00f6bbet arr\u00f3l, hogy a t\u00e1pfeloszt\u00f3 szekr\u00e9ny vez\u00e9rl\u0151szekr\u00e9ny\u00e9t rendszeresen tiszt\u00edtani \u00e9s karbantartani kell\" tabindex=\"-1\" >\n\t\t\tTov\u00e1bb olvasni \u00bb\t\t<\/a>\n\n\t\t\t\t<\/div>\n\t\t\t\t<div class=\"elementor-post__meta-data\">\n\t\t\t\t\t<span class=\"elementor-post-date\">\n\t\t\t02\/12\/2025\t\t<\/span>\n\t\t\t\t<\/div>\n\t\t\t\t\t<\/div>\n\t\t<\/article>\n\t\t\t\t<article class=\"elementor-post elementor-grid-item post-1421 post type-post status-publish format-standard has-post-thumbnail hentry category-company-news\">\n\t\t\t<div class=\"elementor-post__card\">\n\t\t\t\t<a class=\"elementor-post__thumbnail__link\" href=\"https:\/\/www.northpwr.cn\/hu\/company-news\/what-is-the-inverter-cabinet-the-role-of-the-inverter-cabinet\/\" tabindex=\"-1\" ><div class=\"elementor-post__thumbnail\"><img loading=\"lazy\" decoding=\"async\" width=\"800\" height=\"600\" src=\"https:\/\/www.northpwr.cn\/wp-content\/uploads\/sites\/566\/2025\/12\/ea8d3a59-309a-4557-ac36-03eca37f711f.png\" class=\"attachment-full size-full wp-image-1424\" alt=\"\" srcset=\"https:\/\/www.northpwr.cn\/wp-content\/uploads\/sites\/566\/2025\/12\/ea8d3a59-309a-4557-ac36-03eca37f711f.png 800w, https:\/\/www.northpwr.cn\/wp-content\/uploads\/sites\/566\/2025\/12\/ea8d3a59-309a-4557-ac36-03eca37f711f-768x576.png 768w, https:\/\/www.northpwr.cn\/wp-content\/uploads\/sites\/566\/2025\/12\/ea8d3a59-309a-4557-ac36-03eca37f711f-16x12.png 16w, https:\/\/www.northpwr.cn\/wp-content\/uploads\/sites\/566\/2025\/12\/ea8d3a59-309a-4557-ac36-03eca37f711f-600x450.png 600w\" sizes=\"(max-width: 800px) 100vw, 800px\" \/><\/div><\/a>\n\t\t\t\t<div class=\"elementor-post__badge\">C\u00e9gh\u00edrek<\/div>\n\t\t\t\t<div class=\"elementor-post__text\">\n\t\t\t\t<h3 class=\"elementor-post__title\">\n\t\t\t<a href=\"https:\/\/www.northpwr.cn\/hu\/company-news\/what-is-the-inverter-cabinet-the-role-of-the-inverter-cabinet\/\" >\n\t\t\t\tMi az inverterszekr\u00e9ny? Az inverterszekr\u00e9ny szerepe\t\t\t<\/a>\n\t\t<\/h3>\n\t\t\t\t<div class=\"elementor-post__excerpt\">\n\t\t\t<p>Mi az inverter-szekr\u00e9ny? Az inverter-szekr\u00e9ny az inverter seg\u00edts\u00e9g\u00e9vel vez\u00e9rli a teljes\u00edtm\u00e9nyegys\u00e9g vez\u00e9rl\u0151szekr\u00e9ny\u00e9t. J\u00f3 ind\u00edt\u00e1si tulajdons\u00e1gai miatt<\/p>\n\t\t<\/div>\n\t\t\n\t\t<a class=\"elementor-post__read-more\" href=\"https:\/\/www.northpwr.cn\/hu\/company-news\/what-is-the-inverter-cabinet-the-role-of-the-inverter-cabinet\/\" aria-label=\"Olvasd el t\u00f6bbet arr\u00f3l, mi is az inverter szekr\u00e9ny \u00e9s milyen szerepe van az inverter szekr\u00e9nynek\" tabindex=\"-1\" >\n\t\t\tTov\u00e1bb olvasni \u00bb\t\t<\/a>\n\n\t\t\t\t<\/div>\n\t\t\t\t<div class=\"elementor-post__meta-data\">\n\t\t\t\t\t<span class=\"elementor-post-date\">\n\t\t\t02\/12\/2025\t\t<\/span>\n\t\t\t\t<\/div>\n\t\t\t\t\t<\/div>\n\t\t<\/article>\n\t\t\t\t<\/div>\n\t\t\n\t\t\t\t<\/div>\n\t\t\t\t<\/div>\n\t\t\t\t\t<\/div>\n\t\t\t\t<\/div>\n\t\t\t\t<\/div>","protected":false},"excerpt":{"rendered":"<p>Blogs Kezd\u0151lap<\/p>","protected":false},"author":2,"featured_media":0,"parent":0,"menu_order":0,"comment_status":"closed","ping_status":"closed","template":"","meta":{"_acf_changed":false,"_seopress_robots_primary_cat":"","footnotes":""},"class_list":["post-955","page","type-page","status-publish","hentry"],"acf":[],"_links":{"self":[{"href":"https:\/\/www.northpwr.cn\/hu\/wp-json\/wp\/v2\/pages\/955","targetHints":{"allow":["GET"]}}],"collection":[{"href":"https:\/\/www.northpwr.cn\/hu\/wp-json\/wp\/v2\/pages"}],"about":[{"href":"https:\/\/www.northpwr.cn\/hu\/wp-json\/wp\/v2\/types\/page"}],"author":[{"embeddable":true,"href":"https:\/\/www.northpwr.cn\/hu\/wp-json\/wp\/v2\/users\/2"}],"replies":[{"embeddable":true,"href":"https:\/\/www.northpwr.cn\/hu\/wp-json\/wp\/v2\/comments?post=955"}],"version-history":[{"count":22,"href":"https:\/\/www.northpwr.cn\/hu\/wp-json\/wp\/v2\/pages\/955\/revisions"}],"predecessor-version":[{"id":1691,"href":"https:\/\/www.northpwr.cn\/hu\/wp-json\/wp\/v2\/pages\/955\/revisions\/1691"}],"wp:attachment":[{"href":"https:\/\/www.northpwr.cn\/hu\/wp-json\/wp\/v2\/media?parent=955"}],"curies":[{"name":"wp","href":"https:\/\/api.w.org\/{rel}","templated":true}]}}