
{"id":1574,"date":"2025-12-03T11:04:32","date_gmt":"2025-12-03T03:04:32","guid":{"rendered":"https:\/\/www.northpwr.cn\/?post_type=product&p=1574"},"modified":"2025-12-03T11:04:32","modified_gmt":"2025-12-03T03:04:32","slug":"kyn28a-12-armored-withdrawable-ac-metal-clad-switchgear","status":"publish","type":"product","link":"https:\/\/www.northpwr.cn\/hu\/termek\/kyn28a-12-armored-withdrawable-ac-metal-clad-switchgear\/","title":{"rendered":"KYN28A-12 P\u00e1nc\u00e9lozott kih\u00fazhat\u00f3 v\u00e1lt\u00f3\u00e1ram\u00fa f\u00e9mburkolat\u00fa kapcsol\u00f3berendez\u00e9s"},"content":{"rendered":"<p data-cah=\"2\">A KYN28-12 f\u00e9mburkolat\u00fa kapcsol\u00f3berendez\u00e9s 7,2~12kV h\u00e1romf\u00e1zis\u00fa, 50Hz-es \u00e1ramh\u00e1l\u00f3zatokhoz alkalmas. Haszn\u00e1lhat\u00f3 elektromos energia fogad\u00e1s\u00e1ra \u00e9s eloszt\u00e1s\u00e1ra, valamint \u00e1ramk\u00f6r\u00f6k vez\u00e9rl\u00e9s\u00e9re, fel\u00fcgyelet\u00e9re \u00e9s v\u00e9delm\u00e9re.<\/p>\n<p> \u00c1ttekint\u00e9s<br \/> \u3000\u3000A KYN28-12 f\u00e9mburkolat\u00fa kih\u00fazhat\u00f3 kapcsol\u00f3berendez\u00e9s 7,2~12kV h\u00e1romf\u00e1zis\u00fa, 50Hz-es \u00e1ramh\u00e1l\u00f3zatokhoz alkalmas. Haszn\u00e1lhat\u00f3 elektromos energia fogad\u00e1s\u00e1ra \u00e9s eloszt\u00e1s\u00e1ra, valamint \u00e1ramk\u00f6r\u00f6k vez\u00e9rl\u00e9s\u00e9re, fel\u00fcgyelet\u00e9re \u00e9s v\u00e9delm\u00e9re. Egybuszos \u00e9s egybuszos szekcion\u00e1l\u00f3 rendszerekben is alkalmazhat\u00f3. Megfelel az IEC298 \u201e1kV-n\u00e1l nagyobb \u00e9s 52kV-ig terjed\u0151 AC f\u00e9mburkolat\u00fa kapcsol\u00f3berendez\u00e9sek \u00e9s vez\u00e9rl\u0151berendez\u00e9sek\u201d, az OEC694 \u201eMagasfesz\u00fclts\u00e9g\u0171 kapcsol\u00f3berendez\u00e9sek \u00e9s vez\u00e9rl\u0151berendez\u00e9sek k\u00f6z\u00f6s cikkei\u201d, a GB3906 \u201e3,6kV-40,5kV AC f\u00e9mburkolat\u00fa kapcsol\u00f3berendez\u00e9sek \u00e9s vez\u00e9rl\u0151berendez\u00e9sek\u201d, a GB11022 \u201eMagasfesz\u00fclts\u00e9g\u0171 kapcsol\u00f3berendez\u00e9sek \u00e9s vez\u00e9rl\u0151berendez\u00e9sek szabv\u00e1nyainak k\u00f6z\u00f6s m\u0171szaki felt\u00e9telei\u201d, valamint a DL\/T404 \u201e3,6kV-40,5kV AC f\u00e9mburkolat\u00fa kapcsol\u00f3berendez\u00e9sek \u00e9s vez\u00e9rl\u0151berendez\u00e9sek\u201d szabv\u00e1nyoknak, \u00e9s teljesk\u00f6r\u0171, megb\u00edzhat\u00f3 t\u00e9ved\u00e9sv\u00e9delmi funkci\u00f3kkal rendelkezik.<br \/> Haszn\u00e1lati k\u00f6rnyezeti felt\u00e9telek<br \/> \u3000\u3000\u2022 K\u00fcls\u0151 h\u0151m\u00e9rs\u00e9klet: Maxim\u00e1lis h\u0151m\u00e9rs\u00e9klet +40\u2103, minim\u00e1lis h\u0151m\u00e9rs\u00e9klet -15\u2103.<\/p>\n<p> \u3000\u3000\u2022 K\u00fcls\u0151 p\u00e1ratartalom: Napi \u00e1tlagos relat\u00edv p\u00e1ratartalom legfeljebb 95%, havi \u00e1tlagos p\u00e1ratartalom legfeljebb 90%.<\/p>\n<p> \u2022 Tengerszint feletti magass\u00e1g: Nem haladja meg a 1000 m-t.<\/p>\n<p> \u3000\u3000\u2022 F\u00f6ldreng\u00e9s\u00e1ll\u00f3s\u00e1g: A szeizmikus intenzit\u00e1s legfeljebb 8. fokozat.<\/p>\n<p> \u3000\u3000\u2022 A k\u00f6rnyez\u0151 leveg\u0151 nem szabad jelent\u0151s m\u00e9rt\u00e9kben szennyezettnek lennie korroz\u00edv vagy gy\u00fal\u00e9kony g\u00e1zokkal, v\u00edzp\u00e1r\u00e1val stb. Nem szabad gyakori er\u0151s rezg\u00e9seknek kitettni.<\/p>\n<p> \u3000\u3000\u2022 Ha olyan k\u00f6r\u00fclm\u00e9nyek k\u00f6z\u00f6tt haszn\u00e1lj\u00e1k, amelyek meghaladj\u00e1k a GB3906-ban megadott norm\u00e1l k\u00f6rnyezeti felt\u00e9teleket, arr\u00f3l a felhaszn\u00e1l\u00f3 \u00e9s c\u00e9g\u00fcnk k\u00f6z\u00f6tt kell egyeztetni.<br \/> M\u0171szaki param\u00e9terek<br \/> Kapcsol\u00f3berendez\u00e9sek m\u0171szaki param\u00e9terei<\/p>\n<table data-cah=\"6\">\n<tbody>\n<tr>\n<td class=\"\"><span class=\"ellipsis\" title=\"T\u00e9tel\">T\u00e9tel<\/span><\/td>\n<td class=\"\"><span class=\"ellipsis\" title=\"Egys\u00e9g\">Egys\u00e9g<\/span><\/td>\n<td class=\"\"><span class=\"ellipsis\" title=\"Adat\">Adat<\/span><\/td>\n<\/tr>\n<tr>\n<td class=\"\"><span class=\"ellipsis\" title=\"N\u00e9vleges fesz\u00fclts\u00e9g\">N\u00e9vleges fesz\u00fclts\u00e9g<\/span><\/td>\n<td class=\"\"><span class=\"ellipsis\" title=\"kV\">kV<\/span><\/td>\n<td class=\"\"><span class=\"ellipsis\" title=\"7,2, 12\">7,2, 12<\/span><\/td>\n<\/tr>\n<tr>\n<td class=\"\"><span class=\"ellipsis\" title=\"N\u00e9vleges frekvencia\">N\u00e9vleges frekvencia<\/span><\/td>\n<td class=\"\"><span class=\"ellipsis\" title=\"Hz\">Hz<\/span><\/td>\n<td class=\"\"><span class=\"ellipsis\" title=\"50\">50<\/span><\/td>\n<\/tr>\n<tr>\n<td class=\"\"><span class=\"ellipsis\" title=\"N\u00e9vleges \u00e1ram\">N\u00e9vleges \u00e1ram<\/span><\/td>\n<td class=\"\"><span class=\"ellipsis\" title=\"A\">A<\/span><\/td>\n<td class=\"\"><span class=\"ellipsis\" title=\"630~4000\">630~4000<\/span><\/td>\n<\/tr>\n<tr>\n<td class=\"\"><span class=\"ellipsis\" title=\"N\u00e9vleges szigetel\u00e9s\">N\u00e9vleges szigetel\u00e9s<\/span><\/td>\n<td class=\"\"><span class=\"ellipsis\" title=\"Imin H\u00e1l\u00f3zati Gyakorlati Ellen\u00e1ll\u00f3 Fesz\u00fclts\u00e9g (f\u00f6ldhez\/nyitott \u00e1ramk\u00f6rh\u00f6z k\u00e9pest)\">Imin H\u00e1l\u00f3zati Gyakorlati Ellen\u00e1ll\u00f3 Fesz\u00fclts\u00e9g (f\u00f6ldhez\/nyitott \u00e1ramk\u00f6rh\u00f6z k\u00e9pest)<\/span><\/td>\n<td class=\"\"><span class=\"ellipsis\" title=\"kV\">kV<\/span><\/td>\n<td class=\"\"><span class=\"ellipsis\" title=\"28\/32, 42\/48\">28\/32, 42\/48<\/span><\/td>\n<\/tr>\n<tr>\n<td class=\"\"><span class=\"ellipsis\" title=\"Szint\">Szint<\/span><\/td>\n<td class=\"\"><span class=\"ellipsis\" title=\"Vill\u00e1mimpulzus Ellen\u00e1ll\u00f3 Fesz\u00fclts\u00e9g (f\u00f6ldhez\/nyitott \u00e1ramk\u00f6rh\u00f6z k\u00e9pest)\">Vill\u00e1mimpulzus Ellen\u00e1ll\u00f3 Fesz\u00fclts\u00e9g (f\u00f6ldhez\/nyitott \u00e1ramk\u00f6rh\u00f6z k\u00e9pest)<\/span><\/td>\n<td class=\"\"><span class=\"ellipsis\" title=\"kV\">kV<\/span><\/td>\n<td class=\"\"><span class=\"ellipsis\" title=\"60\/70, 75\/85\">60\/70, 75\/85<\/span><\/td>\n<\/tr>\n<tr>\n<td class=\"\"><span class=\"ellipsis\" title=\"N\u00e9vleges r\u00f6vid idej\u0171 ellen\u00e1ll\u00f3 \u00e1ram (4S)\">N\u00e9vleges r\u00f6vid idej\u0171 ellen\u00e1ll\u00f3 \u00e1ram (4S)<\/span><\/td>\n<td class=\"\"><span class=\"ellipsis\" title=\"kA\">kA<\/span><\/td>\n<td class=\"\"><span class=\"ellipsis\" title=\"20, 25, 31,5, 40, 50\">20, 25, 31,5, 40, 50<\/span><\/td>\n<\/tr>\n<tr>\n<td class=\"\"><span class=\"ellipsis\" title=\"N\u00e9vleges cs\u00facs ellen\u00e1ll\u00f3 \u00e1ram\">N\u00e9vleges cs\u00facs ellen\u00e1ll\u00f3 \u00e1ram<\/span><\/td>\n<td class=\"\"><span class=\"ellipsis\" title=\"kA\">kA<\/span><\/td>\n<td class=\"\"><span class=\"ellipsis\" title=\"50, 63, 80, 100, 125\">50, 63, 80, 100, 125<\/span><\/td>\n<\/tr>\n<tr>\n<td class=\"\"><span class=\"ellipsis\" title=\"V\u00e9delmi szint\">V\u00e9delmi szint<\/span><\/td>\n<td class=\"\"><span class=\"ellipsis\" title=\"\"><\/span><\/td>\n<td class=\"\"><span class=\"ellipsis\" title=\"H\u00fcvely IP4X, IP2X, ha a kocsis kompartment ajtaja nyitva van\">H\u00fcvely IP4X, IP2X, ha a kocsis kompartment ajtaja nyitva van<\/span><\/td>\n<\/tr>\n<tr>\n<td class=\"\"><span class=\"ellipsis\" title=\"M\u00e9retek (sz\u00e9less\u00e9g \u00d7 m\u00e9lys\u00e9g \u00d7 magass\u00e1g)\">M\u00e9retek (sz\u00e9less\u00e9g \u00d7 m\u00e9lys\u00e9g \u00d7 magass\u00e1g)<\/span><\/td>\n<td class=\"\"><span class=\"ellipsis\" title=\"mm\">mm<\/span><\/td>\n<td class=\"\"><span class=\"ellipsis\" title=\"800(1000)\u00d71500(1700,1900) \u00d7 2370\">800(1000)\u00d71500(1700,1900) \u00d7 2370<\/span><\/td>\n<\/tr>\n<tr>\n<td class=\"\"><span class=\"ellipsis\" title=\"S\u00faly\">S\u00faly<\/span><\/td>\n<td class=\"\"><span class=\"ellipsis\" title=\"kg\">kg<\/span><\/td>\n<td class=\"\"><span class=\"ellipsis\" title=\"800~1200\">800~1200<\/span><\/td>\n<\/tr>\n<\/tbody>\n<\/table>\n<p data-cah=\"2\">\u3000\u3000A n\u00e9vleges r\u00f6vid idej\u0171 ellen\u00e1ll\u00f3 \u00e1ram 31,5kA \u00e9s alatti eset\u00e9n, valamint a mell\u00e9kbusz n\u00e9vleges \u00e1rama 1600A \u00e9s alatti eset\u00e9n a szekr\u00e9ny sz\u00e9less\u00e9ge 800mm;<\/p>\n<p> \u3000\u3000A n\u00e9vleges r\u00f6vid idej\u0171 ellen\u00e1ll\u00f3 \u00e1ram 40kA \u00e9s felette, valamint a mell\u00e9kbusz n\u00e9vleges \u00e1rama 1600A \u00e9s felette eset\u00e9n a szekr\u00e9ny sz\u00e9less\u00e9ge 1000mm, a szekr\u00e9ny m\u00e9lys\u00e9ge pedig a felhaszn\u00e1l\u00f3 v\u00e1lasztja ki a terv szerint.<\/p>\n<p> \u3000\u3000Ez a kapcsol\u00f3berendez\u00e9s a c\u00e9g\u00fcnk \u00e1ltal gy\u00e1rtott SCHVI v\u00e1kuumkapcsol\u00f3kkal van felszerelve, de fel lehet szerelni Siemens 3AE \u00e9s 3AJ1, ABB VD4 \u00e9s HD4, valamint Schneider Evolis \u00e9s EV12 v\u00e1kuumkapcsol\u00f3kkal is.<br \/> Megrendel\u00e9si inform\u00e1ci\u00f3k<br \/> K\u00e9rj\u00fck, hogy a megrendel\u00e9skor az al\u00e1bbi inform\u00e1ci\u00f3kat szolg\u00e1ltassa:<\/p>\n<p> \u2022 Kapcsol\u00f3berendez\u00e9s modellje, mennyis\u00e9ge, sz\u00e1ll\u00edt\u00e1si d\u00e1tum \u00e9s els\u0151dleges v\u00e1laszt\u00e9k sz\u00e1ma;<\/p>\n<p> \u2022 Els\u0151dleges rendszer rajza, m\u00e1sodlagos elvi rajz \u00e9s kapcsol\u00f3berendez\u00e9s elrendez\u00e9si rajza;<\/p>\n<p> \u2022 F\u0151buszvezet\u00e9k n\u00e9vleges \u00e1rama \u00e9s az els\u0151dleges alkatr\u00e9szek modellje \u00e9s specifik\u00e1ci\u00f3ja;<\/p>\n<p> \u2022 Speci\u00e1lis k\u00f6vetelm\u00e9nyek (ha vannak).<\/p>","protected":false},"excerpt":{"rendered":"<p>A KYN28-12 f\u00e9mburkolat\u00fa kapcsol\u00f3berendez\u00e9s 7,2~12kV h\u00e1romf\u00e1zis\u00fa 50Hz-es \u00e1ramh\u00e1l\u00f3zatokhoz alkalmas. Elektromos energi\u00e1nak fogad\u00e1s\u00e1ra \u00e9s eloszt\u00e1s\u00e1ra, valamint az \u00e1ramk\u00f6r\u00f6k vez\u00e9rl\u00e9s\u00e9re, fel\u00fcgyelet\u00e9re \u00e9s v\u00e9delm\u00e9re szolg\u00e1l. \u00c1ttekint\u00e9s A KYN28-12 f\u00e9mburkolat\u00fa kih\u00fazhat\u00f3 kapcsol\u00f3berendez\u00e9s 7,2~12kV h\u00e1romf\u00e1zis\u00fa 50Hz-es \u00e1ramh\u00e1l\u00f3zatokhoz alkalmas. Haszn\u00e1lj\u00e1k elektromos energi\u00e1nak fogad\u00e1s\u00e1ra \u00e9s eloszt\u00e1s\u00e1ra, valamint [\u2026]<\/p>","protected":false},"featured_media":1575,"template":"","meta":{"_acf_changed":false,"_seopress_robots_primary_cat":""},"product_brand":[],"product_cat":[58],"product_tag":[],"class_list":{"0":"post-1574","1":"product","2":"type-product","3":"status-publish","4":"has-post-thumbnail","6":"product_cat-ring-main-unit","8":"first","9":"instock","10":"shipping-taxable","11":"product-type-simple"},"acf":[],"_links":{"self":[{"href":"https:\/\/www.northpwr.cn\/hu\/wp-json\/wp\/v2\/product\/1574","targetHints":{"allow":["GET"]}}],"collection":[{"href":"https:\/\/www.northpwr.cn\/hu\/wp-json\/wp\/v2\/product"}],"about":[{"href":"https:\/\/www.northpwr.cn\/hu\/wp-json\/wp\/v2\/types\/product"}],"wp:featuredmedia":[{"embeddable":true,"href":"https:\/\/www.northpwr.cn\/hu\/wp-json\/wp\/v2\/media\/1575"}],"wp:attachment":[{"href":"https:\/\/www.northpwr.cn\/hu\/wp-json\/wp\/v2\/media?parent=1574"}],"wp:term":[{"taxonomy":"product_brand","embeddable":true,"href":"https:\/\/www.northpwr.cn\/hu\/wp-json\/wp\/v2\/product_brand?post=1574"},{"taxonomy":"product_cat","embeddable":true,"href":"https:\/\/www.northpwr.cn\/hu\/wp-json\/wp\/v2\/product_cat?post=1574"},{"taxonomy":"product_tag","embeddable":true,"href":"https:\/\/www.northpwr.cn\/hu\/wp-json\/wp\/v2\/product_tag?post=1574"}],"curies":[{"name":"wp","href":"https:\/\/api.w.org\/{rel}","templated":true}]}}