
{"id":1577,"date":"2025-12-03T11:06:32","date_gmt":"2025-12-03T03:06:32","guid":{"rendered":"https:\/\/www.northpwr.cn\/?post_type=product&p=1577"},"modified":"2025-12-03T11:06:32","modified_gmt":"2025-12-03T03:06:32","slug":"hxgn-12-fixed-ac-metal-clad-switchgear","status":"publish","type":"product","link":"https:\/\/www.northpwr.cn\/hu\/termek\/hxgn-12-fixed-ac-metal-clad-switchgear\/","title":{"rendered":"HXGN-12 r\u00f6gz\u00edtett AC f\u00e9mburkolat\u00fa kapcsol\u00f3berendez\u00e9s"},"content":{"rendered":"<p data-cah=\"2\">A HXGN-12 t\u00edpus\u00fa fix f\u00e9mbe z\u00e1rt kapcsol\u00f3berendez\u00e9s (ezut\u00e1n gy\u0171r\u0171s f\u0151egys\u00e9gk\u00e9nt eml\u00edtj\u00fck) 12 kV n\u00e9vleges fesz\u00fclts\u00e9g\u0171, 50 Hz n\u00e9vleges frekvenci\u00e1j\u00fa v\u00e1lt\u00f3\u00e1ram\u00fa magasfesz\u00fclts\u00e9g\u0171 teljes elektromos berendez\u00e9s, amelyet f\u0151k\u00e9nt h\u00e1romf\u00e1zis\u00fa v\u00e1lt\u00f3\u00e1ram\u00fa gy\u0171r\u0171h\u00e1l\u00f3zatokhoz, v\u00e9gponti eloszt\u00f3h\u00e1l\u00f3zatokhoz \u00e9s ipari energiaell\u00e1t\u00f3 berendez\u00e9sekhez haszn\u00e1lnak az elektromos energia fogad\u00e1s\u00e1ra \u00e9s eloszt\u00e1s\u00e1ra stb. Alkalmas tov\u00e1bb\u00e1 magasfesz\u00fclts\u00e9g\u0171 telep\u00edt\u00e9sre is.<\/p>\n<p> \u00c1ttekint\u00e9s<br \/> Az HXGN-12 dobozos fix f\u00e9mbe z\u00e1rt kapcsol\u00f3berendez\u00e9s (ezut\u00e1n gy\u0171r\u0171h\u00e1l\u00f3zati szekr\u00e9nyk\u00e9nt eml\u00edtj\u00fck) 12 kV n\u00e9vleges fesz\u00fclts\u00e9g\u0171, 50 Hz n\u00e9vleges frekvenci\u00e1j\u00fa v\u00e1lt\u00f3\u00e1ram\u00fa magasfesz\u00fclts\u00e9g\u0171 teljes elektromos berendez\u00e9s, amelyet f\u0151k\u00e9nt h\u00e1romf\u00e1zis\u00fa v\u00e1lt\u00f3\u00e1ram\u00fa gy\u0171r\u0171h\u00e1l\u00f3zatokhoz, v\u00e9gponti eloszt\u00f3h\u00e1l\u00f3zatokhoz \u00e9s ipari energiaell\u00e1t\u00f3 berendez\u00e9sekhez haszn\u00e1lnak az elektromos energia fogad\u00e1s\u00e1ra \u00e9s eloszt\u00e1s\u00e1ra. Alkalmas tov\u00e1bb\u00e1 magasfesz\u00fclts\u00e9g\u0171 telep\u00edt\u00e9sre is.<br \/> Haszn\u00e1lati k\u00f6rnyezeti felt\u00e9telek<br \/> \u2022 Teljes eszk\u00f6zstrukt\u00far\u00e1t alkalmaz, k\u00f6nny\u0171 \u00e9s sz\u00e9p, tetsz\u0151legesen kombin\u00e1lhat\u00f3 \u00e9s telep\u00edthet\u0151, k\u00f6nnyen v\u00e9gtelen\u00fcl b\u0151v\u00edthet\u0151 \u00e9s kiterjeszthet\u0151.<\/p>\n<p> \u2022 FKN12-12 t\u00edpus\u00fa pneumatikus jelz\u0151 terhel\u00e9skapcsol\u00f3val, kombin\u00e1lt elektromos berendez\u00e9ssel vagy FZN25-12 t\u00edpus\u00fa v\u00e1kuumos terhel\u00e9skapcsol\u00f3val, kombin\u00e1lt elektromos berendez\u00e9ssel szerelhet\u0151 fel, \u00e9s a telep\u00edt\u00e9si m\u00e9retek teljesen egyeznek. Kicsi m\u00e9ret, karbantart\u00e1smentes, h\u00e1romf\u00e1zis\u00fa \u00f6sszekapcsol\u00e1s\u00fa szerkezet \u00e9s t\u00e1vvez\u00e9rl\u00e9si funkci\u00f3.<\/p>\n<p> K\u00e9zi \u00e9s elektromos m\u0171k\u00f6dtet\u00e9s is rendelkez\u00e9sre \u00e1ll, \u00e9s t\u00e1vvez\u00e9rl\u00e9si funkci\u00f3val rendelkezik.<\/p>\n<p> Teljes \u00e9s megb\u00edzhat\u00f3 mechanikai \u00f6sszekapcsol\u00f3 \u00e9s blokkol\u00f3 berendez\u00e9ssel rendelkezik, teljes m\u00e9rt\u00e9kben megval\u00f3s\u00edtva az \u201e\u00f6tv\u00e9delem\u201d funkci\u00f3t.<\/p>\n<p> A terhel\u00e9skapcsol\u00f3 \u00f6sszekapcsol\u00f3 v\u00e9d\u0151szigetel\u0151 szeleppel v\u00e9di az energiz\u00e1lt foganty\u00fat, biztos\u00edtva a szem\u00e9lyi biztons\u00e1got.<\/p>\n<p> Az el\u0151lap ablakkal van ell\u00e1tva, amelyen j\u00f3l l\u00e1that\u00f3 a szekr\u00e9ny belsej\u00e9ben l\u00e9v\u0151 alkatr\u00e9szek munkahelyzete.<\/p>\n<p> Megfelel a GB3906, GB11022 \u00e9s m\u00e1s szabv\u00e1nyoknak.<br \/> M\u0171szaki param\u00e9terek<\/p>\n<table data-cah=\"6\">\n<tbody>\n<tr>\n<td class=\"\"><span class=\"ellipsis\" title=\"Sorozatsz\u00e1m\">Sorozatsz\u00e1m<\/span><\/td>\n<td class=\"\"><span class=\"ellipsis\" title=\"N\u00e9v\">N\u00e9v<\/span><\/td>\n<td class=\"\"><span class=\"ellipsis\" title=\"Egys\u00e9g\">Egys\u00e9g<\/span><\/td>\n<td class=\"\"><span class=\"ellipsis\" title=\"FKN12-12\">FKN12-12<\/span><\/td>\n<td class=\"\"><span class=\"ellipsis\" title=\"FKRN12-12\">FKRN12-12<\/span><\/td>\n<td class=\"\"><span class=\"ellipsis\" title=\"\"><\/span><\/td>\n<\/tr>\n<tr>\n<td class=\"\"><span class=\"ellipsis\" title=\"1\">1<\/span><\/td>\n<td class=\"\"><span class=\"ellipsis\" title=\"N\u00e9vleges fesz\u00fclts\u00e9g\">N\u00e9vleges fesz\u00fclts\u00e9g<\/span><\/td>\n<td class=\"\"><span class=\"ellipsis\" title=\"KV\">KV<\/span><\/td>\n<td class=\"\"><span class=\"ellipsis\" title=\"12\">12<\/span><\/td>\n<td class=\"\"><span class=\"ellipsis\" title=\"\"><\/span><\/td>\n<\/tr>\n<tr>\n<td class=\"\"><span class=\"ellipsis\" title=\"2\">2<\/span><\/td>\n<td class=\"\"><span class=\"ellipsis\" title=\"Imin \u00e1ramfrekvenci\u00e1s ellen\u00e1ll\u00f3 fesz\u00fclts\u00e9g\">Imin \u00e1ramfrekvenci\u00e1s ellen\u00e1ll\u00f3 fesz\u00fclts\u00e9g<\/span><\/td>\n<td class=\"\"><span class=\"ellipsis\" title=\"KV\">KV<\/span><\/td>\n<td class=\"\"><span class=\"ellipsis\" title=\"P\u00f3lus \u00e9s f\u00e1zis 42, szigetel\u0151 port 48\">P\u00f3lus \u00e9s f\u00e1zis 42, szigetel\u0151 port 48<\/span><\/td>\n<td class=\"\"><span class=\"ellipsis\" title=\"\"><\/span><\/td>\n<\/tr>\n<tr>\n<td class=\"\"><span class=\"ellipsis\" title=\"3\">3<\/span><\/td>\n<td class=\"\"><span class=\"ellipsis\" title=\"Villamos impulzusfesz\u00fclts\u00e9g (cs\u00facs)\">Villamos impulzusfesz\u00fclts\u00e9g (cs\u00facs)<\/span><\/td>\n<td class=\"\"><span class=\"ellipsis\" title=\"KV\">KV<\/span><\/td>\n<td class=\"\"><span class=\"ellipsis\" title=\"P\u00f3lus \u00e9s f\u00e1zis 75, szigetel\u0151 port 85\">P\u00f3lus \u00e9s f\u00e1zis 75, szigetel\u0151 port 85<\/span><\/td>\n<td class=\"\"><span class=\"ellipsis\" title=\"\"><\/span><\/td>\n<\/tr>\n<tr>\n<td class=\"\"><span class=\"ellipsis\" title=\"4\">4<\/span><\/td>\n<td class=\"\"><span class=\"ellipsis\" title=\"N\u00e9vleges frekvencia\">N\u00e9vleges frekvencia<\/span><\/td>\n<td class=\"\"><span class=\"ellipsis\" title=\"Hz\">Hz<\/span><\/td>\n<td class=\"\"><span class=\"ellipsis\" title=\"50\">50<\/span><\/td>\n<td class=\"\"><span class=\"ellipsis\" title=\"\"><\/span><\/td>\n<\/tr>\n<tr>\n<td class=\"\"><span class=\"ellipsis\" title=\"5\">5<\/span><\/td>\n<td class=\"\"><span class=\"ellipsis\" title=\"F\u0151 vezet\u00e9k n\u00e9vleges \u00e1rama\">F\u0151 vezet\u00e9k n\u00e9vleges \u00e1rama<\/span><\/td>\n<td class=\"\"><span class=\"ellipsis\" title=\"A\">A<\/span><\/td>\n<td class=\"\"><span class=\"ellipsis\" title=\"630\">630<\/span><\/td>\n<td class=\"\"><span class=\"ellipsis\" title=\"\"><\/span><\/td>\n<\/tr>\n<tr>\n<td class=\"\"><span class=\"ellipsis\" title=\"6\">6<\/span><\/td>\n<td class=\"\"><span class=\"ellipsis\" title=\"N\u00e9vleges \u00e1ram\">N\u00e9vleges \u00e1ram<\/span><\/td>\n<td class=\"\"><span class=\"ellipsis\" title=\"A\">A<\/span><\/td>\n<td class=\"\"><span class=\"ellipsis\" title=\"630\">630<\/span><\/td>\n<td class=\"\"><span class=\"ellipsis\" title=\"\"><\/span><\/td>\n<\/tr>\n<tr>\n<td class=\"\"><span class=\"ellipsis\" title=\"7\">7<\/span><\/td>\n<td class=\"\"><span class=\"ellipsis\" title=\"Terhel\u00e9skapcsol\u00f3\">Terhel\u00e9skapcsol\u00f3<\/span><\/td>\n<td class=\"\"><span class=\"ellipsis\" title=\"N\u00e9vleges elektromos \u00e9lettartam \u00e1ram alatt\">N\u00e9vleges elektromos \u00e9lettartam \u00e1ram alatt<\/span><\/td>\n<td class=\"\"><span class=\"ellipsis\" title=\"Id\u0151k\">Id\u0151k<\/span><\/td>\n<td class=\"\" colspan=\"2\"><span class=\"ellipsis\" title=\"Legal\u00e1bb 100\">Legal\u00e1bb 100<\/span><\/td>\n<\/tr>\n<tr>\n<td class=\"\"><span class=\"ellipsis\" title=\"8\">8<\/span><\/td>\n<td class=\"\"><span class=\"ellipsis\" title=\"Terhel\u00e9skapcsol\u00f3\">Terhel\u00e9skapcsol\u00f3<\/span><\/td>\n<td class=\"\"><span class=\"ellipsis\" title=\"Terhel\u00e9s n\u00e9lk\u00fcli transzform\u00e1tor t\u00f6r\u0151k\u00e9pess\u00e9ge\">Terhel\u00e9s n\u00e9lk\u00fcli transzform\u00e1tor t\u00f6r\u0151k\u00e9pess\u00e9ge<\/span><\/td>\n<td class=\"\"><span class=\"ellipsis\" title=\"KVA\">KVA<\/span><\/td>\n<td class=\"\" colspan=\"2\"><span class=\"ellipsis\" title=\"1250, 1600\">1250, 1600<\/span><\/td>\n<\/tr>\n<tr>\n<td class=\"\"><span class=\"ellipsis\" title=\"9\">9<\/span><\/td>\n<td class=\"\"><span class=\"ellipsis\" title=\"Terhel\u00e9skapcsol\u00f3\">Terhel\u00e9skapcsol\u00f3<\/span><\/td>\n<td class=\"\"><span class=\"ellipsis\" title=\"N\u00e9vleges h\u0151stabilit\u00e1si \u00e1ram\">N\u00e9vleges h\u0151stabilit\u00e1si \u00e1ram<\/span><\/td>\n<td class=\"\"><span class=\"ellipsis\" title=\"KA\/S\">KA\/S<\/span><\/td>\n<td class=\"\" colspan=\"2\"><span class=\"ellipsis\" title=\"20\/4, f\u00f6ldel\u0151 kapcsol\u00f3 20\/2\">20\/4, f\u00f6ldel\u0151 kapcsol\u00f3 20\/2<\/span><\/td>\n<\/tr>\n<tr>\n<td class=\"\"><span class=\"ellipsis\" title=\"10\">10<\/span><\/td>\n<td class=\"\"><span class=\"ellipsis\" title=\"Terhel\u00e9skapcsol\u00f3\">Terhel\u00e9skapcsol\u00f3<\/span><\/td>\n<td class=\"\"><span class=\"ellipsis\" title=\"N\u00e9vleges dinamikai stabilit\u00e1si \u00e1ram (cs\u00facs)\">N\u00e9vleges dinamikai stabilit\u00e1si \u00e1ram (cs\u00facs)<\/span><\/td>\n<td class=\"\"><span class=\"ellipsis\" title=\"KA\">KA<\/span><\/td>\n<td class=\"\" colspan=\"2\"><span class=\"ellipsis\" title=\"50\">50<\/span><\/td>\n<\/tr>\n<\/tbody>\n<\/table>\n<table data-cah=\"6\">\n<tbody>\n<tr>\n<td class=\"\"><span class=\"ellipsis\" title=\"10\">10<\/span><\/td>\n<td class=\"\"><span class=\"ellipsis\" title=\"Terhel\u00e9skapcsol\u00f3\">Terhel\u00e9skapcsol\u00f3<\/span><\/td>\n<td class=\"\"><span class=\"ellipsis\" title=\"N\u00e9vleges r\u00f6vidz\u00e1rlati z\u00e1r\u00f3\u00e1ram (cs\u00facs)\">N\u00e9vleges r\u00f6vidz\u00e1rlati z\u00e1r\u00f3\u00e1ram (cs\u00facs)<\/span><\/td>\n<td class=\"\"><span class=\"ellipsis\" title=\"KA\">KA<\/span><\/td>\n<td class=\"\" colspan=\"2\"><span class=\"ellipsis\" title=\"50\">50<\/span><\/td>\n<\/tr>\n<tr>\n<td class=\"\"><span class=\"ellipsis\" title=\"12\">12<\/span><\/td>\n<td class=\"\"><span class=\"ellipsis\" title=\"Kombin\u00e1lt elektromos berendez\u00e9s\">Kombin\u00e1lt elektromos berendez\u00e9s<\/span><\/td>\n<td class=\"\"><span class=\"ellipsis\" title=\"Biztos\u00edt\u00e9k n\u00e9vleges \u00e1rama\">Biztos\u00edt\u00e9k n\u00e9vleges \u00e1rama<\/span><\/td>\n<td class=\"\"><span class=\"ellipsis\" title=\"A\">A<\/span><\/td>\n<td class=\"\" colspan=\"2\"><span class=\"ellipsis\" title=\"100\">100<\/span><\/td>\n<\/tr>\n<tr>\n<td class=\"\"><span class=\"ellipsis\" title=\"13\">13<\/span><\/td>\n<td class=\"\"><span class=\"ellipsis\" title=\"Kombin\u00e1lt elektromos berendez\u00e9s\">Kombin\u00e1lt elektromos berendez\u00e9s<\/span><\/td>\n<td class=\"\"><span class=\"ellipsis\" title=\"N\u00e9vleges \u00e1tviteli \u00e1ram\">N\u00e9vleges \u00e1tviteli \u00e1ram<\/span><\/td>\n<td class=\"\"><span class=\"ellipsis\" title=\"A\">A<\/span><\/td>\n<td class=\"\"><span class=\"ellipsis\" title=\"\"><\/span><\/td>\n<td class=\"\"><span class=\"ellipsis\" title=\"2000\">2000<\/span><\/td>\n<\/tr>\n<tr>\n<td class=\"\"><span class=\"ellipsis\" title=\"14\">14<\/span><\/td>\n<td class=\"\"><span class=\"ellipsis\" title=\"Kombin\u00e1lt elektromos berendez\u00e9s\">Kombin\u00e1lt elektromos berendez\u00e9s<\/span><\/td>\n<td class=\"\"><span class=\"ellipsis\" title=\"N\u00e9vleges r\u00f6vidz\u00e1rlati t\u00f6r\u0151\u00e1ram\">N\u00e9vleges r\u00f6vidz\u00e1rlati t\u00f6r\u0151\u00e1ram<\/span><\/td>\n<td class=\"\"><span class=\"ellipsis\" title=\"KA\">KA<\/span><\/td>\n<td class=\"\" colspan=\"2\"><span class=\"ellipsis\" title=\"31.5\">31.5<\/span><\/td>\n<\/tr>\n<tr>\n<td class=\"\"><span class=\"ellipsis\" title=\"15\">15<\/span><\/td>\n<td class=\"\"><span class=\"ellipsis\" title=\"Kombin\u00e1lt elektromos berendez\u00e9s\">Kombin\u00e1lt elektromos berendez\u00e9s<\/span><\/td>\n<td class=\"\"><span class=\"ellipsis\" title=\"Megfelel\u0151 biztos\u00edt\u00e9k modellje\">Megfelel\u0151 biztos\u00edt\u00e9k modellje<\/span><\/td>\n<td class=\"\"><span class=\"ellipsis\" title=\"\"><\/span><\/td>\n<td class=\"\" colspan=\"2\"><span class=\"ellipsis\" title=\"SLAJ-12(XRNT-12)\">SLAJ-12(XRNT-12)<\/span><\/td>\n<\/tr>\n<tr>\n<td class=\"\"><span class=\"ellipsis\" title=\"16\">16<\/span><\/td>\n<td class=\"\"><span class=\"ellipsis\" title=\"Mechanikus \u00e9lettartam\">Mechanikus \u00e9lettartam<\/span><\/td>\n<td class=\"\"><span class=\"ellipsis\" title=\"Id\u0151k\">Id\u0151k<\/span><\/td>\n<td class=\"\"><span class=\"ellipsis\" title=\"3000\">3000<\/span><\/td>\n<td class=\"\"><span class=\"ellipsis\" title=\"10000\">10000<\/span><\/td>\n<td class=\"\"><span class=\"ellipsis\" title=\"\"><\/span><\/td>\n<\/tr>\n<tr>\n<td class=\"\"><span class=\"ellipsis\" title=\"17\">17<\/span><\/td>\n<td class=\"\"><span class=\"ellipsis\" title=\"Seg\u00e9d\u00e1ramk\u00f6r Imin h\u00e1l\u00f3zati frekvenci\u00e1s szil\u00e1rds\u00e1g\">Seg\u00e9d\u00e1ramk\u00f6r Imin h\u00e1l\u00f3zati frekvenci\u00e1s szil\u00e1rds\u00e1g<\/span><\/td>\n<td class=\"\"><span class=\"ellipsis\" title=\"KV\">KV<\/span><\/td>\n<td class=\"\"><span class=\"ellipsis\" title=\"2\">2<\/span><\/td>\n<td class=\"\"><span class=\"ellipsis\" title=\"\"><\/span><\/td>\n<\/tr>\n<tr>\n<td class=\"\"><span class=\"ellipsis\" title=\"18\">18<\/span><\/td>\n<td class=\"\"><span class=\"ellipsis\" title=\"Elektromos m\u0171k\u00f6dtet\u0151 mechanizmus m\u0171k\u00f6d\u00e9si fesz\u00fclts\u00e9ge\">Elektromos m\u0171k\u00f6dtet\u0151 mechanizmus m\u0171k\u00f6d\u00e9si fesz\u00fclts\u00e9ge<\/span><\/td>\n<td class=\"\"><span class=\"ellipsis\" title=\"V\">V<\/span><\/td>\n<td class=\"\"><span class=\"ellipsis\" title=\"AC\/DC 220, 110\">AC\/DC 220, 110<\/span><\/td>\n<td class=\"\"><span class=\"ellipsis\" title=\"\"><\/span><\/td>\n<\/tr>\n<tr>\n<td class=\"\"><span class=\"ellipsis\" title=\"19\">19<\/span><\/td>\n<td class=\"\"><span class=\"ellipsis\" title=\"V\u00e9delmi szint\">V\u00e9delmi szint<\/span><\/td>\n<td class=\"\"><span class=\"ellipsis\" title=\"\"><\/span><\/td>\n<td class=\"\"><span class=\"ellipsis\" title=\"1P4X\">1P4X<\/span><\/td>\n<td class=\"\"><span class=\"ellipsis\" title=\"\"><\/span><\/td>\n<\/tr>\n<tr>\n<td class=\"\"><span class=\"ellipsis\" title=\"20\">20<\/span><\/td>\n<td class=\"\"><span class=\"ellipsis\" title=\"M\u00e9retek (sz\u00e9less\u00e9g \u00d7 m\u00e9lys\u00e9g \u00d7 magass\u00e1g)\">M\u00e9retek (sz\u00e9less\u00e9g \u00d7 m\u00e9lys\u00e9g \u00d7 magass\u00e1g)<\/span><\/td>\n<td class=\"\"><span class=\"ellipsis\" title=\"mm\">mm<\/span><\/td>\n<td class=\"\"><span class=\"ellipsis\" title=\"700 (900) \u00d7 900 \u00d7 2000 (2200)\">700 (900) \u00d7 900 \u00d7 2000 (2200)<\/span><\/td>\n<td class=\"\"><span class=\"ellipsis\" title=\"\"><\/span><\/td>\n<\/tr>\n<\/tbody>\n<\/table>\n<p data-cah=\"2\">Megrendel\u00e9si utas\u00edt\u00e1sok<br \/> K\u00e9rj\u00fck, hogy a megrendel\u00e9skor az al\u00e1bbi inform\u00e1ci\u00f3kat szolg\u00e1ltassa:<\/p>\n<p> \u2022 Kapcsol\u00f3berendez\u00e9s modellje, mennyis\u00e9ge, sz\u00e1ll\u00edt\u00e1si d\u00e1tum \u00e9s els\u0151dleges v\u00e1laszt\u00e9k sz\u00e1ma;<\/p>\n<p> \u2022 Els\u0151dleges rendszer rajza, m\u00e1sodlagos elvi rajz \u00e9s kapcsol\u00f3berendez\u00e9s elrendez\u00e9si rajza;<\/p>\n<p> \u2022 F\u0151buszvezet\u00e9k n\u00e9vleges \u00e1rama \u00e9s az els\u0151dleges alkatr\u00e9szek modellje \u00e9s specifik\u00e1ci\u00f3ja;<\/p>\n<p> \u2022 Speci\u00e1lis k\u00f6vetelm\u00e9nyek (ha vannak).<\/p>","protected":false},"excerpt":{"rendered":"<p>A HXGN-12 t\u00edpus\u00fa r\u00f6gz\u00edtett f\u00e9mburkolat\u00fa kapcsol\u00f3berendez\u00e9s (ezut\u00e1n csak gy\u0171r\u0171s f\u0151egys\u00e9gk\u00e9nt eml\u00edtj\u00fck) 12 kV n\u00e9vleges fesz\u00fclts\u00e9g\u0171, 50 Hz n\u00e9vleges frekvenci\u00e1j\u00fa v\u00e1lt\u00f3\u00e1ram\u00fa nagyfesz\u00fclts\u00e9g\u0171 teljes elektromos berendez\u00e9s, amely els\u0151sorban h\u00e1romf\u00e1zis\u00fa v\u00e1lt\u00f3\u00e1ram\u00fa gy\u0171r\u0171h\u00e1l\u00f3zatokhoz, v\u00e9gponti eloszt\u00f3h\u00e1l\u00f3zatokhoz \u00e9s ipari energiaell\u00e1t\u00f3 berendez\u00e9sekhez haszn\u00e1lhat\u00f3 az elektromos energia fogad\u00e1s\u00e1ra \u00e9s eloszt\u00e1s\u00e1ra stb. Alkalmas tov\u00e1bb\u00e1 nagyfesz\u00fclts\u00e9g\u0171 telep\u00edt\u00e9sekre is. \u00c1ttekint\u00e9s\u3000\u3000A [\u2026]<\/p>","protected":false},"featured_media":1578,"template":"","meta":{"_acf_changed":false,"_seopress_robots_primary_cat":""},"product_brand":[],"product_cat":[58],"product_tag":[],"class_list":{"0":"post-1577","1":"product","2":"type-product","3":"status-publish","4":"has-post-thumbnail","6":"product_cat-ring-main-unit","8":"first","9":"instock","10":"shipping-taxable","11":"product-type-simple"},"acf":[],"_links":{"self":[{"href":"https:\/\/www.northpwr.cn\/hu\/wp-json\/wp\/v2\/product\/1577","targetHints":{"allow":["GET"]}}],"collection":[{"href":"https:\/\/www.northpwr.cn\/hu\/wp-json\/wp\/v2\/product"}],"about":[{"href":"https:\/\/www.northpwr.cn\/hu\/wp-json\/wp\/v2\/types\/product"}],"wp:featuredmedia":[{"embeddable":true,"href":"https:\/\/www.northpwr.cn\/hu\/wp-json\/wp\/v2\/media\/1578"}],"wp:attachment":[{"href":"https:\/\/www.northpwr.cn\/hu\/wp-json\/wp\/v2\/media?parent=1577"}],"wp:term":[{"taxonomy":"product_brand","embeddable":true,"href":"https:\/\/www.northpwr.cn\/hu\/wp-json\/wp\/v2\/product_brand?post=1577"},{"taxonomy":"product_cat","embeddable":true,"href":"https:\/\/www.northpwr.cn\/hu\/wp-json\/wp\/v2\/product_cat?post=1577"},{"taxonomy":"product_tag","embeddable":true,"href":"https:\/\/www.northpwr.cn\/hu\/wp-json\/wp\/v2\/product_tag?post=1577"}],"curies":[{"name":"wp","href":"https:\/\/api.w.org\/{rel}","templated":true}]}}