
{"id":1581,"date":"2025-12-03T11:04:36","date_gmt":"2025-12-03T03:04:36","guid":{"rendered":"https:\/\/www.northpwr.cn\/?post_type=product&p=1581"},"modified":"2025-12-03T11:04:36","modified_gmt":"2025-12-03T03:04:36","slug":"low-voltage-distribution-cabinet","status":"publish","type":"product","link":"https:\/\/www.northpwr.cn\/hu\/termek\/low-voltage-distribution-cabinet\/","title":{"rendered":"Alacsonyfesz\u00fclts\u00e9g\u0171 eloszt\u00f3szekr\u00e9ny"},"content":{"rendered":"<p data-cah=\"2\">A c\u00e9g ragaszkodik a \u201epragmatizmus, innov\u00e1ci\u00f3, harm\u00f3nia \u00e9s k\u00f6lcs\u00f6n\u00f6s el\u0151ny\u201d fejleszt\u00e9si tematik\u00e1hoz, sorozatos er\u0151forr\u00e1s-\u00e1tir\u00e1ny\u00edt\u00e1st hajtott v\u00e9gre, \u00e9s hat\u00e9kony fejleszt\u00e9si platformot \u00e9p\u00edtett ki.<\/p>\n<p> A c\u00e9g fejlett CAD (sz\u00e1m\u00edt\u00f3g\u00e9p seg\u00edtette tervez\u00e9s) rendszereket alkalmaz, \u00e9s rendelkezik legmodernebb numerikus vez\u00e9rl\u00e9s\u0171 (NC) forg\u00e1csol\u00f3 berendez\u00e9sekkel. El\u00e9rt olyan kit\u00fcntet\u00e9seket is, mint AAA-min\u0151s\u00edt\u00e9s\u0171 megb\u00edzhat\u00f3 v\u00e1llalkoz\u00e1s min\u0151s\u00e9gben, AAA-min\u0151s\u00edt\u00e9s\u0171 min\u0151s\u00e9gi szolg\u00e1ltat\u00e1s-bizony\u00edtv\u00e1nyt ad\u00f3 v\u00e1llalkoz\u00e1s, valamint AAA-min\u0151s\u00edt\u00e9s\u0171 hitelmin\u0151s\u00edt\u00e9s\u0171 v\u00e1llalkoz\u00e1s. Valamennyi term\u00e9k \u00e1tment a nemzeti k\u00f6telez\u0151 term\u00e9kbizony\u00edtv\u00e1nyon, \u00edgy kedvez\u0151 visszajelz\u00e9seket kapott teljes\u00edtm\u00e9ny\u00fck miatt.<\/p>","protected":false},"excerpt":{"rendered":"<p>A c\u00e9g ragaszkodik a \u201epragmatizmus, innov\u00e1ci\u00f3, harm\u00f3nia \u00e9s k\u00f6lcs\u00f6n\u00f6s el\u0151ny\u201d fejleszt\u00e9si tematik\u00e1hoz, sorozatos er\u0151forr\u00e1s-\u00e1tir\u00e1ny\u00edt\u00e1st hajtott v\u00e9gre, \u00e9s l\u00e9trehozott egy hat\u00e9kony fejleszt\u00e9si platformot. A c\u00e9g haszn\u00e1l fejlett CAD (sz\u00e1m\u00edt\u00f3g\u00e9p seg\u00edtette tervez\u00e9s) rendszereket, \u00e9s rendelkezik legmodernebb sz\u00e1m\u00edt\u00f3g\u00e9pes vez\u00e9rl\u00e9s\u0171 (NC) mar\u00f3berendez\u00e9sekkel. Ezenk\u00edv\u00fcl olyan elismer\u00e9seket is elnyert, mint az AAA-min\u0151s\u00edt\u00e9s\u0171 megb\u00edzhat\u00f3 v\u00e1llalkoz\u00e1s [\u2026]<\/p>","protected":false},"featured_media":1582,"template":"","meta":{"_acf_changed":false,"_seopress_robots_primary_cat":""},"product_brand":[],"product_cat":[60],"product_tag":[],"class_list":{"0":"post-1581","1":"product","2":"type-product","3":"status-publish","4":"has-post-thumbnail","6":"product_cat-low-voltage-cabinet","8":"first","9":"instock","10":"shipping-taxable","11":"product-type-simple"},"acf":[],"_links":{"self":[{"href":"https:\/\/www.northpwr.cn\/hu\/wp-json\/wp\/v2\/product\/1581","targetHints":{"allow":["GET"]}}],"collection":[{"href":"https:\/\/www.northpwr.cn\/hu\/wp-json\/wp\/v2\/product"}],"about":[{"href":"https:\/\/www.northpwr.cn\/hu\/wp-json\/wp\/v2\/types\/product"}],"wp:featuredmedia":[{"embeddable":true,"href":"https:\/\/www.northpwr.cn\/hu\/wp-json\/wp\/v2\/media\/1582"}],"wp:attachment":[{"href":"https:\/\/www.northpwr.cn\/hu\/wp-json\/wp\/v2\/media?parent=1581"}],"wp:term":[{"taxonomy":"product_brand","embeddable":true,"href":"https:\/\/www.northpwr.cn\/hu\/wp-json\/wp\/v2\/product_brand?post=1581"},{"taxonomy":"product_cat","embeddable":true,"href":"https:\/\/www.northpwr.cn\/hu\/wp-json\/wp\/v2\/product_cat?post=1581"},{"taxonomy":"product_tag","embeddable":true,"href":"https:\/\/www.northpwr.cn\/hu\/wp-json\/wp\/v2\/product_tag?post=1581"}],"curies":[{"name":"wp","href":"https:\/\/api.w.org\/{rel}","templated":true}]}}