
{"id":1588,"date":"2025-12-03T11:06:41","date_gmt":"2025-12-03T03:06:41","guid":{"rendered":"https:\/\/www.northpwr.cn\/?post_type=product&p=1588"},"modified":"2025-12-03T11:06:41","modified_gmt":"2025-12-03T03:06:41","slug":"fyxl-metal-enclosed-switchgear-power-cabinet","status":"publish","type":"product","link":"https:\/\/www.northpwr.cn\/hu\/termek\/fyxl-metal-enclosed-switchgear-power-cabinet\/","title":{"rendered":"FYXL f\u00e9mburkolat\u00fa kapcsol\u00f3berendez\u00e9s (er\u0151szekr\u00e9ny)"},"content":{"rendered":"<p data-cah=\"2\">A FYXL \u00e1rameloszt\u00f3 szekr\u00e9ny alkalmas 400V n\u00e9vleges fesz\u00fclts\u00e9g\u0171 \u00e9s legfeljebb 630A n\u00e9vleges \u00e1ramer\u0151ss\u00e9g\u0171 \u00e1ramell\u00e1t\u00f3 rendszerekben t\u00f6rt\u00e9n\u0151 haszn\u00e1latra az energiafogad\u00e1s, energiaell\u00e1t\u00e1s, motorvez\u00e9rl\u00e9s \u00e9s vil\u00e1g\u00edt\u00e1s c\u00e9lj\u00e1b\u00f3l. Automatiz\u00e1lt integr\u00e1lt fel\u00fcgyeleti rendszer seg\u00edts\u00e9g\u00e9vel val\u00f3s\u00edtja meg a vez\u00e9rl\u00e9si, v\u00e9delmi, elszigetel\u00e9si, monitoroz\u00e1si, m\u00e9r\u00e9si \u00e9s t\u00e1vvez\u00e9rl\u00e9si funkci\u00f3kat (n\u00e9gy t\u00e1vvez\u00e9rl\u00e9si funkci\u00f3).<\/p>\n<p> \u00c1ttekint\u00e9s<br \/> \u3000\u3000A FYXL \u00e1rameloszt\u00f3 szekr\u00e9ny alkalmas 400V n\u00e9vleges fesz\u00fclts\u00e9g\u0171 \u00e9s legfeljebb 630A n\u00e9vleges \u00e1ramer\u0151ss\u00e9g\u0171 \u00e1ramell\u00e1t\u00f3 rendszerekben t\u00f6rt\u00e9n\u0151 haszn\u00e1latra az energiafogad\u00e1s, energiaell\u00e1t\u00e1s, motorvez\u00e9rl\u00e9s \u00e9s vil\u00e1g\u00edt\u00e1s c\u00e9lj\u00e1b\u00f3l. Automatiz\u00e1lt integr\u00e1lt fel\u00fcgyeleti rendszer seg\u00edts\u00e9g\u00e9vel val\u00f3s\u00edtja meg a vez\u00e9rl\u00e9si, v\u00e9delmi, elszigetel\u00e9si, monitoroz\u00e1si, m\u00e9r\u00e9si \u00e9s t\u00e1vvez\u00e9rl\u00e9si funkci\u00f3kat. Ez a term\u00e9kcsal\u00e1d teljes k\u00f6r\u0171 megold\u00e1sokat k\u00edn\u00e1l, \u00e9s a felhaszn\u00e1l\u00f3 ig\u00e9nyei szerint k\u00fcl\u00f6nf\u00e9le \u00e1rameloszt\u00e1si rendszereket val\u00f3s\u00edthat meg. Elengedhetetlen r\u00e9sze az \u00e1ramell\u00e1t\u00e1si k\u00f6rnyezetnek, \u00e9s ide\u00e1lis v\u00e9g\u00e1rameloszt\u00f3 berendez\u00e9s magas\u00e9p\u00fcletek, rep\u00fcl\u0151terek, kik\u00f6t\u0151k, ipari \u00e9s b\u00e1ny\u00e1szati v\u00e1llalatok, valamint egy\u00e9b ipar\u00e1gak sz\u00e1m\u00e1ra.<br \/> Haszn\u00e1lati k\u00f6rnyezeti felt\u00e9telek<br \/> \u2022 K\u00f6rnyezeti h\u0151m\u00e9rs\u00e9klet: -40\u2103~35\u2103<\/p>\n<p> \u2022 Relat\u00edv p\u00e1ratartalom: \u226490% (20\u2103-on)<\/p>\n<p> \u2022 Tengerszint feletti magass\u00e1g: \u22642000m<\/p>\n<p> \u3000\u3000\u2022 K\u00f6rnyezeti felt\u00e9telek: Nem alkalmas olyan helyekre, ahol t\u0171z-, robban\u00e1svesz\u00e9ly, s\u00falyos szennyez\u0151d\u00e9s, k\u00e9miai korr\u00f3zi\u00f3 vagy er\u0151s rezg\u00e9sek vannak<\/p>\n<p> \u3000\u3000\u2022 Telep\u00edt\u00e9si hely: A talajjal bez\u00e1rt d\u0151l\u00e9ssz\u00f6g nem haladhatja meg az 5 fokot<br \/> M\u0171szaki param\u00e9terek<\/p>\n<table data-cah=\"6\">\n<tbody>\n<tr>\n<td class=\"\"><span class=\"ellipsis\" title=\"Sorozatsz\u00e1m\">Sorozatsz\u00e1m<\/span><\/td>\n<td class=\"\"><span class=\"ellipsis\" title=\"N\u00e9v\">N\u00e9v<\/span><\/td>\n<td class=\"\"><span class=\"ellipsis\" title=\"Egys\u00e9g\">Egys\u00e9g<\/span><\/td>\n<td class=\"\"><span class=\"ellipsis\" title=\"M\u0171szaki param\u00e9terek\">M\u0171szaki param\u00e9terek<\/span><\/td>\n<\/tr>\n<tr>\n<td class=\"\"><span class=\"ellipsis\" title=\"1\">1<\/span><\/td>\n<td class=\"\"><span class=\"ellipsis\" title=\"F\u0151 \u00e1ramk\u00f6r n\u00e9vleges fesz\u00fclts\u00e9ge\">F\u0151 \u00e1ramk\u00f6r n\u00e9vleges fesz\u00fclts\u00e9ge<\/span><\/td>\n<td class=\"\"><span class=\"ellipsis\" title=\"V\">V<\/span><\/td>\n<td class=\"\"><span class=\"ellipsis\" title=\"Ac380\">Ac380<\/span><\/td>\n<\/tr>\n<tr>\n<td class=\"\"><span class=\"ellipsis\" title=\"2\">2<\/span><\/td>\n<td class=\"\"><span class=\"ellipsis\" title=\"Seg\u00e9d\u00e1ramk\u00f6r n\u00e9vleges fesz\u00fclts\u00e9ge\">Seg\u00e9d\u00e1ramk\u00f6r n\u00e9vleges fesz\u00fclts\u00e9ge<\/span><\/td>\n<td class=\"\"><span class=\"ellipsis\" title=\"V\">V<\/span><\/td>\n<td class=\"\"><span class=\"ellipsis\" title=\"AC220V, AC380\">AC220V, AC380<\/span><\/td>\n<\/tr>\n<tr>\n<td class=\"\"><span class=\"ellipsis\" title=\"3\">3<\/span><\/td>\n<td class=\"\"><span class=\"ellipsis\" title=\"N\u00e9vleges m\u0171k\u00f6d\u00e9si frekvencia\">N\u00e9vleges m\u0171k\u00f6d\u00e9si frekvencia<\/span><\/td>\n<td class=\"\"><span class=\"ellipsis\" title=\"Hz\">Hz<\/span><\/td>\n<td class=\"\"><span class=\"ellipsis\" title=\"50\">50<\/span><\/td>\n<\/tr>\n<tr>\n<td class=\"\"><span class=\"ellipsis\" title=\"4\">4<\/span><\/td>\n<td class=\"\"><span class=\"ellipsis\" title=\"N\u00e9vleges szigetel\u00e9si fesz\u00fclts\u00e9g\">N\u00e9vleges szigetel\u00e9si fesz\u00fclts\u00e9g<\/span><\/td>\n<td class=\"\"><span class=\"ellipsis\" title=\"KV\">KV<\/span><\/td>\n<td class=\"\"><span class=\"ellipsis\" title=\"660, 690\">660, 690<\/span><\/td>\n<\/tr>\n<tr>\n<td class=\"\"><span class=\"ellipsis\" title=\"5\">5<\/span><\/td>\n<td class=\"\"><span class=\"ellipsis\" title=\"N\u00e9vleges \u00e1ram\">N\u00e9vleges \u00e1ram<\/span><\/td>\n<td class=\"\"><span class=\"ellipsis\" title=\"A\">A<\/span><\/td>\n<td class=\"\"><span class=\"ellipsis\" title=\"\u2264630\">\u2264630<\/span><\/td>\n<\/tr>\n<tr>\n<td class=\"\"><span class=\"ellipsis\" title=\"6\">6<\/span><\/td>\n<td class=\"\"><span class=\"ellipsis\" title=\"M\u00e9retek (Sz\u00e9less\u00e9g*M\u00e9lys\u00e9g*Magass\u00e1g)\">M\u00e9retek (Sz\u00e9less\u00e9g*M\u00e9lys\u00e9g*Magass\u00e1g)<\/span><\/td>\n<td class=\"\"><span class=\"ellipsis\" title=\"mm\">mm<\/span><\/td>\n<td class=\"\"><span class=\"ellipsis\" title=\"700*350*1700\">700*350*1700<\/span><\/td>\n<\/tr>\n<\/tbody>\n<\/table>\n<p data-cah=\"2\">Megrendel\u00e9si utas\u00edt\u00e1sok<br \/> K\u00e9rj\u00fck, hogy a rendel\u00e9s sor\u00e1n pontos\u00edtsa:<\/p>\n<p> \u3000\u3000\u2022 Term\u00e9k specifik\u00e1ci\u00f3i \u00e9s t\u00edpusjel\u00f6l\u00e9sei;<\/p>\n<p> \u3000\u3000\u2022 F\u0151 \u00e1ramk\u00f6r rendszer rajza, bels\u0151 elrendez\u00e9si rajz;<\/p>\n<p> \u3000\u3000\u2022 Seg\u00e9d\u00e1ramk\u00f6r elektromos v\u00e1zlatrajza;<\/p>\n<p> \u3000\u3000\u2022 A szekr\u00e9ny belsej\u00e9ben l\u00e9v\u0151 alkatr\u00e9szek list\u00e1ja (f\u0151 buszbar\u00e1j specifik\u00e1ci\u00f3i);<\/p>\n<p> \u3000\u3000\u2022 A szekr\u00e9ny sz\u00edne (vil\u00e1gos tevesz\u0151ke sz\u00fcrke, ha nincs megadva k\u00f6vetelm\u00e9ny), a szekr\u00e9ny m\u00e9retei.<\/p>\n<p> \u3000\u3000\u2022 Egy\u00e9b speci\u00e1lis k\u00f6vetelm\u00e9nyek, amelyek nem felelnek meg a term\u00e9k norm\u00e1l \u00fczemeltet\u00e9si felt\u00e9teleinek<br \/> F\u0151 jellemz\u0151k<br \/> \u3000\u3000\u2022 Nagy szil\u00e1rds\u00e1g\u00fa hegesztett kombin\u00e1lt szerkezet, a v\u00e1z teljesen hegesztett konstrukci\u00f3, a belseje modul\u00e1ris kombin\u00e1ci\u00f3, nagy szerkezeti szil\u00e1rds\u00e1g, rugalmas telep\u00edt\u00e9si elrendez\u00e9s, sz\u00e9p megjelen\u00e9s.<\/p>\n<p> \u3000\u3000\u2022 Rugalmas \u00e9s \u00e1ll\u00edthat\u00f3 alkatr\u00e9sz-elrendez\u00e9s; k\u00f6nny\u0171 \u00e9s gyors ellen\u0151rz\u00e9s \u00e9s karbantart\u00e1s; teljes azonos\u00edt\u00e1s, egy\u00e9rtelm\u0171 figyelmeztet\u00e9sek; meleg \u00e9s kellemes sz\u00ednkombin\u00e1ci\u00f3.<\/p>\n<p> \u3000\u3000\u2022 A telep\u00edt\u00e9si oszlop megv\u00e1ltoztatja a hagyom\u00e1nyos standard modul\u00e1ris lyukm\u00f3dszert, \u00e9s fokozatosan \u00e1ll\u00edthat\u00f3 a magass\u00e1gi ir\u00e1nyban, tov\u00e1bb n\u00f6velve az alkatr\u00e9szek telep\u00edt\u00e9s\u00e9nek rugalmass\u00e1g\u00e1t \u00e9s gyorsas\u00e1g\u00e1t.<\/p>\n<p> \u3000\u3000\u2022 A be- \u00e9s kivezet\u0151 k\u00e1bellyukak speci\u00e1lis toronyt\u00edpus\u00fa t\u00f6m\u00edt\u0151gy\u0171r\u0171kkel vannak ell\u00e1tva, amelyek a k\u00e1bel specifik\u00e1ci\u00f3ihoz igazodva \u00e1ll\u00edthatj\u00e1k a ny\u00edl\u00e1s m\u00e9ret\u00e9t, ugyanakkor porv\u00e9delemmel \u00e9s t\u00f6m\u00edt\u00e9ssel l\u00e1tj\u00e1k el, megakad\u00e1lyozva, hogy apr\u00f3 \u00e1llatok bejussanak a szekr\u00e9nybe \u00e9s elektromos r\u00f6vidz\u00e1rlatot okozzanak. N\u00f6veli a berendez\u00e9s biztons\u00e1g\u00e1t \u00e9s megb\u00edzhat\u00f3s\u00e1g\u00e1t.<\/p>","protected":false},"excerpt":{"rendered":"<p>A FYXL \u00e1rameloszt\u00f3 szekr\u00e9ny alkalmas 400 V n\u00e9vleges fesz\u00fclts\u00e9g\u0171 \u00e9s legfeljebb 630 A n\u00e9vleges \u00e1ramer\u0151ss\u00e9g\u0171 t\u00e1pfelv\u00e9teli, t\u00e1pvezet\u00e9ki, motorvez\u00e9rl\u0151 \u00e9s vil\u00e1g\u00edt\u00e1si rendszerekben t\u00f6rt\u00e9n\u0151 haszn\u00e1latra. Automatiz\u00e1lt integr\u00e1lt [\u2026] seg\u00edts\u00e9g\u00e9vel el\u00e9ri a vez\u00e9rl\u00e9si, v\u00e9delmi, szigetel\u00e9si, fel\u00fcgyeleti, m\u00e9r\u00e9si \u00e9s t\u00e1vvez\u00e9rl\u00e9si funkci\u00f3kat (n\u00e9gy t\u00e1vvez\u00e9rl\u00e9si funkci\u00f3).<\/p>","protected":false},"featured_media":1589,"template":"","meta":{"_acf_changed":false,"_seopress_robots_primary_cat":""},"product_brand":[],"product_cat":[61],"product_tag":[],"class_list":{"0":"post-1588","1":"product","2":"type-product","3":"status-publish","4":"has-post-thumbnail","6":"product_cat-distribution-cabinet","8":"first","9":"instock","10":"shipping-taxable","11":"product-type-simple"},"acf":[],"_links":{"self":[{"href":"https:\/\/www.northpwr.cn\/hu\/wp-json\/wp\/v2\/product\/1588","targetHints":{"allow":["GET"]}}],"collection":[{"href":"https:\/\/www.northpwr.cn\/hu\/wp-json\/wp\/v2\/product"}],"about":[{"href":"https:\/\/www.northpwr.cn\/hu\/wp-json\/wp\/v2\/types\/product"}],"wp:featuredmedia":[{"embeddable":true,"href":"https:\/\/www.northpwr.cn\/hu\/wp-json\/wp\/v2\/media\/1589"}],"wp:attachment":[{"href":"https:\/\/www.northpwr.cn\/hu\/wp-json\/wp\/v2\/media?parent=1588"}],"wp:term":[{"taxonomy":"product_brand","embeddable":true,"href":"https:\/\/www.northpwr.cn\/hu\/wp-json\/wp\/v2\/product_brand?post=1588"},{"taxonomy":"product_cat","embeddable":true,"href":"https:\/\/www.northpwr.cn\/hu\/wp-json\/wp\/v2\/product_cat?post=1588"},{"taxonomy":"product_tag","embeddable":true,"href":"https:\/\/www.northpwr.cn\/hu\/wp-json\/wp\/v2\/product_tag?post=1588"}],"curies":[{"name":"wp","href":"https:\/\/api.w.org\/{rel}","templated":true}]}}