
{"id":1594,"date":"2025-12-03T11:04:49","date_gmt":"2025-12-03T03:04:49","guid":{"rendered":"https:\/\/www.northpwr.cn\/?post_type=product&p=1594"},"modified":"2025-12-03T11:04:49","modified_gmt":"2025-12-03T03:04:49","slug":"fyrmb-electricity-meter-box","status":"publish","type":"product","link":"https:\/\/www.northpwr.cn\/hu\/termek\/fyrmb-electricity-meter-box\/","title":{"rendered":"FYRMB villamos m\u00e9r\u0151doboz"},"content":{"rendered":"<p data-cah=\"2\">A FYRMB energia m\u00e9r\u0151doboz f\u0151k\u00e9nt doboztestb\u0151l, \u00e1ramkapcsol\u00f3b\u00f3l, miniat\u0171r \u00e1ramkapcsol\u00f3b\u00f3l, villamos m\u00e9r\u0151\u00f3r\u00e1b\u00f3l \u00e9s koncentr\u00e1torb\u00f3l stb. \u00e1ll. Sz\u00e9les k\u00f6rben alkalmazz\u00e1k kereskedelmi \u00fczletekben, vill\u00e1kban, lak\u00f3\u00f6vezetekben \u00e9s olyan polg\u00e1ri helyeken, ahol nagy a fogyaszt\u00e1s \u00e9s t\u00f6bbfajta \u00e1ramfelhaszn\u00e1l\u00e1s van, \u00e9s az AC 380V\/220V fesz\u00fclts\u00e9gszintek \u00f6n\u00e1ll\u00f3 m\u00e9r\u00e9se sz\u00fcks\u00e9ges. Biztos\u00edtja a vonalak t\u00falterhel\u00e9s- \u00e9s r\u00f6vidz\u00e1rlat-v\u00e9delm\u00e9t.<\/p>\n<p> \u00c1ttekint\u00e9s<br \/> \u3000\u3000A FYRMB villamos energia m\u00e9r\u0151doboz f\u0151k\u00e9nt doboztestb\u0151l, \u00e1ramkapcsol\u00f3b\u00f3l, miniat\u0171r \u00e1ramkapcsol\u00f3b\u00f3l, villamos m\u00e9r\u0151\u00f3r\u00e1b\u00f3l \u00e9s koncentr\u00e1torb\u00f3l \u00e1ll. Sz\u00e9les k\u00f6rben alkalmazz\u00e1k kereskedelmi \u00fczletekben, vill\u00e1kban, lak\u00f3\u00f6vezetekben \u00e9s olyan polg\u00e1ri helyeken, ahol nagy a fogyaszt\u00e1s \u00e9s t\u00f6bbfajta \u00e1ramfelhaszn\u00e1l\u00e1s van, \u00e9s az AC 380V\/220V fesz\u00fclts\u00e9gszintek \u00f6n\u00e1ll\u00f3 m\u00e9r\u00e9se sz\u00fcks\u00e9ges. Biztos\u00edtja a vonalak t\u00falterhel\u00e9s- \u00e9s r\u00f6vidz\u00e1rlat-v\u00e9delm\u00e9t.<br \/> F\u0151 szerkezeti jellemz\u0151k<br \/> \u3000\u3000\u2022 A burkolat hidegen hengerelt ac\u00e9llemez hajl\u00edt\u00e1s\u00e1b\u00f3l \u00e9s hegeszt\u00e9s\u00e9b\u0151l k\u00e9sz\u00fcl, fel\u00fclet\u00e9n elektrosztatikus fest\u00e9ssel;<\/p>\n<p> \u3000\u3000\u2022 A doboz h\u00e1rom r\u00e9szre oszthat\u00f3: bej\u00f6v\u0151 vezet\u00e9k kapcsol\u00f3szoba, villamos m\u00e9r\u0151\u00f3ra szoba \u00e9s kimen\u0151 vezet\u00e9k kapcsol\u00f3szoba. Minden egys\u00e9g egy v\u00e1laszfal seg\u00edts\u00e9g\u00e9vel elk\u00fcl\u00f6n\u00fcl \u00e9s relat\u00edv f\u00fcggetlens\u00e9get biztos\u00edt. A bej\u00f6v\u0151 vezet\u00e9k kapcsol\u00f3szob\u00e1ban v\u00e9d\u0151v\u00e1laszfal van elhelyezve, hogy a kapcsol\u00f3t elv\u00e1lassza az \u00e9rintett testt\u0151l;<\/p>\n<p> \u3000\u3000\u2022 A villamos m\u00e9r\u0151\u00f3ra szoba ajtaj\u00e1n polikarbon\u00e1t vagy \u00e1tl\u00e1tsz\u00f3 szerves \u00fcveglap \u00e9s hossz\u00fa k\u00e1rtyaoszt\u00f3 van elhelyezve, hogy a felhaszn\u00e1l\u00f3 k\u00f6nnyen olvashassa a k\u00fcl\u00f6nf\u00e9le adatokat \u00e9s beilleszthesse\/t\u00e1vol\u00edthassa el a k\u00e1rty\u00e1kat;<\/p>\n<p> \u3000\u3000\u2022 A villamos m\u00e9r\u0151\u00f3ra szob\u00e1ba vezet\u0151 pecs\u00e9t vagy jelsz\u00f3z\u00e1rat lehet hozz\u00e1adni a felhaszn\u00e1l\u00f3 ig\u00e9nye szerint;<\/p>\n<p> \u3000\u3000\u2022 Alkatr\u00e9szbe\u00e9p\u00edt\u00e9si m\u00f3dszer: A kapcsol\u00f3 galvaniz\u00e1lt C-alak\u00fa konzolon van be\u00e9p\u00edtve, az alkatr\u00e9sz r\u00f6gz\u00edt\u0151lemez pedig galvaniz\u00e1lt lemez;<\/p>\n<p> \u3000\u3000\u2022 K\u00fcls\u0151 bej\u00f6v\u0151 \u00e9s kimen\u0151 vezet\u00e9k m\u00f3dszer: Fentr\u0151l lefel\u00e9 vagy lentr\u0151l felfel\u00e9, vagy a bej\u00f6v\u0151 vezet\u00e9kek ugyanabban az ir\u00e1nyban;<\/p>\n<p> \u3000\u3000\u2022 V\u00e9d\u0151f\u00f6ldel\u00e9si int\u00e9zked\u00e9sek: A dobozban k\u00fcl\u00f6n PE-sor van, \u00e9s jel\u00f6l\u00e9s van felt\u00fcntetve;<\/p>\n<p> \u3000\u3000\u2022 12 m\u00e9r\u0151hely (egyf\u00e1zis\u00fa villamos m\u00e9r\u0151\u00f3ra) k\u00fcls\u0151 m\u00e9retei (magass\u00e1g \u00d7 sz\u00e9less\u00e9g \u00d7 m\u00e9lys\u00e9g) m: 1800 \u00d7 800 \u00d7 200, vagy szabv\u00e1nyos\u00edtva a felhaszn\u00e1l\u00f3 ig\u00e9nyei szerint.<br \/> M\u0171szaki param\u00e9terek<\/p>\n<p> \u3000\u3000\u2022 N\u00e9vleges m\u0171k\u00f6d\u00e9si fesz\u00fclts\u00e9g: 380V\/220V<\/p>\n<p> \u3000\u3000\u2022 N\u00e9vleges szigetel\u00e9si fesz\u00fclts\u00e9g: 660V<\/p>\n<p> \u3000\u3000\u2022 N\u00e9vleges frekvencia: 50Hz<\/p>\n<p> \u3000\u3000\u2022 Elektromos t\u00e1vols\u00e1g: 5,5mm<\/p>\n<p> \u3000\u3000\u2022 Kisug\u00e1rz\u00f3 t\u00e1vols\u00e1g: 6,3mm<\/p>\n<p> \u3000\u3000\u2022 F\u0151 vezet\u00e9k n\u00e9vleges \u00e1rama: 16-250A<\/p>\n<p> \u3000\u3000\u2022 F\u0151buszbar rendeltet\u00e9sszer\u0171 r\u00f6vid idej\u0171 ellen\u00e1ll\u00f3 \u00e1ramteljes\u00edtm\u00e9nye: 4,5kA<\/p>\n<p> \u3000\u3000\u2022 Kimen\u0151 vezet\u00e9k \u00e1ramk\u00f6r n\u00e9vleges \u00e1rama: 63A<\/p>\n<p> \u3000\u3000\u2022 H\u00e1zv\u00e9delmi szint: IP20C<\/p>\n<p> Megrendel\u00e9si utas\u00edt\u00e1sok<br \/> \u3000\u3000Megrendel\u00e9skor k\u00e9rj\u00fck megadni:<\/p>\n<p> \u3000\u3000\u2022 Term\u00e9k specifik\u00e1ci\u00f3i \u00e9s t\u00edpusjel\u00f6l\u00e9sei;<\/p>\n<p> \u3000\u3000\u2022 F\u0151 \u00e1ramk\u00f6r rendszer\u00e1bra, szekr\u00e9ny bels\u0151 elrendez\u00e9si \u00e1bra;<\/p>\n<p> \u3000\u3000\u2022 Seg\u00e9d\u00e1ramk\u00f6r elektromos elvi \u00e1bra;<\/p>\n<p> \u3000\u3000\u2022 A szekr\u00e9ny belsej\u00e9ben l\u00e9v\u0151 alkatr\u00e9szek list\u00e1ja (f\u0151 buszbar\u00e1j specifik\u00e1ci\u00f3i);<\/p>\n<p> \u3000\u3000\u2022 Szekr\u00e9ny sz\u00edne (ha nincs k\u00fcl\u00f6n ig\u00e9ny, vil\u00e1gos tevesz\u0151ke sz\u00fcrke lesz sz\u00e1ll\u00edtva), doboz m\u00e9ret.<\/p>\n<p> \u3000\u3000\u2022 Egy\u00e9b speci\u00e1lis k\u00f6vetelm\u00e9nyek, amelyek nem felelnek meg a term\u00e9k norm\u00e1l haszn\u00e1lati felt\u00e9teleinek<br \/> F\u0151 jellemz\u0151k<br \/> K\u00e9rj\u00fck, hogy a megrendel\u00e9skor az al\u00e1bbi inform\u00e1ci\u00f3kat szolg\u00e1ltassa:<\/p>\n<p> \u3000\u3000\u2022 F\u0151 szerkezeti rendszer\u00e1bra \u00e9s a doboz be\u00e9p\u00edt\u00e9si m\u00f3dja.<\/p>\n<p> \u3000\u3000\u2022 Bej\u00f6v\u0151 \u00e9s kimen\u0151 k\u00e1belek keresztmetszete.<\/p>\n<p> \u3000\u3000\u2022 Az eszk\u00f6z belsej\u00e9ben l\u00e9v\u0151 elektromos alkatr\u00e9szek t\u00edpusa, jellemz\u0151i \u00e9s mennyis\u00e9ge.<\/p>","protected":false},"excerpt":{"rendered":"<p>A FYRMB energia\u00f3ra doboza f\u0151k\u00e9nt egy doboztestb\u0151l, \u00e1ramkapcsol\u00f3b\u00f3l, miniat\u0171r \u00e1ramkapcsol\u00f3b\u00f3l, villamos m\u00e9r\u0151m\u0171szerb\u0151l \u00e9s \u00f6sszpontos\u00edt\u00f3b\u00f3l stb. \u00e1ll. Sz\u00e9les k\u00f6rben alkalmazz\u00e1k kereskedelmi \u00fczletekben, vill\u00e1kban, lak\u00f3\u00f6vezetekben \u00e9s olyan polg\u00e1ri helyeken, ahol nagy az energiafogyaszt\u00e1s \u00e9s t\u00f6bbf\u00e9le \u00e1ramfelhaszn\u00e1l\u00e1s van, \u00e9s ahol \u00f6n\u00e1ll\u00f3 m\u00e9r\u00e9sre van sz\u00fcks\u00e9g AC 380V\/220V fesz\u00fclts\u00e9gszinteken. T\u00falterhel\u00e9s [\u2026] biztos\u00edthat.<\/p>","protected":false},"featured_media":1595,"template":"","meta":{"_acf_changed":false,"_seopress_robots_primary_cat":""},"product_brand":[],"product_cat":[64],"product_tag":[],"class_list":{"0":"post-1594","1":"product","2":"type-product","3":"status-publish","4":"has-post-thumbnail","6":"product_cat-intelligent-bus-monitoring-system","8":"first","9":"instock","10":"shipping-taxable","11":"product-type-simple"},"acf":[],"_links":{"self":[{"href":"https:\/\/www.northpwr.cn\/hu\/wp-json\/wp\/v2\/product\/1594","targetHints":{"allow":["GET"]}}],"collection":[{"href":"https:\/\/www.northpwr.cn\/hu\/wp-json\/wp\/v2\/product"}],"about":[{"href":"https:\/\/www.northpwr.cn\/hu\/wp-json\/wp\/v2\/types\/product"}],"wp:featuredmedia":[{"embeddable":true,"href":"https:\/\/www.northpwr.cn\/hu\/wp-json\/wp\/v2\/media\/1595"}],"wp:attachment":[{"href":"https:\/\/www.northpwr.cn\/hu\/wp-json\/wp\/v2\/media?parent=1594"}],"wp:term":[{"taxonomy":"product_brand","embeddable":true,"href":"https:\/\/www.northpwr.cn\/hu\/wp-json\/wp\/v2\/product_brand?post=1594"},{"taxonomy":"product_cat","embeddable":true,"href":"https:\/\/www.northpwr.cn\/hu\/wp-json\/wp\/v2\/product_cat?post=1594"},{"taxonomy":"product_tag","embeddable":true,"href":"https:\/\/www.northpwr.cn\/hu\/wp-json\/wp\/v2\/product_tag?post=1594"}],"curies":[{"name":"wp","href":"https:\/\/api.w.org\/{rel}","templated":true}]}}