
{"id":1574,"date":"2025-12-03T11:04:32","date_gmt":"2025-12-03T03:04:32","guid":{"rendered":"https:\/\/www.northpwr.cn\/?post_type=product&p=1574"},"modified":"2025-12-03T11:04:32","modified_gmt":"2025-12-03T03:04:32","slug":"kyn28a-12-armored-withdrawable-ac-metal-clad-switchgear","status":"publish","type":"product","link":"https:\/\/www.northpwr.cn\/it\/prodotto\/kyn28a-12-armored-withdrawable-ac-metal-clad-switchgear\/","title":{"rendered":"KYN28A-12 Apparecchiatura di manovra metallica rivestita in materiale isolante, armata e rimovibile per corrente alternata"},"content":{"rendered":"<p data-cah=\"2\">L'apparecchiatura di manovra metallica KYN28-12 \u00e8 adatta alle reti elettriche trifase a corrente alternata da 7,2 a 12 kV e 50 Hz. \u00c8 utilizzata per la ricezione e la distribuzione dell'energia elettrica, nonch\u00e9 per il controllo, il monitoraggio e la protezione dei circuiti.<\/p>\n<p> Panoramica<br \/> \u3000\u3000L'apparecchiatura di manovra metallica a scompartimento retrattile KYN28-12 \u00e8 adatta alle reti elettriche trifase a corrente alternata da 7,2 a 12 kV e 50 Hz. \u00c8 utilizzata per la ricezione e la distribuzione dell'energia elettrica, nonch\u00e9 per il controllo, il monitoraggio e la protezione dei circuiti. Pu\u00f2 essere impiegata in sistemi con barra unica e con barra unica sezionata. \u00c8 conforme alla norma IEC298 \u00abApparecchiature di manovra e comando metalliche a corrente alternata superiori a 1 kV e fino a 52 kV\u00bb, alla norma OEC694 \u00abClausole comuni per apparecchiature di manovra e comando ad alta tensione\u00bb, alla norma GB3906 \u00abApparecchiature di manovra e comando metalliche a corrente alternata da 3,6 kV a 40,5 kV\u00bb, alla norma GB11022 \u00abCondizioni tecniche comuni per le norme relative alle apparecchiature di manovra e comando ad alta tensione\u00bb e alla norma DL\/T404 \u00abApparecchiature di manovra e comando metalliche a corrente alternata da 3,6 kV a 40,5 kV\u00bb, e dispone di funzioni complete e affidabili contro errori di manovra.<br \/> Condizioni ambientali di utilizzo<br \/> \u3000\u3000\u2022 Temperatura ambiente: temperatura massima +40\u2103, temperatura minima -15\u2103.<\/p>\n<p> \u3000\u3000\u2022 Umidit\u00e0 ambientale: umidit\u00e0 relativa media giornaliera non superiore al 95%, umidit\u00e0 relativa media mensile non superiore al 90%.<\/p>\n<p> \u2022 Altitudine: Non superiore a 1000 m.<\/p>\n<p> \u3000\u3000\u2022 Resistenza ai terremoti: intensit\u00e0 sismica non superiore al grado 8.<\/p>\n<p> \u3000\u3000\u2022 L'aria circostante non deve essere significativamente contaminata da gas corrosivi o combustibili, vapore acqueo, ecc. Nessuna vibrazione violenta frequente.<\/p>\n<p> \u3000\u3000\u2022 Quando viene utilizzato in condizioni superiori alle normali condizioni ambientali specificate nella norma GB3906, dovr\u00e0 essere oggetto di negoziazione tra l'utente e la nostra azienda.<br \/> Parametri tecnici<br \/> Parametri tecnici dell'apparecchiatura di manovra<\/p>\n<table data-cah=\"6\">\n<tbody>\n<tr>\n<td class=\"\"><span class=\"ellipsis\" title=\"Articolo\">Articolo<\/span><\/td>\n<td class=\"\"><span class=\"ellipsis\" title=\"Unit\u00e0\">Unit\u00e0<\/span><\/td>\n<td class=\"\"><span class=\"ellipsis\" title=\"Dati\">Dati<\/span><\/td>\n<\/tr>\n<tr>\n<td class=\"\"><span class=\"ellipsis\" title=\"Tensione nominale\">Tensione nominale<\/span><\/td>\n<td class=\"\"><span class=\"ellipsis\" title=\"kV\">kV<\/span><\/td>\n<td class=\"\"><span class=\"ellipsis\" title=\"7,2, 12\">7,2, 12<\/span><\/td>\n<\/tr>\n<tr>\n<td class=\"\"><span class=\"ellipsis\" title=\"Frequenza nominale\">Frequenza nominale<\/span><\/td>\n<td class=\"\"><span class=\"ellipsis\" title=\"Hz\">Hz<\/span><\/td>\n<td class=\"\"><span class=\"ellipsis\" title=\"50\">50<\/span><\/td>\n<\/tr>\n<tr>\n<td class=\"\"><span class=\"ellipsis\" title=\"Corrente nominale\">Corrente nominale<\/span><\/td>\n<td class=\"\"><span class=\"ellipsis\" title=\"A\">A<\/span><\/td>\n<td class=\"\"><span class=\"ellipsis\" title=\"630~4000\">630~4000<\/span><\/td>\n<\/tr>\n<tr>\n<td class=\"\"><span class=\"ellipsis\" title=\"Isolamento nominale\">Isolamento nominale<\/span><\/td>\n<td class=\"\"><span class=\"ellipsis\" title=\"Tensione di tenuta alla frequenza di alimentazione (rispetto a terra\/circuito aperto)\">Tensione di tenuta alla frequenza di alimentazione (rispetto a terra\/circuito aperto)<\/span><\/td>\n<td class=\"\"><span class=\"ellipsis\" title=\"kV\">kV<\/span><\/td>\n<td class=\"\"><span class=\"ellipsis\" title=\"28\/32, 42\/48\">28\/32, 42\/48<\/span><\/td>\n<\/tr>\n<tr>\n<td class=\"\"><span class=\"ellipsis\" title=\"Livello\">Livello<\/span><\/td>\n<td class=\"\"><span class=\"ellipsis\" title=\"Tensione di tenuta all&#039;impulso di fulmine (rispetto a terra\/circuito aperto)\">Tensione di tenuta all'impulso di fulmine (rispetto a terra\/circuito aperto)<\/span><\/td>\n<td class=\"\"><span class=\"ellipsis\" title=\"kV\">kV<\/span><\/td>\n<td class=\"\"><span class=\"ellipsis\" title=\"60\/70, 75\/85\">60\/70, 75\/85<\/span><\/td>\n<\/tr>\n<tr>\n<td class=\"\"><span class=\"ellipsis\" title=\"Corrente nominale di resistenza a breve termine (4S)\">Corrente nominale di resistenza a breve termine (4S)<\/span><\/td>\n<td class=\"\"><span class=\"ellipsis\" title=\"kA\">kA<\/span><\/td>\n<td class=\"\"><span class=\"ellipsis\" title=\"20, 25, 31,5, 40, 50\">20, 25, 31,5, 40, 50<\/span><\/td>\n<\/tr>\n<tr>\n<td class=\"\"><span class=\"ellipsis\" title=\"Corrente nominale di resistenza di picco\">Corrente nominale di resistenza di picco<\/span><\/td>\n<td class=\"\"><span class=\"ellipsis\" title=\"kA\">kA<\/span><\/td>\n<td class=\"\"><span class=\"ellipsis\" title=\"50, 63, 80, 100, 125\">50, 63, 80, 100, 125<\/span><\/td>\n<\/tr>\n<tr>\n<td class=\"\"><span class=\"ellipsis\" title=\"Livello di protezione\">Livello di protezione<\/span><\/td>\n<td class=\"\"><span class=\"ellipsis\" title=\"\"><\/span><\/td>\n<td class=\"\"><span class=\"ellipsis\" title=\"Custodia IP4X, IP2X quando lo sportello del vano carrello \u00e8 aperto\">Custodia IP4X, IP2X quando lo sportello del vano carrello \u00e8 aperto<\/span><\/td>\n<\/tr>\n<tr>\n<td class=\"\"><span class=\"ellipsis\" title=\"Dimensioni (Larghezza \u00d7 Profondit\u00e0 \u00d7 Altezza)\">Dimensioni (Larghezza \u00d7 Profondit\u00e0 \u00d7 Altezza)<\/span><\/td>\n<td class=\"\"><span class=\"ellipsis\" title=\"mm\">mm<\/span><\/td>\n<td class=\"\"><span class=\"ellipsis\" title=\"800(1000)\u00d71500(1700,1900) \u00d7 2370\">800(1000)\u00d71500(1700,1900) \u00d7 2370<\/span><\/td>\n<\/tr>\n<tr>\n<td class=\"\"><span class=\"ellipsis\" title=\"Peso\">Peso<\/span><\/td>\n<td class=\"\"><span class=\"ellipsis\" title=\"kg\">kg<\/span><\/td>\n<td class=\"\"><span class=\"ellipsis\" title=\"800~1200\">800~1200<\/span><\/td>\n<\/tr>\n<\/tbody>\n<\/table>\n<p data-cah=\"2\">\u3000\u3000Per una corrente nominale di resistenza al cortocircuito di 31,5 kA e inferiore, e una corrente nominale della barra secondaria di 1600 A e inferiore, la larghezza dell'armadio \u00e8 di 800 mm;<\/p>\n<p> \u3000\u3000Per una corrente nominale di resistenza al cortocircuito di 40 kA e superiore, e una corrente nominale della barra secondaria di 1600 A e superiore, la larghezza dell'armadio \u00e8 di 1000 mm, e la profondit\u00e0 dell'armadio viene scelta dall'utente secondo lo schema.<\/p>\n<p> \u3000\u3000Questa apparecchiatura di manovra \u00e8 equipaggiata con interruttori vuoto SCHVI prodotti dalla nostra azienda e pu\u00f2 essere equipaggiata anche con interruttori vuoti Siemens 3AE e 3AJ1, ABB VD4 e HD4, e Schneider Evolis e EV12.<br \/> Informazioni per l'ordine<br \/> \u3000\u3000Si prega di fornire le seguenti informazioni al momento dell'ordine:<\/p>\n<p> \u3000\u3000\u2022 Modello dell'apparecchiatura di commutazione, quantit\u00e0, data di consegna e numero dello schema primario;<\/p>\n<p> \u3000\u3000\u2022 Schema del sistema primario, schema dei principi secondari e schema di disposizione dell'apparecchiatura di commutazione;<\/p>\n<p> \u3000\u3000\u2022 Corrente nominale della sbarra principale e modello e specifiche dei componenti primari;<\/p>\n<p> \u2022 Requisiti speciali (se presenti).<\/p>","protected":false},"excerpt":{"rendered":"<p>L'apparecchiatura di manovra metallica KYN28-12 \u00e8 adatta alle reti elettriche trifase a corrente alternata da 7,2 a 12 kV e 50 Hz. \u00c8 utilizzata per la ricezione e la distribuzione dell'energia elettrica, nonch\u00e9 per il controllo, il monitoraggio e la protezione dei circuiti. Panoramica \u3000\u3000L'apparecchiatura di manovra metallica retrattile KYN28-12 \u00e8 adatta alle reti elettriche trifase a corrente alternata da 7,2 a 12 kV e 50 Hz. \u00c8 utilizzata per la ricezione e la distribuzione dell'energia elettrica, e [\u2026]<\/p>","protected":false},"featured_media":1575,"template":"","meta":{"_acf_changed":false,"_seopress_robots_primary_cat":""},"product_brand":[],"product_cat":[58],"product_tag":[],"class_list":{"0":"post-1574","1":"product","2":"type-product","3":"status-publish","4":"has-post-thumbnail","6":"product_cat-ring-main-unit","8":"first","9":"instock","10":"shipping-taxable","11":"product-type-simple"},"acf":[],"_links":{"self":[{"href":"https:\/\/www.northpwr.cn\/it\/wp-json\/wp\/v2\/product\/1574","targetHints":{"allow":["GET"]}}],"collection":[{"href":"https:\/\/www.northpwr.cn\/it\/wp-json\/wp\/v2\/product"}],"about":[{"href":"https:\/\/www.northpwr.cn\/it\/wp-json\/wp\/v2\/types\/product"}],"wp:featuredmedia":[{"embeddable":true,"href":"https:\/\/www.northpwr.cn\/it\/wp-json\/wp\/v2\/media\/1575"}],"wp:attachment":[{"href":"https:\/\/www.northpwr.cn\/it\/wp-json\/wp\/v2\/media?parent=1574"}],"wp:term":[{"taxonomy":"product_brand","embeddable":true,"href":"https:\/\/www.northpwr.cn\/it\/wp-json\/wp\/v2\/product_brand?post=1574"},{"taxonomy":"product_cat","embeddable":true,"href":"https:\/\/www.northpwr.cn\/it\/wp-json\/wp\/v2\/product_cat?post=1574"},{"taxonomy":"product_tag","embeddable":true,"href":"https:\/\/www.northpwr.cn\/it\/wp-json\/wp\/v2\/product_tag?post=1574"}],"curies":[{"name":"wp","href":"https:\/\/api.w.org\/{rel}","templated":true}]}}