
{"id":1577,"date":"2025-12-03T11:06:32","date_gmt":"2025-12-03T03:06:32","guid":{"rendered":"https:\/\/www.northpwr.cn\/?post_type=product&p=1577"},"modified":"2025-12-03T11:06:32","modified_gmt":"2025-12-03T03:06:32","slug":"hxgn-12-fixed-ac-metal-clad-switchgear","status":"publish","type":"product","link":"https:\/\/www.northpwr.cn\/it\/prodotto\/hxgn-12-fixed-ac-metal-clad-switchgear\/","title":{"rendered":"HXGN-12 apparecchiatura fissa in metallo rivestita per corrente alternata"},"content":{"rendered":"<p data-cah=\"2\">L'apparecchiatura di commutazione fissa a tenuta metallica di tipo HXGN-12 (di seguito denominata unit\u00e0 principale ad anello) \u00e8 un'attrezzatura elettrica completa ad alta tensione a corrente alternata con tensione nominale di 12 kV e frequenza nominale di 50 Hz, utilizzata principalmente per reti ad anello trifase in corrente alternata, reti di distribuzione terminali e apparecchiature elettriche industriali, per la ricezione e la distribuzione dell'energia elettrica, ecc. \u00c8 inoltre adatta per installazioni ad alta tensione.<\/p>\n<p> Panoramica<br \/> \u3000\u3000L'apparecchiatura di commutazione fissa a tenuta metallica di tipo scatolare HXGN-12 (di seguito denominata armadio per rete ad anello) \u00e8 un'attrezzatura elettrica completa ad alta tensione a corrente alternata con tensione nominale di 12 kV e frequenza nominale di 50 Hz, utilizzata principalmente per reti ad anello trifase in corrente alternata, reti di distribuzione terminali e apparecchiature elettriche industriali, per la ricezione e la distribuzione dell'energia elettrica. \u00c8 inoltre adatta per installazioni ad alta tensione.<br \/> Condizioni dell'ambiente di utilizzo<br \/> \u3000\u3000\u2022 Utilizza una struttura completa di dispositivi, leggera e bella, pu\u00f2 essere combinata e installata arbitrariamente, facile da espandere e prolungare all'infinito.<\/p>\n<p> \u3000\u3000\u2022 Pu\u00f2 essere equipaggiata con interruttore di carico indicatore pneumatico di tipo FKN12-12, apparecchiatura elettrica combinata, oppure con interruttore di carico a vuoto di tipo FZN25-12, apparecchiatura elettrica combinata; le dimensioni di installazione sono completamente compatibili. Dimensioni ridotte, priva di manutenzione, struttura a collegamento trifase e funzione di controllo remoto.<\/p>\n<p> \u3000\u3000Sono disponibili operazioni manuali ed elettriche, e dispone di una funzione di controllo remoto.<\/p>\n<p> \u3000\u3000Dispone di un dispositivo meccanico di collegamento e blocco completo e affidabile, che realizza pienamente la funzione delle \u00abcinque prevenzioni\u00bb.<\/p>\n<p> \u3000\u3000L'interruttore di carico utilizza una valvola isolante protettiva a collegamento per schermare la maniglia sotto tensione, garantendo la sicurezza personale.<\/p>\n<p> \u3000\u3000La porta frontale \u00e8 dotata di una finestra di osservazione, che consente di visualizzare chiaramente lo stato di funzionamento dei componenti all'interno dell'armadio.<\/p>\n<p> \u3000\u3000Conforme alle norme GB3906, GB11022 e altre.<br \/> Parametri tecnici<\/p>\n<table data-cah=\"6\">\n<tbody>\n<tr>\n<td class=\"\"><span class=\"ellipsis\" title=\"Numero di serie\">Numero di serie<\/span><\/td>\n<td class=\"\"><span class=\"ellipsis\" title=\"Nome\">Nome<\/span><\/td>\n<td class=\"\"><span class=\"ellipsis\" title=\"Unit\u00e0\">Unit\u00e0<\/span><\/td>\n<td class=\"\"><span class=\"ellipsis\" title=\"FKN12-12\">FKN12-12<\/span><\/td>\n<td class=\"\"><span class=\"ellipsis\" title=\"FKRN12-12\">FKRN12-12<\/span><\/td>\n<td class=\"\"><span class=\"ellipsis\" title=\"\"><\/span><\/td>\n<\/tr>\n<tr>\n<td class=\"\"><span class=\"ellipsis\" title=\"1\">1<\/span><\/td>\n<td class=\"\"><span class=\"ellipsis\" title=\"Tensione nominale\">Tensione nominale<\/span><\/td>\n<td class=\"\"><span class=\"ellipsis\" title=\"KV\">KV<\/span><\/td>\n<td class=\"\"><span class=\"ellipsis\" title=\"12\">12<\/span><\/td>\n<td class=\"\"><span class=\"ellipsis\" title=\"\"><\/span><\/td>\n<\/tr>\n<tr>\n<td class=\"\"><span class=\"ellipsis\" title=\"2\">2<\/span><\/td>\n<td class=\"\"><span class=\"ellipsis\" title=\"Tensione di tenuta alla frequenza di rete\">Tensione di tenuta alla frequenza di rete<\/span><\/td>\n<td class=\"\"><span class=\"ellipsis\" title=\"KV\">KV<\/span><\/td>\n<td class=\"\"><span class=\"ellipsis\" title=\"Polo e fase 42, porta di isolamento 48\">Polo e fase 42, porta di isolamento 48<\/span><\/td>\n<td class=\"\"><span class=\"ellipsis\" title=\"\"><\/span><\/td>\n<\/tr>\n<tr>\n<td class=\"\"><span class=\"ellipsis\" title=\"3\">3<\/span><\/td>\n<td class=\"\"><span class=\"ellipsis\" title=\"Tensione d&#039;impulso per fulmine (picco)\">Tensione d'impulso per fulmine (picco)<\/span><\/td>\n<td class=\"\"><span class=\"ellipsis\" title=\"KV\">KV<\/span><\/td>\n<td class=\"\"><span class=\"ellipsis\" title=\"Polo e fase 75, porta di isolamento 85\">Polo e fase 75, porta di isolamento 85<\/span><\/td>\n<td class=\"\"><span class=\"ellipsis\" title=\"\"><\/span><\/td>\n<\/tr>\n<tr>\n<td class=\"\"><span class=\"ellipsis\" title=\"4\">4<\/span><\/td>\n<td class=\"\"><span class=\"ellipsis\" title=\"Frequenza nominale\">Frequenza nominale<\/span><\/td>\n<td class=\"\"><span class=\"ellipsis\" title=\"Hz\">Hz<\/span><\/td>\n<td class=\"\"><span class=\"ellipsis\" title=\"50\">50<\/span><\/td>\n<td class=\"\"><span class=\"ellipsis\" title=\"\"><\/span><\/td>\n<\/tr>\n<tr>\n<td class=\"\"><span class=\"ellipsis\" title=\"5\">5<\/span><\/td>\n<td class=\"\"><span class=\"ellipsis\" title=\"Corrente nominale della barra principale\">Corrente nominale della barra principale<\/span><\/td>\n<td class=\"\"><span class=\"ellipsis\" title=\"A\">A<\/span><\/td>\n<td class=\"\"><span class=\"ellipsis\" title=\"630\">630<\/span><\/td>\n<td class=\"\"><span class=\"ellipsis\" title=\"\"><\/span><\/td>\n<\/tr>\n<tr>\n<td class=\"\"><span class=\"ellipsis\" title=\"6\">6<\/span><\/td>\n<td class=\"\"><span class=\"ellipsis\" title=\"Corrente nominale\">Corrente nominale<\/span><\/td>\n<td class=\"\"><span class=\"ellipsis\" title=\"A\">A<\/span><\/td>\n<td class=\"\"><span class=\"ellipsis\" title=\"630\">630<\/span><\/td>\n<td class=\"\"><span class=\"ellipsis\" title=\"\"><\/span><\/td>\n<\/tr>\n<tr>\n<td class=\"\"><span class=\"ellipsis\" title=\"7\">7<\/span><\/td>\n<td class=\"\"><span class=\"ellipsis\" title=\"Interruttore di carico\">Interruttore di carico<\/span><\/td>\n<td class=\"\"><span class=\"ellipsis\" title=\"Vita elettrica nominale sotto corrente\">Vita elettrica nominale sotto corrente<\/span><\/td>\n<td class=\"\"><span class=\"ellipsis\" title=\"Volte\">Volte<\/span><\/td>\n<td class=\"\" colspan=\"2\"><span class=\"ellipsis\" title=\"Non inferiore a 100\">Non inferiore a 100<\/span><\/td>\n<\/tr>\n<tr>\n<td class=\"\"><span class=\"ellipsis\" title=\"8\">8<\/span><\/td>\n<td class=\"\"><span class=\"ellipsis\" title=\"Interruttore di carico\">Interruttore di carico<\/span><\/td>\n<td class=\"\"><span class=\"ellipsis\" title=\"Capacit\u00e0 di interruzione di un trasformatore a vuoto\">Capacit\u00e0 di interruzione di un trasformatore a vuoto<\/span><\/td>\n<td class=\"\"><span class=\"ellipsis\" title=\"KVA\">KVA<\/span><\/td>\n<td class=\"\" colspan=\"2\"><span class=\"ellipsis\" title=\"1250, 1600\">1250, 1600<\/span><\/td>\n<\/tr>\n<tr>\n<td class=\"\"><span class=\"ellipsis\" title=\"9\">9<\/span><\/td>\n<td class=\"\"><span class=\"ellipsis\" title=\"Interruttore di carico\">Interruttore di carico<\/span><\/td>\n<td class=\"\"><span class=\"ellipsis\" title=\"Corrente nominale di stabilit\u00e0 termica\">Corrente nominale di stabilit\u00e0 termica<\/span><\/td>\n<td class=\"\"><span class=\"ellipsis\" title=\"KA\/S\">KA\/S<\/span><\/td>\n<td class=\"\" colspan=\"2\"><span class=\"ellipsis\" title=\"20\/4, interruttore di messa a terra 20\/2\">20\/4, interruttore di messa a terra 20\/2<\/span><\/td>\n<\/tr>\n<tr>\n<td class=\"\"><span class=\"ellipsis\" title=\"10\">10<\/span><\/td>\n<td class=\"\"><span class=\"ellipsis\" title=\"Interruttore di carico\">Interruttore di carico<\/span><\/td>\n<td class=\"\"><span class=\"ellipsis\" title=\"Corrente nominale di stabilit\u00e0 dinamica (picco)\">Corrente nominale di stabilit\u00e0 dinamica (picco)<\/span><\/td>\n<td class=\"\"><span class=\"ellipsis\" title=\"KA\">KA<\/span><\/td>\n<td class=\"\" colspan=\"2\"><span class=\"ellipsis\" title=\"50\">50<\/span><\/td>\n<\/tr>\n<\/tbody>\n<\/table>\n<table data-cah=\"6\">\n<tbody>\n<tr>\n<td class=\"\"><span class=\"ellipsis\" title=\"10\">10<\/span><\/td>\n<td class=\"\"><span class=\"ellipsis\" title=\"Interruttore di carico\">Interruttore di carico<\/span><\/td>\n<td class=\"\"><span class=\"ellipsis\" title=\"Corrente nominale di chiusura in cortocircuito (picco)\">Corrente nominale di chiusura in cortocircuito (picco)<\/span><\/td>\n<td class=\"\"><span class=\"ellipsis\" title=\"KA\">KA<\/span><\/td>\n<td class=\"\" colspan=\"2\"><span class=\"ellipsis\" title=\"50\">50<\/span><\/td>\n<\/tr>\n<tr>\n<td class=\"\"><span class=\"ellipsis\" title=\"12\">12<\/span><\/td>\n<td class=\"\"><span class=\"ellipsis\" title=\"Apparecchiatura elettrica combinata\">Apparecchiatura elettrica combinata<\/span><\/td>\n<td class=\"\"><span class=\"ellipsis\" title=\"Corrente nominale del fusibile\">Corrente nominale del fusibile<\/span><\/td>\n<td class=\"\"><span class=\"ellipsis\" title=\"A\">A<\/span><\/td>\n<td class=\"\" colspan=\"2\"><span class=\"ellipsis\" title=\"100\">100<\/span><\/td>\n<\/tr>\n<tr>\n<td class=\"\"><span class=\"ellipsis\" title=\"13\">13<\/span><\/td>\n<td class=\"\"><span class=\"ellipsis\" title=\"Apparecchiatura elettrica combinata\">Apparecchiatura elettrica combinata<\/span><\/td>\n<td class=\"\"><span class=\"ellipsis\" title=\"Corrente nominale di trasferimento\">Corrente nominale di trasferimento<\/span><\/td>\n<td class=\"\"><span class=\"ellipsis\" title=\"A\">A<\/span><\/td>\n<td class=\"\"><span class=\"ellipsis\" title=\"\"><\/span><\/td>\n<td class=\"\"><span class=\"ellipsis\" title=\"2000\">2000<\/span><\/td>\n<\/tr>\n<tr>\n<td class=\"\"><span class=\"ellipsis\" title=\"14\">14<\/span><\/td>\n<td class=\"\"><span class=\"ellipsis\" title=\"Apparecchiatura elettrica combinata\">Apparecchiatura elettrica combinata<\/span><\/td>\n<td class=\"\"><span class=\"ellipsis\" title=\"Corrente nominale di interruzione in cortocircuito\">Corrente nominale di interruzione in cortocircuito<\/span><\/td>\n<td class=\"\"><span class=\"ellipsis\" title=\"KA\">KA<\/span><\/td>\n<td class=\"\" colspan=\"2\"><span class=\"ellipsis\" title=\"31.5\">31.5<\/span><\/td>\n<\/tr>\n<tr>\n<td class=\"\"><span class=\"ellipsis\" title=\"15\">15<\/span><\/td>\n<td class=\"\"><span class=\"ellipsis\" title=\"Apparecchiatura elettrica combinata\">Apparecchiatura elettrica combinata<\/span><\/td>\n<td class=\"\"><span class=\"ellipsis\" title=\"Modello del fusibile corrispondente\">Modello del fusibile corrispondente<\/span><\/td>\n<td class=\"\"><span class=\"ellipsis\" title=\"\"><\/span><\/td>\n<td class=\"\" colspan=\"2\"><span class=\"ellipsis\" title=\"SLAJ-12(XRNT-12)\">SLAJ-12(XRNT-12)<\/span><\/td>\n<\/tr>\n<tr>\n<td class=\"\"><span class=\"ellipsis\" title=\"16\">16<\/span><\/td>\n<td class=\"\"><span class=\"ellipsis\" title=\"Vita meccanica\">Vita meccanica<\/span><\/td>\n<td class=\"\"><span class=\"ellipsis\" title=\"Volte\">Volte<\/span><\/td>\n<td class=\"\"><span class=\"ellipsis\" title=\"3000\">3000<\/span><\/td>\n<td class=\"\"><span class=\"ellipsis\" title=\"10000\">10000<\/span><\/td>\n<td class=\"\"><span class=\"ellipsis\" title=\"\"><\/span><\/td>\n<\/tr>\n<tr>\n<td class=\"\"><span class=\"ellipsis\" title=\"17\">17<\/span><\/td>\n<td class=\"\"><span class=\"ellipsis\" title=\"Tensione di tenuta alla frequenza di alimentazione minima del circuito ausiliario\">Tensione di tenuta alla frequenza di alimentazione minima del circuito ausiliario<\/span><\/td>\n<td class=\"\"><span class=\"ellipsis\" title=\"KV\">KV<\/span><\/td>\n<td class=\"\"><span class=\"ellipsis\" title=\"2\">2<\/span><\/td>\n<td class=\"\"><span class=\"ellipsis\" title=\"\"><\/span><\/td>\n<\/tr>\n<tr>\n<td class=\"\"><span class=\"ellipsis\" title=\"18\">18<\/span><\/td>\n<td class=\"\"><span class=\"ellipsis\" title=\"Tensione di esercizio del meccanismo di azionamento elettrico\">Tensione di esercizio del meccanismo di azionamento elettrico<\/span><\/td>\n<td class=\"\"><span class=\"ellipsis\" title=\"V\">V<\/span><\/td>\n<td class=\"\"><span class=\"ellipsis\" title=\"AC\/DC 220, 110\">AC\/DC 220, 110<\/span><\/td>\n<td class=\"\"><span class=\"ellipsis\" title=\"\"><\/span><\/td>\n<\/tr>\n<tr>\n<td class=\"\"><span class=\"ellipsis\" title=\"19\">19<\/span><\/td>\n<td class=\"\"><span class=\"ellipsis\" title=\"Livello di protezione\">Livello di protezione<\/span><\/td>\n<td class=\"\"><span class=\"ellipsis\" title=\"\"><\/span><\/td>\n<td class=\"\"><span class=\"ellipsis\" title=\"1P4X\">1P4X<\/span><\/td>\n<td class=\"\"><span class=\"ellipsis\" title=\"\"><\/span><\/td>\n<\/tr>\n<tr>\n<td class=\"\"><span class=\"ellipsis\" title=\"20\">20<\/span><\/td>\n<td class=\"\"><span class=\"ellipsis\" title=\"Dimensioni (Larghezza \u00d7 Profondit\u00e0 \u00d7 Altezza)\">Dimensioni (Larghezza \u00d7 Profondit\u00e0 \u00d7 Altezza)<\/span><\/td>\n<td class=\"\"><span class=\"ellipsis\" title=\"mm\">mm<\/span><\/td>\n<td class=\"\"><span class=\"ellipsis\" title=\"700 (900) \u00d7 900 \u00d7 2000 (2200)\">700 (900) \u00d7 900 \u00d7 2000 (2200)<\/span><\/td>\n<td class=\"\"><span class=\"ellipsis\" title=\"\"><\/span><\/td>\n<\/tr>\n<\/tbody>\n<\/table>\n<p data-cah=\"2\">Istruzioni per l'ordine<br \/> \u3000\u3000Si prega di fornire le seguenti informazioni al momento dell'ordine:<\/p>\n<p> \u3000\u3000\u2022 Modello dell'apparecchiatura di commutazione, quantit\u00e0, data di consegna e numero dello schema primario;<\/p>\n<p> \u3000\u3000\u2022 Schema del sistema primario, schema dei principi secondari e schema di disposizione dell'apparecchiatura di commutazione;<\/p>\n<p> \u3000\u3000\u2022 Corrente nominale della sbarra principale e modello e specifiche dei componenti primari;<\/p>\n<p> \u2022 Requisiti speciali (se presenti).<\/p>","protected":false},"excerpt":{"rendered":"<p>L'apparecchiatura di commutazione fissa a tenuta metallica di tipo HXGN-12 (d'ora in poi denominata unit\u00e0 principale ad anello) \u00e8 un'apparecchiatura elettrica completa ad alta tensione a corrente alternata con tensione nominale di 12 kV e frequenza nominale di 50 Hz, utilizzata principalmente per reti ad anello trifase in corrente alternata, reti di distribuzione terminali e apparecchiature elettriche industriali, per la ricezione e la distribuzione dell'energia elettrica, ecc. \u00c8 inoltre adatta per installazioni ad alta tensione. Panoramica \u3000\u3000Il [\u2026]<\/p>","protected":false},"featured_media":1578,"template":"","meta":{"_acf_changed":false,"_seopress_robots_primary_cat":""},"product_brand":[],"product_cat":[58],"product_tag":[],"class_list":{"0":"post-1577","1":"product","2":"type-product","3":"status-publish","4":"has-post-thumbnail","6":"product_cat-ring-main-unit","8":"first","9":"instock","10":"shipping-taxable","11":"product-type-simple"},"acf":[],"_links":{"self":[{"href":"https:\/\/www.northpwr.cn\/it\/wp-json\/wp\/v2\/product\/1577","targetHints":{"allow":["GET"]}}],"collection":[{"href":"https:\/\/www.northpwr.cn\/it\/wp-json\/wp\/v2\/product"}],"about":[{"href":"https:\/\/www.northpwr.cn\/it\/wp-json\/wp\/v2\/types\/product"}],"wp:featuredmedia":[{"embeddable":true,"href":"https:\/\/www.northpwr.cn\/it\/wp-json\/wp\/v2\/media\/1578"}],"wp:attachment":[{"href":"https:\/\/www.northpwr.cn\/it\/wp-json\/wp\/v2\/media?parent=1577"}],"wp:term":[{"taxonomy":"product_brand","embeddable":true,"href":"https:\/\/www.northpwr.cn\/it\/wp-json\/wp\/v2\/product_brand?post=1577"},{"taxonomy":"product_cat","embeddable":true,"href":"https:\/\/www.northpwr.cn\/it\/wp-json\/wp\/v2\/product_cat?post=1577"},{"taxonomy":"product_tag","embeddable":true,"href":"https:\/\/www.northpwr.cn\/it\/wp-json\/wp\/v2\/product_tag?post=1577"}],"curies":[{"name":"wp","href":"https:\/\/api.w.org\/{rel}","templated":true}]}}