
{"id":1583,"date":"2025-12-03T11:06:36","date_gmt":"2025-12-03T03:06:36","guid":{"rendered":"https:\/\/www.northpwr.cn\/?post_type=product&p=1583"},"modified":"2025-12-03T11:06:36","modified_gmt":"2025-12-03T03:06:36","slug":"fy3000-gcs-low-voltage-switchgear","status":"publish","type":"product","link":"https:\/\/www.northpwr.cn\/it\/prodotto\/fy3000-gcs-low-voltage-switchgear\/","title":{"rendered":"FY3000 (GCS) Apparecchiature di commutazione a bassa tensione"},"content":{"rendered":"<p data-cah=\"2\">L'apparecchiatura di distribuzione a bassa tensione estraibile FY3000 (GCS) \u00e8 adatta per sistemi di distribuzione dell'energia nelle industrie delle centrali elettriche, del petrolio, chimica, metallurgica, tessile e degli edifici alti.<\/p>\n<p> Panoramica<br \/> \u3000\u3000L'apparecchiatura di distribuzione a bassa tensione estraibile FY3000 (GCS) \u00e8 adatta per sistemi di distribuzione dell'energia nelle industrie delle centrali elettriche, del petrolio, chimica, metallurgica, tessile e degli edifici alti. In grandi centrali elettriche e sistemi petrolchimici con un alto grado di automazione e requisiti di interfaccia informatica, essa funge da dispositivo completo di distribuzione dell'energia a bassa tensione per corrente alternata trifase a 50 (60 Hz), con tensione nominale di esercizio di 380 V (400 V), controllo dei motori e compensazione della potenza reattiva.<br \/> Condizioni dell'ambiente di utilizzo<br \/> \u3000\u3000\u2022 Temperatura ambiente: +40\u2103~-15\u2103<\/p>\n<p> \u3000\u3000\u2022 Altitudine: 2000m.<\/p>\n<p> \u3000\u3000\u2022 Umidit\u00e0 ambientale: umidit\u00e0 relativa media giornaliera 95%, umidit\u00e0 relativa media mensile 90%.<\/p>\n<p> \u3000\u3000\u2022 L'inclinazione della superficie di installazione verticale non supera i 5%, e l'intero gruppo di armadi \u00e8 relativamente piano.<\/p>\n<p> \u3000\u3000\u2022 Nessuna vibrazione o impatto violento, e luoghi in cui la corrosione non sia sufficiente da danneggiare i componenti elettrici.<br \/> Caratteristiche Strutturali Principali<br \/> \u3000\u3000\u2022 Il telaio principale adotta profili BMF o profili a \"C\", piegati a freddo da lastre d'acciaio laminato a freddo o da lastre d'acciaio rivestite in alluminio-zinco, con alta resistenza e facile installazione modulare.<\/p>\n<p> \u3000\u3000\u2022 I tipi di cassetti sono suddivisi in quattro serie dimensionali: 1\/2 unit\u00e0, 1 unit\u00e0, 2 unit\u00e0 e 3 unit\u00e0, con una corrente nominale del circuito di 630 A o inferiore.<\/p>\n<p> \u3000\u3000\u2022 Assemblaggio flessibile, struttura compatta, grande versatilit\u00e0, buone prestazioni di sicurezza e montaggio comodo.<\/p>\n<p> \u3000\u3000\u2022 Aumentando la capacit\u00e0 termica del pezzo di trasferimento, si riduce notevolmente l'aumento di temperatura causato dal pezzo di trasferimento sulla spina, sulla testa del cavo e sulla piastra divisoria.<\/p>\n<p> \u3000\u3000\u2022 Affidabilit\u00e0 tra le unit\u00e0 funzionali e i compartimenti; il guasto di una unit\u00e0 non influir\u00e0 sul funzionamento normale delle altre unit\u00e0, limitando il guasto alla minima area possibile.<\/p>\n<p> \u3000\u3000\u2022 La disposizione orizzontale delle sbarre collettrici garantisce una buona stabilit\u00e0 dinamica e termica del dispositivo.<\/p>\n<p> \u3000\u3000\u2022 Il collegamento tra il dispositivo e i cavi esterni viene effettuato nel vano cavi, e i cavi possono entrare e uscire dalla parte superiore e inferiore. Il trasformatore di corrente a sequenza zero \u00e8 situato nel vano cavi per una comoda installazione e manutenzione.<\/p>\n<p> \u3000\u3000\u2022 L'unit\u00e0 cassetto dispone di un numero sufficiente di spine secondarie (32 coppie per 1 unit\u00e0 e oltre, 20 coppie per 1\/2 unit\u00e0), che possono soddisfare i requisiti del numero di punti di connessione per interfacce informatiche e circuiti di telecomando.<\/p>\n<p data-cah=\"2\">Informazioni per l'ordine<br \/> \u3000\u3000Si prega di fornire le seguenti informazioni al momento dell'ordine:<\/p>\n<p> \u3000\u3000\u2022 Numero dello schema del circuito principale, schema principale di cablaggio, schema di disposizione e piano di layout.<\/p>\n<p> \u3000\u3000\u2022 Schema elettrico del circuito ausiliario e schema di disposizione dei terminali.<\/p>\n<p> \u3000\u3000\u2022 Simboli, specifiche e quantit\u00e0 dei componenti elettrici all'interno dell'apparecchiatura.<\/p>","protected":false},"excerpt":{"rendered":"<p>L'apparecchiatura di distribuzione a bassa tensione estraibile FY3000 (GCS) \u00e8 adatta per sistemi di distribuzione dell'energia nelle industrie delle centrali elettriche, del petrolio, chimica, metallurgica, tessile e degli edifici alti. Panoramica \u3000\u3000L'apparecchiatura di distribuzione a bassa tensione estraibile FY3000 (GCS) \u00e8 adatta per sistemi di distribuzione dell'energia nelle industrie delle centrali elettriche, del petrolio, chimica, metallurgica, tessile e degli edifici alti. Nelle grandi centrali elettriche e nei sistemi petrolchimici con un [\u2026]<\/p>","protected":false},"featured_media":1584,"template":"","meta":{"_acf_changed":false,"_seopress_robots_primary_cat":""},"product_brand":[],"product_cat":[60],"product_tag":[],"class_list":{"0":"post-1583","1":"product","2":"type-product","3":"status-publish","4":"has-post-thumbnail","6":"product_cat-low-voltage-cabinet","8":"first","9":"instock","10":"shipping-taxable","11":"product-type-simple"},"acf":[],"_links":{"self":[{"href":"https:\/\/www.northpwr.cn\/it\/wp-json\/wp\/v2\/product\/1583","targetHints":{"allow":["GET"]}}],"collection":[{"href":"https:\/\/www.northpwr.cn\/it\/wp-json\/wp\/v2\/product"}],"about":[{"href":"https:\/\/www.northpwr.cn\/it\/wp-json\/wp\/v2\/types\/product"}],"wp:featuredmedia":[{"embeddable":true,"href":"https:\/\/www.northpwr.cn\/it\/wp-json\/wp\/v2\/media\/1584"}],"wp:attachment":[{"href":"https:\/\/www.northpwr.cn\/it\/wp-json\/wp\/v2\/media?parent=1583"}],"wp:term":[{"taxonomy":"product_brand","embeddable":true,"href":"https:\/\/www.northpwr.cn\/it\/wp-json\/wp\/v2\/product_brand?post=1583"},{"taxonomy":"product_cat","embeddable":true,"href":"https:\/\/www.northpwr.cn\/it\/wp-json\/wp\/v2\/product_cat?post=1583"},{"taxonomy":"product_tag","embeddable":true,"href":"https:\/\/www.northpwr.cn\/it\/wp-json\/wp\/v2\/product_tag?post=1583"}],"curies":[{"name":"wp","href":"https:\/\/api.w.org\/{rel}","templated":true}]}}