
{"id":1588,"date":"2025-12-03T11:06:41","date_gmt":"2025-12-03T03:06:41","guid":{"rendered":"https:\/\/www.northpwr.cn\/?post_type=product&p=1588"},"modified":"2025-12-03T11:06:41","modified_gmt":"2025-12-03T03:06:41","slug":"fyxl-metal-enclosed-switchgear-power-cabinet","status":"publish","type":"product","link":"https:\/\/www.northpwr.cn\/it\/prodotto\/fyxl-metal-enclosed-switchgear-power-cabinet\/","title":{"rendered":"Quadro di comando a tenuta metallica (armadio di alimentazione)"},"content":{"rendered":"<p data-cah=\"2\">L'armadio di distribuzione dell'alimentazione FYXL \u00e8 adatto per l'impiego in sistemi di distribuzione dell'alimentazione con una tensione nominale di 400V e una corrente nominale di 630A o inferiore per la ricezione dell'alimentazione, l'alimentazione di energia, il controllo dei motori e l'illuminazione. Esso realizza funzioni di controllo, protezione, isolamento, monitoraggio, misurazione e controllo remoto (quattro funzioni di controllo remoto) tramite un sistema automatizzato integrato di monitoraggio.<\/p>\n<p> Panoramica<br \/> \u3000\u3000L'armadio di distribuzione dell'alimentazione FYXL \u00e8 adatto per l'impiego in sistemi di distribuzione dell'alimentazione con una tensione nominale di 400V e una corrente nominale di 630A o inferiore per la ricezione dell'alimentazione, l'alimentazione di energia, il controllo dei motori e l'illuminazione. Esso realizza funzioni di controllo, protezione, isolamento, monitoraggio, misurazione e controllo remoto tramite un sistema automatizzato integrato di monitoraggio. Questa serie di prodotti offre una gamma completa di soluzioni e pu\u00f2 implementare vari schemi di distribuzione dell'alimentazione secondo le esigenze dell'utente. \u00c8 una parte indispensabile nell'ambiente di distribuzione dell'alimentazione ed \u00e8 un'attrezzatura ideale per la distribuzione terminale dell'alimentazione in edifici alti, aeroporti, porti, imprese industriali e minerarie e altri settori.<br \/> Condizioni dell'ambiente di utilizzo<br \/> \u3000\u3000\u2022 Temperatura ambiente: -40\u2103~35\u2103<\/p>\n<p> \u3000\u3000\u2022 Umidit\u00e0 relativa: \u226490% (a 20\u2103)<\/p>\n<p> \u3000\u3000\u2022 Altitudine: \u22642000m<\/p>\n<p> \u3000\u3000\u2022 Condizioni ambientali: Non adatto a luoghi con rischio di incendio, esplosione, inquinamento grave, corrosione chimica e forti vibrazioni<\/p>\n<p> \u3000\u3000\u2022 Luogo di installazione: L'angolo di inclinazione rispetto al suolo non deve superare i 5 gradi<br \/> Parametri tecnici<\/p>\n<table data-cah=\"6\">\n<tbody>\n<tr>\n<td class=\"\"><span class=\"ellipsis\" title=\"Numero di serie\">Numero di serie<\/span><\/td>\n<td class=\"\"><span class=\"ellipsis\" title=\"Nome\">Nome<\/span><\/td>\n<td class=\"\"><span class=\"ellipsis\" title=\"Unit\u00e0\">Unit\u00e0<\/span><\/td>\n<td class=\"\"><span class=\"ellipsis\" title=\"Parametri tecnici\">Parametri tecnici<\/span><\/td>\n<\/tr>\n<tr>\n<td class=\"\"><span class=\"ellipsis\" title=\"1\">1<\/span><\/td>\n<td class=\"\"><span class=\"ellipsis\" title=\"Tensione nominale del circuito principale\">Tensione nominale del circuito principale<\/span><\/td>\n<td class=\"\"><span class=\"ellipsis\" title=\"V\">V<\/span><\/td>\n<td class=\"\"><span class=\"ellipsis\" title=\"Ac380\">Ac380<\/span><\/td>\n<\/tr>\n<tr>\n<td class=\"\"><span class=\"ellipsis\" title=\"2\">2<\/span><\/td>\n<td class=\"\"><span class=\"ellipsis\" title=\"Tensione nominale del circuito ausiliario\">Tensione nominale del circuito ausiliario<\/span><\/td>\n<td class=\"\"><span class=\"ellipsis\" title=\"V\">V<\/span><\/td>\n<td class=\"\"><span class=\"ellipsis\" title=\"AC220V, AC380\">AC220V, AC380<\/span><\/td>\n<\/tr>\n<tr>\n<td class=\"\"><span class=\"ellipsis\" title=\"3\">3<\/span><\/td>\n<td class=\"\"><span class=\"ellipsis\" title=\"Frequenza nominale di funzionamento\">Frequenza nominale di funzionamento<\/span><\/td>\n<td class=\"\"><span class=\"ellipsis\" title=\"Hz\">Hz<\/span><\/td>\n<td class=\"\"><span class=\"ellipsis\" title=\"50\">50<\/span><\/td>\n<\/tr>\n<tr>\n<td class=\"\"><span class=\"ellipsis\" title=\"4\">4<\/span><\/td>\n<td class=\"\"><span class=\"ellipsis\" title=\"Tensione nominale di isolamento\">Tensione nominale di isolamento<\/span><\/td>\n<td class=\"\"><span class=\"ellipsis\" title=\"KV\">KV<\/span><\/td>\n<td class=\"\"><span class=\"ellipsis\" title=\"660, 690\">660, 690<\/span><\/td>\n<\/tr>\n<tr>\n<td class=\"\"><span class=\"ellipsis\" title=\"5\">5<\/span><\/td>\n<td class=\"\"><span class=\"ellipsis\" title=\"Corrente nominale\">Corrente nominale<\/span><\/td>\n<td class=\"\"><span class=\"ellipsis\" title=\"A\">A<\/span><\/td>\n<td class=\"\"><span class=\"ellipsis\" title=\"\u2264630\">\u2264630<\/span><\/td>\n<\/tr>\n<tr>\n<td class=\"\"><span class=\"ellipsis\" title=\"6\">6<\/span><\/td>\n<td class=\"\"><span class=\"ellipsis\" title=\"Dimensioni (Larghezza*Profondit\u00e0*Altezza)\">Dimensioni (Larghezza*Profondit\u00e0*Altezza)<\/span><\/td>\n<td class=\"\"><span class=\"ellipsis\" title=\"mm\">mm<\/span><\/td>\n<td class=\"\"><span class=\"ellipsis\" title=\"700*350*1700\">700*350*1700<\/span><\/td>\n<\/tr>\n<\/tbody>\n<\/table>\n<p data-cah=\"2\">Istruzioni per l'ordine<br \/> \u3000\u3000Si prega di specificare al momento dell'ordine:<\/p>\n<p> \u3000\u3000\u2022 Specifiche del prodotto e numeri di modello;<\/p>\n<p> \u3000\u3000\u2022 Schema del sistema del circuito principale, schema della disposizione interna;<\/p>\n<p> \u3000\u3000\u2022 Schema elettrico del circuito ausiliario;<\/p>\n<p> \u3000\u3000\u2022 Elenco dei componenti all'interno dell'armadio (specifiche della barra principale);<\/p>\n<p> \u3000\u3000\u2022 Colore dell'armadio (grigio cammello chiaro se non specificato alcun requisito), dimensioni dell'armadio.<\/p>\n<p> \u3000\u3000\u2022 Altri requisiti speciali che non sono conformi alle condizioni operative normali del prodotto<br \/> Caratteristiche principali<br \/> \u3000\u3000\u2022 Struttura combinata saldata ad alta resistenza; il telaio adotta una struttura interamente saldata, l'interno utilizza una combinazione modulare, elevata resistenza strutturale, flessibilit\u00e0 nella disposizione dell'installazione e aspetto estetico gradevole.<\/p>\n<p> \u3000\u3000\u2022 Disposizione flessibile e regolabile dei componenti; ispezione e manutenzione facili e rapide; identificazione completa, avvisi chiari; abbinamento cromatico caldo e piacevole.<\/p>\n<p> \u3000\u3000\u2022 La colonna di installazione sostituisce il tradizionale metodo standard di fori modulari e pu\u00f2 essere regolata senza gradini nella direzione dell'altezza, migliorando ulteriormente la flessibilit\u00e0 e la velocit\u00e0 di installazione dei componenti.<\/p>\n<p> \u3000\u3000\u2022 I fori per i cavi di ingresso e uscita sono dotati di anelli sigillanti speciali di tipo torre, che possono regolare la dimensione dell'apertura in base alle specifiche dei cavi e, allo stesso tempo, svolgono un ruolo antipolvere e sigillante, impedendo agli animali di piccole dimensioni di entrare nell'armadio e causare cortocircuiti elettrici. Ci\u00f2 aumenta la sicurezza e l'affidabilit\u00e0 dell'apparecchiatura.<\/p>","protected":false},"excerpt":{"rendered":"<p>L'armadio di distribuzione dell'alimentazione FYXL \u00e8 adatto per l'impiego in sistemi di distribuzione dell'alimentazione con una tensione nominale di 400V e una corrente nominale di 630A o inferiore per la ricezione dell'alimentazione, l'alimentazione di energia, il controllo dei motori e l'illuminazione. Esso assicura funzioni di controllo, protezione, isolamento, monitoraggio, misurazione e controllo remoto (quattro funzioni di controllo remoto) tramite un sistema integrato automatizzato [...].<\/p>","protected":false},"featured_media":1589,"template":"","meta":{"_acf_changed":false,"_seopress_robots_primary_cat":""},"product_brand":[],"product_cat":[61],"product_tag":[],"class_list":{"0":"post-1588","1":"product","2":"type-product","3":"status-publish","4":"has-post-thumbnail","6":"product_cat-distribution-cabinet","8":"first","9":"instock","10":"shipping-taxable","11":"product-type-simple"},"acf":[],"_links":{"self":[{"href":"https:\/\/www.northpwr.cn\/it\/wp-json\/wp\/v2\/product\/1588","targetHints":{"allow":["GET"]}}],"collection":[{"href":"https:\/\/www.northpwr.cn\/it\/wp-json\/wp\/v2\/product"}],"about":[{"href":"https:\/\/www.northpwr.cn\/it\/wp-json\/wp\/v2\/types\/product"}],"wp:featuredmedia":[{"embeddable":true,"href":"https:\/\/www.northpwr.cn\/it\/wp-json\/wp\/v2\/media\/1589"}],"wp:attachment":[{"href":"https:\/\/www.northpwr.cn\/it\/wp-json\/wp\/v2\/media?parent=1588"}],"wp:term":[{"taxonomy":"product_brand","embeddable":true,"href":"https:\/\/www.northpwr.cn\/it\/wp-json\/wp\/v2\/product_brand?post=1588"},{"taxonomy":"product_cat","embeddable":true,"href":"https:\/\/www.northpwr.cn\/it\/wp-json\/wp\/v2\/product_cat?post=1588"},{"taxonomy":"product_tag","embeddable":true,"href":"https:\/\/www.northpwr.cn\/it\/wp-json\/wp\/v2\/product_tag?post=1588"}],"curies":[{"name":"wp","href":"https:\/\/api.w.org\/{rel}","templated":true}]}}