
{"id":1574,"date":"2025-12-03T11:04:32","date_gmt":"2025-12-03T03:04:32","guid":{"rendered":"https:\/\/www.northpwr.cn\/?post_type=product&p=1574"},"modified":"2025-12-03T11:04:32","modified_gmt":"2025-12-03T03:04:32","slug":"kyn28a-12-armored-withdrawable-ac-metal-clad-switchgear","status":"publish","type":"product","link":"https:\/\/www.northpwr.cn\/pl\/produkt\/kyn28a-12-armored-withdrawable-ac-metal-clad-switchgear\/","title":{"rendered":"KYN28A-12 Zbrojone wyjmowane rozdzielnice pr\u0105du przemiennego z obudow\u0105 metalow\u0105"},"content":{"rendered":"<p data-cah=\"2\">Prze\u0142\u0105cznica metalowa KYN28-12 jest odpowiednia dla sieci energetycznych tr\u00f3jfazowych pr\u0105du przemiennego o napi\u0119ciu 7,2~12 kV i cz\u0119stotliwo\u015bci 50 Hz. S\u0142u\u017cy do przyjmowania i rozprowadzania energii elektrycznej, a tak\u017ce do sterowania, monitorowania i ochrony obwod\u00f3w.<\/p>\n<p> Przegl\u0105d<br \/> Prze\u0142\u0105cznica wysuwana metalowa KYN28-12 jest odpowiednia dla sieci energetycznych tr\u00f3jfazowych pr\u0105du przemiennego o napi\u0119ciu 7,2~12 kV i cz\u0119stotliwo\u015bci 50 Hz. S\u0142u\u017cy do przyjmowania i rozprowadzania energii elektrycznej oraz do sterowania, monitorowania i ochrony obwod\u00f3w. Mo\u017ce by\u0107 stosowana w systemach jednobusowych i jednobusowych z sekcjonowaniem. Odpowiada normom IEC298 \u201ePrze\u0142\u0105cznice i urz\u0105dzenia steruj\u0105ce metalowe AC powy\u017cej 1 kV i do 52 kV\u201d, OEC694 \u201eWsp\u00f3lne klauzule dla prze\u0142\u0105cznik\u00f3w i urz\u0105dze\u0144 steruj\u0105cych wysokiego napi\u0119cia\u201d, GB3906 \u201ePrze\u0142\u0105cznice i urz\u0105dzenia steruj\u0105ce metalowe AC 3,6 kV\u201340,5 kV\u201d, GB11022 \u201eWsp\u00f3lne warunki techniczne dla standard\u00f3w prze\u0142\u0105cznik\u00f3w i urz\u0105dze\u0144 steruj\u0105cych wysokiego napi\u0119cia\u201d oraz DL\/T404 \u201ePrze\u0142\u0105cznice i urz\u0105dzenia steruj\u0105ce metalowe AC 3,6 kV\u201340,5 kV\u201d, i posiada kompleksowe i niezawodne funkcje zapobiegaj\u0105ce pomy\u0142kom.<br \/> Warunki eksploatacyjne \u015brodowiskowe<br \/> \u2022 Temperatura otoczenia: Maksymalna temperatura +40\u2103, minimalna temperatura -15\u2103.<\/p>\n<p> \u2022 Wilgotno\u015b\u0107 otoczenia: \u015arednia dobowo wzgl\u0119dna wilgotno\u015b\u0107 nie przekracza 95%, \u015brednia miesi\u0119czna nie przekracza 90%.<\/p>\n<p> \u2022 Wysoko\u015b\u0107 nad poziomem morza: nie przekracza 1000 m.<\/p>\n<p> \u2022 Odporno\u015b\u0107 na trz\u0119sienia ziemi: Intensywno\u015b\u0107 sejsmiczna nie przekracza 8 stopnia.<\/p>\n<p> \u2022 Powietrze wok\u00f3\u0142 nie powinno by\u0107 znacznie zanieczyszczone gazami korozjnymi lub palnymi, par\u0105 wodn\u0105 itp. Brak cz\u0119stych gwa\u0142townych wibracji.<\/p>\n<p> \u2022 W przypadku u\u017cytkowania w warunkach przekraczaj\u0105cych normalne warunki \u015brodowiskowe okre\u015blone w GB3906, nale\u017cy dokona\u0107 uzgodnie\u0144 mi\u0119dzy u\u017cytkownikiem a nasz\u0105 firm\u0105.<br \/> Parametry techniczne<br \/> Parametry techniczne rozdzielnicy<\/p>\n<table data-cah=\"6\">\n<tbody>\n<tr>\n<td class=\"\"><span class=\"ellipsis\" title=\"Przedmiot\">Przedmiot<\/span><\/td>\n<td class=\"\"><span class=\"ellipsis\" title=\"Jednostka\">Jednostka<\/span><\/td>\n<td class=\"\"><span class=\"ellipsis\" title=\"Data\">Data<\/span><\/td>\n<\/tr>\n<tr>\n<td class=\"\"><span class=\"ellipsis\" title=\"Napi\u0119cie znamionowe\">Napi\u0119cie znamionowe<\/span><\/td>\n<td class=\"\"><span class=\"ellipsis\" title=\"kV\">kV<\/span><\/td>\n<td class=\"\"><span class=\"ellipsis\" title=\"7,2, 12\">7,2, 12<\/span><\/td>\n<\/tr>\n<tr>\n<td class=\"\"><span class=\"ellipsis\" title=\"Cz\u0119stotliwo\u015b\u0107 znamionowa\">Cz\u0119stotliwo\u015b\u0107 znamionowa<\/span><\/td>\n<td class=\"\"><span class=\"ellipsis\" title=\"Hz\">Hz<\/span><\/td>\n<td class=\"\"><span class=\"ellipsis\" title=\"50\">50<\/span><\/td>\n<\/tr>\n<tr>\n<td class=\"\"><span class=\"ellipsis\" title=\"Pr\u0105d znamionowy\">Pr\u0105d znamionowy<\/span><\/td>\n<td class=\"\"><span class=\"ellipsis\" title=\"A\">A<\/span><\/td>\n<td class=\"\"><span class=\"ellipsis\" title=\"630~4000\">630~4000<\/span><\/td>\n<\/tr>\n<tr>\n<td class=\"\"><span class=\"ellipsis\" title=\"Oznaczona izolacja\">Oznaczona izolacja<\/span><\/td>\n<td class=\"\"><span class=\"ellipsis\" title=\"Napi\u0119cie wytrzyma\u0142o\u015bciowe przy cz\u0119stotliwo\u015bci pr\u0105du zasilania (wzgl\u0119dem uziemienia\/obwodu otwartego)\">Napi\u0119cie wytrzyma\u0142o\u015bciowe przy cz\u0119stotliwo\u015bci pr\u0105du zasilania (wzgl\u0119dem uziemienia\/obwodu otwartego)<\/span><\/td>\n<td class=\"\"><span class=\"ellipsis\" title=\"kV\">kV<\/span><\/td>\n<td class=\"\"><span class=\"ellipsis\" title=\"28\/32, 42\/48\">28\/32, 42\/48<\/span><\/td>\n<\/tr>\n<tr>\n<td class=\"\"><span class=\"ellipsis\" title=\"Poziom\">Poziom<\/span><\/td>\n<td class=\"\"><span class=\"ellipsis\" title=\"Napi\u0119cie wytrzyma\u0142o\u015bciowe przy impulsie piorunowym (wzgl\u0119dem uziemienia\/obwodu otwartego)\">Napi\u0119cie wytrzyma\u0142o\u015bciowe przy impulsie piorunowym (wzgl\u0119dem uziemienia\/obwodu otwartego)<\/span><\/td>\n<td class=\"\"><span class=\"ellipsis\" title=\"kV\">kV<\/span><\/td>\n<td class=\"\"><span class=\"ellipsis\" title=\"60\/70, 75\/85\">60\/70, 75\/85<\/span><\/td>\n<\/tr>\n<tr>\n<td class=\"\"><span class=\"ellipsis\" title=\"Nominalny pr\u0105d wytrzyma\u0142o\u015bciowy w czasie kr\u00f3tkotrwa\u0142ym (4 s)\">Nominalny pr\u0105d wytrzyma\u0142o\u015bciowy w czasie kr\u00f3tkotrwa\u0142ym (4 s)<\/span><\/td>\n<td class=\"\"><span class=\"ellipsis\" title=\"kA\">kA<\/span><\/td>\n<td class=\"\"><span class=\"ellipsis\" title=\"20, 25, 31,5, 40, 50\">20, 25, 31,5, 40, 50<\/span><\/td>\n<\/tr>\n<tr>\n<td class=\"\"><span class=\"ellipsis\" title=\"Nominalny pr\u0105d szczytowy wytrzyma\u0142o\u015bciowy\">Nominalny pr\u0105d szczytowy wytrzyma\u0142o\u015bciowy<\/span><\/td>\n<td class=\"\"><span class=\"ellipsis\" title=\"kA\">kA<\/span><\/td>\n<td class=\"\"><span class=\"ellipsis\" title=\"50, 63, 80, 100, 125\">50, 63, 80, 100, 125<\/span><\/td>\n<\/tr>\n<tr>\n<td class=\"\"><span class=\"ellipsis\" title=\"Poziom ochrony\">Poziom ochrony<\/span><\/td>\n<td class=\"\"><span class=\"ellipsis\" title=\"\"><\/span><\/td>\n<td class=\"\"><span class=\"ellipsis\" title=\"Obudowa IP4X, IP2X w przypadku otwartych drzwi komory w\u00f3zka\">Obudowa IP4X, IP2X w przypadku otwartych drzwi komory w\u00f3zka<\/span><\/td>\n<\/tr>\n<tr>\n<td class=\"\"><span class=\"ellipsis\" title=\"Wymiary (szeroko\u015b\u0107 \u00d7 g\u0142\u0119boko\u015b\u0107 \u00d7 wysoko\u015b\u0107)\">Wymiary (szeroko\u015b\u0107 \u00d7 g\u0142\u0119boko\u015b\u0107 \u00d7 wysoko\u015b\u0107)<\/span><\/td>\n<td class=\"\"><span class=\"ellipsis\" title=\"mm\">mm<\/span><\/td>\n<td class=\"\"><span class=\"ellipsis\" title=\"800(1000)\u00d71500(1700,1900) \u00d7 2370\">800(1000)\u00d71500(1700,1900) \u00d7 2370<\/span><\/td>\n<\/tr>\n<tr>\n<td class=\"\"><span class=\"ellipsis\" title=\"Waga\">Waga<\/span><\/td>\n<td class=\"\"><span class=\"ellipsis\" title=\"kg\">kg<\/span><\/td>\n<td class=\"\"><span class=\"ellipsis\" title=\"800~1200\">800~1200<\/span><\/td>\n<\/tr>\n<\/tbody>\n<\/table>\n<p data-cah=\"2\">\u2022 Dla nominalnego pr\u0105du wytrzyma\u0142o\u015bciowego kr\u00f3tkotrwa\u0142ego 31,5 kA i ni\u017cszego, oraz nominalnego pr\u0105du ga\u0142\u0119ziowego 1600 A i ni\u017cszego, szeroko\u015b\u0107 szafy wynosi 800 mm;<\/p>\n<p> \u2022 Dla nominalnego pr\u0105du wytrzyma\u0142o\u015bciowego kr\u00f3tkotrwa\u0142ego 40 kA i wy\u017cszego, oraz nominalnego pr\u0105du ga\u0142\u0119ziowego 1600 A i wy\u017cszego, szeroko\u015b\u0107 szafy wynosi 1000 mm, a g\u0142\u0119boko\u015b\u0107 szafy wybiera si\u0119 przez u\u017cytkownika zgodnie ze schematem.<\/p>\n<p> Ta prze\u0142\u0105cznica jest wyposa\u017cona w wy\u0142\u0105czniki pr\u00f3\u017cniowe SCHVI produkowane przez nasz\u0105 firm\u0119; mo\u017ce by\u0107 r\u00f3wnie\u017c wyposa\u017cona w wy\u0142\u0105czniki pr\u00f3\u017cniowe Siemens 3AE i 3AJ1, ABB VD4 i HD4 oraz Schneider Evolis i EV12.<br \/> Informacje o zam\u00f3wieniu<br \/> Prosz\u0119 dostarczy\u0107 nast\u0119puj\u0105ce informacje przy zamawianiu:<\/p>\n<p> \u2022 Model wyposa\u017cenia prze\u0142\u0105cznikowego, ilo\u015b\u0107, termin dostawy oraz numer schematu g\u0142\u00f3wnego;<\/p>\n<p> \u2022 Schemat systemu g\u0142\u00f3wnego, schemat zasadniczy obwodu drugorz\u0119dowego oraz schemat rozmieszczenia wyposa\u017cenia prze\u0142\u0105cznikowego;<\/p>\n<p> \u2022 Znamionowy pr\u0105d g\u0142\u00f3wnego szynoprowadz\u0105cego oraz model i specyfikacja komponent\u00f3w g\u0142\u00f3wnych;<\/p>\n<p> \u2022 Specjalne wymagania (je\u015bli takie s\u0105).<\/p>","protected":false},"excerpt":{"rendered":"<p>Wy\u0142\u0105cznik metalowy KYN28-12 jest odpowiedni dla sieci pr\u0105du przemiennego tr\u00f3jfazowego o napi\u0119ciu 7,2~12 kV i cz\u0119stotliwo\u015bci 50 Hz. S\u0142u\u017cy do przyjmowania i rozdzia\u0142u energii elektrycznej, a tak\u017ce do sterowania, monitorowania i ochrony obwod\u00f3w. Przegl\u0105d \u3000\u3000Wy\u0142\u0105cznik metalowy z mo\u017cliwo\u015bci\u0105 wyjmowania KYN28-12 jest odpowiedni dla sieci pr\u0105du przemiennego tr\u00f3jfazowego o napi\u0119ciu 7,2~12 kV i cz\u0119stotliwo\u015bci 50 Hz. S\u0142u\u017cy do przyjmowania i rozdzia\u0142u energii elektrycznej oraz [\u2026]<\/p>","protected":false},"featured_media":1575,"template":"","meta":{"_acf_changed":false,"_seopress_robots_primary_cat":""},"product_brand":[],"product_cat":[58],"product_tag":[],"class_list":{"0":"post-1574","1":"product","2":"type-product","3":"status-publish","4":"has-post-thumbnail","6":"product_cat-ring-main-unit","8":"first","9":"instock","10":"shipping-taxable","11":"product-type-simple"},"acf":[],"_links":{"self":[{"href":"https:\/\/www.northpwr.cn\/pl\/wp-json\/wp\/v2\/product\/1574","targetHints":{"allow":["GET"]}}],"collection":[{"href":"https:\/\/www.northpwr.cn\/pl\/wp-json\/wp\/v2\/product"}],"about":[{"href":"https:\/\/www.northpwr.cn\/pl\/wp-json\/wp\/v2\/types\/product"}],"wp:featuredmedia":[{"embeddable":true,"href":"https:\/\/www.northpwr.cn\/pl\/wp-json\/wp\/v2\/media\/1575"}],"wp:attachment":[{"href":"https:\/\/www.northpwr.cn\/pl\/wp-json\/wp\/v2\/media?parent=1574"}],"wp:term":[{"taxonomy":"product_brand","embeddable":true,"href":"https:\/\/www.northpwr.cn\/pl\/wp-json\/wp\/v2\/product_brand?post=1574"},{"taxonomy":"product_cat","embeddable":true,"href":"https:\/\/www.northpwr.cn\/pl\/wp-json\/wp\/v2\/product_cat?post=1574"},{"taxonomy":"product_tag","embeddable":true,"href":"https:\/\/www.northpwr.cn\/pl\/wp-json\/wp\/v2\/product_tag?post=1574"}],"curies":[{"name":"wp","href":"https:\/\/api.w.org\/{rel}","templated":true}]}}