
{"id":1577,"date":"2025-12-03T11:06:32","date_gmt":"2025-12-03T03:06:32","guid":{"rendered":"https:\/\/www.northpwr.cn\/?post_type=product&p=1577"},"modified":"2025-12-03T11:06:32","modified_gmt":"2025-12-03T03:06:32","slug":"hxgn-12-fixed-ac-metal-clad-switchgear","status":"publish","type":"product","link":"https:\/\/www.northpwr.cn\/pl\/produkt\/hxgn-12-fixed-ac-metal-clad-switchgear\/","title":{"rendered":"HXGN-12 sta\u0142a rozdzielnica pr\u0105du zmiennego o obudowie metalowej"},"content":{"rendered":"<p data-cah=\"2\">Wyposa\u017cenie prze\u0142\u0105cznikowe metalowe sta\u0142e typu HXGN-12 (dalej zwane jednostk\u0105 pier\u015bcieniow\u0105) to kompletny sprz\u0119t elektryczny wysokiego napi\u0119cia pr\u0105du przemiennego o napi\u0119ciu znamionowym 12 kV i cz\u0119stotliwo\u015bci znamionowej 50 Hz, stosowany g\u0142\u00f3wnie w sieciach tr\u00f3jfazowych AC pier\u015bcieniowych, sieciach dystrybucyjnych ko\u0144cowych oraz urz\u0105dzeniach energetycznych przemys\u0142owych do odbioru i rozdzia\u0142u energii elektrycznej itp. Jest r\u00f3wnie\u017c odpowiednie do instalacji wysokonapi\u0119ciowych.<\/p>\n<p> Przegl\u0105d<br \/> Pude\u0142kowe wyposa\u017cenie prze\u0142\u0105cznikowe metalowe sta\u0142e typu HXGN-12 (dalej zwane szaf\u0105 sieci pier\u015bcieniowej) to kompletny sprz\u0119t elektryczny wysokiego napi\u0119cia pr\u0105du przemiennego o napi\u0119ciu znamionowym 12 kV i cz\u0119stotliwo\u015bci znamionowej 50 Hz, stosowany g\u0142\u00f3wnie w sieciach tr\u00f3jfazowych AC pier\u015bcieniowych, sieciach dystrybucyjnych ko\u0144cowych oraz urz\u0105dzeniach energetycznych przemys\u0142owych do odbioru i rozdzia\u0142u energii elektrycznej. Jest r\u00f3wnie\u017c odpowiednie do instalacji wysokonapi\u0119ciowych.<br \/> Warunki \u015brodowiska u\u017cytkowania<br \/> \u2022 Korzysta z pe\u0142nego zestawu konstrukcji urz\u0105dzenia, jest lekkie i estetyczne, mo\u017cna dowolnie \u0142\u0105czy\u0107 i montowa\u0107, \u0142atwo rozbudowywa\u0107 i rozszerza\u0107 w niesko\u0144czono\u015b\u0107.<\/p>\n<p> \u2022 Mo\u017ce by\u0107 wyposa\u017cone w wy\u0142\u0105cznik obci\u0105\u017ceniowy pneumatyczny typu FKN12-12, kombinacj\u0119 urz\u0105dze\u0144 elektrycznych lub wy\u0142\u0105cznik obci\u0105\u017ceniowy pr\u00f3\u017cniowy typu FZN25-12, kombinacj\u0119 urz\u0105dze\u0144 elektrycznych; wymiary monta\u017cowe s\u0105 ca\u0142kowicie zgodne. Ma ma\u0142y rozmiar, nie wymaga konserwacji, posiada struktur\u0119 sprz\u0119g\u0142a tr\u00f3jfazowego oraz funkcj\u0119 zdalnego sterowania.<\/p>\n<p> Dost\u0119pna jest obs\u0142uga r\u0119czna i elektryczna, a tak\u017ce funkcja zdalnego sterowania.<\/p>\n<p> Posiada kompletny i niezawodny mechanizm sprz\u0119g\u0142a mechanicznego i blokady, w pe\u0142ni realizuj\u0105c funkcj\u0119 \u201epi\u0119ciu zapobieganych\u201d.<\/p>\n<p> Wy\u0142\u0105cznik obci\u0105\u017ceniowy korzysta z zabezpieczonego izolacyjnego zaworu sprz\u0119g\u0142owego, kt\u00f3ry os\u0142ania uchwyt pod napi\u0119ciem, zapewniaj\u0105c bezpiecze\u0144stwo osobiste.<\/p>\n<p> Przednia drzwi s\u0105 wyposa\u017cone w okno widokowe, kt\u00f3re umo\u017cliwia wyra\u017ane obserwowanie stanu pracy element\u00f3w wewn\u0105trz szafy.<\/p>\n<p> Zgodne z normami GB3906, GB11022 i innymi.<br \/> Parametry techniczne<\/p>\n<table data-cah=\"6\">\n<tbody>\n<tr>\n<td class=\"\"><span class=\"ellipsis\" title=\"Numer seryjny\">Numer seryjny<\/span><\/td>\n<td class=\"\"><span class=\"ellipsis\" title=\"Nazwa\">Nazwa<\/span><\/td>\n<td class=\"\"><span class=\"ellipsis\" title=\"Jednostka\">Jednostka<\/span><\/td>\n<td class=\"\"><span class=\"ellipsis\" title=\"FKN12-12\">FKN12-12<\/span><\/td>\n<td class=\"\"><span class=\"ellipsis\" title=\"FKRN12-12\">FKRN12-12<\/span><\/td>\n<td class=\"\"><span class=\"ellipsis\" title=\"\"><\/span><\/td>\n<\/tr>\n<tr>\n<td class=\"\"><span class=\"ellipsis\" title=\"1\">1<\/span><\/td>\n<td class=\"\"><span class=\"ellipsis\" title=\"Napi\u0119cie znamionowe\">Napi\u0119cie znamionowe<\/span><\/td>\n<td class=\"\"><span class=\"ellipsis\" title=\"KV\">KV<\/span><\/td>\n<td class=\"\"><span class=\"ellipsis\" title=\"12\">12<\/span><\/td>\n<td class=\"\"><span class=\"ellipsis\" title=\"\"><\/span><\/td>\n<\/tr>\n<tr>\n<td class=\"\"><span class=\"ellipsis\" title=\"2\">2<\/span><\/td>\n<td class=\"\"><span class=\"ellipsis\" title=\"Napi\u0119cie wytrzyma\u0142o\u015bciowe przy cz\u0119stotliwo\u015bci pr\u0105du przemys\u0142owego\">Napi\u0119cie wytrzyma\u0142o\u015bciowe przy cz\u0119stotliwo\u015bci pr\u0105du przemys\u0142owego<\/span><\/td>\n<td class=\"\"><span class=\"ellipsis\" title=\"KV\">KV<\/span><\/td>\n<td class=\"\"><span class=\"ellipsis\" title=\"Pole i faza 42, port izolacyjny 48\">Pole i faza 42, port izolacyjny 48<\/span><\/td>\n<td class=\"\"><span class=\"ellipsis\" title=\"\"><\/span><\/td>\n<\/tr>\n<tr>\n<td class=\"\"><span class=\"ellipsis\" title=\"3\">3<\/span><\/td>\n<td class=\"\"><span class=\"ellipsis\" title=\"Napi\u0119cie impulsowe piorunowe (warto\u015b\u0107 szczytowa)\">Napi\u0119cie impulsowe piorunowe (warto\u015b\u0107 szczytowa)<\/span><\/td>\n<td class=\"\"><span class=\"ellipsis\" title=\"KV\">KV<\/span><\/td>\n<td class=\"\"><span class=\"ellipsis\" title=\"Pole i faza 75, port izolacyjny 85\">Pole i faza 75, port izolacyjny 85<\/span><\/td>\n<td class=\"\"><span class=\"ellipsis\" title=\"\"><\/span><\/td>\n<\/tr>\n<tr>\n<td class=\"\"><span class=\"ellipsis\" title=\"4\">4<\/span><\/td>\n<td class=\"\"><span class=\"ellipsis\" title=\"Cz\u0119stotliwo\u015b\u0107 znamionowa\">Cz\u0119stotliwo\u015b\u0107 znamionowa<\/span><\/td>\n<td class=\"\"><span class=\"ellipsis\" title=\"Hz\">Hz<\/span><\/td>\n<td class=\"\"><span class=\"ellipsis\" title=\"50\">50<\/span><\/td>\n<td class=\"\"><span class=\"ellipsis\" title=\"\"><\/span><\/td>\n<\/tr>\n<tr>\n<td class=\"\"><span class=\"ellipsis\" title=\"5\">5<\/span><\/td>\n<td class=\"\"><span class=\"ellipsis\" title=\"Pr\u0105d znamionowy szyny g\u0142\u00f3wnej\">Pr\u0105d znamionowy szyny g\u0142\u00f3wnej<\/span><\/td>\n<td class=\"\"><span class=\"ellipsis\" title=\"A\">A<\/span><\/td>\n<td class=\"\"><span class=\"ellipsis\" title=\"630\">630<\/span><\/td>\n<td class=\"\"><span class=\"ellipsis\" title=\"\"><\/span><\/td>\n<\/tr>\n<tr>\n<td class=\"\"><span class=\"ellipsis\" title=\"6\">6<\/span><\/td>\n<td class=\"\"><span class=\"ellipsis\" title=\"Pr\u0105d znamionowy\">Pr\u0105d znamionowy<\/span><\/td>\n<td class=\"\"><span class=\"ellipsis\" title=\"A\">A<\/span><\/td>\n<td class=\"\"><span class=\"ellipsis\" title=\"630\">630<\/span><\/td>\n<td class=\"\"><span class=\"ellipsis\" title=\"\"><\/span><\/td>\n<\/tr>\n<tr>\n<td class=\"\"><span class=\"ellipsis\" title=\"7\">7<\/span><\/td>\n<td class=\"\"><span class=\"ellipsis\" title=\"Prze\u0142\u0105cznik obci\u0105\u017cenia\">Prze\u0142\u0105cznik obci\u0105\u017cenia<\/span><\/td>\n<td class=\"\"><span class=\"ellipsis\" title=\"Nominalny czas pracy elektrycznej pod obci\u0105\u017ceniem\">Nominalny czas pracy elektrycznej pod obci\u0105\u017ceniem<\/span><\/td>\n<td class=\"\"><span class=\"ellipsis\" title=\"Razy\">Razy<\/span><\/td>\n<td class=\"\" colspan=\"2\"><span class=\"ellipsis\" title=\"Nie mniej ni\u017c 100\">Nie mniej ni\u017c 100<\/span><\/td>\n<\/tr>\n<tr>\n<td class=\"\"><span class=\"ellipsis\" title=\"8\">8<\/span><\/td>\n<td class=\"\"><span class=\"ellipsis\" title=\"Prze\u0142\u0105cznik obci\u0105\u017cenia\">Prze\u0142\u0105cznik obci\u0105\u017cenia<\/span><\/td>\n<td class=\"\"><span class=\"ellipsis\" title=\"Zdolno\u015b\u0107 od\u0142\u0105czania transformatora bez obci\u0105\u017cenia\">Zdolno\u015b\u0107 od\u0142\u0105czania transformatora bez obci\u0105\u017cenia<\/span><\/td>\n<td class=\"\"><span class=\"ellipsis\" title=\"KVA\">KVA<\/span><\/td>\n<td class=\"\" colspan=\"2\"><span class=\"ellipsis\" title=\"1250, 1600\">1250, 1600<\/span><\/td>\n<\/tr>\n<tr>\n<td class=\"\"><span class=\"ellipsis\" title=\"9\">9<\/span><\/td>\n<td class=\"\"><span class=\"ellipsis\" title=\"Prze\u0142\u0105cznik obci\u0105\u017cenia\">Prze\u0142\u0105cznik obci\u0105\u017cenia<\/span><\/td>\n<td class=\"\"><span class=\"ellipsis\" title=\"Nominalny pr\u0105d stabilno\u015bci termicznej\">Nominalny pr\u0105d stabilno\u015bci termicznej<\/span><\/td>\n<td class=\"\"><span class=\"ellipsis\" title=\"KA\/S\">KA\/S<\/span><\/td>\n<td class=\"\" colspan=\"2\"><span class=\"ellipsis\" title=\"20\/4, prze\u0142\u0105cznik uziemienia 20\/2\">20\/4, prze\u0142\u0105cznik uziemienia 20\/2<\/span><\/td>\n<\/tr>\n<tr>\n<td class=\"\"><span class=\"ellipsis\" title=\"10\">10<\/span><\/td>\n<td class=\"\"><span class=\"ellipsis\" title=\"Prze\u0142\u0105cznik obci\u0105\u017cenia\">Prze\u0142\u0105cznik obci\u0105\u017cenia<\/span><\/td>\n<td class=\"\"><span class=\"ellipsis\" title=\"Nominalny pr\u0105d stabilno\u015bci dynamicznej (warto\u015b\u0107 szczytowa)\">Nominalny pr\u0105d stabilno\u015bci dynamicznej (warto\u015b\u0107 szczytowa)<\/span><\/td>\n<td class=\"\"><span class=\"ellipsis\" title=\"KA\">KA<\/span><\/td>\n<td class=\"\" colspan=\"2\"><span class=\"ellipsis\" title=\"50\">50<\/span><\/td>\n<\/tr>\n<\/tbody>\n<\/table>\n<table data-cah=\"6\">\n<tbody>\n<tr>\n<td class=\"\"><span class=\"ellipsis\" title=\"10\">10<\/span><\/td>\n<td class=\"\"><span class=\"ellipsis\" title=\"Prze\u0142\u0105cznik obci\u0105\u017cenia\">Prze\u0142\u0105cznik obci\u0105\u017cenia<\/span><\/td>\n<td class=\"\"><span class=\"ellipsis\" title=\"Naprzemienny pr\u0105d zwarciowy znamionowy (warto\u015b\u0107 szczytowa)\">Naprzemienny pr\u0105d zwarciowy znamionowy (warto\u015b\u0107 szczytowa)<\/span><\/td>\n<td class=\"\"><span class=\"ellipsis\" title=\"KA\">KA<\/span><\/td>\n<td class=\"\" colspan=\"2\"><span class=\"ellipsis\" title=\"50\">50<\/span><\/td>\n<\/tr>\n<tr>\n<td class=\"\"><span class=\"ellipsis\" title=\"12\">12<\/span><\/td>\n<td class=\"\"><span class=\"ellipsis\" title=\"Urz\u0105dzenie elektryczne kombinowane\">Urz\u0105dzenie elektryczne kombinowane<\/span><\/td>\n<td class=\"\"><span class=\"ellipsis\" title=\"Pr\u0105d znamionowy bezpiecznika\">Pr\u0105d znamionowy bezpiecznika<\/span><\/td>\n<td class=\"\"><span class=\"ellipsis\" title=\"A\">A<\/span><\/td>\n<td class=\"\" colspan=\"2\"><span class=\"ellipsis\" title=\"100\">100<\/span><\/td>\n<\/tr>\n<tr>\n<td class=\"\"><span class=\"ellipsis\" title=\"13\">13<\/span><\/td>\n<td class=\"\"><span class=\"ellipsis\" title=\"Urz\u0105dzenie elektryczne kombinowane\">Urz\u0105dzenie elektryczne kombinowane<\/span><\/td>\n<td class=\"\"><span class=\"ellipsis\" title=\"Pr\u0105d znamionowy przenoszenia\">Pr\u0105d znamionowy przenoszenia<\/span><\/td>\n<td class=\"\"><span class=\"ellipsis\" title=\"A\">A<\/span><\/td>\n<td class=\"\"><span class=\"ellipsis\" title=\"\"><\/span><\/td>\n<td class=\"\"><span class=\"ellipsis\" title=\"2000\">2000<\/span><\/td>\n<\/tr>\n<tr>\n<td class=\"\"><span class=\"ellipsis\" title=\"14\">14<\/span><\/td>\n<td class=\"\"><span class=\"ellipsis\" title=\"Urz\u0105dzenie elektryczne kombinowane\">Urz\u0105dzenie elektryczne kombinowane<\/span><\/td>\n<td class=\"\"><span class=\"ellipsis\" title=\"Nominalny pr\u0105d zwarciowy od\u0142\u0105czaj\u0105cy\">Nominalny pr\u0105d zwarciowy od\u0142\u0105czaj\u0105cy<\/span><\/td>\n<td class=\"\"><span class=\"ellipsis\" title=\"KA\">KA<\/span><\/td>\n<td class=\"\" colspan=\"2\"><span class=\"ellipsis\" title=\"31.5\">31.5<\/span><\/td>\n<\/tr>\n<tr>\n<td class=\"\"><span class=\"ellipsis\" title=\"15\">15<\/span><\/td>\n<td class=\"\"><span class=\"ellipsis\" title=\"Urz\u0105dzenie elektryczne kombinowane\">Urz\u0105dzenie elektryczne kombinowane<\/span><\/td>\n<td class=\"\"><span class=\"ellipsis\" title=\"Model pasuj\u0105cy bezpiecznika\">Model pasuj\u0105cy bezpiecznika<\/span><\/td>\n<td class=\"\"><span class=\"ellipsis\" title=\"\"><\/span><\/td>\n<td class=\"\" colspan=\"2\"><span class=\"ellipsis\" title=\"SLAJ-12(XRNT-12)\">SLAJ-12(XRNT-12)<\/span><\/td>\n<\/tr>\n<tr>\n<td class=\"\"><span class=\"ellipsis\" title=\"16\">16<\/span><\/td>\n<td class=\"\"><span class=\"ellipsis\" title=\"\u017bywotno\u015b\u0107 mechaniczna\">\u017bywotno\u015b\u0107 mechaniczna<\/span><\/td>\n<td class=\"\"><span class=\"ellipsis\" title=\"Razy\">Razy<\/span><\/td>\n<td class=\"\"><span class=\"ellipsis\" title=\"3000\">3000<\/span><\/td>\n<td class=\"\"><span class=\"ellipsis\" title=\"10000\">10000<\/span><\/td>\n<td class=\"\"><span class=\"ellipsis\" title=\"\"><\/span><\/td>\n<\/tr>\n<tr>\n<td class=\"\"><span class=\"ellipsis\" title=\"17\">17<\/span><\/td>\n<td class=\"\"><span class=\"ellipsis\" title=\"Napi\u0119cie wytrzyma\u0142o\u015bciowe przy cz\u0119stotliwo\u015bci sieciowej dla obwodu pomocniczego Imin\">Napi\u0119cie wytrzyma\u0142o\u015bciowe przy cz\u0119stotliwo\u015bci sieciowej dla obwodu pomocniczego Imin<\/span><\/td>\n<td class=\"\"><span class=\"ellipsis\" title=\"KV\">KV<\/span><\/td>\n<td class=\"\"><span class=\"ellipsis\" title=\"2\">2<\/span><\/td>\n<td class=\"\"><span class=\"ellipsis\" title=\"\"><\/span><\/td>\n<\/tr>\n<tr>\n<td class=\"\"><span class=\"ellipsis\" title=\"18\">18<\/span><\/td>\n<td class=\"\"><span class=\"ellipsis\" title=\"Napi\u0119cie robocze mechanizmu elektrycznego\">Napi\u0119cie robocze mechanizmu elektrycznego<\/span><\/td>\n<td class=\"\"><span class=\"ellipsis\" title=\"V\">V<\/span><\/td>\n<td class=\"\"><span class=\"ellipsis\" title=\"AC\/DC 220, 110\">AC\/DC 220, 110<\/span><\/td>\n<td class=\"\"><span class=\"ellipsis\" title=\"\"><\/span><\/td>\n<\/tr>\n<tr>\n<td class=\"\"><span class=\"ellipsis\" title=\"19\">19<\/span><\/td>\n<td class=\"\"><span class=\"ellipsis\" title=\"Poziom ochrony\">Poziom ochrony<\/span><\/td>\n<td class=\"\"><span class=\"ellipsis\" title=\"\"><\/span><\/td>\n<td class=\"\"><span class=\"ellipsis\" title=\"1P4X\">1P4X<\/span><\/td>\n<td class=\"\"><span class=\"ellipsis\" title=\"\"><\/span><\/td>\n<\/tr>\n<tr>\n<td class=\"\"><span class=\"ellipsis\" title=\"20\">20<\/span><\/td>\n<td class=\"\"><span class=\"ellipsis\" title=\"Wymiary (szeroko\u015b\u0107 \u00d7 g\u0142\u0119boko\u015b\u0107 \u00d7 wysoko\u015b\u0107)\">Wymiary (szeroko\u015b\u0107 \u00d7 g\u0142\u0119boko\u015b\u0107 \u00d7 wysoko\u015b\u0107)<\/span><\/td>\n<td class=\"\"><span class=\"ellipsis\" title=\"mm\">mm<\/span><\/td>\n<td class=\"\"><span class=\"ellipsis\" title=\"700 (900) \u00d7 900 \u00d7 2000 (2200)\">700 (900) \u00d7 900 \u00d7 2000 (2200)<\/span><\/td>\n<td class=\"\"><span class=\"ellipsis\" title=\"\"><\/span><\/td>\n<\/tr>\n<\/tbody>\n<\/table>\n<p data-cah=\"2\">Instrukcje zamawiania<br \/> Prosz\u0119 dostarczy\u0107 nast\u0119puj\u0105ce informacje przy zamawianiu:<\/p>\n<p> \u2022 Model wyposa\u017cenia prze\u0142\u0105cznikowego, ilo\u015b\u0107, termin dostawy oraz numer schematu g\u0142\u00f3wnego;<\/p>\n<p> \u2022 Schemat systemu g\u0142\u00f3wnego, schemat zasadniczy obwodu drugorz\u0119dowego oraz schemat rozmieszczenia wyposa\u017cenia prze\u0142\u0105cznikowego;<\/p>\n<p> \u2022 Znamionowy pr\u0105d g\u0142\u00f3wnego szynoprowadz\u0105cego oraz model i specyfikacja komponent\u00f3w g\u0142\u00f3wnych;<\/p>\n<p> \u2022 Specjalne wymagania (je\u015bli takie s\u0105).<\/p>","protected":false},"excerpt":{"rendered":"<p>Wyposa\u017cenie prze\u0142\u0105cznikowe metalowo-zamkni\u0119te typu HXGN-12 (dalej zwane jednostk\u0105 pier\u015bcieniow\u0105) to kompletny sprz\u0119t elektryczny wysokiego napi\u0119cia pr\u0105du przemiennego o napi\u0119ciu znamionowym 12 kV i cz\u0119stotliwo\u015bci znamionowej 50 Hz, stosowany g\u0142\u00f3wnie w sieciach tr\u00f3jfazowych pr\u0105du przemiennego w uk\u0142adzie pier\u015bcieniowym, sieciach dystrybucyjnych ko\u0144cowych oraz w urz\u0105dzeniach energetycznych przemys\u0142owych do przyjmowania i rozdzia\u0142u energii elektrycznej itp. Jest r\u00f3wnie\u017c odpowiednie do instalacji wysokonapi\u0119ciowych. Og\u00f3lne informacje \u3000\u3000The [\u2026]<\/p>","protected":false},"featured_media":1578,"template":"","meta":{"_acf_changed":false,"_seopress_robots_primary_cat":""},"product_brand":[],"product_cat":[58],"product_tag":[],"class_list":{"0":"post-1577","1":"product","2":"type-product","3":"status-publish","4":"has-post-thumbnail","6":"product_cat-ring-main-unit","8":"first","9":"instock","10":"shipping-taxable","11":"product-type-simple"},"acf":[],"_links":{"self":[{"href":"https:\/\/www.northpwr.cn\/pl\/wp-json\/wp\/v2\/product\/1577","targetHints":{"allow":["GET"]}}],"collection":[{"href":"https:\/\/www.northpwr.cn\/pl\/wp-json\/wp\/v2\/product"}],"about":[{"href":"https:\/\/www.northpwr.cn\/pl\/wp-json\/wp\/v2\/types\/product"}],"wp:featuredmedia":[{"embeddable":true,"href":"https:\/\/www.northpwr.cn\/pl\/wp-json\/wp\/v2\/media\/1578"}],"wp:attachment":[{"href":"https:\/\/www.northpwr.cn\/pl\/wp-json\/wp\/v2\/media?parent=1577"}],"wp:term":[{"taxonomy":"product_brand","embeddable":true,"href":"https:\/\/www.northpwr.cn\/pl\/wp-json\/wp\/v2\/product_brand?post=1577"},{"taxonomy":"product_cat","embeddable":true,"href":"https:\/\/www.northpwr.cn\/pl\/wp-json\/wp\/v2\/product_cat?post=1577"},{"taxonomy":"product_tag","embeddable":true,"href":"https:\/\/www.northpwr.cn\/pl\/wp-json\/wp\/v2\/product_tag?post=1577"}],"curies":[{"name":"wp","href":"https:\/\/api.w.org\/{rel}","templated":true}]}}