
{"id":1583,"date":"2025-12-03T11:06:36","date_gmt":"2025-12-03T03:06:36","guid":{"rendered":"https:\/\/www.northpwr.cn\/?post_type=product&p=1583"},"modified":"2025-12-03T11:06:36","modified_gmt":"2025-12-03T03:06:36","slug":"fy3000-gcs-low-voltage-switchgear","status":"publish","type":"product","link":"https:\/\/www.northpwr.cn\/pl\/produkt\/fy3000-gcs-low-voltage-switchgear\/","title":{"rendered":"FY3000 (GCS) Rozdzielnica niskiego napi\u0119cia"},"content":{"rendered":"<p data-cah=\"2\">Wy\u0142\u0105cznik wysuwany niskiego napi\u0119cia FY3000 (GCS) nadaje si\u0119 do system\u00f3w rozdzia\u0142u energii w elektrowniach, przemy\u015ble naftowym, chemicznym, metalurgicznym, tekstylnym oraz w budownictwie wielokondygnacyjnym.<\/p>\n<p> Przegl\u0105d<br \/> \u3000\u3000Wy\u0142\u0105cznik wysuwany niskiego napi\u0119cia FY3000 (GCS) nadaje si\u0119 do system\u00f3w rozdzia\u0142u energii w elektrowniach, przemy\u015ble naftowym, chemicznym, metalurgicznym, tekstylnym oraz w budownictwie wielokondygnacyjnym. W du\u017cych elektrowniach i systemach petrochemicznych o wysokim stopniu automatyzacji i wymaganiach dotycz\u0105cych interfejsu komputerowego stanowi tr\u00f3jfazowe urz\u0105dzenie rozdzia\u0142u energii niskiego napi\u0119cia o cz\u0119stotliwo\u015bci 50 (60 Hz), nominalnym napi\u0119ciu roboczym 380 V (400 V), przeznaczone do sterowania silnikami i kompensacji mocy biernej.<br \/> Warunki \u015brodowiska u\u017cytkowania<br \/> \u3000\u3000\u2022 Temperatura otoczenia: +40\u2103~-15\u2103<\/p>\n<p> \u3000\u3000\u2022 Wysoko\u015b\u0107 nad poziomem morza: 2000 m.<\/p>\n<p> \u3000\u3000\u2022 Wilgotno\u015b\u0107 otoczenia: \u015arednia dobowo wzgl\u0119dna wilgotno\u015b\u0107 95%, \u015brednia miesi\u0119czna wzgl\u0119dna wilgotno\u015b\u0107 90%.<\/p>\n<p> \u3000\u3000\u2022 Nachylenie pionowej powierzchni monta\u017cowej nie przekracza 5%, a ca\u0142a grupa szaf jest stosunkowo r\u00f3wna.<\/p>\n<p> \u3000\u3000\u2022 Brak gwa\u0142townych wibracji i uderze\u0144 oraz miejsc, gdzie korozja jest niedostateczna, by uszkodzi\u0107 elementy elektryczne.<br \/> G\u0142\u00f3wne cechy konstrukcyjne<br \/> \u3000\u3000\u2022 Ram\u0119 g\u0142\u00f3wn\u0105 wykonano z profili BMF lub profili \u201eC\u201d, kt\u00f3re s\u0105 gi\u0119te na zimno z p\u0142yt stalowych walcowanych na zimno lub ze stali pokrytej aluminium-cynkiem, charakteryzuj\u0105cych si\u0119 wysok\u0105 wytrzyma\u0142o\u015bci\u0105 i \u0142atw\u0105 instalacj\u0105 modu\u0142ow\u0105.<\/p>\n<p> \u3000\u3000\u2022 Typy szuflad dziel\u0105 si\u0119 na cztery serie rozmiarowe: 1\/2 jednostki, 1 jednostka, 2 jednostki i 3 jednostki, z pr\u0105dami znamionowymi obwodu do 630 A.<\/p>\n<p> \u3000\u3000\u2022 Elastyczna konstrukcja, kompaktowa budowa, du\u017ca wszechstronno\u015b\u0107, dobra wydajno\u015b\u0107 bezpiecze\u0144stwa oraz wygodna monta\u017c.<\/p>\n<p> \u3000\u3000\u2022 Zwi\u0119kszenie pojemno\u015bci cieplnej cz\u0119\u015bci przenosz\u0105cej znacznie redukuje wzrost temperatury spowodowany przez cz\u0119\u015b\u0107 przenosz\u0105c\u0105 na wtyk, g\u0142owic\u0119 kabla i p\u0142yt\u0119 dzia\u0142ow\u0105.<\/p>\n<p> \u3000\u3000\u2022 Niezawodno\u015b\u0107 mi\u0119dzy jednostkami funkcjonalnymi i komorami; awaria jednej jednostki nie wp\u0142ywa na normaln\u0105 prac\u0119 innych jednostek, ograniczaj\u0105c awari\u0119 do minimalnego zakresu.<\/p>\n<p> \u3000\u3000\u2022 Poziome umieszczenie szyn zapewnia dobr\u0105 stabilno\u015b\u0107 dynamiczn\u0105 i termiczn\u0105 urz\u0105dzenia.<\/p>\n<p> \u3000\u3000\u2022 Po\u0142\u0105czenie urz\u0105dzenia z zewn\u0119trznymi kablami realizuje si\u0119 w komorze kablowej, a kable mog\u0105 wchodzi\u0107 i wychodzi\u0107 od g\u00f3ry i od do\u0142u. Transformator pr\u0105du zerowego znajduje si\u0119 w komorze kablowej dla wygody instalacji i konserwacji.<\/p>\n<p> \u3000\u3000\u2022 Jednostka szuflady posiada odpowiedni\u0105 liczb\u0119 wtyk\u00f3w wt\u00f3rnych (32 pary dla 1 jednostki i wi\u0119cej, 20 par dla 1\/2 jednostki), co spe\u0142nia wymagania dotycz\u0105ce liczby punkt\u00f3w po\u0142\u0105cze\u0144 dla interfejs\u00f3w komputerowych i obwod\u00f3w zdalnego sterowania.<\/p>\n<p data-cah=\"2\">Informacje o zam\u00f3wieniu<br \/> Prosz\u0119 dostarczy\u0107 nast\u0119puj\u0105ce informacje przy zamawianiu:<\/p>\n<p> \u3000\u3000\u2022 Numer schematu obwodu g\u0142\u00f3wnego, schemat po\u0142\u0105cze\u0144 g\u0142\u00f3wnych, schemat rozmieszczenia i plan uk\u0142adu.<\/p>\n<p> \u3000\u3000\u2022 Elektryczny schemat blokowy obwodu pomocniczego oraz schemat rozmieszczenia zacisk\u00f3w.<\/p>\n<p> \u3000\u3000\u2022 Symbole, specyfikacje i ilo\u015bci element\u00f3w elektrycznych wewn\u0105trz rozdzielnicy.<\/p>","protected":false},"excerpt":{"rendered":"<p>Wy\u0142\u0105cznik wysi\u0119gnikowy niskiego napi\u0119cia FY3000 (GCS) nadaje si\u0119 do system\u00f3w rozdzia\u0142u energii w elektrowniach, przemy\u015ble naftowym, chemicznym, metalurgicznym, w\u0142\u00f3kienniczym oraz w budownictwie wielokondygnacyjnym. Przegl\u0105d \u3000\u3000Wy\u0142\u0105cznik wysi\u0119gnikowy niskiego napi\u0119cia FY3000 (GCS) nadaje si\u0119 do system\u00f3w rozdzia\u0142u energii w elektrowniach, przemy\u015ble naftowym, chemicznym, metalurgicznym, w\u0142\u00f3kienniczym oraz w budownictwie wielokondygnacyjnym. W du\u017cych elektrowniach i systemach petrochemicznych z [\u2026]<\/p>","protected":false},"featured_media":1584,"template":"","meta":{"_acf_changed":false,"_seopress_robots_primary_cat":""},"product_brand":[],"product_cat":[60],"product_tag":[],"class_list":{"0":"post-1583","1":"product","2":"type-product","3":"status-publish","4":"has-post-thumbnail","6":"product_cat-low-voltage-cabinet","8":"first","9":"instock","10":"shipping-taxable","11":"product-type-simple"},"acf":[],"_links":{"self":[{"href":"https:\/\/www.northpwr.cn\/pl\/wp-json\/wp\/v2\/product\/1583","targetHints":{"allow":["GET"]}}],"collection":[{"href":"https:\/\/www.northpwr.cn\/pl\/wp-json\/wp\/v2\/product"}],"about":[{"href":"https:\/\/www.northpwr.cn\/pl\/wp-json\/wp\/v2\/types\/product"}],"wp:featuredmedia":[{"embeddable":true,"href":"https:\/\/www.northpwr.cn\/pl\/wp-json\/wp\/v2\/media\/1584"}],"wp:attachment":[{"href":"https:\/\/www.northpwr.cn\/pl\/wp-json\/wp\/v2\/media?parent=1583"}],"wp:term":[{"taxonomy":"product_brand","embeddable":true,"href":"https:\/\/www.northpwr.cn\/pl\/wp-json\/wp\/v2\/product_brand?post=1583"},{"taxonomy":"product_cat","embeddable":true,"href":"https:\/\/www.northpwr.cn\/pl\/wp-json\/wp\/v2\/product_cat?post=1583"},{"taxonomy":"product_tag","embeddable":true,"href":"https:\/\/www.northpwr.cn\/pl\/wp-json\/wp\/v2\/product_tag?post=1583"}],"curies":[{"name":"wp","href":"https:\/\/api.w.org\/{rel}","templated":true}]}}