
{"id":1588,"date":"2025-12-03T11:06:41","date_gmt":"2025-12-03T03:06:41","guid":{"rendered":"https:\/\/www.northpwr.cn\/?post_type=product&p=1588"},"modified":"2025-12-03T11:06:41","modified_gmt":"2025-12-03T03:06:41","slug":"fyxl-metal-enclosed-switchgear-power-cabinet","status":"publish","type":"product","link":"https:\/\/www.northpwr.cn\/pl\/produkt\/fyxl-metal-enclosed-switchgear-power-cabinet\/","title":{"rendered":"Prze\u0142\u0105cznica z obudow\u0105 metalow\u0105 (szafa energetyczna)"},"content":{"rendered":"<p data-cah=\"2\">Szafa rozdzielcza energii FYXL nadaje si\u0119 do stosowania w systemach rozdzia\u0142u energii o napi\u0119ciu znamionowym 400V i pr\u0105dzie znamionowym 630A lub mniejszym do przyjmowania energii, zasilania, sterowania silnikami oraz o\u015bwietlenia. Dzi\u0119ki zautomatyzowanemu zintegrowanemu systemowi monitorowania umo\u017cliwia realizacj\u0119 funkcji sterowania, ochrony, izolacji, monitorowania, pomiaru i zdalnego sterowania (cztery funkcje zdalnego sterowania).<\/p>\n<p> Przegl\u0105d<br \/> Szafa rozdzielcza energii FYXL nadaje si\u0119 do stosowania w systemach rozdzia\u0142u energii o napi\u0119ciu znamionowym 400V i pr\u0105dzie znamionowym 630A lub mniejszym do przyjmowania energii, zasilania, sterowania silnikami oraz o\u015bwietlenia. Dzi\u0119ki zautomatyzowanemu zintegrowanemu systemowi monitorowania umo\u017cliwia realizacj\u0119 funkcji sterowania, ochrony, izolacji, monitorowania, pomiaru i zdalnego sterowania. Ta seria produkt\u00f3w oferuje pe\u0142en zakres rozwi\u0105za\u0144 i mo\u017ce realizowa\u0107 r\u00f3\u017cne schematy rozdzia\u0142u energii zgodnie z wymaganiami u\u017cytkownik\u00f3w. Jest niezast\u0105pion\u0105 cz\u0119\u015bci\u0105 \u015brodowiska rozdzia\u0142u energii i stanowi idealne urz\u0105dzenie ko\u0144cowe do rozdzia\u0142u energii w budynkach wysokich, lotniskach, portach, przedsi\u0119biorstwach przemys\u0142owych i g\u00f3rniczych oraz innych bran\u017cach.<br \/> Warunki \u015brodowiska u\u017cytkowania<br \/> \u3000\u3000\u2022 Temperatura otoczenia: -40\u2103~35\u2103<\/p>\n<p> \u3000\u3000\u2022 Wilgotno\u015b\u0107 wzgl\u0119dna: \u226490% (przy 20\u2103)<\/p>\n<p> \u3000\u3000\u2022 Wysoko\u015b\u0107 nad poziomem morza: \u22642000m<\/p>\n<p> \u2022 Warunki \u015brodowiskowe: Nie nadaje si\u0119 do miejsc zagro\u017conych po\u017carem, wybuchem, silnym zanieczyszczeniem, korozj\u0105 chemiczn\u0105 i silnymi wibracjami<\/p>\n<p> \u2022 Lokalizacja instalacji: K\u0105t nachylenia wzgl\u0119dem pod\u0142o\u017ca nie powinien przekracza\u0107 5 stopni<br \/> Parametry techniczne<\/p>\n<table data-cah=\"6\">\n<tbody>\n<tr>\n<td class=\"\"><span class=\"ellipsis\" title=\"Numer seryjny\">Numer seryjny<\/span><\/td>\n<td class=\"\"><span class=\"ellipsis\" title=\"Nazwa\">Nazwa<\/span><\/td>\n<td class=\"\"><span class=\"ellipsis\" title=\"Jednostka\">Jednostka<\/span><\/td>\n<td class=\"\"><span class=\"ellipsis\" title=\"Parametry techniczne\">Parametry techniczne<\/span><\/td>\n<\/tr>\n<tr>\n<td class=\"\"><span class=\"ellipsis\" title=\"1\">1<\/span><\/td>\n<td class=\"\"><span class=\"ellipsis\" title=\"Napi\u0119cie znamionowe obwodu g\u0142\u00f3wnego\">Napi\u0119cie znamionowe obwodu g\u0142\u00f3wnego<\/span><\/td>\n<td class=\"\"><span class=\"ellipsis\" title=\"V\">V<\/span><\/td>\n<td class=\"\"><span class=\"ellipsis\" title=\"Ac380\">Ac380<\/span><\/td>\n<\/tr>\n<tr>\n<td class=\"\"><span class=\"ellipsis\" title=\"2\">2<\/span><\/td>\n<td class=\"\"><span class=\"ellipsis\" title=\"Napi\u0119cie znamionowe obwodu pomocniczego\">Napi\u0119cie znamionowe obwodu pomocniczego<\/span><\/td>\n<td class=\"\"><span class=\"ellipsis\" title=\"V\">V<\/span><\/td>\n<td class=\"\"><span class=\"ellipsis\" title=\"AC220V, AC380\">AC220V, AC380<\/span><\/td>\n<\/tr>\n<tr>\n<td class=\"\"><span class=\"ellipsis\" title=\"3\">3<\/span><\/td>\n<td class=\"\"><span class=\"ellipsis\" title=\"Nominalna cz\u0119stotliwo\u015b\u0107 pracy\">Nominalna cz\u0119stotliwo\u015b\u0107 pracy<\/span><\/td>\n<td class=\"\"><span class=\"ellipsis\" title=\"Hz\">Hz<\/span><\/td>\n<td class=\"\"><span class=\"ellipsis\" title=\"50\">50<\/span><\/td>\n<\/tr>\n<tr>\n<td class=\"\"><span class=\"ellipsis\" title=\"4\">4<\/span><\/td>\n<td class=\"\"><span class=\"ellipsis\" title=\"Nominalne napi\u0119cie izolacji\">Nominalne napi\u0119cie izolacji<\/span><\/td>\n<td class=\"\"><span class=\"ellipsis\" title=\"KV\">KV<\/span><\/td>\n<td class=\"\"><span class=\"ellipsis\" title=\"660, 690\">660, 690<\/span><\/td>\n<\/tr>\n<tr>\n<td class=\"\"><span class=\"ellipsis\" title=\"5\">5<\/span><\/td>\n<td class=\"\"><span class=\"ellipsis\" title=\"Nominalny pr\u0105d\">Nominalny pr\u0105d<\/span><\/td>\n<td class=\"\"><span class=\"ellipsis\" title=\"A\">A<\/span><\/td>\n<td class=\"\"><span class=\"ellipsis\" title=\"\u2264630\">\u2264630<\/span><\/td>\n<\/tr>\n<tr>\n<td class=\"\"><span class=\"ellipsis\" title=\"6\">6<\/span><\/td>\n<td class=\"\"><span class=\"ellipsis\" title=\"Wymiary (Szeroko\u015b\u0107*G\u0142\u0119boko\u015b\u0107*Wysoko\u015b\u0107)\">Wymiary (Szeroko\u015b\u0107*G\u0142\u0119boko\u015b\u0107*Wysoko\u015b\u0107)<\/span><\/td>\n<td class=\"\"><span class=\"ellipsis\" title=\"mm\">mm<\/span><\/td>\n<td class=\"\"><span class=\"ellipsis\" title=\"700*350*1700\">700*350*1700<\/span><\/td>\n<\/tr>\n<\/tbody>\n<\/table>\n<p data-cah=\"2\">Instrukcje zamawiania<br \/> \u3000\u3000Prosz\u0119 poda\u0107 przy zamawianiu:<\/p>\n<p> \u2022 Specyfikacje produktu i numery modeli;<\/p>\n<p> \u2022 Schemat uk\u0142adu obwodu g\u0142\u00f3wnego, schemat rozmieszczenia wewn\u0119trzngo;<\/p>\n<p> \u2022 Elektryczny schemat blokowy obwodu pomocniczego;<\/p>\n<p> \u2022 Lista komponent\u00f3w znajduj\u0105cych si\u0119 w szafie (specyfikacje g\u0142\u00f3wnej szyny zbiorczej);<\/p>\n<p> \u2022 Kolor szafy (jasny szary kamele\u00f3n, je\u015bli nie okre\u015blono inaczej), wymiary szafy.<\/p>\n<p> \u2022 Inne specjalne wymagania niezgodne z normalnymi warunkami eksploatacji produktu<br \/> G\u0142\u00f3wne cechy<br \/> \u2022 Wysoko wytrzyma\u0142a konstrukcja spawana kombinowana; ram\u0119 wykonano w ca\u0142o\u015bci ze spawanych element\u00f3w, wn\u0119trze sk\u0142ada si\u0119 z modu\u0142owych po\u0142\u0105cze\u0144; wysoka wytrzyma\u0142o\u015b\u0107 konstrukcyjna, elastyczne uk\u0142ady monta\u017cowe, pi\u0119kny wygl\u0105d.<\/p>\n<p> \u2022 Elastyczne i regulowane rozmieszczenie komponent\u00f3w; \u0142atwa i szybka inspekcja i konserwacja; kompletna identyfikacja, jasne ostrze\u017cenia; ciep\u0142e i przyjemne dopasowanie kolorystyczne.<\/p>\n<p> \u2022 Kolumna monta\u017cowa zmienia tradycyjn\u0105 metod\u0119 standardowych otwor\u00f3w modu\u0142owych i mo\u017ce by\u0107 p\u0142ynnie regulowana w kierunku wysoko\u015bci, co dodatkowo zwi\u0119ksza elastyczno\u015b\u0107 i szybko\u015b\u0107 monta\u017cu komponent\u00f3w.<\/p>\n<p> \u2022 Otwory na przewody wej\u015bciowe i wyj\u015bciowe s\u0105 wyposa\u017cone w specjalne uszczelki typu wie\u017cowego, kt\u00f3re mog\u0105 dostosowywa\u0107 wielko\u015b\u0107 otworu do specyfikacji kabla, a jednocze\u015bnie spe\u0142niaj\u0105 rol\u0119 antypylow\u0105 i uszczelniaj\u0105c\u0105, zapobiegaj\u0105c wchodzeniu ma\u0142ych zwierz\u0105t do szafy i powoduj\u0105c kr\u00f3tkie spi\u0119cia elektryczne. Zwi\u0119ksza to bezpiecze\u0144stwo i niezawodno\u015b\u0107 urz\u0105dzenia.<\/p>","protected":false},"excerpt":{"rendered":"<p>Szafa rozdzielcza energii FYXL nadaje si\u0119 do stosowania w systemach rozdzia\u0142u energii o napi\u0119ciu znamionowym 400 V i pr\u0105dzie znamionowym do 630 A w celu przyjmowania energii, zasilania, sterowania silnikami oraz o\u015bwietlenia. Zapewnia funkcje sterowania, ochrony, izolacji, monitorowania, pomiaru oraz zdalnego sterowania (cztery funkcje zdalnego sterowania) za po\u015brednictwem zautomatyzowanego zestawu integralnego [\u2026]<\/p>","protected":false},"featured_media":1589,"template":"","meta":{"_acf_changed":false,"_seopress_robots_primary_cat":""},"product_brand":[],"product_cat":[61],"product_tag":[],"class_list":{"0":"post-1588","1":"product","2":"type-product","3":"status-publish","4":"has-post-thumbnail","6":"product_cat-distribution-cabinet","8":"first","9":"instock","10":"shipping-taxable","11":"product-type-simple"},"acf":[],"_links":{"self":[{"href":"https:\/\/www.northpwr.cn\/pl\/wp-json\/wp\/v2\/product\/1588","targetHints":{"allow":["GET"]}}],"collection":[{"href":"https:\/\/www.northpwr.cn\/pl\/wp-json\/wp\/v2\/product"}],"about":[{"href":"https:\/\/www.northpwr.cn\/pl\/wp-json\/wp\/v2\/types\/product"}],"wp:featuredmedia":[{"embeddable":true,"href":"https:\/\/www.northpwr.cn\/pl\/wp-json\/wp\/v2\/media\/1589"}],"wp:attachment":[{"href":"https:\/\/www.northpwr.cn\/pl\/wp-json\/wp\/v2\/media?parent=1588"}],"wp:term":[{"taxonomy":"product_brand","embeddable":true,"href":"https:\/\/www.northpwr.cn\/pl\/wp-json\/wp\/v2\/product_brand?post=1588"},{"taxonomy":"product_cat","embeddable":true,"href":"https:\/\/www.northpwr.cn\/pl\/wp-json\/wp\/v2\/product_cat?post=1588"},{"taxonomy":"product_tag","embeddable":true,"href":"https:\/\/www.northpwr.cn\/pl\/wp-json\/wp\/v2\/product_tag?post=1588"}],"curies":[{"name":"wp","href":"https:\/\/api.w.org\/{rel}","templated":true}]}}