
{"id":1590,"date":"2025-12-03T11:04:43","date_gmt":"2025-12-03T03:04:43","guid":{"rendered":"https:\/\/www.northpwr.cn\/?post_type=product&p=1590"},"modified":"2025-12-03T11:04:43","modified_gmt":"2025-12-03T03:04:43","slug":"power-distribution-box-for-process-equipment","status":"publish","type":"product","link":"https:\/\/www.northpwr.cn\/pl\/produkt\/power-distribution-box-for-process-equipment\/","title":{"rendered":"Skrzynka rozdzielcza energii do urz\u0105dze\u0144 procesowych"},"content":{"rendered":"<p data-cah=\"2\">Firma przestrzega koncepcji rozwoju \u201epragmatyzmu, innowacji, harmonii i wzajemnej korzy\u015bci\u201d, dokona\u0142a szeregu alokacji zasob\u00f3w i stworzy\u0142a wydajn\u0105 platform\u0119 rozwoju.<\/p>\n<p> Firma wykorzystuje zaawansowane systemy CAD (projektowanie wspomagane komputerowo) oraz posiada najnowocze\u015bniejsze mo\u017cliwo\u015bci obr\u00f3bki numerycznej (NC). Zdoby\u0142a r\u00f3wnie\u017c takie wyr\u00f3\u017cnienia jak przedsi\u0119biorstwo godne zaufania o ocenie AAA w zakresie jako\u015bci, przedsi\u0119biorstwo certyfikowane w zakresie jako\u015bci us\u0142ug o ocenie AAA oraz przedsi\u0119biorstwo kredytowe o ocenie AAA. Wszystkie produkty przesz\u0142y obowi\u0105zkowe certyfikacj\u0119 produktow\u0105 na poziomie narodowym, dzi\u0119ki czemu zyska\u0142y pozytywne recenzje za swoje osi\u0105gni\u0119cia.<\/p>","protected":false},"excerpt":{"rendered":"<p>Firma przestrzega koncepcji rozwoju opartej na \u201epragmatyzmie, innowacyjno\u015bci, harmonii i wzajemnej korzy\u015bci\u201d, dokona\u0142a szeregu alokacji zasob\u00f3w oraz stworzy\u0142a wydajn\u0105 platform\u0119 rozwoju. Firma wykorzystuje zaawansowane systemy CAD (projektowanie wspomagane komputerowo) i dysponuje najnowocze\u015bniejszymi mo\u017cliwo\u015bciami obr\u00f3bki numerycznej (NC). Zdoby\u0142a r\u00f3wnie\u017c takie wyr\u00f3\u017cnienia, jak przedsi\u0119biorstwo godne zaufania klasy AAA w [\u2026]<\/p>","protected":false},"featured_media":1591,"template":"","meta":{"_acf_changed":false,"_seopress_robots_primary_cat":""},"product_brand":[],"product_cat":[62],"product_tag":[],"class_list":{"0":"post-1590","1":"product","2":"type-product","3":"status-publish","4":"has-post-thumbnail","6":"product_cat-distribution-box","8":"first","9":"instock","10":"shipping-taxable","11":"product-type-simple"},"acf":[],"_links":{"self":[{"href":"https:\/\/www.northpwr.cn\/pl\/wp-json\/wp\/v2\/product\/1590","targetHints":{"allow":["GET"]}}],"collection":[{"href":"https:\/\/www.northpwr.cn\/pl\/wp-json\/wp\/v2\/product"}],"about":[{"href":"https:\/\/www.northpwr.cn\/pl\/wp-json\/wp\/v2\/types\/product"}],"wp:featuredmedia":[{"embeddable":true,"href":"https:\/\/www.northpwr.cn\/pl\/wp-json\/wp\/v2\/media\/1591"}],"wp:attachment":[{"href":"https:\/\/www.northpwr.cn\/pl\/wp-json\/wp\/v2\/media?parent=1590"}],"wp:term":[{"taxonomy":"product_brand","embeddable":true,"href":"https:\/\/www.northpwr.cn\/pl\/wp-json\/wp\/v2\/product_brand?post=1590"},{"taxonomy":"product_cat","embeddable":true,"href":"https:\/\/www.northpwr.cn\/pl\/wp-json\/wp\/v2\/product_cat?post=1590"},{"taxonomy":"product_tag","embeddable":true,"href":"https:\/\/www.northpwr.cn\/pl\/wp-json\/wp\/v2\/product_tag?post=1590"}],"curies":[{"name":"wp","href":"https:\/\/api.w.org\/{rel}","templated":true}]}}