
{"id":1574,"date":"2025-12-03T11:04:32","date_gmt":"2025-12-03T03:04:32","guid":{"rendered":"https:\/\/www.northpwr.cn\/?post_type=product&p=1574"},"modified":"2025-12-03T11:04:32","modified_gmt":"2025-12-03T03:04:32","slug":"kyn28a-12-armored-withdrawable-ac-metal-clad-switchgear","status":"publish","type":"product","link":"https:\/\/www.northpwr.cn\/pt\/produto\/kyn28a-12-armored-withdrawable-ac-metal-clad-switchgear\/","title":{"rendered":"KYN28A-12 Disjuntor blindado retr\u00e1til em metal para corrente alternada"},"content":{"rendered":"<p data-cah=\"2\">O equipamento de comuta\u00e7\u00e3o fechado em metal KYN28-12 \u00e9 adequado para redes el\u00e9tricas trif\u00e1sicas CA de 7,2~12kV e 50Hz. \u00c9 utilizado para recebimento e distribui\u00e7\u00e3o de energia el\u00e9trica, bem como para controle, monitoramento e prote\u00e7\u00e3o de circuitos.<\/p>\n<p> Vis\u00e3o geral<br \/> O equipamento de comuta\u00e7\u00e3o extra\u00edvel revestido em metal KYN28-12 \u00e9 adequado para redes el\u00e9tricas trif\u00e1sicas CA de 7,2~12kV e 50Hz. \u00c9 utilizado para recebimento e distribui\u00e7\u00e3o de energia el\u00e9trica, al\u00e9m de controlar, monitorar e proteger circuitos. Pode ser usado em sistemas de barramento \u00fanico e de barramento \u00fanico seccionado. Est\u00e1 em conformidade com IEC298 \u201cEquipamentos de comuta\u00e7\u00e3o e comando em metal CA acima de 1kV e at\u00e9 52kV\u201d, OEC694 \u201cCl\u00e1usulas comuns para equipamentos de comuta\u00e7\u00e3o e comando de alta tens\u00e3o\u201d, GB3906 \u201cEquipamentos de comuta\u00e7\u00e3o e comando em metal CA de 3,6kV-40,5kV\u201d, GB11022 \u201cCondi\u00e7\u00f5es t\u00e9cnicas comuns para normas de equipamentos de comuta\u00e7\u00e3o e comando de alta tens\u00e3o\u201d e DL\/T404 \u201cEquipamentos de comuta\u00e7\u00e3o e comando em metal CA de 3,6kV-40,5kV\u201d, possuindo fun\u00e7\u00f5es completas e confi\u00e1veis contra erros de opera\u00e7\u00e3o.<br \/> Condi\u00e7\u00f5es Ambientais de Uso<br \/> \u2022 Temperatura ambiente: Temperatura m\u00e1xima +40\u2103, temperatura m\u00ednima -15\u2103.<\/p>\n<p> \u2022 Umidade ambiente: Umidade relativa m\u00e9dia di\u00e1ria n\u00e3o superior a 95%, m\u00e9dia mensal n\u00e3o superior a 90%.<\/p>\n<p> \u2022 Altitude: N\u00e3o superior a 1000m.<\/p>\n<p> \u2022 Resist\u00eancia a terremotos: Intensidade s\u00edsmica n\u00e3o superior ao n\u00edvel 8.<\/p>\n<p> \u2022 O ar ao redor n\u00e3o deve estar significativamente polu\u00eddo por gases corrosivos ou inflam\u00e1veis, vapor d'\u00e1gua, etc. Nenhuma vibra\u00e7\u00e3o violenta frequente.<\/p>\n<p> \u2022 Quando utilizado em condi\u00e7\u00f5es superiores \u00e0s condi\u00e7\u00f5es ambientais normais especificadas em GB3906, dever\u00e1 haver negocia\u00e7\u00e3o entre o usu\u00e1rio e nossa empresa.<br \/> Par\u00e2metros t\u00e9cnicos<br \/> Par\u00e2metros T\u00e9cnicos do Equipamento de Comuta\u00e7\u00e3o<\/p>\n<table data-cah=\"6\">\n<tbody>\n<tr>\n<td class=\"\"><span class=\"ellipsis\" title=\"Item\">Item<\/span><\/td>\n<td class=\"\"><span class=\"ellipsis\" title=\"Unidade\">Unidade<\/span><\/td>\n<td class=\"\"><span class=\"ellipsis\" title=\"Data\">Data<\/span><\/td>\n<\/tr>\n<tr>\n<td class=\"\"><span class=\"ellipsis\" title=\"Tens\u00e3o Nominal\">Tens\u00e3o Nominal<\/span><\/td>\n<td class=\"\"><span class=\"ellipsis\" title=\"kV\">kV<\/span><\/td>\n<td class=\"\"><span class=\"ellipsis\" title=\"7,2; 12\">7,2; 12<\/span><\/td>\n<\/tr>\n<tr>\n<td class=\"\"><span class=\"ellipsis\" title=\"Freq\u00fc\u00eancia Nominal\">Freq\u00fc\u00eancia Nominal<\/span><\/td>\n<td class=\"\"><span class=\"ellipsis\" title=\"Hz\">Hz<\/span><\/td>\n<td class=\"\"><span class=\"ellipsis\" title=\"50\">50<\/span><\/td>\n<\/tr>\n<tr>\n<td class=\"\"><span class=\"ellipsis\" title=\"Corrente Nominal\">Corrente Nominal<\/span><\/td>\n<td class=\"\"><span class=\"ellipsis\" title=\"A\">A<\/span><\/td>\n<td class=\"\"><span class=\"ellipsis\" title=\"630~4000\">630~4000<\/span><\/td>\n<\/tr>\n<tr>\n<td class=\"\"><span class=\"ellipsis\" title=\"Isolamento Nominal\">Isolamento Nominal<\/span><\/td>\n<td class=\"\"><span class=\"ellipsis\" title=\"Tens\u00e3o de resist\u00eancia \u00e0 frequ\u00eancia de alimenta\u00e7\u00e3o nominal (em rela\u00e7\u00e3o ao solo\/circuito aberto)\">Tens\u00e3o de resist\u00eancia \u00e0 frequ\u00eancia de alimenta\u00e7\u00e3o nominal (em rela\u00e7\u00e3o ao solo\/circuito aberto)<\/span><\/td>\n<td class=\"\"><span class=\"ellipsis\" title=\"kV\">kV<\/span><\/td>\n<td class=\"\"><span class=\"ellipsis\" title=\"28\/32; 42\/48\">28\/32; 42\/48<\/span><\/td>\n<\/tr>\n<tr>\n<td class=\"\"><span class=\"ellipsis\" title=\"N\u00edvel\">N\u00edvel<\/span><\/td>\n<td class=\"\"><span class=\"ellipsis\" title=\"Tens\u00e3o de resist\u00eancia a impulso de raios (em rela\u00e7\u00e3o ao solo\/circuito aberto)\">Tens\u00e3o de resist\u00eancia a impulso de raios (em rela\u00e7\u00e3o ao solo\/circuito aberto)<\/span><\/td>\n<td class=\"\"><span class=\"ellipsis\" title=\"kV\">kV<\/span><\/td>\n<td class=\"\"><span class=\"ellipsis\" title=\"60\/70; 75\/85\">60\/70; 75\/85<\/span><\/td>\n<\/tr>\n<tr>\n<td class=\"\"><span class=\"ellipsis\" title=\"Corrente Nominal de Suporte Curto-Tempo (4S)\">Corrente Nominal de Suporte Curto-Tempo (4S)<\/span><\/td>\n<td class=\"\"><span class=\"ellipsis\" title=\"kA\">kA<\/span><\/td>\n<td class=\"\"><span class=\"ellipsis\" title=\"20, 25, 31,5, 40, 50\">20, 25, 31,5, 40, 50<\/span><\/td>\n<\/tr>\n<tr>\n<td class=\"\"><span class=\"ellipsis\" title=\"Corrente Nominal de Suporte de Pico\">Corrente Nominal de Suporte de Pico<\/span><\/td>\n<td class=\"\"><span class=\"ellipsis\" title=\"kA\">kA<\/span><\/td>\n<td class=\"\"><span class=\"ellipsis\" title=\"50, 63, 80, 100, 125\">50, 63, 80, 100, 125<\/span><\/td>\n<\/tr>\n<tr>\n<td class=\"\"><span class=\"ellipsis\" title=\"N\u00edvel de Prote\u00e7\u00e3o\">N\u00edvel de Prote\u00e7\u00e3o<\/span><\/td>\n<td class=\"\"><span class=\"ellipsis\" title=\"\"><\/span><\/td>\n<td class=\"\"><span class=\"ellipsis\" title=\"Gabinete IP4X, IP2X quando a porta do compartimento da carroceria estiver aberta\">Gabinete IP4X, IP2X quando a porta do compartimento da carroceria estiver aberta<\/span><\/td>\n<\/tr>\n<tr>\n<td class=\"\"><span class=\"ellipsis\" title=\"Dimens\u00f5es (Largura \u00d7 Profundidade \u00d7 Altura)\">Dimens\u00f5es (Largura \u00d7 Profundidade \u00d7 Altura)<\/span><\/td>\n<td class=\"\"><span class=\"ellipsis\" title=\"mm\">mm<\/span><\/td>\n<td class=\"\"><span class=\"ellipsis\" title=\"800(1000) x 1500(1700,1900) x 2370\">800(1000) x 1500(1700,1900) x 2370<\/span><\/td>\n<\/tr>\n<tr>\n<td class=\"\"><span class=\"ellipsis\" title=\"Peso\">Peso<\/span><\/td>\n<td class=\"\"><span class=\"ellipsis\" title=\"kg\">kg<\/span><\/td>\n<td class=\"\"><span class=\"ellipsis\" title=\"800~1200\">800~1200<\/span><\/td>\n<\/tr>\n<\/tbody>\n<\/table>\n<p data-cah=\"2\">Para corrente nominal de suporte de curto-circuito de 31,5kA e abaixo, e corrente nominal do barramento ramificado de 1600A e abaixo, a largura do gabinete \u00e9 de 800mm;<\/p>\n<p> Para corrente nominal de suporte de curto-circuito de 40kA e acima, e corrente nominal do barramento ramificado de 1600A e acima, a largura do gabinete \u00e9 de 1000mm, e a profundidade do gabinete \u00e9 selecionada pelo usu\u00e1rio conforme o projeto.<\/p>\n<p> Este equipamento de comuta\u00e7\u00e3o est\u00e1 equipado com disjuntores a v\u00e1cuo SCHVI fabricados por nossa empresa e tamb\u00e9m pode ser equipado com disjuntores a v\u00e1cuo Siemens 3AE e 3AJ1, ABB VD4 e HD4, e Schneider Evolis e EV12.<br \/> Informa\u00e7\u00f5es de Encomenda<br \/> \u2022 Por favor, forne\u00e7a as seguintes informa\u00e7\u00f5es ao fazer o pedido:<\/p>\n<p> \u2022 Modelo do equipamento de comuta\u00e7\u00e3o, quantidade, data de entrega e n\u00famero do esquema prim\u00e1rio;<\/p>\n<p> \u2022 Diagrama do sistema prim\u00e1rio, diagrama de princ\u00edpio secund\u00e1rio e diagrama de disposi\u00e7\u00e3o do equipamento de comuta\u00e7\u00e3o;<\/p>\n<p> \u2022 Corrente nominal do barramento principal e modelo e especifica\u00e7\u00f5es dos componentes prim\u00e1rios;<\/p>\n<p> \u2022 Requisitos especiais (se houver).<\/p>","protected":false},"excerpt":{"rendered":"<p>O equipamento de comuta\u00e7\u00e3o fechado em metal KYN28-12 \u00e9 adequado para redes el\u00e9tricas trif\u00e1sicas CA de 7,2~12kV e 50Hz. \u00c9 utilizado para recebimento e distribui\u00e7\u00e3o de energia el\u00e9trica, bem como para controle, monitoramento e prote\u00e7\u00e3o de circuitos. Vis\u00e3o geral O equipamento de comuta\u00e7\u00e3o retr\u00e1til revestido em metal KYN28-12 \u00e9 adequado para redes el\u00e9tricas trif\u00e1sicas CA de 7,2~12kV e 50Hz. \u00c9 utilizado para recebimento e distribui\u00e7\u00e3o de energia el\u00e9trica, e [\u2026]<\/p>","protected":false},"featured_media":1575,"template":"","meta":{"_acf_changed":false,"_seopress_robots_primary_cat":""},"product_brand":[],"product_cat":[58],"product_tag":[],"class_list":{"0":"post-1574","1":"product","2":"type-product","3":"status-publish","4":"has-post-thumbnail","6":"product_cat-ring-main-unit","8":"first","9":"instock","10":"shipping-taxable","11":"product-type-simple"},"acf":[],"_links":{"self":[{"href":"https:\/\/www.northpwr.cn\/pt\/wp-json\/wp\/v2\/product\/1574","targetHints":{"allow":["GET"]}}],"collection":[{"href":"https:\/\/www.northpwr.cn\/pt\/wp-json\/wp\/v2\/product"}],"about":[{"href":"https:\/\/www.northpwr.cn\/pt\/wp-json\/wp\/v2\/types\/product"}],"wp:featuredmedia":[{"embeddable":true,"href":"https:\/\/www.northpwr.cn\/pt\/wp-json\/wp\/v2\/media\/1575"}],"wp:attachment":[{"href":"https:\/\/www.northpwr.cn\/pt\/wp-json\/wp\/v2\/media?parent=1574"}],"wp:term":[{"taxonomy":"product_brand","embeddable":true,"href":"https:\/\/www.northpwr.cn\/pt\/wp-json\/wp\/v2\/product_brand?post=1574"},{"taxonomy":"product_cat","embeddable":true,"href":"https:\/\/www.northpwr.cn\/pt\/wp-json\/wp\/v2\/product_cat?post=1574"},{"taxonomy":"product_tag","embeddable":true,"href":"https:\/\/www.northpwr.cn\/pt\/wp-json\/wp\/v2\/product_tag?post=1574"}],"curies":[{"name":"wp","href":"https:\/\/api.w.org\/{rel}","templated":true}]}}