
{"id":1577,"date":"2025-12-03T11:06:32","date_gmt":"2025-12-03T03:06:32","guid":{"rendered":"https:\/\/www.northpwr.cn\/?post_type=product&p=1577"},"modified":"2025-12-03T11:06:32","modified_gmt":"2025-12-03T03:06:32","slug":"hxgn-12-fixed-ac-metal-clad-switchgear","status":"publish","type":"product","link":"https:\/\/www.northpwr.cn\/pt\/produto\/hxgn-12-fixed-ac-metal-clad-switchgear\/","title":{"rendered":"HXGN-12 Disjuntor fixo em metal blindado para corrente alternada"},"content":{"rendered":"<p data-cah=\"2\">O equipamento de comuta\u00e7\u00e3o fixo fechado em metal do tipo HXGN-12 (doravante referido como unidade principal em anel) \u00e9 um equipamento el\u00e9trico completo de alta tens\u00e3o CA com tens\u00e3o nominal de 12 kV e frequ\u00eancia nominal de 50 Hz, utilizado principalmente em redes trif\u00e1sicas AC em anel, redes terminais de distribui\u00e7\u00e3o e equipamentos industriais de energia, para recebimento e distribui\u00e7\u00e3o de energia el\u00e9trica, entre outros. Tamb\u00e9m \u00e9 adequado para instala\u00e7\u00f5es de alta tens\u00e3o.<\/p>\n<p> Vis\u00e3o geral<br \/> O equipamento de comuta\u00e7\u00e3o fixo fechado em metal do tipo caixa HXGN-12 (doravante referido como gabinete de rede em anel) \u00e9 um equipamento el\u00e9trico completo de alta tens\u00e3o CA com tens\u00e3o nominal de 12 kV e frequ\u00eancia nominal de 50 Hz, utilizado principalmente em redes trif\u00e1sicas AC em anel, redes terminais de distribui\u00e7\u00e3o e equipamentos industriais de energia, para recebimento e distribui\u00e7\u00e3o de energia. Tamb\u00e9m \u00e9 adequado para instala\u00e7\u00f5es de alta tens\u00e3o.<br \/> Condi\u00e7\u00f5es do Ambiente de Uso<br \/> \u2022 Utiliza uma estrutura completa de dispositivos, leve e bonita, podendo ser combinada e instalada arbitrariamente, f\u00e1cil de expandir e prolongar infinitamente.<\/p>\n<p> \u2022 Pode ser equipado com interruptor de carga pneum\u00e1tico indicador do tipo FKN12-12, aparelho el\u00e9trico combinado, ou interruptor de carga a v\u00e1cuo do tipo FZN25-12, aparelho el\u00e9trico combinado, e as dimens\u00f5es de instala\u00e7\u00e3o s\u00e3o completamente compat\u00edveis. Tamanho compacto, sem necessidade de manuten\u00e7\u00e3o, estrutura de acionamento trif\u00e1sico interligado e fun\u00e7\u00e3o de controle remoto.<\/p>\n<p> \u2022 Disponibiliza opera\u00e7\u00e3o manual e el\u00e9trica, e possui fun\u00e7\u00e3o de controle remoto.<\/p>\n<p> \u2022 Possui um dispositivo mec\u00e2nico de liga\u00e7\u00e3o e bloqueio completo e confi\u00e1vel, atendendo plenamente \u00e0 fun\u00e7\u00e3o de \"cinco preven\u00e7\u00f5es\".<\/p>\n<p> \u2022 O interruptor de carga utiliza uma v\u00e1lvula isolante protetora de liga\u00e7\u00e3o para blindar a al\u00e7a energizada, garantindo a seguran\u00e7a pessoal.<\/p>\n<p> \u2022 A porta dianteira est\u00e1 equipada com uma janela de observa\u00e7\u00e3o, que permite observar claramente o estado de funcionamento dos componentes dentro do gabinete.<\/p>\n<p> \u2022 Est\u00e1 em conformidade com as normas GB3906, GB11022 e outras.<br \/> Par\u00e2metros t\u00e9cnicos<\/p>\n<table data-cah=\"6\">\n<tbody>\n<tr>\n<td class=\"\"><span class=\"ellipsis\" title=\"N\u00famero de s\u00e9rie\">N\u00famero de s\u00e9rie<\/span><\/td>\n<td class=\"\"><span class=\"ellipsis\" title=\"Nome\">Nome<\/span><\/td>\n<td class=\"\"><span class=\"ellipsis\" title=\"Unidade\">Unidade<\/span><\/td>\n<td class=\"\"><span class=\"ellipsis\" title=\"FKN12-12\">FKN12-12<\/span><\/td>\n<td class=\"\"><span class=\"ellipsis\" title=\"FKRN12-12\">FKRN12-12<\/span><\/td>\n<td class=\"\"><span class=\"ellipsis\" title=\"\"><\/span><\/td>\n<\/tr>\n<tr>\n<td class=\"\"><span class=\"ellipsis\" title=\"1\">1<\/span><\/td>\n<td class=\"\"><span class=\"ellipsis\" title=\"Tens\u00e3o Nominal\">Tens\u00e3o Nominal<\/span><\/td>\n<td class=\"\"><span class=\"ellipsis\" title=\"KV\">KV<\/span><\/td>\n<td class=\"\"><span class=\"ellipsis\" title=\"12\">12<\/span><\/td>\n<td class=\"\"><span class=\"ellipsis\" title=\"\"><\/span><\/td>\n<\/tr>\n<tr>\n<td class=\"\"><span class=\"ellipsis\" title=\"2\">2<\/span><\/td>\n<td class=\"\"><span class=\"ellipsis\" title=\"Tens\u00e3o de Suporte a Frequ\u00eancia Industrial\">Tens\u00e3o de Suporte a Frequ\u00eancia Industrial<\/span><\/td>\n<td class=\"\"><span class=\"ellipsis\" title=\"KV\">KV<\/span><\/td>\n<td class=\"\"><span class=\"ellipsis\" title=\"Polo e fase 42, porta de isolamento 48\">Polo e fase 42, porta de isolamento 48<\/span><\/td>\n<td class=\"\"><span class=\"ellipsis\" title=\"\"><\/span><\/td>\n<\/tr>\n<tr>\n<td class=\"\"><span class=\"ellipsis\" title=\"3\">3<\/span><\/td>\n<td class=\"\"><span class=\"ellipsis\" title=\"Tens\u00e3o de Impulso de Rel\u00e2mpago (Pico)\">Tens\u00e3o de Impulso de Rel\u00e2mpago (Pico)<\/span><\/td>\n<td class=\"\"><span class=\"ellipsis\" title=\"KV\">KV<\/span><\/td>\n<td class=\"\"><span class=\"ellipsis\" title=\"Polo e fase 75, porta de isolamento 85\">Polo e fase 75, porta de isolamento 85<\/span><\/td>\n<td class=\"\"><span class=\"ellipsis\" title=\"\"><\/span><\/td>\n<\/tr>\n<tr>\n<td class=\"\"><span class=\"ellipsis\" title=\"4\">4<\/span><\/td>\n<td class=\"\"><span class=\"ellipsis\" title=\"Freq\u00fc\u00eancia Nominal\">Freq\u00fc\u00eancia Nominal<\/span><\/td>\n<td class=\"\"><span class=\"ellipsis\" title=\"Hz\">Hz<\/span><\/td>\n<td class=\"\"><span class=\"ellipsis\" title=\"50\">50<\/span><\/td>\n<td class=\"\"><span class=\"ellipsis\" title=\"\"><\/span><\/td>\n<\/tr>\n<tr>\n<td class=\"\"><span class=\"ellipsis\" title=\"5\">5<\/span><\/td>\n<td class=\"\"><span class=\"ellipsis\" title=\"Corrente Nominal do Barramento Principal\">Corrente Nominal do Barramento Principal<\/span><\/td>\n<td class=\"\"><span class=\"ellipsis\" title=\"A\">A<\/span><\/td>\n<td class=\"\"><span class=\"ellipsis\" title=\"630\">630<\/span><\/td>\n<td class=\"\"><span class=\"ellipsis\" title=\"\"><\/span><\/td>\n<\/tr>\n<tr>\n<td class=\"\"><span class=\"ellipsis\" title=\"6\">6<\/span><\/td>\n<td class=\"\"><span class=\"ellipsis\" title=\"Corrente Nominal\">Corrente Nominal<\/span><\/td>\n<td class=\"\"><span class=\"ellipsis\" title=\"A\">A<\/span><\/td>\n<td class=\"\"><span class=\"ellipsis\" title=\"630\">630<\/span><\/td>\n<td class=\"\"><span class=\"ellipsis\" title=\"\"><\/span><\/td>\n<\/tr>\n<tr>\n<td class=\"\"><span class=\"ellipsis\" title=\"7\">7<\/span><\/td>\n<td class=\"\"><span class=\"ellipsis\" title=\"Interruptor de Carga\">Interruptor de Carga<\/span><\/td>\n<td class=\"\"><span class=\"ellipsis\" title=\"Vida El\u00e9trica Nominal sob Corrente\">Vida El\u00e9trica Nominal sob Corrente<\/span><\/td>\n<td class=\"\"><span class=\"ellipsis\" title=\"Tempos\">Tempos<\/span><\/td>\n<td class=\"\" colspan=\"2\"><span class=\"ellipsis\" title=\"N\u00e3o inferior a 100\">N\u00e3o inferior a 100<\/span><\/td>\n<\/tr>\n<tr>\n<td class=\"\"><span class=\"ellipsis\" title=\"8\">8<\/span><\/td>\n<td class=\"\"><span class=\"ellipsis\" title=\"Interruptor de Carga\">Interruptor de Carga<\/span><\/td>\n<td class=\"\"><span class=\"ellipsis\" title=\"Capacidade de Corte de Transformador Sem Carga\">Capacidade de Corte de Transformador Sem Carga<\/span><\/td>\n<td class=\"\"><span class=\"ellipsis\" title=\"KVA\">KVA<\/span><\/td>\n<td class=\"\" colspan=\"2\"><span class=\"ellipsis\" title=\"1250, 1600\">1250, 1600<\/span><\/td>\n<\/tr>\n<tr>\n<td class=\"\"><span class=\"ellipsis\" title=\"9\">9<\/span><\/td>\n<td class=\"\"><span class=\"ellipsis\" title=\"Interruptor de Carga\">Interruptor de Carga<\/span><\/td>\n<td class=\"\"><span class=\"ellipsis\" title=\"Corrente Nominal de Estabilidade T\u00e9rmica\">Corrente Nominal de Estabilidade T\u00e9rmica<\/span><\/td>\n<td class=\"\"><span class=\"ellipsis\" title=\"KA\/S\">KA\/S<\/span><\/td>\n<td class=\"\" colspan=\"2\"><span class=\"ellipsis\" title=\"20\/4, interruptor de aterramento 20\/2\">20\/4, interruptor de aterramento 20\/2<\/span><\/td>\n<\/tr>\n<tr>\n<td class=\"\"><span class=\"ellipsis\" title=\"10\">10<\/span><\/td>\n<td class=\"\"><span class=\"ellipsis\" title=\"Interruptor de Carga\">Interruptor de Carga<\/span><\/td>\n<td class=\"\"><span class=\"ellipsis\" title=\"Corrente Nominal de Estabilidade Din\u00e2mica (Pico)\">Corrente Nominal de Estabilidade Din\u00e2mica (Pico)<\/span><\/td>\n<td class=\"\"><span class=\"ellipsis\" title=\"KA\">KA<\/span><\/td>\n<td class=\"\" colspan=\"2\"><span class=\"ellipsis\" title=\"50\">50<\/span><\/td>\n<\/tr>\n<\/tbody>\n<\/table>\n<table data-cah=\"6\">\n<tbody>\n<tr>\n<td class=\"\"><span class=\"ellipsis\" title=\"10\">10<\/span><\/td>\n<td class=\"\"><span class=\"ellipsis\" title=\"Interruptor de Carga\">Interruptor de Carga<\/span><\/td>\n<td class=\"\"><span class=\"ellipsis\" title=\"Corrente Nominal de Fechamento de Curto-Circuito (Pico)\">Corrente Nominal de Fechamento de Curto-Circuito (Pico)<\/span><\/td>\n<td class=\"\"><span class=\"ellipsis\" title=\"KA\">KA<\/span><\/td>\n<td class=\"\" colspan=\"2\"><span class=\"ellipsis\" title=\"50\">50<\/span><\/td>\n<\/tr>\n<tr>\n<td class=\"\"><span class=\"ellipsis\" title=\"12\">12<\/span><\/td>\n<td class=\"\"><span class=\"ellipsis\" title=\"Aparelho El\u00e9trico de Combina\u00e7\u00e3o\">Aparelho El\u00e9trico de Combina\u00e7\u00e3o<\/span><\/td>\n<td class=\"\"><span class=\"ellipsis\" title=\"Corrente Nominal do Fus\u00edvel\">Corrente Nominal do Fus\u00edvel<\/span><\/td>\n<td class=\"\"><span class=\"ellipsis\" title=\"A\">A<\/span><\/td>\n<td class=\"\" colspan=\"2\"><span class=\"ellipsis\" title=\"100\">100<\/span><\/td>\n<\/tr>\n<tr>\n<td class=\"\"><span class=\"ellipsis\" title=\"13\">13<\/span><\/td>\n<td class=\"\"><span class=\"ellipsis\" title=\"Aparelho El\u00e9trico de Combina\u00e7\u00e3o\">Aparelho El\u00e9trico de Combina\u00e7\u00e3o<\/span><\/td>\n<td class=\"\"><span class=\"ellipsis\" title=\"Corrente Nominal de Transfer\u00eancia\">Corrente Nominal de Transfer\u00eancia<\/span><\/td>\n<td class=\"\"><span class=\"ellipsis\" title=\"A\">A<\/span><\/td>\n<td class=\"\"><span class=\"ellipsis\" title=\"\"><\/span><\/td>\n<td class=\"\"><span class=\"ellipsis\" title=\"2000\">2000<\/span><\/td>\n<\/tr>\n<tr>\n<td class=\"\"><span class=\"ellipsis\" title=\"14\">14<\/span><\/td>\n<td class=\"\"><span class=\"ellipsis\" title=\"Aparelho El\u00e9trico de Combina\u00e7\u00e3o\">Aparelho El\u00e9trico de Combina\u00e7\u00e3o<\/span><\/td>\n<td class=\"\"><span class=\"ellipsis\" title=\"Corrente Nominal de Corte de Curto-Circuito\">Corrente Nominal de Corte de Curto-Circuito<\/span><\/td>\n<td class=\"\"><span class=\"ellipsis\" title=\"KA\">KA<\/span><\/td>\n<td class=\"\" colspan=\"2\"><span class=\"ellipsis\" title=\"31.5\">31.5<\/span><\/td>\n<\/tr>\n<tr>\n<td class=\"\"><span class=\"ellipsis\" title=\"15\">15<\/span><\/td>\n<td class=\"\"><span class=\"ellipsis\" title=\"Aparelho El\u00e9trico de Combina\u00e7\u00e3o\">Aparelho El\u00e9trico de Combina\u00e7\u00e3o<\/span><\/td>\n<td class=\"\"><span class=\"ellipsis\" title=\"Modelo de Fus\u00edvel Correspondente\">Modelo de Fus\u00edvel Correspondente<\/span><\/td>\n<td class=\"\"><span class=\"ellipsis\" title=\"\"><\/span><\/td>\n<td class=\"\" colspan=\"2\"><span class=\"ellipsis\" title=\"SLAJ-12(XRNT-12)\">SLAJ-12(XRNT-12)<\/span><\/td>\n<\/tr>\n<tr>\n<td class=\"\"><span class=\"ellipsis\" title=\"16\">16<\/span><\/td>\n<td class=\"\"><span class=\"ellipsis\" title=\"Vida \u00datil Mec\u00e2nica\">Vida \u00datil Mec\u00e2nica<\/span><\/td>\n<td class=\"\"><span class=\"ellipsis\" title=\"Tempos\">Tempos<\/span><\/td>\n<td class=\"\"><span class=\"ellipsis\" title=\"3000\">3000<\/span><\/td>\n<td class=\"\"><span class=\"ellipsis\" title=\"10000\">10000<\/span><\/td>\n<td class=\"\"><span class=\"ellipsis\" title=\"\"><\/span><\/td>\n<\/tr>\n<tr>\n<td class=\"\"><span class=\"ellipsis\" title=\"17\">17<\/span><\/td>\n<td class=\"\"><span class=\"ellipsis\" title=\"Tens\u00e3o de Suporte \u00e0 Frequ\u00eancia Industrial do Circuito Auxiliar Imin\">Tens\u00e3o de Suporte \u00e0 Frequ\u00eancia Industrial do Circuito Auxiliar Imin<\/span><\/td>\n<td class=\"\"><span class=\"ellipsis\" title=\"KV\">KV<\/span><\/td>\n<td class=\"\"><span class=\"ellipsis\" title=\"2\">2<\/span><\/td>\n<td class=\"\"><span class=\"ellipsis\" title=\"\"><\/span><\/td>\n<\/tr>\n<tr>\n<td class=\"\"><span class=\"ellipsis\" title=\"18\">18<\/span><\/td>\n<td class=\"\"><span class=\"ellipsis\" title=\"Tens\u00e3o de Funcionamento do Mecanismo El\u00e9trico\">Tens\u00e3o de Funcionamento do Mecanismo El\u00e9trico<\/span><\/td>\n<td class=\"\"><span class=\"ellipsis\" title=\"V\">V<\/span><\/td>\n<td class=\"\"><span class=\"ellipsis\" title=\"AC\/DC 220, 110\">AC\/DC 220, 110<\/span><\/td>\n<td class=\"\"><span class=\"ellipsis\" title=\"\"><\/span><\/td>\n<\/tr>\n<tr>\n<td class=\"\"><span class=\"ellipsis\" title=\"19\">19<\/span><\/td>\n<td class=\"\"><span class=\"ellipsis\" title=\"N\u00edvel de Prote\u00e7\u00e3o\">N\u00edvel de Prote\u00e7\u00e3o<\/span><\/td>\n<td class=\"\"><span class=\"ellipsis\" title=\"\"><\/span><\/td>\n<td class=\"\"><span class=\"ellipsis\" title=\"1P4X\">1P4X<\/span><\/td>\n<td class=\"\"><span class=\"ellipsis\" title=\"\"><\/span><\/td>\n<\/tr>\n<tr>\n<td class=\"\"><span class=\"ellipsis\" title=\"20\">20<\/span><\/td>\n<td class=\"\"><span class=\"ellipsis\" title=\"Dimens\u00f5es (Largura \u00d7 Profundidade \u00d7 Altura)\">Dimens\u00f5es (Largura \u00d7 Profundidade \u00d7 Altura)<\/span><\/td>\n<td class=\"\"><span class=\"ellipsis\" title=\"mm\">mm<\/span><\/td>\n<td class=\"\"><span class=\"ellipsis\" title=\"700 (900) \u00d7 900 \u00d7 2000 (2200)\">700 (900) \u00d7 900 \u00d7 2000 (2200)<\/span><\/td>\n<td class=\"\"><span class=\"ellipsis\" title=\"\"><\/span><\/td>\n<\/tr>\n<\/tbody>\n<\/table>\n<p data-cah=\"2\">Instru\u00e7\u00f5es de encomenda<br \/> \u2022 Por favor, forne\u00e7a as seguintes informa\u00e7\u00f5es ao fazer o pedido:<\/p>\n<p> \u2022 Modelo do equipamento de comuta\u00e7\u00e3o, quantidade, data de entrega e n\u00famero do esquema prim\u00e1rio;<\/p>\n<p> \u2022 Diagrama do sistema prim\u00e1rio, diagrama de princ\u00edpio secund\u00e1rio e diagrama de disposi\u00e7\u00e3o do equipamento de comuta\u00e7\u00e3o;<\/p>\n<p> \u2022 Corrente nominal do barramento principal e modelo e especifica\u00e7\u00f5es dos componentes prim\u00e1rios;<\/p>\n<p> \u2022 Requisitos especiais (se houver).<\/p>","protected":false},"excerpt":{"rendered":"<p>O equipamento de comuta\u00e7\u00e3o fixo fechado em metal do tipo HXGN-12 (doravante referido como unidade principal em anel) \u00e9 um equipamento el\u00e9trico completo de alta tens\u00e3o CA com tens\u00e3o nominal de 12 kV e frequ\u00eancia nominal de 50 Hz, utilizado principalmente em redes trif\u00e1sicas AC em anel, redes de distribui\u00e7\u00e3o terminais e equipamentos de energia industrial para recebimento e distribui\u00e7\u00e3o de energia el\u00e9trica, entre outros. Tamb\u00e9m \u00e9 adequado para instala\u00e7\u00f5es de alta tens\u00e3o. Vis\u00e3o geral \u3000\u3000O [\u2026]<\/p>","protected":false},"featured_media":1578,"template":"","meta":{"_acf_changed":false,"_seopress_robots_primary_cat":""},"product_brand":[],"product_cat":[58],"product_tag":[],"class_list":{"0":"post-1577","1":"product","2":"type-product","3":"status-publish","4":"has-post-thumbnail","6":"product_cat-ring-main-unit","8":"first","9":"instock","10":"shipping-taxable","11":"product-type-simple"},"acf":[],"_links":{"self":[{"href":"https:\/\/www.northpwr.cn\/pt\/wp-json\/wp\/v2\/product\/1577","targetHints":{"allow":["GET"]}}],"collection":[{"href":"https:\/\/www.northpwr.cn\/pt\/wp-json\/wp\/v2\/product"}],"about":[{"href":"https:\/\/www.northpwr.cn\/pt\/wp-json\/wp\/v2\/types\/product"}],"wp:featuredmedia":[{"embeddable":true,"href":"https:\/\/www.northpwr.cn\/pt\/wp-json\/wp\/v2\/media\/1578"}],"wp:attachment":[{"href":"https:\/\/www.northpwr.cn\/pt\/wp-json\/wp\/v2\/media?parent=1577"}],"wp:term":[{"taxonomy":"product_brand","embeddable":true,"href":"https:\/\/www.northpwr.cn\/pt\/wp-json\/wp\/v2\/product_brand?post=1577"},{"taxonomy":"product_cat","embeddable":true,"href":"https:\/\/www.northpwr.cn\/pt\/wp-json\/wp\/v2\/product_cat?post=1577"},{"taxonomy":"product_tag","embeddable":true,"href":"https:\/\/www.northpwr.cn\/pt\/wp-json\/wp\/v2\/product_tag?post=1577"}],"curies":[{"name":"wp","href":"https:\/\/api.w.org\/{rel}","templated":true}]}}