
{"id":1583,"date":"2025-12-03T11:06:36","date_gmt":"2025-12-03T03:06:36","guid":{"rendered":"https:\/\/www.northpwr.cn\/?post_type=product&p=1583"},"modified":"2025-12-03T11:06:36","modified_gmt":"2025-12-03T03:06:36","slug":"fy3000-gcs-low-voltage-switchgear","status":"publish","type":"product","link":"https:\/\/www.northpwr.cn\/pt\/produto\/fy3000-gcs-low-voltage-switchgear\/","title":{"rendered":"FY3000 (GCS) Disjuntor de baixa tens\u00e3o"},"content":{"rendered":"<p data-cah=\"2\">O equipamento de comuta\u00e7\u00e3o extra\u00edvel de baixa tens\u00e3o FY3000 (GCS) \u00e9 adequado para sistemas de distribui\u00e7\u00e3o de energia em usinas el\u00e9tricas, ind\u00fastrias petrol\u00edferas, qu\u00edmicas, metal\u00fargicas, t\u00eaxteis e edif\u00edcios de grande altura.<\/p>\n<p> Vis\u00e3o geral<br \/> O equipamento de comuta\u00e7\u00e3o extra\u00edvel de baixa tens\u00e3o FY3000 (GCS) \u00e9 adequado para sistemas de distribui\u00e7\u00e3o de energia em usinas el\u00e9tricas, ind\u00fastrias petrol\u00edferas, qu\u00edmicas, metal\u00fargicas, t\u00eaxteis e edif\u00edcios de grande altura. Em grandes usinas el\u00e9tricas e sistemas petroqu\u00edmicos com alto grau de automa\u00e7\u00e3o e requisitos de interface por computador, ele serve como um dispositivo completo de distribui\u00e7\u00e3o de energia de baixa tens\u00e3o, com frequ\u00eancia AC trif\u00e1sica de 50 (60Hz), tens\u00e3o operacional nominal de 380V (400V), controle de motores e compensa\u00e7\u00e3o de pot\u00eancia reativa.<br \/> Condi\u00e7\u00f5es do Ambiente de Uso<br \/> \u3000\u3000\u2022 Temperatura ambiente: +40\u2103~-15\u2103<\/p>\n<p> \u3000\u3000\u2022 Altitude: 2000m.<\/p>\n<p> \u2022 Umidade ambiente: Umidade relativa m\u00e9dia di\u00e1ria 95%, umidade relativa m\u00e9dia mensal 90%.<\/p>\n<p> \u2022 A inclina\u00e7\u00e3o da superf\u00edcie vertical de instala\u00e7\u00e3o n\u00e3o excede 5%, e todo o conjunto de arm\u00e1rios \u00e9 relativamente plano.<\/p>\n<p> \u2022 Nenhuma vibra\u00e7\u00e3o ou impacto violento, e locais onde a corros\u00e3o seja insuficiente para danificar os componentes el\u00e9tricos.<br \/> Principais Caracter\u00edsticas Estruturais<br \/> \u2022 A estrutura principal adota perfis BMF ou perfis em \u201cC\u201d, que s\u00e3o dobrados a frio a partir de chapas de a\u00e7o laminadas a frio ou chapas de a\u00e7o revestidas com alum\u00ednio-zinco, com alta resist\u00eancia e f\u00e1cil instala\u00e7\u00e3o modular.<\/p>\n<p> \u2022 Os tipos de gavetas s\u00e3o divididos em quatro s\u00e9ries de tamanhos: 1\/2 unidade, 1 unidade, 2 unidades e 3 unidades, com corrente nominal do circuito de 630A ou menos.<\/p>\n<p> \u2022 Montagem flex\u00edvel, estrutura compacta, forte versatilidade, bom desempenho de seguran\u00e7a e montagem conveniente.<\/p>\n<p> \u2022 O aumento da capacidade t\u00e9rmica da pe\u00e7a de transfer\u00eancia reduz significativamente o aumento de temperatura causado pela pe\u00e7a de transfer\u00eancia no plug-in, na cabe\u00e7a do cabo e na placa divis\u00f3ria.<\/p>\n<p> \u2022 Confiabilidade entre unidades funcionais e compartimentos; a falha de uma unidade n\u00e3o afetar\u00e1 o funcionamento normal das outras unidades, limitando a falha ao menor alcance poss\u00edvel.<\/p>\n<p> \u2022 A disposi\u00e7\u00e3o horizontal dos barramentos garante boa estabilidade din\u00e2mica e t\u00e9rmica do dispositivo.<\/p>\n<p> \u2022 A conex\u00e3o entre o dispositivo e cabos externos \u00e9 realizada no compartimento de cabos, e os cabos podem entrar e sair pela parte superior e inferior. O transformador de corrente de sequ\u00eancia zero est\u00e1 localizado no compartimento de cabos para facilitar a instala\u00e7\u00e3o e manuten\u00e7\u00e3o.<\/p>\n<p> \u2022 A unidade de gaveta possui um n\u00famero suficiente de plug-ins secund\u00e1rios (32 pares para 1 unidade ou mais, 20 pares para 1\/2 unidade), que podem atender aos requisitos do n\u00famero de pontos de conex\u00e3o para interfaces de computador e circuitos de controle remoto.<\/p>\n<p data-cah=\"2\">Informa\u00e7\u00f5es de Encomenda<br \/> \u2022 Por favor, forne\u00e7a as seguintes informa\u00e7\u00f5es ao fazer o pedido:<\/p>\n<p> \u2022 N\u00famero do esquema do circuito principal, diagrama de fia\u00e7\u00e3o principal, diagrama de disposi\u00e7\u00e3o e plano de layout.<\/p>\n<p> \u2022 Diagrama esquem\u00e1tico el\u00e9trico do circuito auxiliar e diagrama de disposi\u00e7\u00e3o dos terminais.<\/p>\n<p> \u2022 S\u00edmbolos, especifica\u00e7\u00f5es e quantidades dos componentes el\u00e9tricos dentro do quadro de comando.<\/p>","protected":false},"excerpt":{"rendered":"<p>O equipamento de comando e prote\u00e7\u00e3o de baixa tens\u00e3o retr\u00e1til FY3000 (GCS) \u00e9 adequado para sistemas de distribui\u00e7\u00e3o de energia em usinas el\u00e9tricas, ind\u00fastrias petrol\u00edferas, qu\u00edmicas, metal\u00fargicas, t\u00eaxteis e edif\u00edcios de grande altura. Vis\u00e3o geral O equipamento de comando e prote\u00e7\u00e3o de baixa tens\u00e3o retr\u00e1til FY3000 (GCS) \u00e9 adequado para sistemas de distribui\u00e7\u00e3o de energia em usinas el\u00e9tricas, ind\u00fastrias petrol\u00edferas, qu\u00edmicas, metal\u00fargicas, t\u00eaxteis e edif\u00edcios de grande altura. Em grandes usinas el\u00e9tricas e sistemas petroqu\u00edmicos com um [\u2026]<\/p>","protected":false},"featured_media":1584,"template":"","meta":{"_acf_changed":false,"_seopress_robots_primary_cat":""},"product_brand":[],"product_cat":[60],"product_tag":[],"class_list":{"0":"post-1583","1":"product","2":"type-product","3":"status-publish","4":"has-post-thumbnail","6":"product_cat-low-voltage-cabinet","8":"first","9":"instock","10":"shipping-taxable","11":"product-type-simple"},"acf":[],"_links":{"self":[{"href":"https:\/\/www.northpwr.cn\/pt\/wp-json\/wp\/v2\/product\/1583","targetHints":{"allow":["GET"]}}],"collection":[{"href":"https:\/\/www.northpwr.cn\/pt\/wp-json\/wp\/v2\/product"}],"about":[{"href":"https:\/\/www.northpwr.cn\/pt\/wp-json\/wp\/v2\/types\/product"}],"wp:featuredmedia":[{"embeddable":true,"href":"https:\/\/www.northpwr.cn\/pt\/wp-json\/wp\/v2\/media\/1584"}],"wp:attachment":[{"href":"https:\/\/www.northpwr.cn\/pt\/wp-json\/wp\/v2\/media?parent=1583"}],"wp:term":[{"taxonomy":"product_brand","embeddable":true,"href":"https:\/\/www.northpwr.cn\/pt\/wp-json\/wp\/v2\/product_brand?post=1583"},{"taxonomy":"product_cat","embeddable":true,"href":"https:\/\/www.northpwr.cn\/pt\/wp-json\/wp\/v2\/product_cat?post=1583"},{"taxonomy":"product_tag","embeddable":true,"href":"https:\/\/www.northpwr.cn\/pt\/wp-json\/wp\/v2\/product_tag?post=1583"}],"curies":[{"name":"wp","href":"https:\/\/api.w.org\/{rel}","templated":true}]}}