
{"id":1588,"date":"2025-12-03T11:06:41","date_gmt":"2025-12-03T03:06:41","guid":{"rendered":"https:\/\/www.northpwr.cn\/?post_type=product&p=1588"},"modified":"2025-12-03T11:06:41","modified_gmt":"2025-12-03T03:06:41","slug":"fyxl-metal-enclosed-switchgear-power-cabinet","status":"publish","type":"product","link":"https:\/\/www.northpwr.cn\/pt\/produto\/fyxl-metal-enclosed-switchgear-power-cabinet\/","title":{"rendered":"Disjuntor Encapsulado em Metal (Arm\u00e1rio de Alimenta\u00e7\u00e3o)"},"content":{"rendered":"<p data-cah=\"2\">O arm\u00e1rio de distribui\u00e7\u00e3o de energia FYXL \u00e9 adequado para uso em sistemas de distribui\u00e7\u00e3o de energia com tens\u00e3o nominal de 400V e corrente nominal de 630A ou inferior para recep\u00e7\u00e3o de energia, alimenta\u00e7\u00e3o de energia, controle de motores e ilumina\u00e7\u00e3o. Ele realiza fun\u00e7\u00f5es de controle, prote\u00e7\u00e3o, isolamento, monitoramento, medi\u00e7\u00e3o e controle remoto (quatro fun\u00e7\u00f5es de controle remoto) por meio de um sistema integrado de monitoramento automatizado.<\/p>\n<p> Vis\u00e3o geral<br \/> O arm\u00e1rio de distribui\u00e7\u00e3o de energia FYXL \u00e9 adequado para uso em sistemas de distribui\u00e7\u00e3o de energia com tens\u00e3o nominal de 400V e corrente nominal de 630A ou inferior para recep\u00e7\u00e3o de energia, alimenta\u00e7\u00e3o de energia, controle de motores e ilumina\u00e7\u00e3o. Ele realiza fun\u00e7\u00f5es de controle, prote\u00e7\u00e3o, isolamento, monitoramento, medi\u00e7\u00e3o e controle remoto por meio de um sistema integrado de monitoramento automatizado. Esta s\u00e9rie de produtos oferece uma gama completa de solu\u00e7\u00f5es e pode implementar diversos esquemas de distribui\u00e7\u00e3o de energia conforme as necessidades do usu\u00e1rio. \u00c9 uma pe\u00e7a indispens\u00e1vel no ambiente de distribui\u00e7\u00e3o de energia e constitui um equipamento ideal de distribui\u00e7\u00e3o de energia terminal para edif\u00edcios altos, aeroportos, portos, empresas industriais e de minera\u00e7\u00e3o e outras ind\u00fastrias.<br \/> Condi\u00e7\u00f5es do Ambiente de Uso<br \/> \u3000\u3000\u2022 Temperatura ambiente: -40\u2103~35\u2103<\/p>\n<p> \u3000\u3000\u2022 Umidade relativa: \u226490% (a 20\u2103)<\/p>\n<p> \u3000\u3000\u2022 Altitude: \u22642000m<\/p>\n<p> \u2022 Condi\u00e7\u00f5es ambientais: N\u00e3o \u00e9 adequado para locais com risco de inc\u00eandio, explos\u00e3o, polui\u00e7\u00e3o severa, corros\u00e3o qu\u00edmica e vibra\u00e7\u00f5es intensas<\/p>\n<p> \u2022 Local de instala\u00e7\u00e3o: O \u00e2ngulo de inclina\u00e7\u00e3o em rela\u00e7\u00e3o ao solo n\u00e3o deve exceder 5 graus<br \/> Par\u00e2metros t\u00e9cnicos<\/p>\n<table data-cah=\"6\">\n<tbody>\n<tr>\n<td class=\"\"><span class=\"ellipsis\" title=\"N\u00famero de s\u00e9rie\">N\u00famero de s\u00e9rie<\/span><\/td>\n<td class=\"\"><span class=\"ellipsis\" title=\"Nome\">Nome<\/span><\/td>\n<td class=\"\"><span class=\"ellipsis\" title=\"Unidade\">Unidade<\/span><\/td>\n<td class=\"\"><span class=\"ellipsis\" title=\"Par\u00e2metros t\u00e9cnicos\">Par\u00e2metros t\u00e9cnicos<\/span><\/td>\n<\/tr>\n<tr>\n<td class=\"\"><span class=\"ellipsis\" title=\"1\">1<\/span><\/td>\n<td class=\"\"><span class=\"ellipsis\" title=\"Tens\u00e3o nominal do circuito principal\">Tens\u00e3o nominal do circuito principal<\/span><\/td>\n<td class=\"\"><span class=\"ellipsis\" title=\"V\">V<\/span><\/td>\n<td class=\"\"><span class=\"ellipsis\" title=\"Ac380\">Ac380<\/span><\/td>\n<\/tr>\n<tr>\n<td class=\"\"><span class=\"ellipsis\" title=\"2\">2<\/span><\/td>\n<td class=\"\"><span class=\"ellipsis\" title=\"Tens\u00e3o nominal do circuito auxiliar\">Tens\u00e3o nominal do circuito auxiliar<\/span><\/td>\n<td class=\"\"><span class=\"ellipsis\" title=\"V\">V<\/span><\/td>\n<td class=\"\"><span class=\"ellipsis\" title=\"AC220V, AC380\">AC220V, AC380<\/span><\/td>\n<\/tr>\n<tr>\n<td class=\"\"><span class=\"ellipsis\" title=\"3\">3<\/span><\/td>\n<td class=\"\"><span class=\"ellipsis\" title=\"Frequ\u00eancia nominal de opera\u00e7\u00e3o\">Frequ\u00eancia nominal de opera\u00e7\u00e3o<\/span><\/td>\n<td class=\"\"><span class=\"ellipsis\" title=\"Hz\">Hz<\/span><\/td>\n<td class=\"\"><span class=\"ellipsis\" title=\"50\">50<\/span><\/td>\n<\/tr>\n<tr>\n<td class=\"\"><span class=\"ellipsis\" title=\"4\">4<\/span><\/td>\n<td class=\"\"><span class=\"ellipsis\" title=\"Tens\u00e3o nominal de isola\u00e7\u00e3o\">Tens\u00e3o nominal de isola\u00e7\u00e3o<\/span><\/td>\n<td class=\"\"><span class=\"ellipsis\" title=\"KV\">KV<\/span><\/td>\n<td class=\"\"><span class=\"ellipsis\" title=\"660, 690\">660, 690<\/span><\/td>\n<\/tr>\n<tr>\n<td class=\"\"><span class=\"ellipsis\" title=\"5\">5<\/span><\/td>\n<td class=\"\"><span class=\"ellipsis\" title=\"Corrente nominal\">Corrente nominal<\/span><\/td>\n<td class=\"\"><span class=\"ellipsis\" title=\"A\">A<\/span><\/td>\n<td class=\"\"><span class=\"ellipsis\" title=\"\u2264630\">\u2264630<\/span><\/td>\n<\/tr>\n<tr>\n<td class=\"\"><span class=\"ellipsis\" title=\"6\">6<\/span><\/td>\n<td class=\"\"><span class=\"ellipsis\" title=\"Dimens\u00f5es (Largura*Profundidade*Altura)\">Dimens\u00f5es (Largura*Profundidade*Altura)<\/span><\/td>\n<td class=\"\"><span class=\"ellipsis\" title=\"mm\">mm<\/span><\/td>\n<td class=\"\"><span class=\"ellipsis\" title=\"700*350*1700\">700*350*1700<\/span><\/td>\n<\/tr>\n<\/tbody>\n<\/table>\n<p data-cah=\"2\">Instru\u00e7\u00f5es de encomenda<br \/> \u3000\u3000Por favor, especifique ao fazer o pedido:<\/p>\n<p> \u2022 Especifica\u00e7\u00f5es do produto e n\u00fameros de modelo;<\/p>\n<p> \u2022 Diagrama do sistema de circuito principal, diagrama de disposi\u00e7\u00e3o interna;<\/p>\n<p> \u2022 Diagrama esquem\u00e1tico el\u00e9trico do circuito auxiliar;<\/p>\n<p> \u2022 Lista de componentes dentro do arm\u00e1rio (especifica\u00e7\u00f5es do barramento principal);<\/p>\n<p> \u2022 Cor do arm\u00e1rio (cinza camelo claro caso n\u00e3o haja exig\u00eancia espec\u00edfica), dimens\u00f5es do arm\u00e1rio.<\/p>\n<p> \u2022 Outras exig\u00eancias especiais que n\u00e3o estejam em conformidade com as condi\u00e7\u00f5es normais de opera\u00e7\u00e3o do produto<br \/> Principais caracter\u00edsticas<br \/> \u2022 Estrutura combinada soldada de alta resist\u00eancia; o quadro adota uma estrutura totalmente soldada, o interior utiliza uma combina\u00e7\u00e3o modular, alta resist\u00eancia estrutural, layout de instala\u00e7\u00e3o flex\u00edvel e apar\u00eancia elegante.<\/p>\n<p> \u2022 Layout de componentes flex\u00edvel e ajust\u00e1vel; inspe\u00e7\u00e3o e manuten\u00e7\u00e3o f\u00e1ceis e r\u00e1pidas; identifica\u00e7\u00e3o completa, avisos claros; combina\u00e7\u00e3o de cores quente e agrad\u00e1vel.<\/p>\n<p> \u2022 A coluna de instala\u00e7\u00e3o substitui o m\u00e9todo tradicional de furos modulares padr\u00e3o e pode ser ajustada continuamente na dire\u00e7\u00e3o da altura, aumentando ainda mais a flexibilidade e a rapidez da instala\u00e7\u00e3o dos componentes.<\/p>\n<p> \u2022 Os orif\u00edcios de entrada e sa\u00edda de cabos s\u00e3o equipados com an\u00e9is de veda\u00e7\u00e3o especiais do tipo torre, que podem ajustar o tamanho da abertura de acordo com as especifica\u00e7\u00f5es dos cabos e, ao mesmo tempo, desempenham um papel antipoeira e de veda\u00e7\u00e3o, impedindo que pequenos animais entrem no arm\u00e1rio e causem curtos-circuitos el\u00e9tricos. Isso melhora a seguran\u00e7a e a confiabilidade do equipamento.<\/p>","protected":false},"excerpt":{"rendered":"<p>O arm\u00e1rio de distribui\u00e7\u00e3o de energia FYXL \u00e9 adequado para uso em sistemas de distribui\u00e7\u00e3o de energia com uma tens\u00e3o nominal de 400V e uma corrente nominal de 630A ou inferior para recep\u00e7\u00e3o de energia, alimenta\u00e7\u00e3o de energia, controle de motores e ilumina\u00e7\u00e3o. Ele realiza fun\u00e7\u00f5es de controle, prote\u00e7\u00e3o, isolamento, monitoramento, medi\u00e7\u00e3o e controle remoto (quatro fun\u00e7\u00f5es de controle remoto) por meio de um sistema integrado automatizado [\u2026]<\/p>","protected":false},"featured_media":1589,"template":"","meta":{"_acf_changed":false,"_seopress_robots_primary_cat":""},"product_brand":[],"product_cat":[61],"product_tag":[],"class_list":{"0":"post-1588","1":"product","2":"type-product","3":"status-publish","4":"has-post-thumbnail","6":"product_cat-distribution-cabinet","8":"first","9":"instock","10":"shipping-taxable","11":"product-type-simple"},"acf":[],"_links":{"self":[{"href":"https:\/\/www.northpwr.cn\/pt\/wp-json\/wp\/v2\/product\/1588","targetHints":{"allow":["GET"]}}],"collection":[{"href":"https:\/\/www.northpwr.cn\/pt\/wp-json\/wp\/v2\/product"}],"about":[{"href":"https:\/\/www.northpwr.cn\/pt\/wp-json\/wp\/v2\/types\/product"}],"wp:featuredmedia":[{"embeddable":true,"href":"https:\/\/www.northpwr.cn\/pt\/wp-json\/wp\/v2\/media\/1589"}],"wp:attachment":[{"href":"https:\/\/www.northpwr.cn\/pt\/wp-json\/wp\/v2\/media?parent=1588"}],"wp:term":[{"taxonomy":"product_brand","embeddable":true,"href":"https:\/\/www.northpwr.cn\/pt\/wp-json\/wp\/v2\/product_brand?post=1588"},{"taxonomy":"product_cat","embeddable":true,"href":"https:\/\/www.northpwr.cn\/pt\/wp-json\/wp\/v2\/product_cat?post=1588"},{"taxonomy":"product_tag","embeddable":true,"href":"https:\/\/www.northpwr.cn\/pt\/wp-json\/wp\/v2\/product_tag?post=1588"}],"curies":[{"name":"wp","href":"https:\/\/api.w.org\/{rel}","templated":true}]}}