
{"id":1590,"date":"2025-12-03T11:04:43","date_gmt":"2025-12-03T03:04:43","guid":{"rendered":"https:\/\/www.northpwr.cn\/?post_type=product&p=1590"},"modified":"2025-12-03T11:04:43","modified_gmt":"2025-12-03T03:04:43","slug":"power-distribution-box-for-process-equipment","status":"publish","type":"product","link":"https:\/\/www.northpwr.cn\/pt\/produto\/power-distribution-box-for-process-equipment\/","title":{"rendered":"Caixa de distribui\u00e7\u00e3o de energia para equipamentos de processo"},"content":{"rendered":"<p data-cah=\"2\">A empresa adere ao tema de desenvolvimento \u201cpragmatismo, inova\u00e7\u00e3o, harmonia e benef\u00edcio m\u00fatuo\u201d, realizou uma s\u00e9rie de aloca\u00e7\u00f5es de recursos e construiu uma plataforma de desenvolvimento eficiente.<\/p>\n<p> A empresa utiliza sistemas avan\u00e7ados de CAD (Projeto Assistido por Computador) e possui capacidades de usinagem com controle num\u00e9rico (NC) de \u00faltima gera\u00e7\u00e3o. Tamb\u00e9m recebeu honrarias como Empresa Confi\u00e1vel de Qualidade com Classifica\u00e7\u00e3o AAA, Empresa Certificada em Servi\u00e7o de Qualidade com Classifica\u00e7\u00e3o AAA e Empresa de Cr\u00e9dito com Classifica\u00e7\u00e3o AAA. Todos os produtos passaram pela certifica\u00e7\u00e3o nacional obrigat\u00f3ria de produtos, obtendo assim avalia\u00e7\u00f5es favor\u00e1veis por seu desempenho.<\/p>","protected":false},"excerpt":{"rendered":"<p>A empresa adere ao tema de desenvolvimento \u00abpragmatismo, inova\u00e7\u00e3o, harmonia e benef\u00edcio m\u00fatuo\u00bb, realizou uma s\u00e9rie de aloca\u00e7\u00f5es de recursos e construiu uma plataforma de desenvolvimento eficiente. A empresa utiliza sistemas avan\u00e7ados de CAD (Projeto Assistido por Computador) e disp\u00f5e de capacidades de usinagem com controle num\u00e9rico (NC) de \u00faltima gera\u00e7\u00e3o. Al\u00e9m disso, conquistou honrarias como empresa confi\u00e1vel com classifica\u00e7\u00e3o AAA em [\u2026]<\/p>","protected":false},"featured_media":1591,"template":"","meta":{"_acf_changed":false,"_seopress_robots_primary_cat":""},"product_brand":[],"product_cat":[62],"product_tag":[],"class_list":{"0":"post-1590","1":"product","2":"type-product","3":"status-publish","4":"has-post-thumbnail","6":"product_cat-distribution-box","8":"first","9":"instock","10":"shipping-taxable","11":"product-type-simple"},"acf":[],"_links":{"self":[{"href":"https:\/\/www.northpwr.cn\/pt\/wp-json\/wp\/v2\/product\/1590","targetHints":{"allow":["GET"]}}],"collection":[{"href":"https:\/\/www.northpwr.cn\/pt\/wp-json\/wp\/v2\/product"}],"about":[{"href":"https:\/\/www.northpwr.cn\/pt\/wp-json\/wp\/v2\/types\/product"}],"wp:featuredmedia":[{"embeddable":true,"href":"https:\/\/www.northpwr.cn\/pt\/wp-json\/wp\/v2\/media\/1591"}],"wp:attachment":[{"href":"https:\/\/www.northpwr.cn\/pt\/wp-json\/wp\/v2\/media?parent=1590"}],"wp:term":[{"taxonomy":"product_brand","embeddable":true,"href":"https:\/\/www.northpwr.cn\/pt\/wp-json\/wp\/v2\/product_brand?post=1590"},{"taxonomy":"product_cat","embeddable":true,"href":"https:\/\/www.northpwr.cn\/pt\/wp-json\/wp\/v2\/product_cat?post=1590"},{"taxonomy":"product_tag","embeddable":true,"href":"https:\/\/www.northpwr.cn\/pt\/wp-json\/wp\/v2\/product_tag?post=1590"}],"curies":[{"name":"wp","href":"https:\/\/api.w.org\/{rel}","templated":true}]}}