
{"id":1594,"date":"2025-12-03T11:04:49","date_gmt":"2025-12-03T03:04:49","guid":{"rendered":"https:\/\/www.northpwr.cn\/?post_type=product&p=1594"},"modified":"2025-12-03T11:04:49","modified_gmt":"2025-12-03T03:04:49","slug":"fyrmb-electricity-meter-box","status":"publish","type":"product","link":"https:\/\/www.northpwr.cn\/pt\/produto\/fyrmb-electricity-meter-box\/","title":{"rendered":"Caixa de medidor de eletricidade FYRMB"},"content":{"rendered":"<p data-cah=\"2\">A caixa do medidor de energia FYRMB \u00e9 composta principalmente por um corpo da caixa, disjuntor, disjuntor miniatura, medidor de eletricidade e concentrador, entre outros. \u00c9 amplamente utilizada em pontos comerciais, vilas, \u00e1reas residenciais e locais civis com alto consumo de energia e m\u00faltiplos usos de energia que exigem medi\u00e7\u00e3o independente nos n\u00edveis de tens\u00e3o AC 380V\/220V. Ela pode fornecer prote\u00e7\u00e3o contra sobrecarga e curto-circuito nas linhas.<\/p>\n<p> Vis\u00e3o geral<br \/> A caixa do medidor de energia el\u00e9trica FYRMB \u00e9 composta principalmente por um corpo da caixa, disjuntor, disjuntor miniatura, medidor de eletricidade e concentrador. \u00c9 amplamente utilizada em pontos comerciais, vilas, \u00e1reas residenciais e locais civis com alto consumo de energia e m\u00faltiplos usos de energia que exigem medi\u00e7\u00e3o independente nos n\u00edveis de tens\u00e3o AC 380V\/220V. Ela pode fornecer prote\u00e7\u00e3o contra sobrecarga e curto-circuito nas linhas.<br \/> Principais Caracter\u00edsticas Estruturais<br \/> \u2022 A carca\u00e7a \u00e9 feita de chapa de a\u00e7o laminada a frio dobrada e soldada, com pintura eletrost\u00e1tica na superf\u00edcie;<\/p>\n<p> \u2022 A caixa \u00e9 dividida em tr\u00eas partes: sala do interruptor de entrada, sala do medidor de eletricidade e sala do interruptor de sa\u00edda. Cada unidade \u00e9 separada por uma divis\u00f3ria e \u00e9 relativamente independente. Uma divis\u00f3ria protetora \u00e9 instalada na sala do interruptor de entrada para isolar o interruptor do corpo energizado;<\/p>\n<p> \u2022 Uma placa de policarbonato ou vidro org\u00e2nico transparente e um slot longo s\u00e3o instalados na porta da sala do medidor de eletricidade para facilitar a leitura de diversos dados e a inser\u00e7\u00e3o\/remo\u00e7\u00e3o de cart\u00f5es pelo usu\u00e1rio;<\/p>\n<p> \u2022 Um selo de chumbo ou uma trava com senha podem ser adicionados \u00e0 sala do medidor de eletricidade conforme as necessidades do usu\u00e1rio;<\/p>\n<p> \u2022 M\u00e9todo de instala\u00e7\u00e3o dos componentes: O interruptor \u00e9 instalado em um suporte galvanizado em forma de C, e a placa de montagem dos componentes \u00e9 uma placa galvanizada;<\/p>\n<p> \u2022 M\u00e9todo externo de entrada e sa\u00edda de linhas: Entrada superior e sa\u00edda inferior, ou entrada inferior e sa\u00edda superior, ou entradas no mesmo sentido;<\/p>\n<p> \u2022 Medidas de aterramento de prote\u00e7\u00e3o: H\u00e1 uma fileira dedicada PE na caixa, e uma marca \u00e9 afixada;<\/p>\n<p> \u2022 12 posi\u00e7\u00f5es para medidores (medidor de eletricidade monof\u00e1sico): dimens\u00f5es externas (altura \u00d7 largura \u00d7 profundidade) m: 1800 \u00d7 800 \u00d7 200, ou personalizadas conforme as necessidades do usu\u00e1rio.<br \/> Par\u00e2metros t\u00e9cnicos<\/p>\n<p> \u3000\u3000\u2022 Tens\u00e3o nominal de opera\u00e7\u00e3o: 380V\/220V<\/p>\n<p> \u3000\u3000\u2022 Tens\u00e3o nominal de isola\u00e7\u00e3o: 660V<\/p>\n<p> \u3000\u3000\u2022 Frequ\u00eancia nominal: 50Hz<\/p>\n<p> \u3000\u3000\u2022 Dist\u00e2ncia el\u00e9trica de isolamento: 5,5mm<\/p>\n<p> \u3000\u3000\u2022 Dist\u00e2ncia de fuga: 6,3mm<\/p>\n<p> \u3000\u3000\u2022 Corrente nominal do barramento principal: 16-250A<\/p>\n<p> \u2022 Capacidade nominal de corrente de curto-circuito da barramento principal: 4,5kA<\/p>\n<p> \u2022 Corrente nominal do circuito de sa\u00edda: 63A<\/p>\n<p> \u3000\u3000\u2022 N\u00edvel de prote\u00e7\u00e3o da caixa: IP20C<\/p>\n<p> Instru\u00e7\u00f5es de encomenda<br \/> \u3000\u3000Ao fazer o pedido, por favor especifique:<\/p>\n<p> \u2022 Especifica\u00e7\u00f5es do produto e n\u00fameros de modelo;<\/p>\n<p> \u2022 Diagrama do sistema do circuito principal e diagrama da disposi\u00e7\u00e3o interna do gabinete;<\/p>\n<p> \u2022 Diagrama do princ\u00edpio el\u00e9trico do circuito auxiliar;<\/p>\n<p> \u2022 Lista de componentes dentro do arm\u00e1rio (especifica\u00e7\u00f5es do barramento principal);<\/p>\n<p> \u2022 Cor da caixa (se n\u00e3o houver requisitos, ser\u00e1 fornecido cinza camelo claro), tamanho da caixa.<\/p>\n<p> \u2022 Outros requisitos especiais que n\u00e3o estejam em conformidade com as condi\u00e7\u00f5es normais de uso do produto<br \/> Principais caracter\u00edsticas<br \/> \u2022 Por favor, forne\u00e7a as seguintes informa\u00e7\u00f5es ao fazer o pedido:<\/p>\n<p> \u2022 Diagrama do sistema da estrutura principal e m\u00e9todo de instala\u00e7\u00e3o da caixa.<\/p>\n<p> \u2022 \u00c1rea de se\u00e7\u00e3o transversal dos cabos de entrada e sa\u00edda.<\/p>\n<p> \u2022 Modelo, especifica\u00e7\u00f5es e quantidade dos componentes el\u00e9tricos dentro do equipamento.<\/p>","protected":false},"excerpt":{"rendered":"<p>A caixa medidora de energia FYRMB \u00e9 composta principalmente por um corpo da caixa, disjuntor, disjuntor miniatura, medidor de eletricidade e concentrador, entre outros componentes. Ela \u00e9 amplamente utilizada em pontos comerciais, vilas, \u00e1reas residenciais e locais civis com alto consumo de energia e m\u00faltiplos usos de energia que exigem medi\u00e7\u00e3o independente nos n\u00edveis de tens\u00e3o AC 380V\/220V. Ela pode fornecer prote\u00e7\u00e3o contra sobrecarga [\u2026]<\/p>","protected":false},"featured_media":1595,"template":"","meta":{"_acf_changed":false,"_seopress_robots_primary_cat":""},"product_brand":[],"product_cat":[64],"product_tag":[],"class_list":{"0":"post-1594","1":"product","2":"type-product","3":"status-publish","4":"has-post-thumbnail","6":"product_cat-intelligent-bus-monitoring-system","8":"first","9":"instock","10":"shipping-taxable","11":"product-type-simple"},"acf":[],"_links":{"self":[{"href":"https:\/\/www.northpwr.cn\/pt\/wp-json\/wp\/v2\/product\/1594","targetHints":{"allow":["GET"]}}],"collection":[{"href":"https:\/\/www.northpwr.cn\/pt\/wp-json\/wp\/v2\/product"}],"about":[{"href":"https:\/\/www.northpwr.cn\/pt\/wp-json\/wp\/v2\/types\/product"}],"wp:featuredmedia":[{"embeddable":true,"href":"https:\/\/www.northpwr.cn\/pt\/wp-json\/wp\/v2\/media\/1595"}],"wp:attachment":[{"href":"https:\/\/www.northpwr.cn\/pt\/wp-json\/wp\/v2\/media?parent=1594"}],"wp:term":[{"taxonomy":"product_brand","embeddable":true,"href":"https:\/\/www.northpwr.cn\/pt\/wp-json\/wp\/v2\/product_brand?post=1594"},{"taxonomy":"product_cat","embeddable":true,"href":"https:\/\/www.northpwr.cn\/pt\/wp-json\/wp\/v2\/product_cat?post=1594"},{"taxonomy":"product_tag","embeddable":true,"href":"https:\/\/www.northpwr.cn\/pt\/wp-json\/wp\/v2\/product_tag?post=1594"}],"curies":[{"name":"wp","href":"https:\/\/api.w.org\/{rel}","templated":true}]}}