
{"id":125,"date":"2023-02-02T16:15:50","date_gmt":"2023-02-02T08:15:50","guid":{"rendered":"https:\/\/demo.gongjionline.com\/615997\/projects\/"},"modified":"2025-12-03T16:45:15","modified_gmt":"2025-12-03T08:45:15","slug":"industry-solutions","status":"publish","type":"page","link":"https:\/\/www.northpwr.cn\/tr\/industry-solutions\/","title":{"rendered":"Sekt\u00f6r \u00c7\u00f6z\u00fcmleri"},"content":{"rendered":"<div data-elementor-type=\"wp-page\" data-elementor-id=\"125\" class=\"elementor elementor-125\" data-elementor-post-type=\"page\">\n\t\t\t\t\t\t<section class=\"elementor-section elementor-top-section elementor-element elementor-element-1620c944 elementor-section-boxed elementor-section-height-default elementor-section-height-default\" data-id=\"1620c944\" data-element_type=\"section\" data-settings=\"{&quot;background_background&quot;:&quot;classic&quot;,&quot;background_motion_fx_motion_fx_scrolling&quot;:&quot;yes&quot;,&quot;background_motion_fx_translateY_effect&quot;:&quot;yes&quot;,&quot;background_motion_fx_translateY_direction&quot;:&quot;negative&quot;,&quot;_ob_glider_is_slider&quot;:&quot;no&quot;,&quot;background_motion_fx_translateY_speed&quot;:{&quot;unit&quot;:&quot;px&quot;,&quot;size&quot;:4,&quot;sizes&quot;:[]},&quot;background_motion_fx_translateY_affectedRange&quot;:{&quot;unit&quot;:&quot;%&quot;,&quot;size&quot;:&quot;&quot;,&quot;sizes&quot;:{&quot;start&quot;:0,&quot;end&quot;:100}},&quot;background_motion_fx_devices&quot;:[&quot;desktop&quot;,&quot;tablet&quot;,&quot;mobile&quot;]}\">\n\t\t\t\t\t\t\t<div class=\"elementor-background-overlay\"><\/div>\n\t\t\t\t\t\t\t<div class=\"elementor-container elementor-column-gap-default\">\n\t\t\t\t\t<div class=\"elementor-column elementor-col-100 elementor-top-column elementor-element elementor-element-d50bce\" data-id=\"d50bce\" data-element_type=\"column\">\n\t\t\t<div class=\"elementor-widget-wrap elementor-element-populated\">\n\t\t\t\t\t\t<div class=\"elementor-element elementor-element-87d9445 elementor-invisible elementor-widget elementor-widget-heading\" data-id=\"87d9445\" data-element_type=\"widget\" data-settings=\"{&quot;_animation&quot;:&quot;fadeInDown&quot;}\" data-widget_type=\"heading.default\">\n\t\t\t\t<div class=\"elementor-widget-container\">\n\t\t\t<style>\/*! elementor - v3.21.0 - 18-04-2024 *\/\n.elementor-heading-title{padding:0;margin:0;line-height:1}.elementor-widget-heading .elementor-heading-title[class*=elementor-size-]>a{color:inherit;font-size:inherit;line-height:inherit}.elementor-widget-heading .elementor-heading-title.elementor-size-small{font-size:15px}.elementor-widget-heading .elementor-heading-title.elementor-size-medium{font-size:19px}.elementor-widget-heading .elementor-heading-title.elementor-size-large{font-size:29px}.elementor-widget-heading .elementor-heading-title.elementor-size-xl{font-size:39px}.elementor-widget-heading .elementor-heading-title.elementor-size-xxl{font-size:59px}<\/style><h2 class=\"elementor-heading-title elementor-size-default\">Sekt\u00f6r \u00c7\u00f6z\u00fcmleri <\/h2>\t\t<\/div>\n\t\t\t\t<\/div>\n\t\t\t\t<div class=\"elementor-element elementor-element-7f476e8 elementor-widget elementor-widget-text-editor\" data-id=\"7f476e8\" data-element_type=\"widget\" data-widget_type=\"text-editor.default\">\n\t\t\t\t<div class=\"elementor-widget-container\">\n\t\t\t<style>\/*! elementor - v3.21.0 - 18-04-2024 *\/\n.elementor-widget-text-editor.elementor-drop-cap-view-stacked .elementor-drop-cap{background-color:#69727d;color:#fff}.elementor-widget-text-editor.elementor-drop-cap-view-framed .elementor-drop-cap{color:#69727d;border:3px solid;background-color:transparent}.elementor-widget-text-editor:not(.elementor-drop-cap-view-default) .elementor-drop-cap{margin-top:8px}.elementor-widget-text-editor:not(.elementor-drop-cap-view-default) .elementor-drop-cap-letter{width:1em;height:1em}.elementor-widget-text-editor .elementor-drop-cap{float:left;text-align:center;line-height:1;font-size:50px}.elementor-widget-text-editor .elementor-drop-cap-letter{display:inline-block}<\/style>\t\t\t\t<p>\u015eirket, ara\u015ft\u0131rma ve geli\u015ftirme, tasar\u0131m, imalat ve tam setli iletim ve da\u011f\u0131t\u0131m ekipmanlar\u0131n\u0131n sat\u0131\u015f\u0131n\u0131 entegre eden bir \u00fcretim kurulu\u015fudur.<\/p>\t\t\t\t\t\t<\/div>\n\t\t\t\t<\/div>\n\t\t\t\t\t<\/div>\n\t\t<\/div>\n\t\t\t\t\t<\/div>\n\t\t<\/section>\n\t\t\t\t<section class=\"elementor-section elementor-top-section elementor-element elementor-element-7ae46b06 elementor-section-content-middle elementor-section-boxed elementor-section-height-default elementor-section-height-default\" data-id=\"7ae46b06\" data-element_type=\"section\" data-settings=\"{&quot;background_background&quot;:&quot;classic&quot;,&quot;_ob_glider_is_slider&quot;:&quot;no&quot;}\">\n\t\t\t\t\t\t<div class=\"elementor-container elementor-column-gap-default\">\n\t\t\t\t\t<div class=\"elementor-column elementor-col-100 elementor-top-column elementor-element elementor-element-41ca13f\" data-id=\"41ca13f\" data-element_type=\"column\">\n\t\t\t<div class=\"elementor-widget-wrap elementor-element-populated\">\n\t\t\t\t\t\t<div class=\"elementor-element elementor-element-89dcf49 elementor-icon-list--layout-inline elementor-align-right elementor-list-item-link-full_width elementor-invisible elementor-widget elementor-widget-icon-list\" data-id=\"89dcf49\" data-element_type=\"widget\" data-settings=\"{&quot;_animation&quot;:&quot;fadeInLeft&quot;}\" data-widget_type=\"icon-list.default\">\n\t\t\t\t<div class=\"elementor-widget-container\">\n\t\t\t<link rel=\"stylesheet\" href=\"https:\/\/www.northpwr.cn\/wp-content\/plugins\/elementor\/assets\/css\/widget-icon-list.min.css\">\t\t<ul class=\"elementor-icon-list-items elementor-inline-items\">\n\t\t\t\t\t\t\t<li class=\"elementor-icon-list-item elementor-inline-item\">\n\t\t\t\t\t\t\t\t\t\t\t<a href=\"#\">\n\n\t\t\t\t\t\t\t\t\t\t\t<span class=\"elementor-icon-list-text\">Ana Sayfa<\/span>\n\t\t\t\t\t\t\t\t\t\t\t<\/a>\n\t\t\t\t\t\t\t\t\t<\/li>\n\t\t\t\t\t\t\t\t<li class=\"elementor-icon-list-item elementor-inline-item\">\n\t\t\t\t\t\t\t\t\t\t\t<span class=\"elementor-icon-list-icon\">\n\t\t\t\t\t\t\t<i aria-hidden=\"true\" class=\"arrow_carrot-2right\"><\/i>\t\t\t\t\t\t<\/span>\n\t\t\t\t\t\t\t\t\t\t<span class=\"elementor-icon-list-text\"><\/span>\n\t\t\t\t\t\t\t\t\t<\/li>\n\t\t\t\t\t\t<\/ul>\n\t\t\t\t<\/div>\n\t\t\t\t<\/div>\n\t\t\t\t\t<\/div>\n\t\t<\/div>\n\t\t\t\t\t<\/div>\n\t\t<\/section>\n\t\t<div class=\"elementor-element elementor-element-0a9ce1d e-flex e-con-boxed e-con e-parent\" data-id=\"0a9ce1d\" data-element_type=\"container\">\n\t\t\t\t\t<div class=\"e-con-inner\">\n\t\t<div class=\"elementor-element elementor-element-5aa0642 e-con-full e-flex e-con e-child\" data-id=\"5aa0642\" data-element_type=\"container\">\n\t\t\t\t<div class=\"elementor-element elementor-element-998a6ff elementor-cta--skin-cover elementor-animated-content elementor-bg-transform elementor-bg-transform-zoom-in elementor-widget elementor-widget-call-to-action\" data-id=\"998a6ff\" data-element_type=\"widget\" data-widget_type=\"call-to-action.default\">\n\t\t\t\t<div class=\"elementor-widget-container\">\n\t\t\t<link rel=\"stylesheet\" href=\"https:\/\/www.northpwr.cn\/wp-content\/plugins\/elementor-pro\/assets\/css\/widget-call-to-action.min.css\">\t\t<a class=\"elementor-cta\" href=\"#\">\n\t\t\t\t\t<div class=\"elementor-cta__bg-wrapper\">\n\t\t\t\t<div class=\"elementor-cta__bg elementor-bg\" style=\"background-image: url(https:\/\/www.northpwr.cn\/wp-content\/uploads\/sites\/566\/2025\/12\/Power-Industry.jpg);\" role=\"img\" aria-label=\"Elektrik End\u00fcstrisi\"><\/div>\n\t\t\t\t<div class=\"elementor-cta__bg-overlay\"><\/div>\n\t\t\t<\/div>\n\t\t\t\t\t\t\t<div class=\"elementor-cta__content\">\n\t\t\t\t\t\t\t\t\t<div class=\"elementor-content-item elementor-cta__content-item elementor-icon-wrapper elementor-cta__icon elementor-view-default elementor-animated-item--enter-from-top\">\n\t\t\t\t\t\t<div class=\"elementor-icon\">\n\t\t\t\t\t\t\t<i aria-hidden=\"true\" class=\"mdi mdi-plus\"><\/i>\t\t\t\t\t\t<\/div>\n\t\t\t\t\t<\/div>\n\t\t\t\t\n\t\t\t\t\n\t\t\t\t\n\t\t\t\t\t\t\t<\/div>\n\t\t\t\t\t\t<\/a>\n\t\t\t\t<\/div>\n\t\t\t\t<\/div>\n\t\t\t\t<\/div>\n\t\t<div class=\"elementor-element elementor-element-1bd812f e-con-full e-flex e-con e-child\" data-id=\"1bd812f\" data-element_type=\"container\">\n\t\t\t\t<div class=\"elementor-element elementor-element-e2e12e8 elementor-widget elementor-widget-heading\" data-id=\"e2e12e8\" data-element_type=\"widget\" data-widget_type=\"heading.default\">\n\t\t\t\t<div class=\"elementor-widget-container\">\n\t\t\t<div class=\"elementor-heading-title elementor-size-default\">Elektrik End\u00fcstrisi<\/div>\t\t<\/div>\n\t\t\t\t<\/div>\n\t\t\t\t<div class=\"elementor-element elementor-element-f837b6b elementor-widget elementor-widget-text-editor\" data-id=\"f837b6b\" data-element_type=\"widget\" data-widget_type=\"text-editor.default\">\n\t\t\t\t<div class=\"elementor-widget-container\">\n\t\t\t\t\t\t\t<p>Elektrik \u00fcretimi, iletimi ve da\u011f\u0131t\u0131m\u0131nda g\u00fcvenilir g\u00fc\u00e7 iletim ekipmanlar\u0131 vazge\u00e7ilmezdir. Bus duct sistemlerimiz, enerji santralleri ve trafo merkezleri i\u00e7in uygundur; g\u00fc\u00e7 iletimi ve da\u011f\u0131t\u0131m\u0131nda g\u00fcvenli ve verimli \u00e7\u00f6z\u00fcmler sunar. Geli\u015fmi\u015f teknoloji ve y\u00fcksek kaliteli \u00fcr\u00fcnler sayesinde, enerji end\u00fcstrisinin ekipman g\u00fcvenilirli\u011fi, korozyon direnci ve elektriksel performans gibi s\u0131k\u0131 gereksinimlerini kar\u015f\u0131l\u0131yor, b\u00f6ylece enerji sistemlerinin istikrarl\u0131 \u00e7al\u0131\u015fmas\u0131n\u0131 garanti ediyoruz.<\/p>\t\t\t\t\t\t<\/div>\n\t\t\t\t<\/div>\n\t\t\t\t<\/div>\n\t\t<div class=\"elementor-element elementor-element-f755eaf e-con-full e-flex e-con e-child\" data-id=\"f755eaf\" data-element_type=\"container\">\n\t\t\t\t<div class=\"elementor-element elementor-element-f740899 elementor-widget elementor-widget-heading\" data-id=\"f740899\" data-element_type=\"widget\" data-widget_type=\"heading.default\">\n\t\t\t\t<div class=\"elementor-widget-container\">\n\t\t\t<div class=\"elementor-heading-title elementor-size-default\">\u0130n\u015faat End\u00fcstrisi <\/div>\t\t<\/div>\n\t\t\t\t<\/div>\n\t\t\t\t<div class=\"elementor-element elementor-element-75386a0 elementor-widget elementor-widget-text-editor\" data-id=\"75386a0\" data-element_type=\"widget\" data-widget_type=\"text-editor.default\">\n\t\t\t\t<div class=\"elementor-widget-container\">\n\t\t\t\t\t\t\t<p>Ticari binalar, ofis kuleleri, oteller ve di\u011fer b\u00fcy\u00fck yap\u0131lar i\u00e7in elektrik ekipmanlar\u0131, ayd\u0131nlatma sistemleri ve HVAC sistemleri g\u00fcvenilir enerji kayna\u011f\u0131na ihtiya\u00e7 duyar. Bus duct sistemlerimiz, binalardaki elektrik y\u00fckselti hatlar\u0131 ve \u015falter odalar\u0131 i\u00e7in idealdir; dikey ve yatay g\u00fc\u00e7 da\u011f\u0131t\u0131m\u0131n\u0131 sa\u011flar. Kolay kurulum, kompakt tasar\u0131m ve m\u00fckemmel \u0131s\u0131 da\u011f\u0131l\u0131m\u0131 \u00f6zellikleriyle, bina elektrik sistemlerinin g\u00fc\u00e7 da\u011f\u0131t\u0131m ihtiya\u00e7lar\u0131n\u0131 kar\u015f\u0131lar.<\/p>\t\t\t\t\t\t<\/div>\n\t\t\t\t<\/div>\n\t\t\t\t<\/div>\n\t\t<div class=\"elementor-element elementor-element-3731457 e-con-full e-flex e-con e-child\" data-id=\"3731457\" data-element_type=\"container\">\n\t\t\t\t<div class=\"elementor-element elementor-element-5918172 elementor-cta--skin-cover elementor-animated-content elementor-bg-transform elementor-bg-transform-zoom-in elementor-widget elementor-widget-call-to-action\" data-id=\"5918172\" data-element_type=\"widget\" data-widget_type=\"call-to-action.default\">\n\t\t\t\t<div class=\"elementor-widget-container\">\n\t\t\t\t\t<a class=\"elementor-cta\" href=\"#\">\n\t\t\t\t\t<div class=\"elementor-cta__bg-wrapper\">\n\t\t\t\t<div class=\"elementor-cta__bg elementor-bg\" style=\"background-image: url(https:\/\/www.northpwr.cn\/wp-content\/uploads\/sites\/566\/2025\/12\/Construction-Industry.jpg);\" role=\"img\" aria-label=\"\u0130n\u015faat End\u00fcstrisi\"><\/div>\n\t\t\t\t<div class=\"elementor-cta__bg-overlay\"><\/div>\n\t\t\t<\/div>\n\t\t\t\t\t\t\t<div class=\"elementor-cta__content\">\n\t\t\t\t\t\t\t\t\t<div class=\"elementor-content-item elementor-cta__content-item elementor-icon-wrapper elementor-cta__icon elementor-view-default elementor-animated-item--enter-from-top\">\n\t\t\t\t\t\t<div class=\"elementor-icon\">\n\t\t\t\t\t\t\t<i aria-hidden=\"true\" class=\"mdi mdi-plus\"><\/i>\t\t\t\t\t\t<\/div>\n\t\t\t\t\t<\/div>\n\t\t\t\t\n\t\t\t\t\n\t\t\t\t\n\t\t\t\t\t\t\t<\/div>\n\t\t\t\t\t\t<\/a>\n\t\t\t\t<\/div>\n\t\t\t\t<\/div>\n\t\t\t\t<\/div>\n\t\t<div class=\"elementor-element elementor-element-53a7448 e-con-full e-flex e-con e-child\" data-id=\"53a7448\" data-element_type=\"container\">\n\t\t\t\t<div class=\"elementor-element elementor-element-d35b390 elementor-cta--skin-cover elementor-animated-content elementor-bg-transform elementor-bg-transform-zoom-in elementor-widget elementor-widget-call-to-action\" data-id=\"d35b390\" data-element_type=\"widget\" data-widget_type=\"call-to-action.default\">\n\t\t\t\t<div class=\"elementor-widget-container\">\n\t\t\t\t\t<a class=\"elementor-cta\" href=\"#\">\n\t\t\t\t\t<div class=\"elementor-cta__bg-wrapper\">\n\t\t\t\t<div class=\"elementor-cta__bg elementor-bg\" style=\"background-image: url(https:\/\/www.northpwr.cn\/wp-content\/uploads\/sites\/566\/2025\/12\/Data-Center-Industry.jpg);\" role=\"img\" aria-label=\"Veri Merkezi End\u00fcstrisi\"><\/div>\n\t\t\t\t<div class=\"elementor-cta__bg-overlay\"><\/div>\n\t\t\t<\/div>\n\t\t\t\t\t\t\t<div class=\"elementor-cta__content\">\n\t\t\t\t\t\t\t\t\t<div class=\"elementor-content-item elementor-cta__content-item elementor-icon-wrapper elementor-cta__icon elementor-view-default elementor-animated-item--enter-from-top\">\n\t\t\t\t\t\t<div class=\"elementor-icon\">\n\t\t\t\t\t\t\t<i aria-hidden=\"true\" class=\"mdi mdi-plus\"><\/i>\t\t\t\t\t\t<\/div>\n\t\t\t\t\t<\/div>\n\t\t\t\t\n\t\t\t\t\n\t\t\t\t\n\t\t\t\t\t\t\t<\/div>\n\t\t\t\t\t\t<\/a>\n\t\t\t\t<\/div>\n\t\t\t\t<\/div>\n\t\t\t\t<\/div>\n\t\t<div class=\"elementor-element elementor-element-6529232 e-con-full e-flex e-con e-child\" data-id=\"6529232\" data-element_type=\"container\">\n\t\t\t\t<div class=\"elementor-element elementor-element-ab2127c elementor-widget elementor-widget-heading\" data-id=\"ab2127c\" data-element_type=\"widget\" data-widget_type=\"heading.default\">\n\t\t\t\t<div class=\"elementor-widget-container\">\n\t\t\t<div class=\"elementor-heading-title elementor-size-default\">Veri Merkezi End\u00fcstrisi <\/div>\t\t<\/div>\n\t\t\t\t<\/div>\n\t\t\t\t<div class=\"elementor-element elementor-element-d3ea929 elementor-widget elementor-widget-text-editor\" data-id=\"d3ea929\" data-element_type=\"widget\" data-widget_type=\"text-editor.default\">\n\t\t\t\t<div class=\"elementor-widget-container\">\n\t\t\t\t\t\t\t<p>Veri merkezi operasyonlar\u0131, istikrarl\u0131 ve g\u00fcvenilir enerji kayna\u011f\u0131na ihtiya\u00e7 duyar; bus duct termal y\u00f6netimi, ak\u0131m ta\u015f\u0131ma kapasitesi ve g\u00fcvenilirlik a\u00e7\u0131s\u0131ndan y\u00fcksek gereksinimler ta\u015f\u0131r. Veri merkezlerindeki y\u00fcksek y\u00fck durumlar\u0131nda etkin \u0131s\u0131 y\u00f6netimini sa\u011flayan, verimli termal y\u00f6netim teknolojisiyle donat\u0131lm\u0131\u015f bus duct \u00fcr\u00fcnleri, sistemin istikrar\u0131n\u0131 garanti eder ve g\u00fcvenilir g\u00fc\u00e7 da\u011f\u0131t\u0131m \u00e7\u00f6z\u00fcmleri sunar.<\/p>\t\t\t\t\t\t<\/div>\n\t\t\t\t<\/div>\n\t\t\t\t<\/div>\n\t\t<div class=\"elementor-element elementor-element-8942ec5 e-con-full e-flex e-con e-child\" data-id=\"8942ec5\" data-element_type=\"container\">\n\t\t\t\t<div class=\"elementor-element elementor-element-1008f57 elementor-widget elementor-widget-heading\" data-id=\"1008f57\" data-element_type=\"widget\" data-widget_type=\"heading.default\">\n\t\t\t\t<div class=\"elementor-widget-container\">\n\t\t\t<div class=\"elementor-heading-title elementor-size-default\">End\u00fcstriyel Otomasyon Sekt\u00f6r\u00fc <\/div>\t\t<\/div>\n\t\t\t\t<\/div>\n\t\t\t\t<div class=\"elementor-element elementor-element-bbb7bb2 elementor-widget elementor-widget-text-editor\" data-id=\"bbb7bb2\" data-element_type=\"widget\" data-widget_type=\"text-editor.default\">\n\t\t\t\t<div class=\"elementor-widget-container\">\n\t\t\t\t\t\t\t<p>End\u00fcstriyel otomasyon \u00fcretim hatlar\u0131, karma\u015f\u0131k g\u00fc\u00e7 taleplerine sahip \u00e7ok say\u0131da cihaz i\u00e7erir; bu nedenle verimli g\u00fc\u00e7 da\u011f\u0131t\u0131m ve iletimi i\u00e7in y\u00fcksek kaliteli bus duct sistemlerine ihtiya\u00e7 duyulur. Bus duct \u00fcr\u00fcnlerimiz, end\u00fcstriyel otomasyon senaryolar\u0131n\u0131n istikrar, g\u00fcvenlik ve verimlilik gereksinimlerini kar\u015f\u0131l\u0131yor; stabil \u00fcretim hatlar\u0131 i\u015fletimini destekleyerek \u00fcretkenli\u011fi art\u0131r\u0131yor ve \u00fcr\u00fcn kalitesini iyile\u015ftiriyor.<\/p>\t\t\t\t\t\t<\/div>\n\t\t\t\t<\/div>\n\t\t\t\t<\/div>\n\t\t<div class=\"elementor-element elementor-element-462ae25 e-con-full e-flex e-con e-child\" data-id=\"462ae25\" data-element_type=\"container\">\n\t\t\t\t<div class=\"elementor-element elementor-element-4b586fb elementor-cta--skin-cover elementor-animated-content elementor-bg-transform elementor-bg-transform-zoom-in elementor-widget elementor-widget-call-to-action\" data-id=\"4b586fb\" data-element_type=\"widget\" data-widget_type=\"call-to-action.default\">\n\t\t\t\t<div class=\"elementor-widget-container\">\n\t\t\t\t\t<a class=\"elementor-cta\" href=\"#\">\n\t\t\t\t\t<div class=\"elementor-cta__bg-wrapper\">\n\t\t\t\t<div class=\"elementor-cta__bg elementor-bg\" style=\"background-image: url(https:\/\/www.northpwr.cn\/wp-content\/uploads\/sites\/566\/2025\/12\/Industrial-Automation-Industry.jpg);\" role=\"img\" aria-label=\"End\u00fcstriyel Otomasyon Sekt\u00f6r\u00fc\"><\/div>\n\t\t\t\t<div class=\"elementor-cta__bg-overlay\"><\/div>\n\t\t\t<\/div>\n\t\t\t\t\t\t\t<div class=\"elementor-cta__content\">\n\t\t\t\t\t\t\t\t\t<div class=\"elementor-content-item elementor-cta__content-item elementor-icon-wrapper elementor-cta__icon elementor-view-default elementor-animated-item--enter-from-top\">\n\t\t\t\t\t\t<div class=\"elementor-icon\">\n\t\t\t\t\t\t\t<i aria-hidden=\"true\" class=\"mdi mdi-plus\"><\/i>\t\t\t\t\t\t<\/div>\n\t\t\t\t\t<\/div>\n\t\t\t\t\n\t\t\t\t\n\t\t\t\t\n\t\t\t\t\t\t\t<\/div>\n\t\t\t\t\t\t<\/a>\n\t\t\t\t<\/div>\n\t\t\t\t<\/div>\n\t\t\t\t<\/div>\n\t\t\t\t\t<\/div>\n\t\t\t\t<\/div>\n\t\t\t\t<\/div>","protected":false},"excerpt":{"rendered":"<p>End\u00fcstri \u00c7\u00f6z\u00fcmleri \u015eirket, iletim ve da\u011f\u0131t\u0131m ekipmanlar\u0131n\u0131n tam setlerinin ara\u015ft\u0131rma-geli\u015ftirme, tasar\u0131m, imalat ve sat\u0131\u015f\u0131n\u0131 entegre eden bir \u00fcretim kurulu\u015fudur. Ev Enerjisi End\u00fcstrisi Elektrik \u00fcretimi, iletimi ve da\u011f\u0131t\u0131m\u0131nda g\u00fcvenilir g\u00fc\u00e7 iletim ekipmanlar\u0131 vazge\u00e7ilmezdir. Bus duct sistemlerimiz, enerji santralleri ve trafo merkezleri i\u00e7in uygundur; g\u00fcvenli ve verimli [\u2026]<\/p>","protected":false},"author":2,"featured_media":0,"parent":0,"menu_order":0,"comment_status":"closed","ping_status":"closed","template":"elementor_header_footer","meta":{"_acf_changed":false,"_seopress_robots_primary_cat":"","footnotes":""},"class_list":["post-125","page","type-page","status-publish","hentry"],"acf":[],"_links":{"self":[{"href":"https:\/\/www.northpwr.cn\/tr\/wp-json\/wp\/v2\/pages\/125","targetHints":{"allow":["GET"]}}],"collection":[{"href":"https:\/\/www.northpwr.cn\/tr\/wp-json\/wp\/v2\/pages"}],"about":[{"href":"https:\/\/www.northpwr.cn\/tr\/wp-json\/wp\/v2\/types\/page"}],"author":[{"embeddable":true,"href":"https:\/\/www.northpwr.cn\/tr\/wp-json\/wp\/v2\/users\/2"}],"replies":[{"embeddable":true,"href":"https:\/\/www.northpwr.cn\/tr\/wp-json\/wp\/v2\/comments?post=125"}],"version-history":[{"count":26,"href":"https:\/\/www.northpwr.cn\/tr\/wp-json\/wp\/v2\/pages\/125\/revisions"}],"predecessor-version":[{"id":1704,"href":"https:\/\/www.northpwr.cn\/tr\/wp-json\/wp\/v2\/pages\/125\/revisions\/1704"}],"wp:attachment":[{"href":"https:\/\/www.northpwr.cn\/tr\/wp-json\/wp\/v2\/media?parent=125"}],"curies":[{"name":"wp","href":"https:\/\/api.w.org\/{rel}","templated":true}]}}