
{"id":955,"date":"2024-08-07T11:06:28","date_gmt":"2024-08-07T03:06:28","guid":{"rendered":"https:\/\/www.northpwr.cn\/?page_id=955"},"modified":"2025-12-03T16:44:31","modified_gmt":"2025-12-03T08:44:31","slug":"blogs","status":"publish","type":"page","link":"https:\/\/www.northpwr.cn\/tr\/blogs\/","title":{"rendered":"Bloglar"},"content":{"rendered":"<div data-elementor-type=\"wp-page\" data-elementor-id=\"955\" class=\"elementor elementor-955\" data-elementor-post-type=\"page\">\n\t\t\t\t<div class=\"elementor-element elementor-element-43b2a7b e-con-full e-flex e-con e-parent\" data-id=\"43b2a7b\" data-element_type=\"container\">\n\t\t<div class=\"elementor-element elementor-element-7d6cf94 e-con-full e-flex e-con e-child\" data-id=\"7d6cf94\" data-element_type=\"container\" data-settings=\"{&quot;background_background&quot;:&quot;classic&quot;}\">\n\t\t<div class=\"elementor-element elementor-element-54c818d e-flex e-con-boxed e-con e-child\" data-id=\"54c818d\" data-element_type=\"container\">\n\t\t\t\t\t<div class=\"e-con-inner\">\n\t\t\t\t<div class=\"elementor-element elementor-element-cc91a5c elementor-invisible elementor-widget elementor-widget-heading\" data-id=\"cc91a5c\" data-element_type=\"widget\" data-settings=\"{&quot;_animation&quot;:&quot;fadeInDown&quot;}\" data-widget_type=\"heading.default\">\n\t\t\t\t<div class=\"elementor-widget-container\">\n\t\t\t<style>\/*! elementor - v3.21.0 - 18-04-2024 *\/\n.elementor-heading-title{padding:0;margin:0;line-height:1}.elementor-widget-heading .elementor-heading-title[class*=elementor-size-]>a{color:inherit;font-size:inherit;line-height:inherit}.elementor-widget-heading .elementor-heading-title.elementor-size-small{font-size:15px}.elementor-widget-heading .elementor-heading-title.elementor-size-medium{font-size:19px}.elementor-widget-heading .elementor-heading-title.elementor-size-large{font-size:29px}.elementor-widget-heading .elementor-heading-title.elementor-size-xl{font-size:39px}.elementor-widget-heading .elementor-heading-title.elementor-size-xxl{font-size:59px}<\/style><h2 class=\"elementor-heading-title elementor-size-default\">Bloglar<\/h2>\t\t<\/div>\n\t\t\t\t<\/div>\n\t\t\t\t\t<\/div>\n\t\t\t\t<\/div>\n\t\t\t\t<\/div>\n\t\t\t\t<\/div>\n\t\t<div class=\"elementor-element elementor-element-ec1a196 e-flex e-con-boxed e-con e-parent\" data-id=\"ec1a196\" data-element_type=\"container\" data-settings=\"{&quot;background_background&quot;:&quot;classic&quot;}\">\n\t\t\t\t\t<div class=\"e-con-inner\">\n\t\t\t\t<div class=\"elementor-element elementor-element-36348ae elementor-icon-list--layout-inline elementor-align-right elementor-list-item-link-full_width elementor-invisible elementor-widget elementor-widget-icon-list\" data-id=\"36348ae\" data-element_type=\"widget\" data-settings=\"{&quot;_animation&quot;:&quot;fadeInLeft&quot;}\" data-widget_type=\"icon-list.default\">\n\t\t\t\t<div class=\"elementor-widget-container\">\n\t\t\t<link rel=\"stylesheet\" href=\"https:\/\/www.northpwr.cn\/wp-content\/plugins\/elementor\/assets\/css\/widget-icon-list.min.css\">\t\t<ul class=\"elementor-icon-list-items elementor-inline-items\">\n\t\t\t\t\t\t\t<li class=\"elementor-icon-list-item elementor-inline-item\">\n\t\t\t\t\t\t\t\t\t\t\t<a href=\"#\">\n\n\t\t\t\t\t\t\t\t\t\t\t<span class=\"elementor-icon-list-text\">Ana Sayfa<\/span>\n\t\t\t\t\t\t\t\t\t\t\t<\/a>\n\t\t\t\t\t\t\t\t\t<\/li>\n\t\t\t\t\t\t\t\t<li class=\"elementor-icon-list-item elementor-inline-item\">\n\t\t\t\t\t\t\t\t\t\t\t<span class=\"elementor-icon-list-icon\">\n\t\t\t\t\t\t\t<i aria-hidden=\"true\" class=\"arrow_carrot-2right\"><\/i>\t\t\t\t\t\t<\/span>\n\t\t\t\t\t\t\t\t\t\t<span class=\"elementor-icon-list-text\"><\/span>\n\t\t\t\t\t\t\t\t\t<\/li>\n\t\t\t\t\t\t<\/ul>\n\t\t\t\t<\/div>\n\t\t\t\t<\/div>\n\t\t\t\t\t<\/div>\n\t\t\t\t<\/div>\n\t\t<div class=\"elementor-element elementor-element-db156b0 e-flex e-con-boxed e-con e-parent\" data-id=\"db156b0\" data-element_type=\"container\">\n\t\t\t\t\t<div class=\"e-con-inner\">\n\t\t\t\t<div class=\"elementor-element elementor-element-03a82d5 elementor-grid-3 elementor-grid-tablet-2 elementor-grid-mobile-1 elementor-posts--thumbnail-top elementor-card-shadow-yes elementor-posts__hover-gradient elementor-widget elementor-widget-posts\" data-id=\"03a82d5\" data-element_type=\"widget\" data-settings=\"{&quot;cards_columns&quot;:&quot;3&quot;,&quot;cards_columns_tablet&quot;:&quot;2&quot;,&quot;cards_columns_mobile&quot;:&quot;1&quot;,&quot;cards_row_gap&quot;:{&quot;unit&quot;:&quot;px&quot;,&quot;size&quot;:35,&quot;sizes&quot;:[]},&quot;cards_row_gap_tablet&quot;:{&quot;unit&quot;:&quot;px&quot;,&quot;size&quot;:&quot;&quot;,&quot;sizes&quot;:[]},&quot;cards_row_gap_mobile&quot;:{&quot;unit&quot;:&quot;px&quot;,&quot;size&quot;:&quot;&quot;,&quot;sizes&quot;:[]}}\" data-widget_type=\"posts.cards\">\n\t\t\t\t<div class=\"elementor-widget-container\">\n\t\t\t<link rel=\"stylesheet\" href=\"https:\/\/www.northpwr.cn\/wp-content\/plugins\/elementor-pro\/assets\/css\/widget-posts.min.css\">\t\t<div class=\"elementor-posts-container elementor-posts elementor-posts--skin-cards elementor-grid\">\n\t\t\t\t<article class=\"elementor-post elementor-grid-item post-1677 post type-post status-publish format-standard has-post-thumbnail hentry category-industry-news\">\n\t\t\t<div class=\"elementor-post__card\">\n\t\t\t\t<a class=\"elementor-post__thumbnail__link\" href=\"https:\/\/www.northpwr.cn\/tr\/industry-news\/requirements-for-the-installation-of-substations\/\" tabindex=\"-1\" ><div class=\"elementor-post__thumbnail\"><img fetchpriority=\"high\" decoding=\"async\" width=\"800\" height=\"600\" src=\"https:\/\/www.northpwr.cn\/wp-content\/uploads\/sites\/566\/2025\/12\/f06338bc-9cd8-4ea4-af46-583c4c0b3712.png\" class=\"attachment-full size-full wp-image-1680\" alt=\"\" srcset=\"https:\/\/www.northpwr.cn\/wp-content\/uploads\/sites\/566\/2025\/12\/f06338bc-9cd8-4ea4-af46-583c4c0b3712.png 800w, https:\/\/www.northpwr.cn\/wp-content\/uploads\/sites\/566\/2025\/12\/f06338bc-9cd8-4ea4-af46-583c4c0b3712-768x576.png 768w, https:\/\/www.northpwr.cn\/wp-content\/uploads\/sites\/566\/2025\/12\/f06338bc-9cd8-4ea4-af46-583c4c0b3712-16x12.png 16w, https:\/\/www.northpwr.cn\/wp-content\/uploads\/sites\/566\/2025\/12\/f06338bc-9cd8-4ea4-af46-583c4c0b3712-600x450.png 600w\" sizes=\"(max-width: 800px) 100vw, 800px\" \/><\/div><\/a>\n\t\t\t\t<div class=\"elementor-post__badge\">Sekt\u00f6r Haberleri<\/div>\n\t\t\t\t<div class=\"elementor-post__text\">\n\t\t\t\t<h3 class=\"elementor-post__title\">\n\t\t\t<a href=\"https:\/\/www.northpwr.cn\/tr\/industry-news\/requirements-for-the-installation-of-substations\/\" >\n\t\t\t\tTrafo merkezlerinin kurulumu i\u00e7in gereksinimler\t\t\t<\/a>\n\t\t<\/h3>\n\t\t\t\t<div class=\"elementor-post__excerpt\">\n\t\t\t<p>\u015eebekenin yap\u0131sal tasar\u0131m\u0131 ve ekipman d\u00fczenlemesi genel olarak a\u015fa\u011f\u0131daki gereksinimlere sahiptir: (1) Zemin kat\u0131nda yer alan 10 kV'lu \u015febekenin yan\u0131ndaki<\/p>\n\t\t<\/div>\n\t\t\n\t\t<a class=\"elementor-post__read-more\" href=\"https:\/\/www.northpwr.cn\/tr\/industry-news\/requirements-for-the-installation-of-substations\/\" aria-label=\"Alt istasyonlar\u0131n kurulumu i\u00e7in gereksinimler hakk\u0131nda daha fazla bilgi al\u0131n\" tabindex=\"-1\" >\n\t\t\tDaha Fazla Oku \u00bb\t\t<\/a>\n\n\t\t\t\t<\/div>\n\t\t\t\t<div class=\"elementor-post__meta-data\">\n\t\t\t\t\t<span class=\"elementor-post-date\">\n\t\t\t03\/12\/2025\t\t<\/span>\n\t\t\t\t<\/div>\n\t\t\t\t\t<\/div>\n\t\t<\/article>\n\t\t\t\t<article class=\"elementor-post elementor-grid-item post-1672 post type-post status-publish format-standard has-post-thumbnail hentry category-industry-news\">\n\t\t\t<div class=\"elementor-post__card\">\n\t\t\t\t<a class=\"elementor-post__thumbnail__link\" href=\"https:\/\/www.northpwr.cn\/tr\/industry-news\/the-reason-for-the-heating-up-of-the-high-voltage-switchgear-when-it-is-energized\/\" tabindex=\"-1\" ><div class=\"elementor-post__thumbnail\"><img decoding=\"async\" width=\"800\" height=\"600\" src=\"https:\/\/www.northpwr.cn\/wp-content\/uploads\/sites\/566\/2025\/12\/d11b681a-0d5a-47d9-8ecd-c82137fa26f5.png\" class=\"attachment-full size-full wp-image-1676\" alt=\"\" srcset=\"https:\/\/www.northpwr.cn\/wp-content\/uploads\/sites\/566\/2025\/12\/d11b681a-0d5a-47d9-8ecd-c82137fa26f5.png 800w, https:\/\/www.northpwr.cn\/wp-content\/uploads\/sites\/566\/2025\/12\/d11b681a-0d5a-47d9-8ecd-c82137fa26f5-768x576.png 768w, https:\/\/www.northpwr.cn\/wp-content\/uploads\/sites\/566\/2025\/12\/d11b681a-0d5a-47d9-8ecd-c82137fa26f5-16x12.png 16w, https:\/\/www.northpwr.cn\/wp-content\/uploads\/sites\/566\/2025\/12\/d11b681a-0d5a-47d9-8ecd-c82137fa26f5-600x450.png 600w\" sizes=\"(max-width: 800px) 100vw, 800px\" \/><\/div><\/a>\n\t\t\t\t<div class=\"elementor-post__badge\">Sekt\u00f6r Haberleri<\/div>\n\t\t\t\t<div class=\"elementor-post__text\">\n\t\t\t\t<h3 class=\"elementor-post__title\">\n\t\t\t<a href=\"https:\/\/www.northpwr.cn\/tr\/industry-news\/the-reason-for-the-heating-up-of-the-high-voltage-switchgear-when-it-is-energized\/\" >\n\t\t\t\tY\u00fcksek gerilim \u015falterinin enerjiye ba\u011fland\u0131\u011f\u0131nda \u0131s\u0131nmas\u0131n\u0131n nedeni\t\t\t<\/a>\n\t\t<\/h3>\n\t\t\t\t<div class=\"elementor-post__excerpt\">\n\t\t\t<p>Y\u00fcksek gerilim \u015falter cihazlar\u0131yla k\u0131sa bir tan\u0131\u015fma yapt\u0131ktan sonra, y\u00fcksek gerilim \u015falter cihazlar\u0131n\u0131n enerjiye ba\u011fland\u0131\u011f\u0131nda neden \u0131s\u0131nd\u0131\u011f\u0131n\u0131 \u00f6\u011frenelim,<\/p>\n\t\t<\/div>\n\t\t\n\t\t<a class=\"elementor-post__read-more\" href=\"https:\/\/www.northpwr.cn\/tr\/industry-news\/the-reason-for-the-heating-up-of-the-high-voltage-switchgear-when-it-is-energized\/\" aria-label=\"Y\u00fcksek gerilim \u015falterinin enerjiye ba\u011fland\u0131\u011f\u0131nda \u0131s\u0131nmas\u0131n\u0131n nedeni hakk\u0131nda daha fazla bilgi al\u0131n\" tabindex=\"-1\" >\n\t\t\tDaha Fazla Oku \u00bb\t\t<\/a>\n\n\t\t\t\t<\/div>\n\t\t\t\t<div class=\"elementor-post__meta-data\">\n\t\t\t\t\t<span class=\"elementor-post-date\">\n\t\t\t03\/12\/2025\t\t<\/span>\n\t\t\t\t<\/div>\n\t\t\t\t\t<\/div>\n\t\t<\/article>\n\t\t\t\t<article class=\"elementor-post elementor-grid-item post-1444 post type-post status-publish format-standard has-post-thumbnail hentry category-company-news\">\n\t\t\t<div class=\"elementor-post__card\">\n\t\t\t\t<a class=\"elementor-post__thumbnail__link\" href=\"https:\/\/www.northpwr.cn\/tr\/company-news\/how-to-wire-the-dual-power-transfer-switch\/\" tabindex=\"-1\" ><div class=\"elementor-post__thumbnail\"><img decoding=\"async\" width=\"800\" height=\"600\" src=\"https:\/\/www.northpwr.cn\/wp-content\/uploads\/sites\/566\/2025\/12\/40cfab45-ccd2-4afb-9fa7-e68e737016a8.png\" class=\"attachment-full size-full wp-image-1447\" alt=\"\" srcset=\"https:\/\/www.northpwr.cn\/wp-content\/uploads\/sites\/566\/2025\/12\/40cfab45-ccd2-4afb-9fa7-e68e737016a8.png 800w, https:\/\/www.northpwr.cn\/wp-content\/uploads\/sites\/566\/2025\/12\/40cfab45-ccd2-4afb-9fa7-e68e737016a8-768x576.png 768w, https:\/\/www.northpwr.cn\/wp-content\/uploads\/sites\/566\/2025\/12\/40cfab45-ccd2-4afb-9fa7-e68e737016a8-16x12.png 16w, https:\/\/www.northpwr.cn\/wp-content\/uploads\/sites\/566\/2025\/12\/40cfab45-ccd2-4afb-9fa7-e68e737016a8-600x450.png 600w\" sizes=\"(max-width: 800px) 100vw, 800px\" \/><\/div><\/a>\n\t\t\t\t<div class=\"elementor-post__badge\">\u015eirket Haberleri<\/div>\n\t\t\t\t<div class=\"elementor-post__text\">\n\t\t\t\t<h3 class=\"elementor-post__title\">\n\t\t\t<a href=\"https:\/\/www.northpwr.cn\/tr\/company-news\/how-to-wire-the-dual-power-transfer-switch\/\" >\n\t\t\t\t\u00c7ift besleme ge\u00e7i\u015f anahtar\u0131 nas\u0131l kablolan\u0131r?\t\t\t<\/a>\n\t\t<\/h3>\n\t\t\t\t<div class=\"elementor-post__excerpt\">\n\t\t\t<p>\u00d6ncelikle, herhangi bir sebeple elektrik kesintisi oldu\u011funda ve g\u00fc\u00e7 k\u0131sa s\u00fcre i\u00e7inde yeniden sa\u011flanam\u0131yorsa, yedek g\u00fc\u00e7 kayna\u011f\u0131 mutlaka<\/p>\n\t\t<\/div>\n\t\t\n\t\t<a class=\"elementor-post__read-more\" href=\"https:\/\/www.northpwr.cn\/tr\/company-news\/how-to-wire-the-dual-power-transfer-switch\/\" aria-label=\"\u00c7ift g\u00fc\u00e7 aktar\u0131m anahtar\u0131n\u0131 nas\u0131l kablolu ba\u011flayaca\u011f\u0131n\u0131z hakk\u0131nda daha fazla bilgi al\u0131n?\" tabindex=\"-1\" >\n\t\t\tDaha Fazla Oku \u00bb\t\t<\/a>\n\n\t\t\t\t<\/div>\n\t\t\t\t<div class=\"elementor-post__meta-data\">\n\t\t\t\t\t<span class=\"elementor-post-date\">\n\t\t\t02\/12\/2025\t\t<\/span>\n\t\t\t\t<\/div>\n\t\t\t\t\t<\/div>\n\t\t<\/article>\n\t\t\t\t<article class=\"elementor-post elementor-grid-item post-1432 post type-post status-publish format-standard has-post-thumbnail hentry category-company-news\">\n\t\t\t<div class=\"elementor-post__card\">\n\t\t\t\t<a class=\"elementor-post__thumbnail__link\" href=\"https:\/\/www.northpwr.cn\/tr\/company-news\/common-fault-maintenance-and-maintenance-precautions-for-power-distribution-cabinets\/\" tabindex=\"-1\" ><div class=\"elementor-post__thumbnail\"><img loading=\"lazy\" decoding=\"async\" width=\"800\" height=\"600\" src=\"https:\/\/www.northpwr.cn\/wp-content\/uploads\/sites\/566\/2025\/12\/91a8416b-d6ef-4b0c-81c5-657de9c7ce4b.png\" class=\"attachment-full size-full wp-image-1433\" alt=\"\" srcset=\"https:\/\/www.northpwr.cn\/wp-content\/uploads\/sites\/566\/2025\/12\/91a8416b-d6ef-4b0c-81c5-657de9c7ce4b.png 800w, https:\/\/www.northpwr.cn\/wp-content\/uploads\/sites\/566\/2025\/12\/91a8416b-d6ef-4b0c-81c5-657de9c7ce4b-768x576.png 768w, https:\/\/www.northpwr.cn\/wp-content\/uploads\/sites\/566\/2025\/12\/91a8416b-d6ef-4b0c-81c5-657de9c7ce4b-16x12.png 16w, https:\/\/www.northpwr.cn\/wp-content\/uploads\/sites\/566\/2025\/12\/91a8416b-d6ef-4b0c-81c5-657de9c7ce4b-600x450.png 600w\" sizes=\"(max-width: 800px) 100vw, 800px\" \/><\/div><\/a>\n\t\t\t\t<div class=\"elementor-post__badge\">\u015eirket Haberleri<\/div>\n\t\t\t\t<div class=\"elementor-post__text\">\n\t\t\t\t<h3 class=\"elementor-post__title\">\n\t\t\t<a href=\"https:\/\/www.northpwr.cn\/tr\/company-news\/common-fault-maintenance-and-maintenance-precautions-for-power-distribution-cabinets\/\" >\n\t\t\t\tElektrik da\u011f\u0131t\u0131m kabini i\u00e7in yayg\u0131n ar\u0131za onar\u0131m\u0131 ve bak\u0131m \u00f6nlemleri\t\t\t<\/a>\n\t\t<\/h3>\n\t\t\t\t<div class=\"elementor-post__excerpt\">\n\t\t\t<p>Da\u011f\u0131t\u0131m kabini yayg\u0131n ar\u0131za onar\u0131m\u0131 ve bak\u0131m \u00f6nlemleri Da\u011f\u0131t\u0131m kutusu, ayn\u0131 zamanda da\u011f\u0131t\u0131m kabini olarak da adland\u0131r\u0131l\u0131r; bu, motorun genel ismidir<\/p>\n\t\t<\/div>\n\t\t\n\t\t<a class=\"elementor-post__read-more\" href=\"https:\/\/www.northpwr.cn\/tr\/company-news\/common-fault-maintenance-and-maintenance-precautions-for-power-distribution-cabinets\/\" aria-label=\"G\u00fc\u00e7 da\u011f\u0131t\u0131m kabine i\u00e7in yayg\u0131n ar\u0131za onar\u0131mlar\u0131 ve bak\u0131m \u00f6nlemleri hakk\u0131nda daha fazla bilgi al\u0131n\" tabindex=\"-1\" >\n\t\t\tDaha Fazla Oku \u00bb\t\t<\/a>\n\n\t\t\t\t<\/div>\n\t\t\t\t<div class=\"elementor-post__meta-data\">\n\t\t\t\t\t<span class=\"elementor-post-date\">\n\t\t\t02\/12\/2025\t\t<\/span>\n\t\t\t\t<\/div>\n\t\t\t\t\t<\/div>\n\t\t<\/article>\n\t\t\t\t<article class=\"elementor-post elementor-grid-item post-1427 post type-post status-publish format-standard has-post-thumbnail hentry category-company-news\">\n\t\t\t<div class=\"elementor-post__card\">\n\t\t\t\t<a class=\"elementor-post__thumbnail__link\" href=\"https:\/\/www.northpwr.cn\/tr\/company-news\/the-control-cabinet-of-the-distribution-box-should-be-cleaned-and-maintained-regularly\/\" tabindex=\"-1\" ><div class=\"elementor-post__thumbnail\"><img loading=\"lazy\" decoding=\"async\" width=\"800\" height=\"600\" src=\"https:\/\/www.northpwr.cn\/wp-content\/uploads\/sites\/566\/2025\/12\/4658bdd0-9dac-4737-bb6b-611fe314f38c.png\" class=\"attachment-full size-full wp-image-1430\" alt=\"\" srcset=\"https:\/\/www.northpwr.cn\/wp-content\/uploads\/sites\/566\/2025\/12\/4658bdd0-9dac-4737-bb6b-611fe314f38c.png 800w, https:\/\/www.northpwr.cn\/wp-content\/uploads\/sites\/566\/2025\/12\/4658bdd0-9dac-4737-bb6b-611fe314f38c-768x576.png 768w, https:\/\/www.northpwr.cn\/wp-content\/uploads\/sites\/566\/2025\/12\/4658bdd0-9dac-4737-bb6b-611fe314f38c-16x12.png 16w, https:\/\/www.northpwr.cn\/wp-content\/uploads\/sites\/566\/2025\/12\/4658bdd0-9dac-4737-bb6b-611fe314f38c-600x450.png 600w\" sizes=\"(max-width: 800px) 100vw, 800px\" \/><\/div><\/a>\n\t\t\t\t<div class=\"elementor-post__badge\">\u015eirket Haberleri<\/div>\n\t\t\t\t<div class=\"elementor-post__text\">\n\t\t\t\t<h3 class=\"elementor-post__title\">\n\t\t\t<a href=\"https:\/\/www.northpwr.cn\/tr\/company-news\/the-control-cabinet-of-the-distribution-box-should-be-cleaned-and-maintained-regularly\/\" >\n\t\t\t\tDa\u011f\u0131t\u0131m kutusunun kontrol kabini d\u00fczenli aral\u0131klarla temizlenmeli ve bak\u0131m\u0131 yap\u0131lmal\u0131d\u0131r\t\t\t<\/a>\n\t\t<\/h3>\n\t\t\t\t<div class=\"elementor-post__excerpt\">\n\t\t\t<p>Da\u011f\u0131t\u0131m kutusu jenerat\u00f6r\u00fc \u00e7al\u0131\u015f\u0131rken, m\u00fchendis personel da\u011f\u0131t\u0131m panosunu i\u015fletirken dikkatlerini toplamal\u0131 ve dikkatli hareket etmelidir. Motor \u00e7al\u0131\u015ft\u0131ktan sonra<\/p>\n\t\t<\/div>\n\t\t\n\t\t<a class=\"elementor-post__read-more\" href=\"https:\/\/www.northpwr.cn\/tr\/company-news\/the-control-cabinet-of-the-distribution-box-should-be-cleaned-and-maintained-regularly\/\" aria-label=\"Da\u011f\u0131t\u0131m kutusunun kontrol kabini d\u00fczenli aral\u0131klarla temizlenmeli ve bak\u0131m\u0131 yap\u0131lmal\u0131d\u0131r\" tabindex=\"-1\" >\n\t\t\tDaha Fazla Oku \u00bb\t\t<\/a>\n\n\t\t\t\t<\/div>\n\t\t\t\t<div class=\"elementor-post__meta-data\">\n\t\t\t\t\t<span class=\"elementor-post-date\">\n\t\t\t02\/12\/2025\t\t<\/span>\n\t\t\t\t<\/div>\n\t\t\t\t\t<\/div>\n\t\t<\/article>\n\t\t\t\t<article class=\"elementor-post elementor-grid-item post-1421 post type-post status-publish format-standard has-post-thumbnail hentry category-company-news\">\n\t\t\t<div class=\"elementor-post__card\">\n\t\t\t\t<a class=\"elementor-post__thumbnail__link\" href=\"https:\/\/www.northpwr.cn\/tr\/company-news\/what-is-the-inverter-cabinet-the-role-of-the-inverter-cabinet\/\" tabindex=\"-1\" ><div class=\"elementor-post__thumbnail\"><img loading=\"lazy\" decoding=\"async\" width=\"800\" height=\"600\" src=\"https:\/\/www.northpwr.cn\/wp-content\/uploads\/sites\/566\/2025\/12\/ea8d3a59-309a-4557-ac36-03eca37f711f.png\" class=\"attachment-full size-full wp-image-1424\" alt=\"\" srcset=\"https:\/\/www.northpwr.cn\/wp-content\/uploads\/sites\/566\/2025\/12\/ea8d3a59-309a-4557-ac36-03eca37f711f.png 800w, https:\/\/www.northpwr.cn\/wp-content\/uploads\/sites\/566\/2025\/12\/ea8d3a59-309a-4557-ac36-03eca37f711f-768x576.png 768w, https:\/\/www.northpwr.cn\/wp-content\/uploads\/sites\/566\/2025\/12\/ea8d3a59-309a-4557-ac36-03eca37f711f-16x12.png 16w, https:\/\/www.northpwr.cn\/wp-content\/uploads\/sites\/566\/2025\/12\/ea8d3a59-309a-4557-ac36-03eca37f711f-600x450.png 600w\" sizes=\"(max-width: 800px) 100vw, 800px\" \/><\/div><\/a>\n\t\t\t\t<div class=\"elementor-post__badge\">\u015eirket Haberleri<\/div>\n\t\t\t\t<div class=\"elementor-post__text\">\n\t\t\t\t<h3 class=\"elementor-post__title\">\n\t\t\t<a href=\"https:\/\/www.northpwr.cn\/tr\/company-news\/what-is-the-inverter-cabinet-the-role-of-the-inverter-cabinet\/\" >\n\t\t\t\t\u0130nvert\u00f6r kabini nedir? \u0130nvert\u00f6r kabini'nin rol\u00fc\t\t\t<\/a>\n\t\t<\/h3>\n\t\t\t\t<div class=\"elementor-post__excerpt\">\n\t\t\t<p>\u0130nvert\u00f6r kabini nedir? \u0130nvert\u00f6r kabini, invert\u00f6r\u00fc g\u00fc\u00e7 \u00fcnitesinin kontrol kabiniyle ba\u011flant\u0131l\u0131 olarak kullan\u0131r. \u0130yi \u00e7eki\u015f \u00f6zelli\u011fi sayesinde<\/p>\n\t\t<\/div>\n\t\t\n\t\t<a class=\"elementor-post__read-more\" href=\"https:\/\/www.northpwr.cn\/tr\/company-news\/what-is-the-inverter-cabinet-the-role-of-the-inverter-cabinet\/\" aria-label=\"\u0130nvert\u00f6r kabini nedir? \u0130nvert\u00f6r kabini&#039;nin rol\u00fc\" tabindex=\"-1\" >\n\t\t\tDaha Fazla Oku \u00bb\t\t<\/a>\n\n\t\t\t\t<\/div>\n\t\t\t\t<div class=\"elementor-post__meta-data\">\n\t\t\t\t\t<span class=\"elementor-post-date\">\n\t\t\t02\/12\/2025\t\t<\/span>\n\t\t\t\t<\/div>\n\t\t\t\t\t<\/div>\n\t\t<\/article>\n\t\t\t\t<\/div>\n\t\t\n\t\t\t\t<\/div>\n\t\t\t\t<\/div>\n\t\t\t\t\t<\/div>\n\t\t\t\t<\/div>\n\t\t\t\t<\/div>","protected":false},"excerpt":{"rendered":"<p>Bloglar Ana Sayfas\u0131<\/p>","protected":false},"author":2,"featured_media":0,"parent":0,"menu_order":0,"comment_status":"closed","ping_status":"closed","template":"","meta":{"_acf_changed":false,"_seopress_robots_primary_cat":"","footnotes":""},"class_list":["post-955","page","type-page","status-publish","hentry"],"acf":[],"_links":{"self":[{"href":"https:\/\/www.northpwr.cn\/tr\/wp-json\/wp\/v2\/pages\/955","targetHints":{"allow":["GET"]}}],"collection":[{"href":"https:\/\/www.northpwr.cn\/tr\/wp-json\/wp\/v2\/pages"}],"about":[{"href":"https:\/\/www.northpwr.cn\/tr\/wp-json\/wp\/v2\/types\/page"}],"author":[{"embeddable":true,"href":"https:\/\/www.northpwr.cn\/tr\/wp-json\/wp\/v2\/users\/2"}],"replies":[{"embeddable":true,"href":"https:\/\/www.northpwr.cn\/tr\/wp-json\/wp\/v2\/comments?post=955"}],"version-history":[{"count":22,"href":"https:\/\/www.northpwr.cn\/tr\/wp-json\/wp\/v2\/pages\/955\/revisions"}],"predecessor-version":[{"id":1691,"href":"https:\/\/www.northpwr.cn\/tr\/wp-json\/wp\/v2\/pages\/955\/revisions\/1691"}],"wp:attachment":[{"href":"https:\/\/www.northpwr.cn\/tr\/wp-json\/wp\/v2\/media?parent=955"}],"curies":[{"name":"wp","href":"https:\/\/api.w.org\/{rel}","templated":true}]}}