
{"id":1572,"date":"2025-12-03T11:04:24","date_gmt":"2025-12-03T03:04:24","guid":{"rendered":"https:\/\/www.northpwr.cn\/?post_type=product&p=1572"},"modified":"2025-12-03T11:04:24","modified_gmt":"2025-12-03T03:04:24","slug":"cast-refractory-busway","status":"publish","type":"product","link":"https:\/\/www.northpwr.cn\/tr\/urun\/cast-refractory-busway\/","title":{"rendered":"D\u00f6k\u00fcm refrakter busway"},"content":{"rendered":"<p data-cah=\"2\">\u015eirket, \u201cpragmatizm, yenilik, uyum ve kar\u015f\u0131l\u0131kl\u0131 fayda\u201d geli\u015fim temalar\u0131na ba\u011fl\u0131 kalmakta, bir dizi kaynak tahsisat\u0131 ger\u00e7ekle\u015ftirmi\u015f ve verimli bir geli\u015ftirme platformu kurmu\u015ftur.<\/p>\n<p> \u015eirket, ileri d\u00fczey CAD (Bilgisayar Destekli Tasar\u0131m) sistemlerini kullanmakta ve son teknoloji say\u0131sal kontrol (NC) i\u015fleme kapasitesine sahiptir. Ayr\u0131ca, kalitede AAA dereceli g\u00fcvenilir i\u015fletme, AAA dereceli kalite hizmet sertifikas\u0131 verilen i\u015fletme ve AAA dereceli kredi i\u015fletmesi gibi \u00f6d\u00fcller kazanm\u0131\u015ft\u0131r. T\u00fcm \u00fcr\u00fcnler, ulusal zorunlu \u00fcr\u00fcn sertifikasyonunu ge\u00e7erek performanslar\u0131 nedeniyle olumlu de\u011ferlendirmeler alm\u0131\u015ft\u0131r.<\/p>","protected":false},"excerpt":{"rendered":"<p>\u015eirket, \u201cpragmatizm, inovasyon, uyum ve kar\u015f\u0131l\u0131kl\u0131 fayda\u201d geli\u015ftirme temalar\u0131na ba\u011fl\u0131 kalmakta, bir dizi kaynak tahsisat\u0131 ger\u00e7ekle\u015ftirmi\u015f ve verimli bir geli\u015ftirme platformu kurmu\u015ftur. \u015eirket, ileri d\u00fczey CAD (Bilgisayar Destekli Tasar\u0131m) sistemlerini kullanmakta ve son teknoloji say\u0131sal kontrol (NC) i\u015fleme imk\u00e2nlar\u0131na sahiptir. Ayr\u0131ca [\u2026]\u2019da AAA dereceli g\u00fcvenilir i\u015fletme gibi \u00f6d\u00fcller kazanm\u0131\u015ft\u0131r.<\/p>","protected":false},"featured_media":1573,"template":"","meta":{"_acf_changed":false,"_seopress_robots_primary_cat":""},"product_brand":[],"product_cat":[56],"product_tag":[],"class_list":{"0":"post-1572","1":"product","2":"type-product","3":"status-publish","4":"has-post-thumbnail","6":"product_cat-cast-refractory-busway","8":"first","9":"instock","10":"shipping-taxable","11":"product-type-simple"},"acf":[],"_links":{"self":[{"href":"https:\/\/www.northpwr.cn\/tr\/wp-json\/wp\/v2\/product\/1572","targetHints":{"allow":["GET"]}}],"collection":[{"href":"https:\/\/www.northpwr.cn\/tr\/wp-json\/wp\/v2\/product"}],"about":[{"href":"https:\/\/www.northpwr.cn\/tr\/wp-json\/wp\/v2\/types\/product"}],"wp:featuredmedia":[{"embeddable":true,"href":"https:\/\/www.northpwr.cn\/tr\/wp-json\/wp\/v2\/media\/1573"}],"wp:attachment":[{"href":"https:\/\/www.northpwr.cn\/tr\/wp-json\/wp\/v2\/media?parent=1572"}],"wp:term":[{"taxonomy":"product_brand","embeddable":true,"href":"https:\/\/www.northpwr.cn\/tr\/wp-json\/wp\/v2\/product_brand?post=1572"},{"taxonomy":"product_cat","embeddable":true,"href":"https:\/\/www.northpwr.cn\/tr\/wp-json\/wp\/v2\/product_cat?post=1572"},{"taxonomy":"product_tag","embeddable":true,"href":"https:\/\/www.northpwr.cn\/tr\/wp-json\/wp\/v2\/product_tag?post=1572"}],"curies":[{"name":"wp","href":"https:\/\/api.w.org\/{rel}","templated":true}]}}