
{"id":1577,"date":"2025-12-03T11:06:32","date_gmt":"2025-12-03T03:06:32","guid":{"rendered":"https:\/\/www.northpwr.cn\/?post_type=product&p=1577"},"modified":"2025-12-03T11:06:32","modified_gmt":"2025-12-03T03:06:32","slug":"hxgn-12-fixed-ac-metal-clad-switchgear","status":"publish","type":"product","link":"https:\/\/www.northpwr.cn\/tr\/urun\/hxgn-12-fixed-ac-metal-clad-switchgear\/","title":{"rendered":"HXGN-12 sabit AC metal kaplamal\u0131 \u015falter cihaz\u0131"},"content":{"rendered":"<p data-cah=\"2\">HXGN-12 tip sabit metal kapakl\u0131 \u015falter cihaz\u0131 (bundan sonra halka ana \u00fcnite olarak an\u0131lacakt\u0131r) 12 kV nominal gerilimli, 50 Hz nominal frekansl\u0131 AC y\u00fcksek gerilimli komple elektrik ekipman\u0131d\u0131r; esas olarak \u00fc\u00e7 fazl\u0131 AC halka \u015febekeleri, terminal da\u011f\u0131t\u0131m \u015febekeleri ve end\u00fcstriyel g\u00fc\u00e7 ekipmanlar\u0131 i\u00e7in elektrik enerjisinin al\u0131nmas\u0131 ve da\u011f\u0131t\u0131lmas\u0131 gibi ama\u00e7larla kullan\u0131l\u0131r. Ayr\u0131ca y\u00fcksek gerilimli tesisatlara da uygundur.<\/p>\n<p> Genel Bak\u0131\u015f<br \/> \u3000\u3000HXGN-12 kutu tipi sabit metal kapakl\u0131 \u015falter cihaz\u0131 (bundan sonra halka \u015febekesi kabini olarak an\u0131lacakt\u0131r) 12 kV nominal gerilimli, 50 Hz nominal frekansl\u0131 AC y\u00fcksek gerilimli komple elektrik ekipman\u0131d\u0131r; esas olarak \u00fc\u00e7 fazl\u0131 AC halka \u015febekeleri, terminal da\u011f\u0131t\u0131m \u015febekeleri ve end\u00fcstriyel g\u00fc\u00e7 ekipmanlar\u0131 i\u00e7in elektrik enerjisinin al\u0131nmas\u0131 ve da\u011f\u0131t\u0131lmas\u0131 gibi ama\u00e7larla kullan\u0131l\u0131r. Ayr\u0131ca y\u00fcksek gerilimli tesisatlara da uygundur.<br \/> Kullan\u0131m Ortam\u0131 Ko\u015fullar\u0131<br \/> \u3000\u3000\u2022 Tam set cihaz yap\u0131s\u0131n\u0131 kullan\u0131r, hafif ve g\u00fczeldir, iste\u011fe g\u00f6re birle\u015ftirilebilir ve kurulabilir, sonsuz geni\u015fletme ve uzatma kolayl\u0131\u011f\u0131 sa\u011flar.<\/p>\n<p> \u3000\u3000\u2022 FKN12-12 tip pn\u00f6matik g\u00f6sterge y\u00fck anahtar\u0131, kombinasyonlu elektrik cihaz\u0131 veya FZN25-12 tip vakumlu y\u00fck anahtar\u0131, kombinasyonlu elektrik cihaz\u0131 ile donat\u0131labilir; montaj boyutlar\u0131 tamamen uyumludur. K\u00fc\u00e7\u00fck boyut, bak\u0131m gerektirmeyen, \u00fc\u00e7 fazl\u0131 ba\u011flant\u0131 yap\u0131ya sahip ve uzaktan kontrol fonksiyonuna sahiptir.<\/p>\n<p> \u3000\u3000Manuel ve elektrikli \u00e7al\u0131\u015fma m\u00fcmk\u00fcnd\u00fcr ve uzaktan kontrol fonksiyonuna sahiptir.<\/p>\n<p> \u3000\u3000Tam ve g\u00fcvenilir mekanik ba\u011flant\u0131 ve kilitleme cihaz\u0131na sahiptir; b\u00f6ylece \"be\u015f \u00f6nleme\" i\u015flevi tam olarak sa\u011flan\u0131r.<\/p>\n<p> \u3000\u3000Y\u00fck anahtar\u0131, enerji ta\u015f\u0131yan kolu korumak i\u00e7in ba\u011flant\u0131 koruyucu yal\u0131t\u0131ml\u0131 valf kullan\u0131r; b\u00f6ylece ki\u015fisel g\u00fcvenlik garanti edilir.<\/p>\n<p> \u3000\u3000\u00d6n kap\u0131da g\u00f6zlem penceresi bulunur; bu sayede kabin i\u00e7indeki bile\u015fenlerin \u00e7al\u0131\u015fma durumu net bir \u015fekilde g\u00f6zlemlenebilir.<\/p>\n<p> \u3000\u3000GB3906, GB11022 ve di\u011fer standartlara uygundur.<br \/> Teknik Parametreler<\/p>\n<table data-cah=\"6\">\n<tbody>\n<tr>\n<td class=\"\"><span class=\"ellipsis\" title=\"Seri Numaras\u0131\">Seri Numaras\u0131<\/span><\/td>\n<td class=\"\"><span class=\"ellipsis\" title=\"Ad\">Ad<\/span><\/td>\n<td class=\"\"><span class=\"ellipsis\" title=\"Birim\">Birim<\/span><\/td>\n<td class=\"\"><span class=\"ellipsis\" title=\"FKN12-12\">FKN12-12<\/span><\/td>\n<td class=\"\"><span class=\"ellipsis\" title=\"FKRN12-12\">FKRN12-12<\/span><\/td>\n<td class=\"\"><span class=\"ellipsis\" title=\"\"><\/span><\/td>\n<\/tr>\n<tr>\n<td class=\"\"><span class=\"ellipsis\" title=\"1\">1<\/span><\/td>\n<td class=\"\"><span class=\"ellipsis\" title=\"Nominal Gerilim\">Nominal Gerilim<\/span><\/td>\n<td class=\"\"><span class=\"ellipsis\" title=\"KV\">KV<\/span><\/td>\n<td class=\"\"><span class=\"ellipsis\" title=\"12\">12<\/span><\/td>\n<td class=\"\"><span class=\"ellipsis\" title=\"\"><\/span><\/td>\n<\/tr>\n<tr>\n<td class=\"\"><span class=\"ellipsis\" title=\"2\">2<\/span><\/td>\n<td class=\"\"><span class=\"ellipsis\" title=\"\u0130min G\u00fc\u00e7 Frekans\u0131 Dayan\u0131m Gerilimi\">\u0130min G\u00fc\u00e7 Frekans\u0131 Dayan\u0131m Gerilimi<\/span><\/td>\n<td class=\"\"><span class=\"ellipsis\" title=\"KV\">KV<\/span><\/td>\n<td class=\"\"><span class=\"ellipsis\" title=\"Kutup ve faz 42, izolasyon portu 48\">Kutup ve faz 42, izolasyon portu 48<\/span><\/td>\n<td class=\"\"><span class=\"ellipsis\" title=\"\"><\/span><\/td>\n<\/tr>\n<tr>\n<td class=\"\"><span class=\"ellipsis\" title=\"3\">3<\/span><\/td>\n<td class=\"\"><span class=\"ellipsis\" title=\"Y\u0131ld\u0131r\u0131m Darbe Gerilimi (Tepe)\">Y\u0131ld\u0131r\u0131m Darbe Gerilimi (Tepe)<\/span><\/td>\n<td class=\"\"><span class=\"ellipsis\" title=\"KV\">KV<\/span><\/td>\n<td class=\"\"><span class=\"ellipsis\" title=\"Kutup ve faz 75, izolasyon portu 85\">Kutup ve faz 75, izolasyon portu 85<\/span><\/td>\n<td class=\"\"><span class=\"ellipsis\" title=\"\"><\/span><\/td>\n<\/tr>\n<tr>\n<td class=\"\"><span class=\"ellipsis\" title=\"4\">4<\/span><\/td>\n<td class=\"\"><span class=\"ellipsis\" title=\"Nominal Frekans\">Nominal Frekans<\/span><\/td>\n<td class=\"\"><span class=\"ellipsis\" title=\"Hz\">Hz<\/span><\/td>\n<td class=\"\"><span class=\"ellipsis\" title=\"50\">50<\/span><\/td>\n<td class=\"\"><span class=\"ellipsis\" title=\"\"><\/span><\/td>\n<\/tr>\n<tr>\n<td class=\"\"><span class=\"ellipsis\" title=\"5\">5<\/span><\/td>\n<td class=\"\"><span class=\"ellipsis\" title=\"Ana Busbar Nominal Ak\u0131m\u0131\">Ana Busbar Nominal Ak\u0131m\u0131<\/span><\/td>\n<td class=\"\"><span class=\"ellipsis\" title=\"A\">A<\/span><\/td>\n<td class=\"\"><span class=\"ellipsis\" title=\"630\">630<\/span><\/td>\n<td class=\"\"><span class=\"ellipsis\" title=\"\"><\/span><\/td>\n<\/tr>\n<tr>\n<td class=\"\"><span class=\"ellipsis\" title=\"6\">6<\/span><\/td>\n<td class=\"\"><span class=\"ellipsis\" title=\"Nominal Ak\u0131m\">Nominal Ak\u0131m<\/span><\/td>\n<td class=\"\"><span class=\"ellipsis\" title=\"A\">A<\/span><\/td>\n<td class=\"\"><span class=\"ellipsis\" title=\"630\">630<\/span><\/td>\n<td class=\"\"><span class=\"ellipsis\" title=\"\"><\/span><\/td>\n<\/tr>\n<tr>\n<td class=\"\"><span class=\"ellipsis\" title=\"7\">7<\/span><\/td>\n<td class=\"\"><span class=\"ellipsis\" title=\"Y\u00fck Anahtar\u0131\">Y\u00fck Anahtar\u0131<\/span><\/td>\n<td class=\"\"><span class=\"ellipsis\" title=\"Nominal Elektrik \u00d6mr\u00fc Ak\u0131m Alt\u0131nda\">Nominal Elektrik \u00d6mr\u00fc Ak\u0131m Alt\u0131nda<\/span><\/td>\n<td class=\"\"><span class=\"ellipsis\" title=\"Kere\">Kere<\/span><\/td>\n<td class=\"\" colspan=\"2\"><span class=\"ellipsis\" title=\"En az 100\">En az 100<\/span><\/td>\n<\/tr>\n<tr>\n<td class=\"\"><span class=\"ellipsis\" title=\"8\">8<\/span><\/td>\n<td class=\"\"><span class=\"ellipsis\" title=\"Y\u00fck Anahtar\u0131\">Y\u00fck Anahtar\u0131<\/span><\/td>\n<td class=\"\"><span class=\"ellipsis\" title=\"Bo\u015f Y\u00fck Transformat\u00f6r\u00fcn\u00fcn Kesme Kapasitesi\">Bo\u015f Y\u00fck Transformat\u00f6r\u00fcn\u00fcn Kesme Kapasitesi<\/span><\/td>\n<td class=\"\"><span class=\"ellipsis\" title=\"KVA\">KVA<\/span><\/td>\n<td class=\"\" colspan=\"2\"><span class=\"ellipsis\" title=\"1250, 1600\">1250, 1600<\/span><\/td>\n<\/tr>\n<tr>\n<td class=\"\"><span class=\"ellipsis\" title=\"9\">9<\/span><\/td>\n<td class=\"\"><span class=\"ellipsis\" title=\"Y\u00fck Anahtar\u0131\">Y\u00fck Anahtar\u0131<\/span><\/td>\n<td class=\"\"><span class=\"ellipsis\" title=\"Nominal Termal Kararl\u0131l\u0131k Ak\u0131m\u0131\">Nominal Termal Kararl\u0131l\u0131k Ak\u0131m\u0131<\/span><\/td>\n<td class=\"\"><span class=\"ellipsis\" title=\"KA\/S\">KA\/S<\/span><\/td>\n<td class=\"\" colspan=\"2\"><span class=\"ellipsis\" title=\"20\/4, topraklama anahtar\u0131 20\/2\">20\/4, topraklama anahtar\u0131 20\/2<\/span><\/td>\n<\/tr>\n<tr>\n<td class=\"\"><span class=\"ellipsis\" title=\"10\">10<\/span><\/td>\n<td class=\"\"><span class=\"ellipsis\" title=\"Y\u00fck Anahtar\u0131\">Y\u00fck Anahtar\u0131<\/span><\/td>\n<td class=\"\"><span class=\"ellipsis\" title=\"Nominal Dinamik Kararl\u0131l\u0131k Ak\u0131m\u0131 (Tepe)\">Nominal Dinamik Kararl\u0131l\u0131k Ak\u0131m\u0131 (Tepe)<\/span><\/td>\n<td class=\"\"><span class=\"ellipsis\" title=\"KA\">KA<\/span><\/td>\n<td class=\"\" colspan=\"2\"><span class=\"ellipsis\" title=\"50\">50<\/span><\/td>\n<\/tr>\n<\/tbody>\n<\/table>\n<table data-cah=\"6\">\n<tbody>\n<tr>\n<td class=\"\"><span class=\"ellipsis\" title=\"10\">10<\/span><\/td>\n<td class=\"\"><span class=\"ellipsis\" title=\"Y\u00fck Anahtar\u0131\">Y\u00fck Anahtar\u0131<\/span><\/td>\n<td class=\"\"><span class=\"ellipsis\" title=\"Nominal K\u0131sa Devre Kapama Ak\u0131m\u0131 (Tepe)\">Nominal K\u0131sa Devre Kapama Ak\u0131m\u0131 (Tepe)<\/span><\/td>\n<td class=\"\"><span class=\"ellipsis\" title=\"KA\">KA<\/span><\/td>\n<td class=\"\" colspan=\"2\"><span class=\"ellipsis\" title=\"50\">50<\/span><\/td>\n<\/tr>\n<tr>\n<td class=\"\"><span class=\"ellipsis\" title=\"12\">12<\/span><\/td>\n<td class=\"\"><span class=\"ellipsis\" title=\"Kombinasyon Elektrik Cihaz\u0131\">Kombinasyon Elektrik Cihaz\u0131<\/span><\/td>\n<td class=\"\"><span class=\"ellipsis\" title=\"Sigorta Nominal Ak\u0131m\u0131\">Sigorta Nominal Ak\u0131m\u0131<\/span><\/td>\n<td class=\"\"><span class=\"ellipsis\" title=\"A\">A<\/span><\/td>\n<td class=\"\" colspan=\"2\"><span class=\"ellipsis\" title=\"100\">100<\/span><\/td>\n<\/tr>\n<tr>\n<td class=\"\"><span class=\"ellipsis\" title=\"13\">13<\/span><\/td>\n<td class=\"\"><span class=\"ellipsis\" title=\"Kombinasyon Elektrik Cihaz\u0131\">Kombinasyon Elektrik Cihaz\u0131<\/span><\/td>\n<td class=\"\"><span class=\"ellipsis\" title=\"Nominal Ge\u00e7i\u015f Ak\u0131m\u0131\">Nominal Ge\u00e7i\u015f Ak\u0131m\u0131<\/span><\/td>\n<td class=\"\"><span class=\"ellipsis\" title=\"A\">A<\/span><\/td>\n<td class=\"\"><span class=\"ellipsis\" title=\"\"><\/span><\/td>\n<td class=\"\"><span class=\"ellipsis\" title=\"2000\">2000<\/span><\/td>\n<\/tr>\n<tr>\n<td class=\"\"><span class=\"ellipsis\" title=\"14\">14<\/span><\/td>\n<td class=\"\"><span class=\"ellipsis\" title=\"Kombinasyon Elektrik Cihaz\u0131\">Kombinasyon Elektrik Cihaz\u0131<\/span><\/td>\n<td class=\"\"><span class=\"ellipsis\" title=\"Nominal K\u0131sa Devre Kesme Ak\u0131m\u0131\">Nominal K\u0131sa Devre Kesme Ak\u0131m\u0131<\/span><\/td>\n<td class=\"\"><span class=\"ellipsis\" title=\"KA\">KA<\/span><\/td>\n<td class=\"\" colspan=\"2\"><span class=\"ellipsis\" title=\"31.5\">31.5<\/span><\/td>\n<\/tr>\n<tr>\n<td class=\"\"><span class=\"ellipsis\" title=\"15\">15<\/span><\/td>\n<td class=\"\"><span class=\"ellipsis\" title=\"Kombinasyon Elektrik Cihaz\u0131\">Kombinasyon Elektrik Cihaz\u0131<\/span><\/td>\n<td class=\"\"><span class=\"ellipsis\" title=\"Uyumlu Sigorta Modeli\">Uyumlu Sigorta Modeli<\/span><\/td>\n<td class=\"\"><span class=\"ellipsis\" title=\"\"><\/span><\/td>\n<td class=\"\" colspan=\"2\"><span class=\"ellipsis\" title=\"SLAJ-12(XRNT-12)\">SLAJ-12(XRNT-12)<\/span><\/td>\n<\/tr>\n<tr>\n<td class=\"\"><span class=\"ellipsis\" title=\"16\">16<\/span><\/td>\n<td class=\"\"><span class=\"ellipsis\" title=\"Mekanik \u00d6mr\u00fc\">Mekanik \u00d6mr\u00fc<\/span><\/td>\n<td class=\"\"><span class=\"ellipsis\" title=\"Kere\">Kere<\/span><\/td>\n<td class=\"\"><span class=\"ellipsis\" title=\"3000\">3000<\/span><\/td>\n<td class=\"\"><span class=\"ellipsis\" title=\"10000\">10000<\/span><\/td>\n<td class=\"\"><span class=\"ellipsis\" title=\"\"><\/span><\/td>\n<\/tr>\n<tr>\n<td class=\"\"><span class=\"ellipsis\" title=\"17\">17<\/span><\/td>\n<td class=\"\"><span class=\"ellipsis\" title=\"Yard\u0131mc\u0131 Devre Imin G\u00fc\u00e7 Frekans\u0131 Dayan\u0131m Gerilimi\">Yard\u0131mc\u0131 Devre Imin G\u00fc\u00e7 Frekans\u0131 Dayan\u0131m Gerilimi<\/span><\/td>\n<td class=\"\"><span class=\"ellipsis\" title=\"KV\">KV<\/span><\/td>\n<td class=\"\"><span class=\"ellipsis\" title=\"2\">2<\/span><\/td>\n<td class=\"\"><span class=\"ellipsis\" title=\"\"><\/span><\/td>\n<\/tr>\n<tr>\n<td class=\"\"><span class=\"ellipsis\" title=\"18\">18<\/span><\/td>\n<td class=\"\"><span class=\"ellipsis\" title=\"Elektrikli \u00c7al\u0131\u015fma Mekanizmas\u0131 \u00c7al\u0131\u015fma Gerilimi\">Elektrikli \u00c7al\u0131\u015fma Mekanizmas\u0131 \u00c7al\u0131\u015fma Gerilimi<\/span><\/td>\n<td class=\"\"><span class=\"ellipsis\" title=\"V\">V<\/span><\/td>\n<td class=\"\"><span class=\"ellipsis\" title=\"AC\/DC 220, 110\">AC\/DC 220, 110<\/span><\/td>\n<td class=\"\"><span class=\"ellipsis\" title=\"\"><\/span><\/td>\n<\/tr>\n<tr>\n<td class=\"\"><span class=\"ellipsis\" title=\"19\">19<\/span><\/td>\n<td class=\"\"><span class=\"ellipsis\" title=\"Koruma Seviyesi\">Koruma Seviyesi<\/span><\/td>\n<td class=\"\"><span class=\"ellipsis\" title=\"\"><\/span><\/td>\n<td class=\"\"><span class=\"ellipsis\" title=\"1P4X\">1P4X<\/span><\/td>\n<td class=\"\"><span class=\"ellipsis\" title=\"\"><\/span><\/td>\n<\/tr>\n<tr>\n<td class=\"\"><span class=\"ellipsis\" title=\"20\">20<\/span><\/td>\n<td class=\"\"><span class=\"ellipsis\" title=\"Boyutlar (Geni\u015flik \u00d7 Derinlik \u00d7 Y\u00fckseklik)\">Boyutlar (Geni\u015flik \u00d7 Derinlik \u00d7 Y\u00fckseklik)<\/span><\/td>\n<td class=\"\"><span class=\"ellipsis\" title=\"mm\">mm<\/span><\/td>\n<td class=\"\"><span class=\"ellipsis\" title=\"700 (900) \u00d7 900 \u00d7 2000 (2200)\">700 (900) \u00d7 900 \u00d7 2000 (2200)<\/span><\/td>\n<td class=\"\"><span class=\"ellipsis\" title=\"\"><\/span><\/td>\n<\/tr>\n<\/tbody>\n<\/table>\n<p data-cah=\"2\">Sipari\u015f Talimatlar\u0131<br \/> \u3000\u3000L\u00fctfen sipari\u015f verirken a\u015fa\u011f\u0131daki bilgileri sa\u011flay\u0131n:<\/p>\n<p> \u3000\u3000\u2022 \u015ealter cihaz\u0131 modeli, adedi, teslimat tarihi ve ana \u015fema numaras\u0131;<\/p>\n<p> \u3000\u3000\u2022 Ana sistem \u015femas\u0131, ikincil prensip \u015femas\u0131 ve \u015falter cihaz\u0131 d\u00fczeni \u015femas\u0131;<\/p>\n<p> \u3000\u3000\u2022 Ana baralar\u0131n nominal ak\u0131m\u0131 ve ana bile\u015fenlerin modeli ve \u00f6zellikleri;<\/p>\n<p> \u2022 \u00d6zel gereksinimler (varsa).<\/p>","protected":false},"excerpt":{"rendered":"<p>HXGN-12 tip sabit metal kapakl\u0131 \u015falter cihaz\u0131 (bundan sonra halka ana \u00fcnite olarak an\u0131lacakt\u0131r) 12 kV nominal gerilimli, 50 Hz nominal frekansl\u0131 AC y\u00fcksek gerilimli tam elektrik ekipman\u0131d\u0131r; esas olarak \u00fc\u00e7 fazl\u0131 AC halka \u015febekesi, terminal da\u011f\u0131t\u0131m \u015febekesi ve end\u00fcstriyel g\u00fc\u00e7 ekipmanlar\u0131nda elektrik enerjisinin al\u0131nmas\u0131 ve da\u011f\u0131t\u0131lmas\u0131 gibi ama\u00e7lar i\u00e7in kullan\u0131l\u0131r. Ayr\u0131ca y\u00fcksek gerilimli tesisatlara da uygundur. Genel Bak\u0131\u015f \u3000\u3000[\u2026]<\/p>","protected":false},"featured_media":1578,"template":"","meta":{"_acf_changed":false,"_seopress_robots_primary_cat":""},"product_brand":[],"product_cat":[58],"product_tag":[],"class_list":{"0":"post-1577","1":"product","2":"type-product","3":"status-publish","4":"has-post-thumbnail","6":"product_cat-ring-main-unit","8":"first","9":"instock","10":"shipping-taxable","11":"product-type-simple"},"acf":[],"_links":{"self":[{"href":"https:\/\/www.northpwr.cn\/tr\/wp-json\/wp\/v2\/product\/1577","targetHints":{"allow":["GET"]}}],"collection":[{"href":"https:\/\/www.northpwr.cn\/tr\/wp-json\/wp\/v2\/product"}],"about":[{"href":"https:\/\/www.northpwr.cn\/tr\/wp-json\/wp\/v2\/types\/product"}],"wp:featuredmedia":[{"embeddable":true,"href":"https:\/\/www.northpwr.cn\/tr\/wp-json\/wp\/v2\/media\/1578"}],"wp:attachment":[{"href":"https:\/\/www.northpwr.cn\/tr\/wp-json\/wp\/v2\/media?parent=1577"}],"wp:term":[{"taxonomy":"product_brand","embeddable":true,"href":"https:\/\/www.northpwr.cn\/tr\/wp-json\/wp\/v2\/product_brand?post=1577"},{"taxonomy":"product_cat","embeddable":true,"href":"https:\/\/www.northpwr.cn\/tr\/wp-json\/wp\/v2\/product_cat?post=1577"},{"taxonomy":"product_tag","embeddable":true,"href":"https:\/\/www.northpwr.cn\/tr\/wp-json\/wp\/v2\/product_tag?post=1577"}],"curies":[{"name":"wp","href":"https:\/\/api.w.org\/{rel}","templated":true}]}}